{"id":5823,"date":"2022-11-09T15:09:41","date_gmt":"2022-11-09T15:09:41","guid":{"rendered":"https:\/\/exciting-knuth.178-32-140-152.plesk.page\/dichiarazione-sulla-privacy-ca\/"},"modified":"2022-12-06T10:38:04","modified_gmt":"2022-12-06T10:38:04","slug":"privacy-policy-ca","status":"publish","type":"page","link":"https:\/\/www.donbosco.press\/pt-pt\/privacy-policy-ca\/","title":{"rendered":"Privacy Policy (CA)"},"content":{"rendered":"\n<!-- Legal document generated by Complianz | GDPR\/CCPA Cookie Consent https:\/\/wordpress.org\/plugins\/complianz-gdpr -->\n<div id=\"cmplz-document\" class=\"cmplz-document privacy-statement cmplz-document-ca\"><p><i>Esta Declara\u00e7\u00e3o de Privacidade foi alterada pela \u00faltima vez em 5 de Novembro, 2025, foi verificada pela \u00faltima vez em 5 de Novembro, 2025 e se aplica aos cidad\u00e3os e residentes legais permanentes do Canad\u00e1.<\/i><br \/><br \/><\/p><p>Nesta Declara\u00e7\u00e3o de Privacidade, explicamos o que fazemos com os dados que obtemos sobre si por meio de <a href=\"https:\/\/www.donbosco.press\/pt-pt\/\">https:\/\/www.donbosco.press\/pt-pt\/<\/a>. Recomendamos que leia atentamente esta declara\u00e7\u00e3o. No nosso processamento, cumprimos os requisitos da legisla\u00e7\u00e3o de privacidade. Isso significa, entre outras coisas, que:<ul>\n                <li>declaramos claramente as finalidades para as quais processamos dados pessoais. Fazemos isso por meio desta declara\u00e7\u00e3o de privacidade;<\/li>\n                <li>pretendemos limitar a nossa recolha de dados pessoais apenas aos dados pessoais necess\u00e1rios para fins leg\u00edtimos;<\/li>\n                <li>primeiro solicitamos o seu consentimento expl\u00edcito para processar os seus dados pessoais nos casos que requerem o seu consentimento;<\/li>\n                <li>tomamos medidas de seguran\u00e7a adequadas para proteger os seus dados pessoais e tamb\u00e9m exigimos isso de partes que processam dados pessoais em nosso nome;<\/li>\n                <li>respeitamos o seu direito de aceder aos seus dados pessoais, corrigi-los ou apag\u00e1-los, a seu pedido.<\/li>\n            <\/ul><\/p>Se tiver alguma d\u00favida ou quiser saber exatamente quais dados mantemos de si, entre em contacto connosco.<h2>1. Objetivo e categorias de dados<\/h2><p>Podemos recolher ou receber informa\u00e7\u00f5es pessoais para v\u00e1rios fins relacionados a nossas opera\u00e7\u00f5es comerciais, que podem incluir o seguinte: (clique para expandir)<\/b><\/p><details class=\"cmplz-dropdown dropdown-privacy-statement\"><summary><div><h3>1.1 Newsletters<\/h3><\/div><\/summary><p class=\"cmplz-subtitle\">As seguintes categorias de dados s\u00e3o recolhidas<\/p><p><ul><li>Um nome e apelido<\/li><li>Um endere\u00e7o de e-mail<\/li><li>Dados de geolocaliza\u00e7\u00e3o<\/li><li>Endere\u00e7o IP<\/li><\/ul><\/p><p class=\"cmplz-subtitle\">Per\u00edodo de reten\u00e7\u00e3o<\/p><p>Retemos esses dados at\u00e9 que o servi\u00e7o seja encerrado.<\/p><\/details><h2>2. Pr\u00e1ticas de divulga\u00e7\u00e3o<\/h2><p><p>Divulgamos informa\u00e7\u00f5es pessoais se formos obrigados por lei ou por ordem judicial, em resposta a uma ag\u00eancia de aplica\u00e7\u00e3o da lei, na medida permitida por outras disposi\u00e7\u00f5es da lei, para fornecer informa\u00e7\u00f5es ou para uma investiga\u00e7\u00e3o sobre um assunto relacionado \u00e0 seguran\u00e7a p\u00fablica.<\/p><p>Se o nosso site ou organiza\u00e7\u00e3o for adquirido, vendido ou estiver envolvido numa fus\u00e3o ou aquisi\u00e7\u00e3o, os seus dados poder\u00e3o ser divulgados aos nossos consultores e a quaisquer potenciais compradores e ser\u00e3o repassados \u200b\u200baos novos propriet\u00e1rios.<\/p><\/p><h2>3. Como tratamos solicita\u00e7\u00f5es de N\u00e3o Rastrear &amp; Controlo de Privacidade Global<\/h2><p>O nosso site responde e oferece suporte ao campo de requisi\u00e7\u00e3o de cabe\u00e7alho N\u00e3o Rastrear (DNT). Se ativar o DNT no seu browser, essas prefer\u00eancias ser\u00e3o comunicadas a n\u00f3s no cabe\u00e7alho da solicita\u00e7\u00e3o HTTP e n\u00e3o rastrearemos o seu comportamento de navega\u00e7\u00e3o.<\/p><h2>4. Cookies<\/h2><p>O nosso site usa cookies. Para obter mais informa\u00e7\u00f5es sobre cookies, consulte nossa Pol\u00edtica de Cookies na nossa p\u00e1gina da web <a href=\"https:\/\/www.donbosco.press\/cookie-policy-ca\/\">Cookie Policy (CA)<\/a>.&nbsp;<\/p><h2>5. Seguran\u00e7a<\/h2><p>Estamos comprometidos com a seguran\u00e7a dos dados pessoais. Tomamos medidas de seguran\u00e7a adequadas para limitar o abuso e o acesso n\u00e3o autorizado aos dados pessoais. Isso garante que apenas as pessoas necess\u00e1rias tenham acesso aos seus dados, que o acesso aos dados seja protegido e que as nossas medidas de seguran\u00e7a sejam revistas regularmente.<\/p><p>As medidas de seguran\u00e7a que usamos consistem em:<\/p><p><ul><li>encripta\u00e7\u00e3o (START)TLS \/ SSL \/ DANE<\/li><\/ul><\/p><h2>6. Sites de terceiros<\/h2><p>Esta declara\u00e7\u00e3o de privacidade n\u00e3o se aplica a sites de terceiros ligados por links ao nosso site. N\u00e3o podemos garantir que esses terceiros tratem seus dados pessoais de maneira confi\u00e1vel ou segura. Recomendamos que leia as declara\u00e7\u00f5es de privacidade desses sites antes de fazer uso deles.<\/p><h2>7. Altera\u00e7\u00f5es a esta declara\u00e7\u00e3o de privacidade<\/h2><p>Reservamo-nos o direito de fazer altera\u00e7\u00f5es a esta declara\u00e7\u00e3o de privacidade. \u00c9 recomend\u00e1vel que consulte esta declara\u00e7\u00e3o de privacidade regularmente, a fim de estar ciente de quaisquer altera\u00e7\u00f5es. Al\u00e9m disso, iremos inform\u00e1-lo ativamente sempre que poss\u00edvel.<\/p><h2>8. Acedendo e modificando os seus dados<\/h2><p>Se tiver alguma d\u00favida ou quiser saber quais dados pessoais temos sobre si, entre em contacto connosco. Certifique-se de sempre declarar claramente quem \u00e9, para que possamos ter certeza de que n\u00e3o modificaremos ou excluiremos quaisquer dados da pessoa errada. Forneceremos as informa\u00e7\u00f5es solicitadas somente ap\u00f3s o recebimento de um pedido verific\u00e1vel do consumidor. Pode nos contactar usando as informa\u00e7\u00f5es abaixo.<\/p><p class=\"cmplz-subtitle\">8.1 Tem os seguintes direitos em rela\u00e7\u00e3o aos seus dados pessoais<\/p><ol class=\"alphabetic\">\n                        <li>Pode enviar uma solicita\u00e7\u00e3o de acesso aos dados que processamos sobre si.<\/li>\n                        <li>Pode solicitar uma vis\u00e3o geral, num formato habitualmente usado, dos dados que processamos sobre si.<\/li>\n                        <li>Pode solicitar a corre\u00e7\u00e3o ou exclus\u00e3o dos dados se estiverem incorretos ou n\u00e3o ou se j\u00e1 n\u00e3o forem relevantes. Se for caso disso, as informa\u00e7\u00f5es alteradas ser\u00e3o transmitidas a terceiros com acesso \u00e0s informa\u00e7\u00f5es em quest\u00e3o.<\/li>\n                        <li>Tem o direito de retirar o consentimento a qualquer momento, sujeito a restri\u00e7\u00f5es legais ou contratuais e aviso razo\u00e1vel. Ser\u00e1 informado das implica\u00e7\u00f5es de tal retirada.<\/li>\n                        <li>Tem o direito de encaminhar uma reclama\u00e7\u00e3o relativa ao n\u00e3o cumprimento do PIPEDA \u00e0 nossa organiza\u00e7\u00e3o e, se o problema n\u00e3o for resolvido, ao Office of the Privacy Commissioner do Canad\u00e1.<\/li>\n                        <li>Daremos acesso \u00e0s informa\u00e7\u00f5es pessoais em um formato alternativo a um indiv\u00edduo com defici\u00eancia sensorial que tenha direito de acesso \u00e0s informa\u00e7\u00f5es pessoais nos termos do PIPEDA e que solicite que sejam transmitidas no formato alternativo se (a) uma vers\u00e3o das informa\u00e7\u00f5es j\u00e1 existe nesse formato; ou (b) sua convers\u00e3o nesse formato for razo\u00e1vel e necess\u00e1ria para que o indiv\u00edduo possa exercer os seus direitos.<\/li>\n                      <\/ol><h2>9. Crian\u00e7as<\/h2><p>O nosso site n\u00e3o foi projetado para atrair crian\u00e7as e n\u00e3o \u00e9 nossa inten\u00e7\u00e3o recolher dados pessoais de crian\u00e7as menores de idade no seu pa\u00eds de resid\u00eancia. Portanto, solicitamos que crian\u00e7as menores de idade n\u00e3o nos enviem quaisquer dados pessoais.<\/p><h2>10. Detalhes do contacto<\/h2><p>Bollettino Salesiano OnLine - Oratorio Salesiano San Francesco di Sales<br \/>\n        Via Maria Ausiliatrice 32, 10152 Torino<br \/>\n        It\u00e1lia<br \/>\n        Local na rede Internet: <a href=\"https:\/\/www.donbosco.press\/pt-pt\/\">https:\/\/www.donbosco.press\/pt-pt\/<\/a> <br \/>\n        E-mail: <span class=\"cmplz-obfuscate\">p&#114;&#105;v&#097;cy@<span class=\"cmplz-fmail-domain\">e&#120;&#046;c&#111;m<\/span>d&#111;&#110;b&#111;s&#099;o&#046;p&#114;&#101;&#115;s<\/span> <br \/>\n        <br \/>\n        Telefone: +39 378 084 1797<\/p><h2>11. Solicita\u00e7\u00f5es de Dados<\/h2><p>Para os pedidos mais frequentes, oferecemos-lhe tamb\u00e9m a possibilidade de utilizar o nosso formul\u00e1rio de pedido de dados<br \/>\t\t\t<div class=\"cmplz-datarequest cmplz-alert\">\n\t\t\t\t<span class=\"cmplz-close\">&times;<\/span>\n\t\t\t\t<span id=\"cmplz-message\"><\/span>\n\t\t\t<\/div>\n\t\t\t<form id=\"cmplz-datarequest-form\">\n\t\t\t\t<input type=\"hidden\" required value=\"ca\" name=\"cmplz_datarequest_region\" id=\"cmplz_datarequest_region\">\n\n\t\t\t\t<label for=\"cmplz_datarequest_firstname\" class=\"cmplz-first-name\">Nome\t\t\t\t\t<input type=\"search\" class=\"datarequest-firstname\" value=\"\" placeholder=\"your first name\" id=\"cmplz_datarequest_firstname\" name=\"cmplz_datarequest_firstname\">\n\t\t\t\t<\/label>\n\t\t\t\t<div>\n\t\t\t\t\t<label for=\"cmplz_datarequest_name\">Nome<\/label>\n\t\t\t\t\t<input type=\"text\" required value=\"\" placeholder=\"O seu nome\" id=\"cmplz_datarequest_name\" name=\"cmplz_datarequest_name\">\n\t\t\t\t<\/div>\n\t\t\t\t<div>\n\t\t\t\t\t<label for=\"cmplz_datarequest_email\">Email<\/label>\n\t\t\t\t\t<input type=\"email\" required value=\"\" placeholder=\"email@email.com\" id=\"cmplz_datarequest_email\" name=\"cmplz_datarequest_email\">\n\t\t\t\t<\/div>\n\t\t\t\t\t\t\t\t\t\t<div class=\"cmplz_datarequest cmplz_datarequest_request_for_access\">\n\t\t\t\t\t\t\t<label for=\"cmplz_datarequest_request_for_access\">\n\t\t\t\t\t\t\t\t<input type=\"checkbox\" value=\"1\" name=\"cmplz_datarequest_request_for_access\" id=\"cmplz_datarequest_request_for_access\" \/>\n\t\t\t\t\t\t\t\tEnvie um pedido de acesso aos dados que processamos sobre si.\t\t\t\t\t\t\t<\/label>\n\t\t\t\t\t\t<\/div>\n\t\t\t\t\t\t\t\t\t\t<div class=\"cmplz_datarequest cmplz_datarequest_right_to_be_forgotten\">\n\t\t\t\t\t\t\t<label for=\"cmplz_datarequest_right_to_be_forgotten\">\n\t\t\t\t\t\t\t\t<input type=\"checkbox\" value=\"1\" name=\"cmplz_datarequest_right_to_be_forgotten\" id=\"cmplz_datarequest_right_to_be_forgotten\" \/>\n\t\t\t\t\t\t\t\tEnvie um pedido de exclus\u00e3o dos dados se j\u00e1 n\u00e3o forem relevantes.\t\t\t\t\t\t\t<\/label>\n\t\t\t\t\t\t<\/div>\n\t\t\t\t\t\t\t\t\t\t<div class=\"cmplz_datarequest cmplz_datarequest_right_to_data_portability\">\n\t\t\t\t\t\t\t<label for=\"cmplz_datarequest_right_to_data_portability\">\n\t\t\t\t\t\t\t\t<input type=\"checkbox\" value=\"1\" name=\"cmplz_datarequest_right_to_data_portability\" id=\"cmplz_datarequest_right_to_data_portability\" \/>\n\t\t\t\t\t\t\t\tEnvie um pedido para receber um ficheiro de exporta\u00e7\u00e3o dos dados que processamos sobre si.\t\t\t\t\t\t\t<\/label>\n\t\t\t\t\t\t<\/div>\n\t\t\t\t\t\t\t\t<input type=\"button\" id=\"cmplz-datarequest-submit\" value=\"Enviar\">\n\t\t\t<\/form>\n\n\t\t\t<style>\n\t\t\t\t\/* first-name is honeypot *\/\n\t\t\t\t.cmplz-first-name {\n\t\t\t\t\tposition: absolute !important;\n\t\t\t\t\tleft: -5000px !important;\n\t\t\t\t}\n\t\t\t<\/style>\n\t\t\t<\/p><p>Nomeamos uma pessoa de contacto para as pol\u00edticas e pr\u00e1ticas da organiza\u00e7\u00e3o e para quem as reclama\u00e7\u00f5es ou consultas podem ser encaminhadas:<br \/>Andrei MUNTEANU<br \/>bsol@sdb.org<\/p><h2>Anexo<\/h2><p><h3>WPML<\/h3>\r\nWPML utilizza i cookie per identificare la lingua del visitatore corrente, quella dell'ultima visita e quella degli utenti che hanno effettuato l'accesso.\r\n\r\nQuando si utilizza il plugin, WPML condivider\u00e0 i dati relativi al sito tramite il programma di installazione. Non verr\u00e0 condiviso nessun dato personale dell'utente.<\/p><\/div>\n","protected":false},"excerpt":{"rendered":"","protected":false},"author":1,"featured_media":0,"parent":0,"menu_order":0,"comment_status":"closed","ping_status":"closed","template":"","meta":{"iawp_total_views":8,"footnotes":""},"class_list":["post-5823","page","type-page","status-publish","hentry"],"_links":{"self":[{"href":"https:\/\/www.donbosco.press\/pt-pt\/wp-json\/wp\/v2\/pages\/5823","targetHints":{"allow":["GET"]}}],"collection":[{"href":"https:\/\/www.donbosco.press\/pt-pt\/wp-json\/wp\/v2\/pages"}],"about":[{"href":"https:\/\/www.donbosco.press\/pt-pt\/wp-json\/wp\/v2\/types\/page"}],"author":[{"embeddable":true,"href":"https:\/\/www.donbosco.press\/pt-pt\/wp-json\/wp\/v2\/users\/1"}],"replies":[{"embeddable":true,"href":"https:\/\/www.donbosco.press\/pt-pt\/wp-json\/wp\/v2\/comments?post=5823"}],"version-history":[{"count":0,"href":"https:\/\/www.donbosco.press\/pt-pt\/wp-json\/wp\/v2\/pages\/5823\/revisions"}],"wp:attachment":[{"href":"https:\/\/www.donbosco.press\/pt-pt\/wp-json\/wp\/v2\/media?parent=5823"}],"curies":[{"name":"wp","href":"https:\/\/api.w.org\/{rel}","templated":true}]}}