{"id":52408,"date":"2026-03-30T07:38:59","date_gmt":"2026-03-30T07:38:59","guid":{"rendered":"https:\/\/www.donbosco.press\/?page_id=52408"},"modified":"2026-03-30T07:39:26","modified_gmt":"2026-03-30T07:39:26","slug":"exame-de-consciencia-sobre-as-disposicoes-para-os-exercicios-espirituais","status":"publish","type":"page","link":"https:\/\/www.donbosco.press\/pt-pt\/exame-de-consciencia-sobre-as-disposicoes-para-os-exercicios-espirituais\/","title":{"rendered":"Exame de consci\u00eancia sobre as disposi\u00e7\u00f5es para os exerc\u00edcios espirituais"},"content":{"rendered":"<p>&nbsp;<\/p>\n<p><strong>1. Prop\u00f3sito dos exerc\u00edcios e verdadeira convers\u00e3o<br \/>\n<\/strong>&#8211; Eu realmente quero reformar minha vida ou busco apenas uma experi\u00eancia agrad\u00e1vel sem mudar?<br \/>\n&#8211; Estou disposto a deixar o pecado e a aceitar o que Deus me pede?<br \/>\n&#8211; N\u00e3o resisto interiormente \u00e0 convers\u00e3o?<br \/>\n&#8211; Entro nos exerc\u00edcios com o desejo de convers\u00e3o ou vim para descansar?<\/p>\n<p><strong>2. Reta inten\u00e7\u00e3o e busca da verdade<br \/>\n<\/strong>&#8211; Fa\u00e7o os exerc\u00edcios para Deus ou por outros motivos \u2013 h\u00e1bito, dever, emo\u00e7\u00f5es?<br \/>\n&#8211; Busco realmente entender o que devo mudar a partir de agora?<br \/>\n&#8211; Procuro meus erros e as virtudes que devo praticar?<\/p>\n<p><strong>3. Aten\u00e7\u00e3o e reflex\u00e3o nas medita\u00e7\u00f5es<br \/>\n<\/strong>&#8211; Escuto as medita\u00e7\u00f5es com interesse?<br \/>\n&#8211; Tento entender o que me \u00e9 dito?<br \/>\n&#8211; N\u00e3o me distraio nem escuto de m\u00e1 vontade?<br \/>\n&#8211; Ap\u00f3s a medita\u00e7\u00e3o, reflito sobre o que ouvi e tiro conclus\u00f5es pr\u00e1ticas para a minha vida?<br \/>\n&#8211; N\u00e3o passo de uma medita\u00e7\u00e3o para outra sem me deter naquilo que me tocou?<\/p>\n<p><strong>4. Decis\u00f5es e prop\u00f3sitos concretos<br \/>\n<\/strong>&#8211; Meus prop\u00f3sitos s\u00e3o concretos e pr\u00e1ticos, n\u00e3o vagos ou gen\u00e9ricos?<br \/>\n&#8211; Eu os escrevo e os levo para a ora\u00e7\u00e3o, sem adiar?<\/p>\n<p><strong>5. Fidelidade aos prop\u00f3sitos e verifica\u00e7\u00e3o<br \/>\n<\/strong>&#8211; Lembro-me dos prop\u00f3sitos dos exerc\u00edcios passados? Eu os coloquei em pr\u00e1tica?<br \/>\n&#8211; N\u00e3o caio sempre nos mesmos erros?<br \/>\n&#8211; Vejo progressos concretos na minha vida?<\/p>\n<p><strong>6. Dire\u00e7\u00e3o espiritual e sinceridade<br \/>\n<\/strong>&#8211; Aconselho-me com quem me guia espiritualmente, falando com sinceridade?<br \/>\n&#8211; N\u00e3o evito o confronto por orgulho ou fa\u00e7o tudo sozinho, sem orienta\u00e7\u00e3o?<\/p>\n<p><strong>7. Generosidade e desapego<br \/>\n<\/strong>&#8211; Sou generoso em minhas decis\u00f5es e me entrego verdadeiramente a Deus, sem reter algo para mim?<br \/>\n&#8211; Deixo de lado ocupa\u00e7\u00f5es e distra\u00e7\u00f5es in\u00fateis para guardar o tempo dedicado a Deus?<br \/>\n&#8211; N\u00e3o busco distra\u00e7\u00f5es?<\/p>\n<p><strong>8. Sil\u00eancio, recolhimento e mortifica\u00e7\u00e3o dos sentidos<br \/>\n<\/strong>&#8211; Observo o sil\u00eancio externo e interno, evitando palavras in\u00fateis e distra\u00e7\u00f5es volunt\u00e1rias?<br \/>\n&#8211; Cuido do que vejo e ou\u00e7o, sem ceder \u00e0 curiosidade in\u00fatil?<br \/>\n&#8211; N\u00e3o perturbo os outros e respeito o recolhimento de quem quer rezar?<\/p>\n<p><strong>9. Esp\u00edrito de ora\u00e7\u00e3o e perseveran\u00e7a<br \/>\n<\/strong>&#8211; Rezo com empenho e ofere\u00e7o pequenos sacrif\u00edcios para viver bem os exerc\u00edcios?<br \/>\n&#8211; Levo os exerc\u00edcios at\u00e9 o fim, sem me cansar no meio do caminho ou diminuir o empenho com o passar dos dias?<\/p>\n<p><strong>10. Mem\u00f3ria e fidelidade ap\u00f3s os exerc\u00edcios<br \/>\n<\/strong>&#8211; Continuo a meditar as verdades que me tocaram e retomo minhas anota\u00e7\u00f5es e prop\u00f3sitos?<br \/>\n&#8211; N\u00e3o esque\u00e7o imediatamente o que recebi e n\u00e3o deixo apagar o fogo que foi aceso?<\/p>\n<p><strong>11. Vigil\u00e2ncia sobre o relaxamento espiritual<br \/>\n<\/strong>&#8211; Quando percebo uma queda espiritual, procuro a causa e tento corrigir o que est\u00e1 errado?<br \/>\n&#8211; N\u00e3o me entrego \u00e0 tibieza nem adio o retorno a uma vida mais fervorosa?<\/p>\n","protected":false},"excerpt":{"rendered":"<p>&nbsp; 1. Prop\u00f3sito dos exerc\u00edcios e verdadeira convers\u00e3o &#8211; Eu realmente quero reformar minha vida&#8230;<\/p>\n","protected":false},"author":1,"featured_media":52400,"parent":0,"menu_order":0,"comment_status":"closed","ping_status":"closed","template":"","meta":{"iawp_total_views":0,"footnotes":""},"class_list":["post-52408","page","type-page","status-publish","has-post-thumbnail","hentry"],"_links":{"self":[{"href":"https:\/\/www.donbosco.press\/pt-pt\/wp-json\/wp\/v2\/pages\/52408","targetHints":{"allow":["GET"]}}],"collection":[{"href":"https:\/\/www.donbosco.press\/pt-pt\/wp-json\/wp\/v2\/pages"}],"about":[{"href":"https:\/\/www.donbosco.press\/pt-pt\/wp-json\/wp\/v2\/types\/page"}],"author":[{"embeddable":true,"href":"https:\/\/www.donbosco.press\/pt-pt\/wp-json\/wp\/v2\/users\/1"}],"replies":[{"embeddable":true,"href":"https:\/\/www.donbosco.press\/pt-pt\/wp-json\/wp\/v2\/comments?post=52408"}],"version-history":[{"count":3,"href":"https:\/\/www.donbosco.press\/pt-pt\/wp-json\/wp\/v2\/pages\/52408\/revisions"}],"predecessor-version":[{"id":52461,"href":"https:\/\/www.donbosco.press\/pt-pt\/wp-json\/wp\/v2\/pages\/52408\/revisions\/52461"}],"wp:featuredmedia":[{"embeddable":true,"href":"https:\/\/www.donbosco.press\/pt-pt\/wp-json\/wp\/v2\/media\/52400"}],"wp:attachment":[{"href":"https:\/\/www.donbosco.press\/pt-pt\/wp-json\/wp\/v2\/media?parent=52408"}],"curies":[{"name":"wp","href":"https:\/\/api.w.org\/{rel}","templated":true}]}}