{"id":52380,"date":"2026-03-30T07:51:21","date_gmt":"2026-03-30T07:51:21","guid":{"rendered":"https:\/\/www.donbosco.press\/?page_id=52380"},"modified":"2026-03-30T07:51:59","modified_gmt":"2026-03-30T07:51:59","slug":"exame-de-consciencia-sobre-a-preparacao-para-a-morte","status":"publish","type":"page","link":"https:\/\/www.donbosco.press\/pt-pt\/exame-de-consciencia-sobre-a-preparacao-para-a-morte\/","title":{"rendered":"Exame de consci\u00eancia sobre a prepara\u00e7\u00e3o para a morte"},"content":{"rendered":"<p>&nbsp;<\/p>\n<p><strong>1. Estado da minha alma diante de Deus<br \/>\n<\/strong>&#8211; Estou em gra\u00e7a de Deus ou vivo no pecado sem querer mudar?<br \/>\n&#8211; Confesso-me com sinceridade e regularidade, sem adiar a convers\u00e3o pensando que tenho tempo?<br \/>\n&#8211; Se eu morresse esta noite, estaria tranquilo? Se n\u00e3o estou, estou decidido a eliminar a causa, custe o que custar?<\/p>\n<p><strong>2. F\u00e9 na vida eterna e no ju\u00edzo<br \/>\n<\/strong>&#8211; Acredito realmente que terei que prestar contas de toda a minha vida?<br \/>\n&#8211; Acredito realmente que o Para\u00edso e o Inferno s\u00e3o eternos?<br \/>\n&#8211; N\u00e3o vivo apenas para esta vida, esquecendo que tudo passar\u00e1?<br \/>\n&#8211; N\u00e3o negligencio a prepara\u00e7\u00e3o para a vida eterna pensando apenas na presente?<\/p>\n<p><strong>3. Mem\u00f3ria da morte e vigil\u00e2ncia<br \/>\n<\/strong>&#8211; Penso, ao menos de vez em quando, que terei de morrer?<br \/>\n&#8211; Lembro-me do ensinamento: \u201c<em>Memento mori<\/em> \u2013 Lembra-te das tuas \u00faltimas coisas\u201d?<br \/>\n&#8211; Ao menos uma vez por m\u00eas, reflito seriamente sobre a morte? Essa reflex\u00e3o me muda?<br \/>\n&#8211; N\u00e3o vivo como se a morte estivesse longe, esquecendo que eu poderia morrer ainda hoje?<\/p>\n<p><strong>4. Prepara\u00e7\u00e3o concreta e decis\u00f5es<br \/>\n<\/strong>&#8211; Se para eventos importantes da vida eu me preparo seriamente, percebo que a morte \u00e9 o evento mais importante da minha vida, para o qual devo me preparar com a m\u00e1xima dilig\u00eancia?<br \/>\n&#8211; Preparo-me concretamente para o encontro com Deus?<br \/>\n&#8211; N\u00e3o adio sempre as decis\u00f5es importantes, deixando tudo para \u201camanh\u00e3\u201d?<br \/>\n&#8211; O que farei hoje mesmo para estar mais bem preparado?<\/p>\n<p><strong>5. Luta contra o pecado \u00e0 luz da morte<br \/>\n<\/strong>&#8211; Nas tenta\u00e7\u00f5es, penso que poderia morrer logo em seguida? \u2013 Esse pensamento me ajuda a resistir ao mal?<br \/>\n&#8211; Combato seriamente meus pecados habituais?<br \/>\n&#8211; N\u00e3o me deixo levar pensando que \u201cn\u00e3o \u00e9 nada\u201d?<br \/>\n&#8211; N\u00e3o subestimo o perigo do pecado, sabendo que quem morre em pecado mortal vai para o Inferno por toda a eternidade?<\/p>\n<p><strong>6. Desapego do mundo e uso do tempo<br \/>\n<\/strong>&#8211; O pensamento da morte me ajuda a me desapegar das vaidades e daquilo que me afasta de Deus?<br \/>\n&#8211; N\u00e3o me apeguei demais ao mundo?<br \/>\n&#8211; N\u00e3o vivo como se fosse ficar aqui para sempre?<br \/>\n&#8211; A brevidade da vida me impulsiona a viver bem cada dia?<br \/>\n&#8211; Uso bem o tempo que Deus me d\u00e1? N\u00e3o desperdi\u00e7o tempo com coisas in\u00fateis?<br \/>\n&#8211; Procuro fazer o bem todos os dias?<br \/>\n&#8211; N\u00e3o adio o que \u00e9 importante?<br \/>\n&#8211; N\u00e3o vivo sem um prop\u00f3sito eterno?<\/p>\n<p><strong>7. Rela\u00e7\u00f5es, perd\u00e3o e caridade<br \/>\n<\/strong>&#8211; Estou em paz com todos, perdoei quem me fez mal e pedi perd\u00e3o quando foi necess\u00e1rio?<br \/>\n&#8211; N\u00e3o adio a reconcilia\u00e7\u00e3o e n\u00e3o corro o risco de me apresentar a Deus com o cora\u00e7\u00e3o fechado?<br \/>\n&#8211; Fa\u00e7o o bem quando posso, sem adiar a caridade que posso viver hoje?<\/p>\n<p><strong>8. Rela\u00e7\u00e3o com Deus e esperan\u00e7a<br \/>\n<\/strong>&#8211; Vivo em amizade com Deus, rezando todos os dias e me confiando a Ele?<br \/>\n&#8211; N\u00e3o me lembro de Deus apenas na necessidade ou vivo longe d\u2019Ele?<br \/>\n&#8211; Tenho paz no cora\u00e7\u00e3o ao pensar na morte?<br \/>\n&#8211; Confio em sua miseric\u00f3rdia e vivo com esperan\u00e7a crist\u00e3, sem desesperar da salva\u00e7\u00e3o?<\/p>\n<p><strong>9. Vigil\u00e2ncia cont\u00ednua e prepara\u00e7\u00e3o para a eternidade<br \/>\n<\/strong>&#8211; Vivo cada dia como prepara\u00e7\u00e3o para o encontro com Deus, mantendo minha alma pronta?<br \/>\n&#8211; Estou pronto para morrer a qualquer momento? Mantenho minha alma preparada?<br \/>\n&#8211; Lembro-me de Deus durante o dia ou vivo como se Deus n\u00e3o existisse? Vivo vigilante?<br \/>\n&#8211; N\u00e3o me iludo de que sempre terei tempo e n\u00e3o vivo distra\u00eddo e despreparado?<br \/>\n&#8211; Coloquei em ordem tamb\u00e9m as coisas pr\u00e1ticas, como o testamento?<\/p>\n","protected":false},"excerpt":{"rendered":"<p>&nbsp; 1. Estado da minha alma diante de Deus &#8211; Estou em gra\u00e7a de Deus&#8230;<\/p>\n","protected":false},"author":1,"featured_media":52372,"parent":0,"menu_order":0,"comment_status":"closed","ping_status":"closed","template":"","meta":{"iawp_total_views":0,"footnotes":""},"class_list":["post-52380","page","type-page","status-publish","has-post-thumbnail","hentry"],"_links":{"self":[{"href":"https:\/\/www.donbosco.press\/pt-pt\/wp-json\/wp\/v2\/pages\/52380","targetHints":{"allow":["GET"]}}],"collection":[{"href":"https:\/\/www.donbosco.press\/pt-pt\/wp-json\/wp\/v2\/pages"}],"about":[{"href":"https:\/\/www.donbosco.press\/pt-pt\/wp-json\/wp\/v2\/types\/page"}],"author":[{"embeddable":true,"href":"https:\/\/www.donbosco.press\/pt-pt\/wp-json\/wp\/v2\/users\/1"}],"replies":[{"embeddable":true,"href":"https:\/\/www.donbosco.press\/pt-pt\/wp-json\/wp\/v2\/comments?post=52380"}],"version-history":[{"count":3,"href":"https:\/\/www.donbosco.press\/pt-pt\/wp-json\/wp\/v2\/pages\/52380\/revisions"}],"predecessor-version":[{"id":52466,"href":"https:\/\/www.donbosco.press\/pt-pt\/wp-json\/wp\/v2\/pages\/52380\/revisions\/52466"}],"wp:featuredmedia":[{"embeddable":true,"href":"https:\/\/www.donbosco.press\/pt-pt\/wp-json\/wp\/v2\/media\/52372"}],"wp:attachment":[{"href":"https:\/\/www.donbosco.press\/pt-pt\/wp-json\/wp\/v2\/media?parent=52380"}],"curies":[{"name":"wp","href":"https:\/\/api.w.org\/{rel}","templated":true}]}}