{"id":52355,"date":"2026-03-30T07:36:43","date_gmt":"2026-03-30T07:36:43","guid":{"rendered":"https:\/\/www.donbosco.press\/?page_id=52355"},"modified":"2026-03-30T07:37:19","modified_gmt":"2026-03-30T07:37:19","slug":"exame-de-consciencia-sobre-a-mortificacao-interior","status":"publish","type":"page","link":"https:\/\/www.donbosco.press\/pt-pt\/exame-de-consciencia-sobre-a-mortificacao-interior\/","title":{"rendered":"Exame de consci\u00eancia sobre a mortifica\u00e7\u00e3o interior"},"content":{"rendered":"<p>&nbsp;<\/p>\n<p><strong>1. Abertura \u00e0 gra\u00e7a e defesa da alma<br \/>\n<\/strong>&#8211; Abro minha alma \u00e0 gra\u00e7a de Deus, buscando seu encontro na ora\u00e7\u00e3o, na leitura e nos sacramentos?<br \/>\n&#8211; Tenho o cuidado de fechar minha alma diante do que me faz mal espiritualmente?<br \/>\n&#8211; N\u00e3o me deixo atrair voluntariamente por imagens, palavras ou coisas que sujam o cora\u00e7\u00e3o?<\/p>\n<p><strong>2. Docilidade a Deus e mortifica\u00e7\u00e3o da vontade<br \/>\n<\/strong>&#8211; Escuto a voz da consci\u00eancia e aceito o que Deus permite na minha vida?<br \/>\n&#8211; Obede\u00e7o a quem me guia e me corrige, ou quero sempre fazer do meu jeito?<br \/>\n&#8211; N\u00e3o insisto, mesmo quando percebo que estou errado?<br \/>\n&#8211; Nas decis\u00f5es, busco a vontade de Deus?<br \/>\n&#8211; Estou convencido de que sem mortifica\u00e7\u00e3o n\u00e3o posso crescer na f\u00e9?<\/p>\n<p><strong>3. Mortifica\u00e7\u00e3o das paix\u00f5es<br \/>\n<\/strong>&#8211; Freio as paix\u00f5es desordenadas \u2013 raiva, impulso, desejo \u2013 sem ceder imediatamente ao que me agrada mas n\u00e3o \u00e9 justo?<br \/>\n&#8211; Cultivo, em vez disso, paix\u00f5es boas, como o amor a Deus e ao pr\u00f3ximo?<\/p>\n<p><strong>4. Pureza e guarda do corpo<br \/>\n<\/strong>&#8211; Respeito com pureza o meu corpo e o corpo dos outros?<br \/>\n&#8211; Evito as ocasi\u00f5es de pecado e tudo o que fere a castidade?<br \/>\n&#8211; N\u00e3o olho, escuto ou procuro coisas que sujam o cora\u00e7\u00e3o?<br \/>\n&#8211; Evito todas as ocasi\u00f5es de pecado?<\/p>\n<p><strong>5. Mortifica\u00e7\u00e3o da mente e do ju\u00edzo<br \/>\n<\/strong>&#8211; Busco a verdade ou apenas o que me conv\u00e9m?<br \/>\n&#8211; N\u00e3o construo racioc\u00ednios para me justificar ou julgo sem conhecer?<br \/>\n&#8211; N\u00e3o me perco em curiosidades in\u00fateis e coisas que n\u00e3o servem para nada?<br \/>\n&#8211; Nas conversas e no estudo, busco o que \u00e9 necess\u00e1rio?<\/p>\n<p><strong>6. Mortifica\u00e7\u00e3o da imagina\u00e7\u00e3o e da mem\u00f3ria<br \/>\n<\/strong>&#8211; Controlo a fantasia, evitando alimentar imagens v\u00e3s ou perigosas?<br \/>\n&#8211; N\u00e3o volto com a mente a lembran\u00e7as ruins, rancores ou situa\u00e7\u00f5es que me fazem cair?<br \/>\n&#8211; Alimento minha mente com coisas boas, deixando de lado as ruins?<br \/>\n&#8211; Deixo-me distrair continuamente?<\/p>\n<p><strong>7. Mortifica\u00e7\u00e3o da teimosia e do amor-pr\u00f3prio<br \/>\n<\/strong>&#8211; Reconhe\u00e7o quando os outros t\u00eam raz\u00e3o e sei ceder nas coisas de pouca import\u00e2ncia?<br \/>\n&#8211; N\u00e3o quero sempre ter a \u00faltima palavra ou me apegar \u00e0s minhas ideias por orgulho?<\/p>\n<p><strong>8. Mortifica\u00e7\u00e3o nas decis\u00f5es e nas escolhas<br \/>\n<\/strong>&#8211; Nas minhas decis\u00f5es, busco realmente o bem, sem me deixar guiar pelas paix\u00f5es ou pelo medo do julgamento dos outros?<br \/>\n&#8211; N\u00e3o procuro sempre o caminho mais f\u00e1cil ou ajo sem refletir?<\/p>\n<p><strong>9. Mortifica\u00e7\u00e3o nas pequenas coisas cotidianas<br \/>\n<\/strong>&#8211; Sei dizer pequenos \u201cn\u00e3os\u201d a mim mesmo todos os dias?<br \/>\n&#8211; N\u00e3o busco sempre o conforto? Cedo aos caprichos e evito todo sacrif\u00edcio?<\/p>\n<p><strong>10. Mortifica\u00e7\u00e3o da curiosidade e da superficialidade<br \/>\n<\/strong>&#8211; Controlo minha curiosidade? Busco sempre novidades in\u00fateis?<br \/>\n&#8211; Disperso-me em muitas coisas sem me aprofundar?<br \/>\n&#8211; N\u00e3o passo de um interesse para outro sem const\u00e2ncia?<\/p>\n<p><strong>11. Presen\u00e7a de Deus na vida interior<br \/>\n<\/strong>&#8211; Convido Deus para os meus pensamentos e ofere\u00e7o a Ele minha interioridade?<br \/>\n&#8211; N\u00e3o vivo com a mente dispersa?<br \/>\n&#8211; Sei que, para chegar \u00e0 santidade, devo adquirir o dom\u00ednio interior?<\/p>\n","protected":false},"excerpt":{"rendered":"<p>&nbsp; 1. Abertura \u00e0 gra\u00e7a e defesa da alma &#8211; Abro minha alma \u00e0 gra\u00e7a&#8230;<\/p>\n","protected":false},"author":1,"featured_media":52348,"parent":0,"menu_order":0,"comment_status":"closed","ping_status":"closed","template":"","meta":{"iawp_total_views":0,"footnotes":""},"class_list":["post-52355","page","type-page","status-publish","has-post-thumbnail","hentry"],"_links":{"self":[{"href":"https:\/\/www.donbosco.press\/pt-pt\/wp-json\/wp\/v2\/pages\/52355","targetHints":{"allow":["GET"]}}],"collection":[{"href":"https:\/\/www.donbosco.press\/pt-pt\/wp-json\/wp\/v2\/pages"}],"about":[{"href":"https:\/\/www.donbosco.press\/pt-pt\/wp-json\/wp\/v2\/types\/page"}],"author":[{"embeddable":true,"href":"https:\/\/www.donbosco.press\/pt-pt\/wp-json\/wp\/v2\/users\/1"}],"replies":[{"embeddable":true,"href":"https:\/\/www.donbosco.press\/pt-pt\/wp-json\/wp\/v2\/comments?post=52355"}],"version-history":[{"count":3,"href":"https:\/\/www.donbosco.press\/pt-pt\/wp-json\/wp\/v2\/pages\/52355\/revisions"}],"predecessor-version":[{"id":52458,"href":"https:\/\/www.donbosco.press\/pt-pt\/wp-json\/wp\/v2\/pages\/52355\/revisions\/52458"}],"wp:featuredmedia":[{"embeddable":true,"href":"https:\/\/www.donbosco.press\/pt-pt\/wp-json\/wp\/v2\/media\/52348"}],"wp:attachment":[{"href":"https:\/\/www.donbosco.press\/pt-pt\/wp-json\/wp\/v2\/media?parent=52355"}],"curies":[{"name":"wp","href":"https:\/\/api.w.org\/{rel}","templated":true}]}}