{"id":52329,"date":"2026-03-30T07:47:01","date_gmt":"2026-03-30T07:47:01","guid":{"rendered":"https:\/\/www.donbosco.press\/?page_id=52329"},"modified":"2026-03-30T07:47:41","modified_gmt":"2026-03-30T07:47:41","slug":"exame-de-consciencia-sobre-a-conformidade-com-a-vontade-de-deus","status":"publish","type":"page","link":"https:\/\/www.donbosco.press\/pt-pt\/exame-de-consciencia-sobre-a-conformidade-com-a-vontade-de-deus\/","title":{"rendered":"Exame de consci\u00eancia sobre a conformidade com a vontade de Deus"},"content":{"rendered":"<p>&nbsp;<\/p>\n<p><strong>1. F\u00e9 em Deus e em seu amor<br \/>\n<\/strong>&#8211; Tenho f\u00e9 que Deus quer sempre o meu verdadeiro bem e que nada acontece sem a sua permiss\u00e3o?<br \/>\n&#8211; N\u00e3o duvido do seu amor nos momentos dif\u00edceis, n\u00e3o desanimo e n\u00e3o penso que Ele me abandonou?<\/p>\n<p><strong>2. Confian\u00e7a e abandono<br \/>\n<\/strong>&#8211; Confio verdadeiramente minha vida a Deus, mesmo quando tudo vai mal?<br \/>\n&#8211; N\u00e3o tento controlar tudo, n\u00e3o vivo em ansiedade excessiva e n\u00e3o sou apegado demais \u00e0 minha seguran\u00e7a (sa\u00fade, futuro, bens)?<\/p>\n<p><strong>3. Acolhimento e conformidade com a vontade de Deus<br \/>\n<\/strong>&#8211; Aceito o que Deus permite \u2013 doen\u00e7as, prova\u00e7\u00f5es, humilha\u00e7\u00f5es, decep\u00e7\u00f5es \u2013 sem me rebelar ou protestar?<br \/>\n&#8211; Quero realmente o que Deus quer, da maneira e no tempo em que Ele age, sem adaptar a sua vontade aos meus desejos?<br \/>\n&#8211; Digo \u201csim\u201d a Deus mesmo nos momentos dif\u00edceis?<br \/>\n&#8211; Recuso-me a tomar a cruz quando ela se apresenta porque n\u00e3o a entendo?<\/p>\n<p><strong>4. Busca da vontade de Deus<br \/>\n<\/strong>&#8211; Busco na ora\u00e7\u00e3o a vontade de Deus antes de decidir? Ignoro os sinais e as inspira\u00e7\u00f5es que recebo?<br \/>\n&#8211; N\u00e3o vivo sem me perguntar o que Deus quer para a minha vida?<\/p>\n<p><strong>5. Obedi\u00eancia e docilidade<br \/>\n<\/strong>&#8211; Obede\u00e7o aos mandamentos, \u00e0 Igreja e a quem tem autoridade sobre mim?<br \/>\n&#8211; N\u00e3o interpreto a f\u00e9 \u00e0 minha maneira ou recuso a obedi\u00eancia por orgulho?<\/p>\n<p><strong>6. Desapego de si e das coisas<br \/>\n<\/strong>&#8211; Coloco Deus realmente em primeiro lugar, sem fazer da fam\u00edlia, do trabalho ou de outra coisa o meu \u201cprimeiro amor\u201d?<br \/>\n&#8211; Sei me desapegar daquilo que me prende demais?<br \/>\n&#8211; N\u00e3o vivo centrado demais em mim mesmo?<\/p>\n<p><strong>7. Pureza de inten\u00e7\u00e3o<br \/>\n<\/strong>&#8211; Fa\u00e7o as coisas para Deus ou para mim mesmo, buscando agradar a Ele mais do que aos homens?<br \/>\n&#8211; N\u00e3o ajo por orgulho, interesse ou busca de aprova\u00e7\u00e3o?<br \/>\n&#8211; Deixo-me guiar pelo respeito humano?<\/p>\n<p><strong>8. Vida cotidiana e conformidade concreta<br \/>\n<\/strong>&#8211; Aceito com paci\u00eancia as pequenas contrariedades do dia a dia, sem reclamar ou buscar sempre o caminho mais f\u00e1cil?<br \/>\n&#8211; N\u00e3o ignoro a vontade de Deus nas pequenas coisas de cada dia?<br \/>\n&#8211; Vivo com paci\u00eancia as situa\u00e7\u00f5es dif\u00edceis?<\/p>\n<p><strong>9. Gratid\u00e3o e paz interior<br \/>\n<\/strong>&#8211; Agrade\u00e7o a Deus por tudo o que Ele me d\u00e1? Considero tudo como evidente?<br \/>\n&#8211; Reconhe\u00e7o as gra\u00e7as recebidas em minha vida? Esque\u00e7o os benef\u00edcios recebidos?<br \/>\n&#8211; Sei dizer obrigado mesmo nas dificuldades? N\u00e3o reclamo em vez de agradecer?<br \/>\n&#8211; Vivo na paz do cora\u00e7\u00e3o, sem me agitar inutilmente ou perder a serenidade por coisas pequenas?<br \/>\n&#8211; Mantenho a calma nas dificuldades?<br \/>\n&#8211; N\u00e3o vivo inquieto e insatisfeito?<\/p>\n<p><strong>10. Amor \u00e0 vontade de Deus<br \/>\n<\/strong>&#8211; Amo a vontade de Deus ou apenas a suporto \u00e0 for\u00e7a?<br \/>\n&#8211; Busco unir a minha vontade \u00e0 d\u2019Ele, desejando realmente o que Ele deseja?<\/p>\n","protected":false},"excerpt":{"rendered":"<p>&nbsp; 1. F\u00e9 em Deus e em seu amor &#8211; Tenho f\u00e9 que Deus quer&#8230;<\/p>\n","protected":false},"author":1,"featured_media":52321,"parent":0,"menu_order":0,"comment_status":"closed","ping_status":"closed","template":"","meta":{"iawp_total_views":0,"footnotes":""},"class_list":["post-52329","page","type-page","status-publish","has-post-thumbnail","hentry"],"_links":{"self":[{"href":"https:\/\/www.donbosco.press\/pt-pt\/wp-json\/wp\/v2\/pages\/52329","targetHints":{"allow":["GET"]}}],"collection":[{"href":"https:\/\/www.donbosco.press\/pt-pt\/wp-json\/wp\/v2\/pages"}],"about":[{"href":"https:\/\/www.donbosco.press\/pt-pt\/wp-json\/wp\/v2\/types\/page"}],"author":[{"embeddable":true,"href":"https:\/\/www.donbosco.press\/pt-pt\/wp-json\/wp\/v2\/users\/1"}],"replies":[{"embeddable":true,"href":"https:\/\/www.donbosco.press\/pt-pt\/wp-json\/wp\/v2\/comments?post=52329"}],"version-history":[{"count":3,"href":"https:\/\/www.donbosco.press\/pt-pt\/wp-json\/wp\/v2\/pages\/52329\/revisions"}],"predecessor-version":[{"id":52464,"href":"https:\/\/www.donbosco.press\/pt-pt\/wp-json\/wp\/v2\/pages\/52329\/revisions\/52464"}],"wp:featuredmedia":[{"embeddable":true,"href":"https:\/\/www.donbosco.press\/pt-pt\/wp-json\/wp\/v2\/media\/52321"}],"wp:attachment":[{"href":"https:\/\/www.donbosco.press\/pt-pt\/wp-json\/wp\/v2\/media?parent=52329"}],"curies":[{"name":"wp","href":"https:\/\/api.w.org\/{rel}","templated":true}]}}