{"id":52302,"date":"2026-03-30T07:32:43","date_gmt":"2026-03-30T07:32:43","guid":{"rendered":"https:\/\/www.donbosco.press\/?page_id=52302"},"modified":"2026-03-30T07:33:14","modified_gmt":"2026-03-30T07:33:14","slug":"exame-de-consciencia-sobre-os-meios-para-a-santidade","status":"publish","type":"page","link":"https:\/\/www.donbosco.press\/pt-pt\/exame-de-consciencia-sobre-os-meios-para-a-santidade\/","title":{"rendered":"Exame de consci\u00eancia sobre os meios para a santidade"},"content":{"rendered":"<p>&nbsp;<\/p>\n<p><strong>1. Fim da vida e desejo de santidade<br \/>\n<\/strong>&#8211; Tenho realmente como fim da minha vida tornar-me santo (s\u00f3 os santos entram no Para\u00edso)?<br \/>\n&#8211; Minha vida mostra que sou um disc\u00edpulo de Cristo?<br \/>\n&#8211; Tenho prioridades claras (Deus, fam\u00edlia, trabalho) e as vivo com fidelidade?<br \/>\n&#8211; N\u00e3o vivo de modo superficial, sem uma dire\u00e7\u00e3o verdadeira?<br \/>\n&#8211; Vivo pensando na vida eterna?<br \/>\n&#8211; Interpreto o que fa\u00e7o \u00e0 luz da eternidade?<\/p>\n<p><strong>2. Ora\u00e7\u00e3o e relacionamento com Deus<br \/>\n<\/strong>&#8211; Dedico tempo todos os dias para estar com Deus na ora\u00e7\u00e3o?<br \/>\n&#8211; Rezo com o cora\u00e7\u00e3o, louvando, agradecendo e pedindo perd\u00e3o?<br \/>\n&#8211; Rezo s\u00f3 para pedir ou, pior, para exigir?<br \/>\n&#8211; Sei silenciar diante de Deus para escut\u00e1-lo?<br \/>\n&#8211; Intercedo por minha fam\u00edlia, pela Igreja, pelo mundo?<br \/>\n&#8211; Pe\u00e7o a Deus que me fa\u00e7a conhecer a mim mesmo?<\/p>\n<p><strong>3. Confiss\u00e3o<br \/>\n<\/strong>&#8211; Confesso-me regularmente, com sinceridade e arrependimento?<br \/>\n&#8211; Preparo-me bem com o exame de consci\u00eancia?<br \/>\n&#8211; Tenho um confessor fixo que me ajuda a crescer?<br \/>\n&#8211; Evito as ocasi\u00f5es de pecado (ambientes, h\u00e1bitos, companhias)?<br \/>\n&#8211; Vejo mudan\u00e7as concretas na minha vida de uma confiss\u00e3o para outra?<\/p>\n<p><strong>4. Eucaristia<br \/>\n<\/strong>&#8211; Participo da Missa com f\u00e9 e aten\u00e7\u00e3o?<br \/>\n&#8211; Preparo-me bem para a Comunh\u00e3o e agrade\u00e7o ao Senhor depois de receb\u00ea-lo?<br \/>\n&#8211; N\u00e3o recebo a Comunh\u00e3o de forma rotineira, sem frutos na minha vida?<\/p>\n<p><strong>5. Palavra de Deus e forma\u00e7\u00e3o<br \/>\n<\/strong>&#8211; Leio e medito a Palavra de Deus?<br \/>\n&#8211; Aprofundo minha f\u00e9 com a B\u00edblia, o Catecismo e boas leituras?<br \/>\n&#8211; Ponho em pr\u00e1tica o que escuto, ou permane\u00e7o estagnado, sem crescer?<\/p>\n<p><strong>6. Luta espiritual e convers\u00e3o<br \/>\n<\/strong>&#8211; Combato meus defeitos com empenho e procuro evitar o pecado e suas ocasi\u00f5es?<br \/>\n&#8211; Levanto-me depois das quedas sem me acostumar com o pecado?<br \/>\n&#8211; N\u00e3o adio a convers\u00e3o?<br \/>\n&#8211; N\u00e3o me justifico em vez de mudar?<\/p>\n<p><strong>7. Cruz e sacrif\u00edcio<br \/>\n<\/strong>&#8211; Aceito as dificuldades e os sofrimentos como parte da minha vida crist\u00e3 e tamb\u00e9m como ocasi\u00e3o de crescimento?<br \/>\n&#8211; Uno meus esfor\u00e7os aos de Cristo, oferecendo-lhe os sofrimentos, as doen\u00e7as etc.?<br \/>\n&#8211; N\u00e3o rejeito a cruz, procurando sempre o caminho mais f\u00e1cil?<br \/>\n&#8211; Pe\u00e7o a Deus a gra\u00e7a de amar a cruz?<\/p>\n<p><strong>8. Relacionamentos vividos em Cristo<br \/>\n<\/strong>&#8211; Meus relacionamentos s\u00e3o sinceros, puros e respeitosos?<br \/>\n&#8211; Vivo meus relacionamentos \u00e0 luz do Senhor?<br \/>\n&#8211; Sei perdoar quando sou ofendido e procuro a reconcilia\u00e7\u00e3o com quem tenho pend\u00eancias?<br \/>\n&#8211; Estou dispon\u00edvel para servir os outros por amor a Deus, n\u00e3o apenas para me sentir bem?<\/p>\n<p><strong>9. Vida familiar e deveres do pr\u00f3prio estado<br \/>\n<\/strong>&#8211; Contribuo para criar na fam\u00edlia um clima de amor e de f\u00e9?<br \/>\n&#8211; Cumpro meus deveres de pai, m\u00e3e, filho ou consagrado com fidelidade?<br \/>\n&#8211; Trabalho com honestidade e n\u00e3o negligencio as responsabilidades cotidianas?<\/p>\n<p><strong>10. Apostolado e testemunho<br \/>\n<\/strong>&#8211; Levo os outros ao Senhor com minha vida e com minhas palavras, quando oportuno?<br \/>\n&#8211; N\u00e3o escondo minha f\u00e9 por medo do julgamento dos outros?<\/p>\n<p><strong>11. Caridade concreta e obras de miseric\u00f3rdia<br \/>\n<\/strong>&#8211; Sou pr\u00f3ximo dos pobres, dos doentes e dos estrangeiros, vendo neles irm\u00e3os em Cristo?<br \/>\n&#8211; Sei consolar, corrigir com caridade e dar bom conselho?<br \/>\n&#8211; N\u00e3o me omito quando \u00e9 preciso doar ou participar das obras da Igreja?<br \/>\n&#8211; N\u00e3o fa\u00e7o acep\u00e7\u00e3o de pessoas com base na apar\u00eancia ou na simpatia?<\/p>\n<p><strong>12. Uso do tempo e presen\u00e7a de Deus<br \/>\n<\/strong>&#8211; Uso bem o tempo, dando espa\u00e7o \u00e0s coisas importantes \u2013 ora\u00e7\u00e3o, fam\u00edlia, trabalho?<br \/>\n&#8211; Lembro-me de Deus durante o dia e ofere\u00e7o a Ele minhas a\u00e7\u00f5es, at\u00e9 as mais pequenas?<br \/>\n&#8211; N\u00e3o separo a f\u00e9 da vida concreta, acreditando que a santidade passa tamb\u00e9m pelas pequenas coisas bem vividas?<br \/>\n&#8211; Procuro fazer tudo por amor a Deus?<\/p>\n","protected":false},"excerpt":{"rendered":"<p>&nbsp; 1. Fim da vida e desejo de santidade &#8211; Tenho realmente como fim da&#8230;<\/p>\n","protected":false},"author":1,"featured_media":52294,"parent":0,"menu_order":0,"comment_status":"closed","ping_status":"closed","template":"","meta":{"iawp_total_views":4,"footnotes":""},"class_list":["post-52302","page","type-page","status-publish","has-post-thumbnail","hentry"],"_links":{"self":[{"href":"https:\/\/www.donbosco.press\/pt-pt\/wp-json\/wp\/v2\/pages\/52302","targetHints":{"allow":["GET"]}}],"collection":[{"href":"https:\/\/www.donbosco.press\/pt-pt\/wp-json\/wp\/v2\/pages"}],"about":[{"href":"https:\/\/www.donbosco.press\/pt-pt\/wp-json\/wp\/v2\/types\/page"}],"author":[{"embeddable":true,"href":"https:\/\/www.donbosco.press\/pt-pt\/wp-json\/wp\/v2\/users\/1"}],"replies":[{"embeddable":true,"href":"https:\/\/www.donbosco.press\/pt-pt\/wp-json\/wp\/v2\/comments?post=52302"}],"version-history":[{"count":3,"href":"https:\/\/www.donbosco.press\/pt-pt\/wp-json\/wp\/v2\/pages\/52302\/revisions"}],"predecessor-version":[{"id":52456,"href":"https:\/\/www.donbosco.press\/pt-pt\/wp-json\/wp\/v2\/pages\/52302\/revisions\/52456"}],"wp:featuredmedia":[{"embeddable":true,"href":"https:\/\/www.donbosco.press\/pt-pt\/wp-json\/wp\/v2\/media\/52294"}],"wp:attachment":[{"href":"https:\/\/www.donbosco.press\/pt-pt\/wp-json\/wp\/v2\/media?parent=52302"}],"curies":[{"name":"wp","href":"https:\/\/api.w.org\/{rel}","templated":true}]}}