{"id":52275,"date":"2026-03-30T07:22:32","date_gmt":"2026-03-30T07:22:32","guid":{"rendered":"https:\/\/www.donbosco.press\/?page_id=52275"},"modified":"2026-03-30T07:23:29","modified_gmt":"2026-03-30T07:23:29","slug":"exame-de-consciencia-sobre-os-defeitos-de-carater","status":"publish","type":"page","link":"https:\/\/www.donbosco.press\/pt-pt\/exame-de-consciencia-sobre-os-defeitos-de-carater\/","title":{"rendered":"Exame de consci\u00eancia sobre os defeitos de car\u00e1ter"},"content":{"rendered":"<p>&nbsp;<\/p>\n<p><strong>1. \u00d3dio, intoler\u00e2ncia e racismo<br \/>\n<\/strong>&#8211; Tratei algu\u00e9m como se valesse menos por ser de outra ra\u00e7a, cultura ou religi\u00e3o?<br \/>\n&#8211; Percebo que ningu\u00e9m escolheu a cor da pele ou o pa\u00eds onde nasceu?<br \/>\n&#8211; Rejeitei ou desprezei algu\u00e9m s\u00f3 porque \u00e9 diferente de mim?<br \/>\n&#8211; Fecho-me para quem n\u00e3o pensa como eu?<\/p>\n<p><strong>2. Raiva, rancor e falta de perd\u00e3o<br \/>\n<\/strong>&#8211; Odiei ou desejei o mal a algu\u00e9m que me fez mal?<br \/>\n&#8211; Guardo rancor h\u00e1 muito tempo?<br \/>\n&#8211; Alegro-me intimamente quando algu\u00e9m que me feriu est\u00e1 mal?<br \/>\n&#8211; Vingo-me com palavras, sil\u00eancios ou atitudes?<br \/>\n&#8211; N\u00e3o guardo ressentimento contra alguma pessoa, grupo, institui\u00e7\u00e3o ou ideia?<br \/>\n&#8211; Deixo-me levar facilmente pela raiva?<br \/>\n&#8211; Percebo que sou obrigado a perdoar, porque Deus me perdoou primeiro <em>(\u201cse n\u00e3o perdoardes aos outros, vosso Pai tamb\u00e9m n\u00e3o perdoar\u00e1 as vossas faltas\u201d<\/em>, Mt 6,15)?<\/p>\n<p><strong>3. Orgulho e soberba<br \/>\n<\/strong>&#8211; Quero sempre ter raz\u00e3o e nunca admito que errei?<br \/>\n&#8211; N\u00e3o me sinto superior aos outros?<br \/>\n&#8211; Falo mal dos outros para diminu\u00ed-los ou destru\u00ed-los?<br \/>\n&#8211; N\u00e3o justifico meus erros s\u00f3 para n\u00e3o dizer \u201cerrei\u201d?<br \/>\n&#8211; N\u00e3o tento parecer melhor do que sou?<br \/>\n&#8211; Quando me corrigem, n\u00e3o me irrito ou me sinto ferido?<\/p>\n<p><strong>4. Ego\u00edsmo e falta de caridade<br \/>\n<\/strong>&#8211; Penso sempre e somente no meu interesse, mesmo que prejudique os outros?<br \/>\n&#8211; Percebo as necessidades de quem est\u00e1 perto de mim?<br \/>\n&#8211; Culpo os outros pelos meus erros em vez de assumir minhas responsabilidades?<\/p>\n<p><strong>5. Inveja e maledic\u00eancia<br \/>\n<\/strong>&#8211; Sinto inc\u00f4modo ou ci\u00fame quando os outros se d\u00e3o bem?<br \/>\n&#8211; Falo mal de algu\u00e9m ou o ridicularizo por inveja?<br \/>\n&#8211; N\u00e3o comparo continuamente minha vida com a dos outros?<br \/>\n&#8211; Percebo que a inveja tamb\u00e9m \u00e9 um efeito da falta de gratid\u00e3o pelo que tenho?<br \/>\n&#8211; N\u00e3o falo mal dos outros pelas costas?<br \/>\n&#8211; N\u00e3o exagero os defeitos alheios?<br \/>\n&#8211; Julgo sem conhecer de verdade?<br \/>\n&#8211; N\u00e3o procuro sempre o lado negativo nas pessoas?<br \/>\n&#8211; Uso as palavras para ferir ou desacreditar?<\/p>\n<p><strong>6. Hipocrisia e duplicidade<br \/>\n<\/strong>&#8211; Mostro uma face na rua e outra em casa?<br \/>\n&#8211; O que mostro aos outros corresponde realmente ao que sou?<br \/>\n&#8211; N\u00e3o fa\u00e7o boas a\u00e7\u00f5es s\u00f3 para aparecer, escondendo meus verdadeiros defeitos?<\/p>\n<p><strong>7. Autojustifica\u00e7\u00e3o e falta de sinceridade<br \/>\n<\/strong>&#8211; Justifico-me sempre em vez de mudar de verdade?<br \/>\n&#8211; Digo \u201camanh\u00e3 eu mudo\u201d, mas depois n\u00e3o fa\u00e7o nada?<br \/>\n&#8211; Chego sempre \u00e0s conclus\u00f5es que me s\u00e3o mais convenientes?<\/p>\n<p><strong>8. Impaci\u00eancia e suscetibilidade<br \/>\n<\/strong>&#8211; Irrito-me facilmente nas situa\u00e7\u00f5es do dia a dia?<br \/>\n&#8211; Ofendo-me facilmente ou penso logo mal dos outros?<br \/>\n&#8211; N\u00e3o esque\u00e7o minhas pr\u00f3prias falhas quando julgo as dos outros?<\/p>\n<p><strong>9. Ansiedade, medo e falta de confian\u00e7a em Deus<br \/>\n<\/strong>&#8211; Vivo frequentemente na ansiedade e na preocupa\u00e7\u00e3o sem me entregar a Deus?<br \/>\n&#8211; N\u00e3o tenho medos exagerados sobre o futuro?<br \/>\n&#8211; Quando estou inquieto, procuro a Deus ou me fecho em mim mesmo?<\/p>\n<p><strong>10. Reclama\u00e7\u00e3o e autocomisera\u00e7\u00e3o<br \/>\n<\/strong>&#8211; Reclamo continuamente e vejo mais o que me falta do que o que tenho?<br \/>\n&#8211; N\u00e3o me sinto frequentemente v\u00edtima das situa\u00e7\u00f5es ou convencido de que ningu\u00e9m gosta de mim?<\/p>\n<p><strong>11. Apego aos bens e pregui\u00e7a<br \/>\n<\/strong>&#8211; Sou muito apegado ao conforto e vivo com pouco esp\u00edrito de sacrif\u00edcio?<br \/>\n&#8211; Adio o que devo fazer e procuro sempre o caminho mais f\u00e1cil?<br \/>\n&#8211; Evito os compromissos que exigem esfor\u00e7o?<\/p>\n<p><strong>12. Neglig\u00eancia na vida espiritual<br \/>\n<\/strong>&#8211; Negligencio a ora\u00e7\u00e3o e os sacramentos?<br \/>\n&#8211; Vivo a f\u00e9 apenas superficialmente, sem deixar que ela mude de verdade o meu car\u00e1ter?<br \/>\n&#8211; Lembro-me de Deus durante o dia?<br \/>\n&#8211; Acredito de verdade que at\u00e9 as menores coisas feitas por amor a Deus t\u00eam valor?<\/p>\n","protected":false},"excerpt":{"rendered":"<p>&nbsp; 1. \u00d3dio, intoler\u00e2ncia e racismo &#8211; Tratei algu\u00e9m como se valesse menos por ser&#8230;<\/p>\n","protected":false},"author":1,"featured_media":52269,"parent":0,"menu_order":0,"comment_status":"closed","ping_status":"closed","template":"","meta":{"iawp_total_views":0,"footnotes":""},"class_list":["post-52275","page","type-page","status-publish","has-post-thumbnail","hentry"],"_links":{"self":[{"href":"https:\/\/www.donbosco.press\/pt-pt\/wp-json\/wp\/v2\/pages\/52275","targetHints":{"allow":["GET"]}}],"collection":[{"href":"https:\/\/www.donbosco.press\/pt-pt\/wp-json\/wp\/v2\/pages"}],"about":[{"href":"https:\/\/www.donbosco.press\/pt-pt\/wp-json\/wp\/v2\/types\/page"}],"author":[{"embeddable":true,"href":"https:\/\/www.donbosco.press\/pt-pt\/wp-json\/wp\/v2\/users\/1"}],"replies":[{"embeddable":true,"href":"https:\/\/www.donbosco.press\/pt-pt\/wp-json\/wp\/v2\/comments?post=52275"}],"version-history":[{"count":3,"href":"https:\/\/www.donbosco.press\/pt-pt\/wp-json\/wp\/v2\/pages\/52275\/revisions"}],"predecessor-version":[{"id":52452,"href":"https:\/\/www.donbosco.press\/pt-pt\/wp-json\/wp\/v2\/pages\/52275\/revisions\/52452"}],"wp:featuredmedia":[{"embeddable":true,"href":"https:\/\/www.donbosco.press\/pt-pt\/wp-json\/wp\/v2\/media\/52269"}],"wp:attachment":[{"href":"https:\/\/www.donbosco.press\/pt-pt\/wp-json\/wp\/v2\/media?parent=52275"}],"curies":[{"name":"wp","href":"https:\/\/api.w.org\/{rel}","templated":true}]}}