{"id":4645,"date":"2022-10-10T19:23:11","date_gmt":"2022-10-10T19:23:11","guid":{"rendered":"https:\/\/exciting-knuth.178-32-140-152.plesk.page\/apoie-nos\/"},"modified":"2026-03-26T08:32:46","modified_gmt":"2026-03-26T08:32:46","slug":"apoie-nos","status":"publish","type":"page","link":"https:\/\/www.donbosco.press\/pt-pt\/apoie-nos\/","title":{"rendered":"Apoie-nos"},"content":{"rendered":"\r\n<p><strong>Ajude-nos a continuar o trabalho iniciado por Dom Bosco.<\/strong><\/p>\r\n\r\n\r\n\r\n<div class=\"wp-block-media-text is-stacked-on-mobile is-vertically-aligned-center has-background\" style=\"background-color: #fbfbfb; grid-template-columns: 15% auto;\">\r\n<figure class=\"wp-block-media-text__media\"><img loading=\"lazy\" decoding=\"async\" width=\"256\" height=\"256\" class=\"wp-image-2608 size-full\" src=\"https:\/\/www.donbosco.press\/wp-content\/uploads\/2022\/10\/collabora_01-prega-g.png\" alt=\"\" srcset=\"https:\/\/www.donbosco.press\/wp-content\/uploads\/2022\/10\/collabora_01-prega-g.png 256w, https:\/\/www.donbosco.press\/wp-content\/uploads\/2022\/10\/collabora_01-prega-g-150x150.png 150w\" sizes=\"auto, (max-width: 256px) 100vw, 256px\" \/><\/figure>\r\n<div class=\"wp-block-media-text__content\">\r\n<div class=\"wp-block-group\" style=\"padding: 2em;\"><div class=\"wp-block-group__inner-container is-layout-flow wp-block-group-is-layout-flow\">\r\n<p style=\"font-size: 26px; line-height: 1.2;\"><strong>Ore<\/strong><\/p>\r\n\r\n\r\n\r\n<p style=\"font-size: 16px;\">Antes de mais nada, voc\u00ea pode colaborar com a ora\u00e7\u00e3o.<br \/>Sim, com a ora\u00e7\u00e3o. Ore para que o Senhor torne os cora\u00e7\u00f5es sens\u00edveis e dispon\u00edveis a uma educa\u00e7\u00e3o saud\u00e1vel das crian\u00e7as e dos jovens. Eles s\u00e3o o futuro da humanidade.<\/p>\r\n<\/div><\/div>\r\n<\/div>\r\n<\/div>\r\n\r\n\r\n\r\n<div class=\"wp-block-media-text has-media-on-the-right is-stacked-on-mobile is-vertically-aligned-center has-background\" style=\"background-color: #f5f5f5; grid-template-columns: auto 15%;\">\r\n<div class=\"wp-block-media-text__content\">\r\n<div class=\"wp-block-group\" style=\"padding: 2em;\"><div class=\"wp-block-group__inner-container is-layout-flow wp-block-group-is-layout-flow\">\r\n<p style=\"font-size: 26px; line-height: 1.2;\"><strong><strong>Envie-nos material<\/strong><\/strong><\/p>\r\n\r\n\r\n\r\n<p>&nbsp;<\/p>\r\n\r\n\r\n\r\n<p style=\"font-size: 16px;\">Envie-nos material \u00fatil para nosso objetivo (texto, fotos, \u00e1udio, v\u00eddeo) sem direitos autorais, ou com autoriza\u00e7\u00e3o expl\u00edcita, por escrito.<\/p>\r\n<\/div><\/div>\r\n\r\n\r\n\r\n<div class=\"wp-block-buttons is-layout-flex wp-block-buttons-is-layout-flex\">\r\n<div class=\"wp-block-button is-style-shadow\"><a class=\"wp-block-button__link wp-element-button\" href=\"mailto:bsol@sdb.org\">Envie um e-mail:<\/a><\/div>\r\n<\/div>\r\n\r\n\r\n\r\n<p>&nbsp;<\/p>\r\n<\/div>\r\n<figure class=\"wp-block-media-text__media\"><img loading=\"lazy\" decoding=\"async\" width=\"256\" height=\"256\" class=\"wp-image-2652 size-full\" src=\"https:\/\/www.donbosco.press\/wp-content\/uploads\/2022\/10\/collabora_03-inviaci_del_materiale-g.png\" alt=\"\" srcset=\"https:\/\/www.donbosco.press\/wp-content\/uploads\/2022\/10\/collabora_03-inviaci_del_materiale-g.png 256w, https:\/\/www.donbosco.press\/wp-content\/uploads\/2022\/10\/collabora_03-inviaci_del_materiale-g-150x150.png 150w\" sizes=\"auto, (max-width: 256px) 100vw, 256px\" \/><\/figure>\r\n<\/div>\r\n\r\n\r\n\r\n<div class=\"wp-block-media-text is-stacked-on-mobile is-vertically-aligned-center has-background\" style=\"background-color: #fbfbfb; grid-template-columns: 15% auto;\">\r\n<figure class=\"wp-block-media-text__media\"><img loading=\"lazy\" decoding=\"async\" width=\"256\" height=\"256\" class=\"wp-image-2645 size-full\" src=\"https:\/\/www.donbosco.press\/wp-content\/uploads\/2022\/10\/collabora_02-facci_conoscere-g.png\" alt=\"\" srcset=\"https:\/\/www.donbosco.press\/wp-content\/uploads\/2022\/10\/collabora_02-facci_conoscere-g.png 256w, https:\/\/www.donbosco.press\/wp-content\/uploads\/2022\/10\/collabora_02-facci_conoscere-g-150x150.png 150w\" sizes=\"auto, (max-width: 256px) 100vw, 256px\" \/><\/figure>\r\n<div class=\"wp-block-media-text__content\">\r\n<div class=\"wp-block-group is-vertical is-layout-flex wp-container-core-group-is-layout-f60545a1 wp-block-group-is-layout-flex\" style=\"padding: 2em;\">\r\n<p style=\"font-size: 26px; line-height: 1.2;\"><strong><strong>Fa\u00e7a-nos saber<\/strong><\/strong><\/p>\r\n\r\n\r\n\r\n<p>&nbsp;<\/p>\r\n\r\n\r\n\r\n<p style=\"font-size: 16px;\">Envie a um amigo o link do nosso Boletim Salesiano Online: <a class=\"ek-link\" href=\"https:\/\/www.donbosco.press\/pl\">https:\/\/www.donbosco.press\/pt<\/a><\/p>\r\n\r\n\r\n\r\n<div class=\"wp-block-group\"><div class=\"wp-block-group__inner-container is-layout-flow wp-block-group-is-layout-flow\">\r\n<div class=\"wp-block-buttons is-vertical is-content-justification-space-between is-layout-flex wp-container-core-buttons-is-layout-2f00920f wp-block-buttons-is-layout-flex\"><\/div>\r\n<\/div><\/div>\r\n<\/div>\r\n<\/div>\r\n<\/div>\r\n\r\n\r\n\r\n<div class=\"wp-block-media-text has-media-on-the-right is-stacked-on-mobile is-vertically-aligned-center has-background\" style=\"background-color: #f5f5f5; grid-template-columns: auto 15%;\">\r\n<div class=\"wp-block-media-text__content\">\r\n<div class=\"wp-block-group is-vertical is-layout-flex wp-container-core-group-is-layout-f60545a1 wp-block-group-is-layout-flex\" style=\"padding: 2em;\">\r\n<p style=\"font-size: 26px; line-height: 1.2;\"><strong><strong><strong>Apoie-nos com uma doa\u00e7\u00e3o<\/strong><\/strong><\/strong><\/p>\r\n\r\n\r\n\r\n<p>Apoie as necessidades das miss\u00f5es salesianas patrocinadas pelo Reitor-Mor ou as necessidades do Boletim Salesiano OnLine, indicando a destina\u00e7\u00e3o com estas mesmas palavras: &#8220;para as miss\u00f5es salesianas patrocinadas pelo Reitor-Mor&#8221; ou &#8220;para o Boletim Salesiano OnLine&#8221;. Se n\u00e3o estiver interessado em recibos para isen\u00e7\u00f5es ou dedu\u00e7\u00f5es, v\u00e1 para o primeiro item; caso contr\u00e1rio, v\u00e1 para o segundo.<br \/><br \/><strong>1. Para doa\u00e7\u00f5es espont\u00e2neas:<br \/><em>Direzione Generale Opere Don Bosco<\/em><\/strong><br \/>C\u00f3digo tribut\u00e1rio: 80017750581<br \/>Endere\u00e7o: via Marsala 42, 00185 Roma, It\u00e1lia<br \/>Correio digital certificado: ammdgdonbosco @ pec.it<br \/>Banca Popolare di Sondrio (Banco Popular de Sondrio)<br \/>IBAN: IT54O0569603202000004655X77<br \/>SWIFT \/ BIC: POSOIT22<br \/><br \/><strong>2. Para recibos em vista de benef\u00edcios fiscais (isen\u00e7\u00f5es\/dedu\u00e7\u00f5es) sobre as doa\u00e7\u00f5es:<br \/><em>Fondazione Don Bosco nel Mondo<\/em><\/strong><br \/>C\u00f3digo tribut\u00e1rio: 97210180580<br \/>Endere\u00e7o: via Marsala 42, 00185 Roma, It\u00e1lia<br \/>Correio digital certificado: ammfdbnm @ pec.it<br \/>Em um dos modos de sua prefer\u00eancia:<\/p>\r\n\r\n\r\n\r\n<div class=\"wp-block-group\"><div class=\"wp-block-group__inner-container is-layout-flow wp-block-group-is-layout-flow\">\r\n<div class=\"wp-block-buttons is-layout-flex wp-block-buttons-is-layout-flex\">\r\n<div class=\"wp-block-button is-style-shadow\"><a class=\"wp-block-button__link wp-element-button\" href=\"https:\/\/www.donbosconelmondo.org\/apoie-nos-pt\/\" target=\"_blank\" rel=\"noreferrer noopener\">Fa\u00e7a uma doa\u00e7\u00e3o&#8230;<\/a><\/div>\r\n<\/div>\r\n<\/div><\/div>\r\n<\/div>\r\n<\/div>\r\n<figure class=\"wp-block-media-text__media\"><img loading=\"lazy\" decoding=\"async\" width=\"256\" height=\"256\" class=\"wp-image-2617 size-full\" src=\"https:\/\/www.donbosco.press\/wp-content\/uploads\/2022\/10\/collabora_04-dona-g.png\" alt=\"\" srcset=\"https:\/\/www.donbosco.press\/wp-content\/uploads\/2022\/10\/collabora_04-dona-g.png 256w, https:\/\/www.donbosco.press\/wp-content\/uploads\/2022\/10\/collabora_04-dona-g-150x150.png 150w\" sizes=\"auto, (max-width: 256px) 100vw, 256px\" \/><\/figure>\r\n<\/div>\r\n\r\n\r\n\r\n<div class=\"wp-block-media-text is-stacked-on-mobile is-vertically-aligned-center has-background\" style=\"background-color: #fbfbfb; grid-template-columns: 15% auto;\">\r\n<figure class=\"wp-block-media-text__media\"><img loading=\"lazy\" decoding=\"async\" width=\"256\" height=\"256\" class=\"wp-image-2638 size-full\" src=\"https:\/\/www.donbosco.press\/wp-content\/uploads\/2022\/10\/collabora_06-lascia_una_eredita-v.png\" alt=\"\" srcset=\"https:\/\/www.donbosco.press\/wp-content\/uploads\/2022\/10\/collabora_06-lascia_una_eredita-v.png 256w, https:\/\/www.donbosco.press\/wp-content\/uploads\/2022\/10\/collabora_06-lascia_una_eredita-v-150x150.png 150w\" sizes=\"auto, (max-width: 256px) 100vw, 256px\" \/><\/figure>\r\n<div class=\"wp-block-media-text__content\">\r\n<div class=\"wp-block-group is-vertical is-layout-flex wp-container-core-group-is-layout-f60545a1 wp-block-group-is-layout-flex\" style=\"padding: 2em;\">\r\n<p style=\"font-size: 26px; line-height: 1.2;\"><strong><strong><strong><strong>Deixar um legado<\/strong><\/strong><\/strong><\/strong><\/p>\r\n\r\n\r\n\r\n<p style=\"font-size: 16px;\">Quer deixar um sinal duradouro de sua generosidade? Institua um legado em seu favor ou nomeie seu herdeiro. Sugerimos algumas f\u00f3rmulas.<br \/><br \/><em>Se for um legado:<\/em> &#8220;Deixo ao Instituto Salesiano para as Miss\u00f5es, com sede em Turim, via Maria Ausiliatrice 32, CF 00155220494, a t\u00edtulo de legado, a soma de euros&#8230; ou t\u00edtulos&#8230; ou os bens situados em&#8230; para os objetivos institucionais da Organiza\u00e7\u00e3o&#8221;.<br \/><br \/><em>Se for a nomea\u00e7\u00e3o de um herdeiro:<\/em> &#8220;Anulo todas as minhas disposi\u00e7\u00f5es testament\u00e1rias anteriores. Nomeio como meu herdeiro universal o Instituto Salesiano para as Miss\u00f5es, com sede em Turim, via Maria Ausiliatrice 32, CF 00155220494, deixando a ele tudo o que me pertence a qualquer t\u00edtulo, para os fins institucionais da Organiza\u00e7\u00e3o&#8221;.<br \/><br \/>(Local e data) (Assinatura completa e leg\u00edvel)<br \/><br \/>NB. O testamento deve ser escrito \u00e0 m\u00e3o, por extenso, pelo testador.<\/p>\r\n\r\n\r\n\r\n<p style=\"font-size: 16px;\"><em><strong>Istituto Salesiano per le Missioni (Instituto Salesiano para as Miss\u00f5es)<\/strong><\/em><br \/>Via Maria Ausiliatrice 32, 10152 Turim, It\u00e1lia<br \/>CF: 00155220494<br \/>Tel. <a href=\"tel:390115224248\">+39 011 5224248<\/a><br \/>E-mail: <a href=\"mailto:istitutomissioni@sdb.org\">istitutomissioni@sdb.org<\/a><\/p>\r\n\r\n\r\n\r\n<div class=\"wp-block-group\"><div class=\"wp-block-group__inner-container is-layout-flow wp-block-group-is-layout-flow\">\r\n<div class=\"wp-block-buttons is-layout-flex wp-block-buttons-is-layout-flex\"><\/div>\r\n<\/div><\/div>\r\n<\/div>\r\n<\/div>\r\n<\/div>\r\n","protected":false},"excerpt":{"rendered":"<p>Ajude-nos a continuar o trabalho iniciado por Dom Bosco.<\/p>\n","protected":false},"author":1,"featured_media":0,"parent":0,"menu_order":0,"comment_status":"closed","ping_status":"closed","template":"","meta":{"iawp_total_views":13,"footnotes":""},"class_list":["post-4645","page","type-page","status-publish","hentry"],"_links":{"self":[{"href":"https:\/\/www.donbosco.press\/pt-pt\/wp-json\/wp\/v2\/pages\/4645","targetHints":{"allow":["GET"]}}],"collection":[{"href":"https:\/\/www.donbosco.press\/pt-pt\/wp-json\/wp\/v2\/pages"}],"about":[{"href":"https:\/\/www.donbosco.press\/pt-pt\/wp-json\/wp\/v2\/types\/page"}],"author":[{"embeddable":true,"href":"https:\/\/www.donbosco.press\/pt-pt\/wp-json\/wp\/v2\/users\/1"}],"replies":[{"embeddable":true,"href":"https:\/\/www.donbosco.press\/pt-pt\/wp-json\/wp\/v2\/comments?post=4645"}],"version-history":[{"count":3,"href":"https:\/\/www.donbosco.press\/pt-pt\/wp-json\/wp\/v2\/pages\/4645\/revisions"}],"predecessor-version":[{"id":51978,"href":"https:\/\/www.donbosco.press\/pt-pt\/wp-json\/wp\/v2\/pages\/4645\/revisions\/51978"}],"wp:attachment":[{"href":"https:\/\/www.donbosco.press\/pt-pt\/wp-json\/wp\/v2\/media?parent=4645"}],"curies":[{"name":"wp","href":"https:\/\/api.w.org\/{rel}","templated":true}]}}