{"id":4608,"date":"2022-09-30T20:24:51","date_gmt":"2022-09-30T20:24:51","guid":{"rendered":"https:\/\/exciting-knuth.178-32-140-152.plesk.page\/dias-mundiais-da-igreja\/"},"modified":"2026-03-30T10:29:38","modified_gmt":"2026-03-30T10:29:38","slug":"dias-mundiais-da-igreja","status":"publish","type":"page","link":"https:\/\/www.donbosco.press\/pt-pt\/dias-mundiais-da-igreja\/","title":{"rendered":"Dias Mundiais da Igreja"},"content":{"rendered":"\r\n<p><\/p>\r\n\r\n\r\n\r\n\r\n\r\n<p align=\"center\" style=\"font-size:30px;\"><strong>Dias de ora\u00e7\u00e3o e observa\u00e7\u00f5es especiais<\/strong><\/p>\r\n\r\n<table cellspacing=\"0\" cellpadding=\"0\" class=\"table\">\r\n  <tr>\r\n    <td valign=\"\"><p><a name = \"d1\"><\/a>1<\/p><\/td>\r\n    <td><p>1\u00ba de janeiro<\/p><\/td>\r\n    <td><p>Dia Mundial da Paz<\/p><\/td>\r\n    <td><p><em>Institui\u00e7\u00e3o:<\/em><br \/>\r\n      Papa S\u00e3o Paulo VI com uma mensagem em 8 de dezembro    de 1967; celebrada pela <a href=\"https:\/\/www.vatican.va\/content\/paul-vi\/pt\/messages\/peace\/documents\/hf_p-vi_mes_19671208_i-world-day-for-peace.html\" target=\"_blank\" rel=\"noopener\">primeira    vez em 1\u00ba de janeiro de 1968<\/a>.<\/p>\r\n      <p><em>Hist\u00f3ria:<\/em><br \/>\r\n        <a href=\"https:\/\/www.vatican.va\/content\/paul-vi\/pt\/messages\/peace.index.html#messages\" target=\"_blank\" rel=\"noopener\">Mensagens    do Papa Paulo VI &#8211; 1968-1978<\/a><br \/>\r\n        <a href=\"https:\/\/www.vatican.va\/content\/john-paul-ii\/pt\/messages\/peace.index.2.html\" target=\"_blank\" rel=\"noopener\">Mensagens    do Papa Jo\u00e3o Paulo II &#8211; 1979-2005<\/a><br \/>\r\n        <a href=\"https:\/\/www.vatican.va\/content\/benedict-xvi\/pt\/messages\/peace.index.html\" target=\"_blank\" rel=\"noopener\">Mensagens    do Papa Bento XVI &#8211; 2006-2013<\/a><br \/>\r\n        <a href=\"https:\/\/www.vatican.va\/content\/francesco\/pt\/messages\/peace.index.html\" target=\"_blank\" rel=\"noopener\">Mensagens    do Papa Francisco &#8211; 2014-2022<\/a><\/p>\r\n      <p><em>Links:<\/em><br \/>\r\n        <a href=\"https:\/\/pt.wikipedia.org\/wiki\/Dia_Mundial_da_Paz\" target=\"_blank\" rel=\"noopener\">Wikipedia<\/a><\/p><\/td>\r\n  <\/tr>\r\n  <tr>\r\n    <td valign=\"\"><p><a name = \"d2\"><\/a>2<\/p><\/td>\r\n    <td><p>6 de janeiro<\/p><\/td>\r\n    <td><p>Dia Mundial da Inf\u00e2ncia    Mission\u00e1ria<\/p><\/td>\r\n    <td><p><em>Institui\u00e7\u00e3o:<\/em><br \/>\r\n      Papa Pio XII em 4 de dezembro de 1950; celebrado    pela primeira vez em 6 de janeiro de 1951. A data de celebra\u00e7\u00e3o em v\u00e1rios    pa\u00edses \u00e9 6 de janeiro ou o domingo ap\u00f3s esta data.<\/p><\/td>\r\n  <\/tr>\r\n  <tr>\r\n    <td valign=\"\"><p><a name = \"d3\"><\/a>3<\/p><\/td>\r\n    <td><p>18-25 de janeiro<\/p><\/td>\r\n    <td><p>Semana de Ora\u00e7\u00e3o pela    Unidade dos Crist\u00e3os<\/p><\/td>\r\n    <td><p><em>Institui\u00e7\u00e3o:<\/em><br \/>\r\n      O Papa S\u00e3o Pio X aben\u00e7oou oficialmente esta    iniciativa ecum\u00eanica.<br \/>\r\n      O Papa Bento XV encorajou a sua observ\u00e2ncia em toda    a Igreja Cat\u00f3lica com o Breve <em>Romanorum    Pontificum<\/em> de 25 de fevereiro de 1916.<\/p>\r\n      <p><em>Links:<\/em><br \/>\r\n        <a href=\"https:\/\/www.vatican.va\/content\/romancuria\/pt\/pontifici-consigli\/pontificio-consiglio-per-la-promozione-dellunita-dei-cristiani.index.html\" target=\"_blank\" rel=\"noopener\">Dicast\u00e9rio    para a Promo\u00e7\u00e3o da Unidade dos Crist\u00e3os<\/a><\/p><\/td>\r\n  <\/tr>\r\n  <tr>\r\n    <td valign=\"\"><p><a name = \"d4\"><\/a>4<\/p><\/td>\r\n    <td><p>Terceiro domingo de janeiro    do Tempo Comum<\/p><\/td>\r\n    <td><p>Domingo da Palavra de Deus<\/p><\/td>\r\n    <td><p><em>Institui\u00e7\u00e3o:<\/em><br \/>\r\n      Papa Francisco em 30.09.2019 com a Carta Apost\u00f3lica    na forma de Motu proprio <em><a href=\"https:\/\/www.vatican.va\/content\/francesco\/pt\/motu_proprio\/documents\/papa-francesco-motu-proprio-20190930_aperuit-illis.html\" target=\"_blank\" rel=\"noopener\">Aperuit    illis<\/a><\/em>.<\/p>\r\n      <p><em>Hist\u00f3ria:<\/em><br \/>\r\n        <a href=\"https:\/\/www.vatican.va\/content\/francesco\/pt\/homilies\/2020\/documents\/papa-francesco_20200126_omelia-domenicadellaparoladidio.html\" target=\"_blank\" rel=\"noopener\">2020<\/a>; <a href=\"https:\/\/www.vatican.va\/content\/francesco\/pt\/homilies\/2021\/documents\/papa-francesco_20210124_omelia-domenicadellaparoladidio.html\" target=\"_blank\" rel=\"noopener\">2021<\/a>; <a href=\"https:\/\/www.vatican.va\/content\/francesco\/pt\/homilies\/2022\/documents\/20220123_omelia-domenicadellaparoladidio.html\" target=\"_blank\" rel=\"noopener\">2022<\/a> <br \/>\r\n        <a href=\"https:\/\/pt.wikipedia.org\/wiki\/Aperuit_illis\" target=\"_blank\" rel=\"noopener\">Wikipedia<\/a><\/p><\/td>\r\n  <\/tr>\r\n  <tr>\r\n    <td valign=\"\"><p><a name = \"d5\"><\/a>5<\/p><\/td>\r\n    <td><p>2 de fevereiro<\/p><\/td>\r\n    <td><p>Dia Mundial da Vida    Consagrada <\/p><\/td>\r\n    <td><p><em>Institui\u00e7\u00e3o:<\/em><br \/>\r\n      Papa S\u00e3o Jo\u00e3o Paulo II em 6 de janeiro de 1997;    celebrado pela <a href=\"https:\/\/www.vatican.va\/content\/john-paul-ii\/pt\/messages\/consecrated_life\/documents\/hf_jp-ii_mes_06011997_i-consecrated-life-day.html\" target=\"_blank\" rel=\"noopener\">primeira    vez em 2 de fevereiro de 1997<\/a>.<\/p>\r\n      <p><em>Hist\u00f3ria:<\/em><br \/>\r\n        <a href=\"https:\/\/www.vatican.va\/content\/john-paul-ii\/pt\/messages\/consecrated_life.index.html\" target=\"_blank\" rel=\"noopener\">Mensagens    do Papa Jo\u00e3o Paulo II &#8211; 1997-2005<\/a><br \/>\r\n        <a href=\"https:\/\/www.vatican.va\/content\/francesco\/pt\/messages\/consecrated_life.index.html\" target=\"_blank\" rel=\"noopener\">Mensagens    do Papa Francisco &#8211; 2014-2022<\/a><\/p>\r\n      <p><em>Links:<\/em><br \/>\r\n        <a href=\"https:\/\/www.vatican.va\/content\/romancuria\/pt\/congregazioni\/congregazione-per-gli-istituti-di-vita-consacrata-e-le-societa-d.index.html\" target=\"_blank\" rel=\"noopener\">Dicast\u00e9rio    para os Institutos de Vida Consagrada e as Sociedades de Vida Apost\u00f3lica<\/a><\/p><\/td>\r\n  <\/tr>\r\n  <tr>\r\n    <td valign=\"\"><p><a name = \"d6\"><\/a>6<\/p><\/td>\r\n    <td><p>11 de fevereiro<\/p><\/td>\r\n    <td><p>Dia Mundial do Doente<\/p><\/td>\r\n    <td><p><em>Institui\u00e7\u00e3o:<\/em><br \/>\r\n      Papa S\u00e3o Jo\u00e3o Paulo II em 13 de maio de 1992;    celebrado pela primeira vez em 11 de fevereiro de 1993.<\/p>\r\n      <p><em>Hist\u00f3ria:<\/em><br \/>\r\n        <a href=\"https:\/\/www.vatican.va\/content\/john-paul-ii\/pt\/messages\/sick.index.html\" target=\"_blank\" rel=\"noopener\">Mensagens    do Papa Jo\u00e3o Paulo II &#8211; 1993-2005<\/a><br \/>\r\n        <a href=\"https:\/\/www.vatican.va\/content\/benedict-xvi\/pt\/messages\/sick.index.html\" target=\"_blank\" rel=\"noopener\">Mensagens    do Papa Bento XVI &#8211; 2006-2013<\/a><br \/>\r\n        <a href=\"https:\/\/www.vatican.va\/content\/francesco\/pt\/messages\/sick.index.html\" target=\"_blank\" rel=\"noopener\">Mensagens    do Papa Francisco &#8211; 2014-2022<\/a><\/p>\r\n      <p><em>Links:<\/em><br \/>\r\n        <a href=\"https:\/\/www.vatican.va\/content\/romancuria\/pt\/dicasteri\/dicastero-per-il-servizio-dello-sviluppo-umano-integrale.index.html\" target=\"_blank\" rel=\"noopener\">Dicast\u00e9rio    para o Servi\u00e7o de Desenvolvimento Humano Integral<\/a><\/p><\/td>\r\n  <\/tr>\r\n  <tr>\r\n    <td valign=\"\"><p><a name = \"d7\"><\/a>7<\/p><\/td>\r\n    <td><p>Sexta-feira Santa<\/p><\/td>\r\n    <td><p>Dia mundial das obras da    Terra Santa<\/p><\/td>\r\n    <td><p><em>Institui\u00e7\u00e3o:<\/em><br \/>\r\n      Papa S\u00e3o Paulo VI, em 25 de mar\u00e7o de 1974, com a    exorta\u00e7\u00e3o apost\u00f3lica <em>Nobis in animo<\/em> &#8211; <em>Collecta pro Locis Sanctis<\/em><\/p>\r\n      <p><em>Links:<\/em><br \/>\r\n        <a href=\"https:\/\/www.custodia.org\/pt-pt\" target=\"_blank\" rel=\"noopener\">Custodia    Terrae Sanctae<\/a><\/p><\/td>\r\n  <\/tr>\r\n  <tr>\r\n    <td valign=\"\"><p><a name = \"d8\"><\/a>8<\/p><\/td>\r\n    <td><p>Quarto Domingo da P\u00e1scoa    conhecido como Domingo do Bom Pastor<\/p><\/td>\r\n    <td><p>Dia Mundial de Ora\u00e7\u00e3o pelas    Voca\u00e7\u00f5es<\/p><\/td>\r\n    <td><p><em>Institui\u00e7\u00e3o:<\/em><br \/>\r\n      Papa S\u00e3o Paulo VI em 23 de janeiro de 1964;    celebrado pela primeira vez em 12 de abril de 1964.<\/p>\r\n      <p><em>Hist\u00f3ria:<\/em><br \/>\r\n        <a href=\"https:\/\/www.vatican.va\/content\/paul-vi\/pt\/messages\/vocations.index.html\" target=\"_blank\" rel=\"noopener\">Mensagens    do Papa Paulo VI &#8211; 1964-1978<\/a><br \/>\r\n        <a href=\"https:\/\/www.vatican.va\/content\/john-paul-ii\/pt\/messages\/vocations.index.2.html\" target=\"_blank\" rel=\"noopener\">Mensagens    do Papa Jo\u00e3o Paulo II &#8211; 1979-2005<\/a><br \/>\r\n        <a href=\"https:\/\/www.vatican.va\/content\/benedict-xvi\/pt\/messages\/vocations.index.html\" target=\"_blank\" rel=\"noopener\">Mensagens    do Papa Bento XVI &#8211; 2006-2013<\/a><br \/>\r\n        <a href=\"https:\/\/www.vatican.va\/content\/francesco\/pt\/messages\/vocations.index.html\" target=\"_blank\" rel=\"noopener\">Mensagens    do Papa Francisco &#8211; 2014-2022<\/a><\/p><\/td>\r\n  <\/tr>\r\n  <tr>\r\n    <td valign=\"\"><p><a name = \"d9\"><\/a>9<\/p><\/td>\r\n    <td><p>Solenidade da Ascens\u00e3o<\/p><\/td>\r\n    <td><p>Dia Mundial das Comunica\u00e7\u00f5es    Sociais<\/p><\/td>\r\n    <td><p><em>Institui\u00e7\u00e3o:<\/em><br \/>\r\n      Decreto conciliar em 1963; celebrado pelo Papa S\u00e3o    Paulo VI, pela <a href=\"https:\/\/www.vatican.va\/content\/paul-vi\/pt\/messages\/communications\/documents\/hf_p-vi_mes_19670507_i-com-day.html\" target=\"_blank\" rel=\"noopener\">primeira    vez, em 7 de maio de 1967<\/a>.<\/p>\r\n      <p><em>Hist\u00f3ria:<\/em><br \/>\r\n        <a href=\"https:\/\/www.vatican.va\/content\/paul-vi\/pt\/messages\/communications.index.html\" target=\"_blank\" rel=\"noopener\">Mensagens    do Papa Paulo VI &#8211; 1967-1978<\/a><br \/>\r\n        <a href=\"https:\/\/www.vatican.va\/content\/john-paul-ii\/pt\/messages\/communications.index.2.html\" target=\"_blank\" rel=\"noopener\">Mensagens    do Papa Jo\u00e3o Paulo II &#8211; 1979-2005<\/a><br \/>\r\n        <a href=\"https:\/\/www.vatican.va\/content\/benedict-xvi\/pt\/messages\/communications.index.html\" target=\"_blank\" rel=\"noopener\">Mensagens    do Papa Bento XVI &#8211; 2006-2013<\/a><br \/>\r\n        <a href=\"https:\/\/www.vatican.va\/content\/francesco\/pt\/messages\/communications.index.html\" target=\"_blank\" rel=\"noopener\">Mensagens    do Papa Francisco &#8211; 2014-2022<\/a><\/p>\r\n      <p><em>Links:<\/em><br \/>\r\n        <a href=\"https:\/\/www.vatican.va\/content\/romancuria\/pt\/dicasteri\/dicastero-per-la-comunicazione.index.html\" target=\"_blank\" rel=\"noopener\">Dicast\u00e9rio    da Comunica\u00e7\u00e3o<\/a><\/p><\/td>\r\n  <\/tr>\r\n  <tr>\r\n    <td valign=\"\"><p><a name = \"d10\"><\/a>10<\/p><\/td>\r\n    <td>24 de Maio<\/td>\r\n    <td>Dia de Ora\u00e7\u00e3o para a Igreja na China<\/td>\r\n    <td><p><em>Institui\u00e7\u00e3o:<\/em><br>\r\n      <a href=\"https:\/\/www.vatican.va\/content\/benedict-xvi\/pt\/letters\/2007\/documents\/hf_ben-xvi_let_20070527_china.html\" target=\"_blank\" rel=\"noopener\">Carta do santo  padre Bento XVI aos bispos, aos presb\u00edteros, \u00e0s pessoas consagradas e aos fi\u00e9is  leigos da Igreja Cat\u00f3lica na Rep\u00fablica Popular da China, 27.05.2007<\/a><\/p>\r\n&quot;19. [&#8230;]\u00a0 o dia 24 de Maio, dedicado \u00e0 mem\u00f3ria  lit\u00fargica da Bem-aventurada Virgem Maria, Aux\u00edlio dos Crist\u00e3os[&#8230;]. Desejo que  tal data seja para v\u00f3s uma jornada de ora\u00e7\u00e3o pela Igreja na China.&quot;<\/td>\r\n  <\/tr>\r\n  <tr>\r\n    <td valign=\"\"><p><a name = \"d11\"><\/a>11<\/p><\/td>\r\n    <td><p>Solenidade do Sagrado    Cora\u00e7\u00e3o de Jesus<\/p><\/td>\r\n    <td><p>Dia Mundial da Santifica\u00e7\u00e3o    Sacerdotal<\/p><\/td>\r\n    <td><p><em>Institui\u00e7\u00e3o:<\/em><br \/>\r\n      Iniciativa do P. Mario Venturini (Chioggia, 1886 &#8211;    Trento, 1957) e do P. Eugenio Bernardi (Trento, 1888 &#8211; 1957) em 1947.<br \/>\r\n      Em 1948, Pio XII decidiu estend\u00ea-lo a toda a Igreja,    fixando-o no dia da Solenidade do Sagrado Cora\u00e7\u00e3o de Jesus.<br \/>\r\n      Reconfirmado pelo Papa S\u00e3o Jo\u00e3o Paulo II em sua <a href=\"https:\/\/www.vatican.va\/content\/john-paul-ii\/pt\/letters\/1995\/documents\/hf_jp-ii_let_25031995_priests.html\" target=\"_blank\" rel=\"noopener\">Carta    aos Sacerdotes, por ocasi\u00e3o da Quinta-feira Santa de 1995<\/a>.<\/p>\r\n      <p><em>Links:<\/em><br \/>\r\n        <a href=\"https:\/\/www.vatican.va\/content\/romancuria\/pt\/congregazioni\/congregazione-per-il-clero.index.html\" target=\"_blank\" rel=\"noopener\">Dicast\u00e9rio    para o Clero<\/a><\/p><\/td>\r\n  <\/tr>\r\n  <tr>\r\n    <td valign=\"\"><p><a name = \"d12\"><\/a>12<\/p><\/td>\r\n    <td><p>\u00daltimo domingo de junho<\/p><\/td>\r\n    <td><p>Dia Mundial da Caridade do    Papa<\/p><\/td>\r\n    <td><p><em>Institui\u00e7\u00e3o:<\/em><br \/>\r\n      Os anglo-sax\u00f5es, ap\u00f3s sua convers\u00e3o no final do    s\u00e9culo VIII, decidiram enviar uma contribui\u00e7\u00e3o anual ao Santo Padre, de forma    permanente. Assim nasceu o &quot;Denarius Sancti Petri&quot; (\u00f3bolo para S\u00e3o    Pedro), uma pr\u00e1tica que se espalhou pelos pa\u00edses europeus.<br \/>\r\n      Mais tarde foi aben\u00e7oada pelo Beato Papa Pio IX, com    a Enc\u00edclica <em>Saepe venerabilis<\/em> de 5    de agosto de 1871.<\/p>\r\n      <p><em>Links:<\/em> <br \/>\r\n        <a href=\"https:\/\/pt.wikipedia.org\/wiki\/%C3%93bolo_de_S%C3%A3o_Pedro\" target=\"_blank\" rel=\"noopener\">Wikipedia<\/a><\/p><\/td>\r\n  <\/tr>\r\n  <tr>\r\n    <td valign=\"\"><p><a name = \"d13\"><\/a>13<\/p><\/td>\r\n    <td><p>Quarto domingo de julho<\/p><\/td>\r\n    <td><p>Dia Mundial dos Av\u00f3s e    Idosos<\/p><\/td>\r\n    <td><p><em>Institui\u00e7\u00e3o:<\/em><br \/>\r\n      O Papa Francisco em 2021. Anunciado no Angelus em 31    de janeiro de 2021. Celebrado pela <a href=\"https:\/\/www.vatican.va\/content\/francesco\/pt\/messages\/nonni\/documents\/20210531-messaggio-nonni-anziani.html\" target=\"_blank\" rel=\"noopener\">primeira    vez em 25 de julho de 2021<\/a>.<\/p>\r\n      <p><em>Hist\u00f3ria:<\/em><br \/>\r\n        <a href=\"https:\/\/www.vatican.va\/content\/francesco\/pt\/messages\/nonni.index.html\" target=\"_blank\" rel=\"noopener\">Mensagens    do Papa Francisco &#8211; 2021-2022<\/a><\/p><\/td>\r\n  <\/tr>\r\n  <tr>\r\n    <td valign=\"\"><p><a name = \"d14\"><\/a>14<\/p><\/td>\r\n    <td><p>1\u00ba de setembro<\/p><\/td>\r\n    <td><p>Dia Mundial de Ora\u00e7\u00e3o pelo    Cuidado da Cria\u00e7\u00e3o<\/p><\/td>\r\n    <td><p><em>Institui\u00e7\u00e3o:<\/em><br \/>\r\n      Papa Francisco em 2015 com a Enc\u00edclica <em><a href=\"https:\/\/www.vatican.va\/content\/francesco\/pt\/encyclicals\/documents\/papa-francesco_20150524_enciclica-laudato-si.html\" target=\"_blank\" rel=\"noopener\">Laudato    S\u00ec<\/a>;<\/em> celebrada pela primeira vez em 1\u00ba de setembro de 2015.<\/p>\r\n      <p><em>Links: <\/em><br \/>\r\n        <a href=\"https:\/\/pt.wikipedia.org\/wiki\/Laudato_si%27\" target=\"_blank\" rel=\"noopener\">Wikipedia<\/a><\/p><\/td>\r\n  <\/tr>\r\n  <tr>\r\n    <td valign=\"\"><p><a name = \"d15\"><\/a>15<\/p><\/td>\r\n    <td><p>Domingo passado em setembro<\/p><\/td>\r\n    <td><p>Dia Mundial do Migrante e do    Refugiado<\/p><\/td>\r\n    <td><p><em>Institui\u00e7\u00e3o:<\/em><br \/>\r\n      O Papa Bento XV em 6 de dezembro de 1914, celebrado    pela primeira vez em 1\u00ba de setembro de 2015, no primeiro domingo da Quaresma;    desde 2002 era celebrado em janeiro, no segundo domingo depois da Epifania;    desde 2019 \u00e9 celebrado no \u00faltimo domingo de setembro.<\/p>\r\n      <p><em>Hist\u00f3ria:<\/em><br \/>\r\n        <a href=\"https:\/\/www.vatican.va\/content\/paul-vi\/pt\/messages\/migration.index.html\" target=\"_blank\" rel=\"noopener\">Mensagens    do Papa Paulo VI &#8211; 1968-1978<\/a><br \/>\r\n        <a href=\"https:\/\/www.vatican.va\/content\/john-paul-ii\/pt\/messages\/migration.index.2.html\" target=\"_blank\" rel=\"noopener\">Mensagens    do Papa Jo\u00e3o Paulo II &#8211; 1978-2005<\/a><br \/>\r\n        <a href=\"https:\/\/www.vatican.va\/content\/benedict-xvi\/pt\/messages\/migration.index.html\" target=\"_blank\" rel=\"noopener\">Mensagens    do Papa Bento XVI &#8211; 2006-2013<\/a><br \/>\r\n        <a href=\"https:\/\/www.vatican.va\/content\/francesco\/pt\/messages\/migration.index.html\" target=\"_blank\" rel=\"noopener\">Mensagens    do Papa Francisco &#8211; 2014-2022<\/a><\/p>\r\n      <p><em>Links:<\/em><br \/>\r\n        <a href=\"https:\/\/migrants-refugees.va\/pt\/\" target=\"_blank\" rel=\"noopener\">Se\u00e7\u00e3o de Migrantes    e Refugiados<\/a><\/p><\/td>\r\n  <\/tr>\r\n  <tr>\r\n    <td valign=\"\"><p><a name = \"d16\"><\/a>16<\/p><\/td>\r\n    <td><p>Pen\u00faltimo domingo de outubro<\/p><\/td>\r\n    <td><p>Dia Mission\u00e1rio Mundial<\/p><\/td>\r\n    <td><p><em>Institui\u00e7\u00e3o:<\/em><br \/>\r\n      Papa Pio XII em 1926 para a cria\u00e7\u00e3o de um fundo de    solidariedade para as Igrejas mission\u00e1rias; celebrado pela primeira vez em 17    de outubro de 1926.<\/p>\r\n      <p><em>Hist\u00f3ria:<\/em><br \/>\r\n        <a href=\"https:\/\/www.vatican.va\/content\/paul-vi\/pt\/messages\/missions.index.html\" target=\"_blank\" rel=\"noopener\">Mensagens    do Papa Paulo VI &#8211; 1963-1978<\/a><br \/>\r\n        <a href=\"https:\/\/www.vatican.va\/content\/john-paul-ii\/pt\/messages\/missions.index.2.html\" target=\"_blank\" rel=\"noopener\">Mensagens    do Papa Jo\u00e3o Paulo II &#8211; 1979-2005<\/a><br \/>\r\n        <a href=\"https:\/\/www.vatican.va\/content\/benedict-xvi\/pt\/messages\/missions.index.html\" target=\"_blank\" rel=\"noopener\">Mensagens    do Papa Bento XVI &#8211; 2006-2012<\/a><br \/>\r\n        <a href=\"https:\/\/www.vatican.va\/content\/francesco\/pt\/messages\/missions.index.html\" target=\"_blank\" rel=\"noopener\">Mensagens    do Papa Francisco &#8211; 2014-2022<\/a><\/p><\/td>\r\n  <\/tr>\r\n  <tr>\r\n    <td valign=\"\"><p><a name = \"d17\"><\/a>17<\/p><\/td>\r\n    <td><p>1\u00ba de novembro &#8211; Solenidade    de Todos os Santos<\/p><\/td>\r\n    <td><p>Dia Mundial da Santifica\u00e7\u00e3o    Universal<\/p><\/td>\r\n    <td><p><em>Institui\u00e7\u00e3o:<\/em><br \/>\r\n      em 1957. Promovido pelo Movimento <em>Pro Sanctitate<\/em> fundado em 1947 pelo Servo de Deus, Guglielmo Giaquinta.<\/p><\/td>\r\n  <\/tr>\r\n  <tr>\r\n    <td valign=\"\"><p><a name = \"d18\"><\/a>18<\/p><\/td>\r\n    <td><p>Domingo de novembro XXXIII    do Tempo Comum<\/p><\/td>\r\n    <td><p>Dia Mundial do Pobre<\/p><\/td>\r\n    <td><p><em>Institui\u00e7\u00e3o:<\/em><br \/>\r\n      O Papa Francisco em 2016, no final do Jubileu da    Miseric\u00f3rdia, atrav\u00e9s da carta apost\u00f3lica <em><a href=\"https:\/\/www.vatican.va\/content\/francesco\/pt\/apost_letters\/documents\/papa-francesco-lettera-ap_20161120_misericordia-et-misera.html\" target=\"_blank\" rel=\"noopener\">Misericordia    et misera<\/a><\/em>; celebrado pela primeira vez em 19 de novembro.<\/p>\r\n      <p><em>Hist\u00f3ria:<\/em><br \/>\r\n        <a href=\"https:\/\/www.vatican.va\/content\/francesco\/pt\/messages\/poveri.index.html\" target=\"_blank\" rel=\"noopener\">Mensagens    do Papa Francisco &#8211; 2017-2022<\/a><\/p>\r\n      <p><em>Links:<\/em><br \/>\r\n        <a href=\"https:\/\/www.vatican.va\/content\/romancuria\/pt\/pontifici-consigli\/pontificio-consiglio-per-la-promozione-della-nuova-evangelizzazi.index.html\" target=\"_blank\" rel=\"noopener\">Dicast\u00e9rio    para a Evangeliza\u00e7\u00e3o<\/a><br \/>\r\n        <a href=\"https:\/\/www.vatican.va\/content\/romancuria\/pt\/istituzioni-collegate-con-la-santa-sede\/elemosineria-apostolica.index.html\" target=\"_blank\" rel=\"noopener\">Dicast\u00e9rio    para o Servi\u00e7o de Caridade<\/a><\/p><\/td>\r\n  <\/tr>\r\n  <tr>\r\n    <td valign=\"\"><p><a name = \"d19\"><\/a>19<\/p><\/td>\r\n    <td><p>11 de novembro &#8211;    Apresenta\u00e7\u00e3o da Sant\u00edssima Virgem Maria<\/p><\/td>\r\n    <td><p>Dia Mundial das Claustrais<\/p><\/td>\r\n    <td><p><em>Institui\u00e7\u00e3o:<\/em><br \/>\r\n      Papa Pio XII em 1953, <em>Pro orantibus,<\/em> na festa da    Apresenta\u00e7\u00e3o de Nossa Senhora; celebrada pela primeira vez em 21 de novembro    de 1953<\/p><\/td>\r\n  <\/tr>\r\n  <tr>\r\n    <td valign=\"\"><p><a name = \"d20\"><\/a>20<\/p><\/td>\r\n    <td><p>No \u00faltimo domingo de    novembro, Nosso Senhor Jesus Cristo Rei do Universo<\/p><\/td>\r\n    <td><p>Dia Mundial da Juventude (em    n\u00edvel diocesano)<\/p><\/td>\r\n    <td><p><em>Institui\u00e7\u00e3o:<\/em><br \/>\r\n      Papa S\u00e3o Jo\u00e3o Paulo    II em 1985, por ocasi\u00e3o da celebra\u00e7\u00e3o do Ano Santo da Reden\u00e7\u00e3o; celebrado    pela primeira vez em Roma, em 23 de mar\u00e7o de 1986. Originalmente fixado no    Domingo de Ramos, foi transferido pelo Papa Francisco para a Solenidade de    Cristo Rei (o domingo entre 20 e 26 de novembro) a partir de 2021.<\/p>\r\n      <p><em>Hist\u00f3ria:<\/em><br \/>\r\n        <a href=\"https:\/\/www.vatican.va\/content\/john-paul-ii\/pt\/messages\/youth.index.html\" target=\"_blank\" rel=\"noopener\">Mensagens    do Papa Jo\u00e3o Paulo II &#8211; 1987-2005<\/a><br \/>\r\n        <a href=\"https:\/\/www.vatican.va\/content\/benedict-xvi\/pt\/messages\/youth.index.html\" target=\"_blank\" rel=\"noopener\">Mensagens    do Papa Bento XVI &#8211; 2006-2013<\/a><br \/>\r\n        <a href=\"https:\/\/www.vatican.va\/content\/francesco\/pt\/messages\/youth.index.html\" target=\"_blank\" rel=\"noopener\">Mensagens    do Papa Francisco &#8211; 2014-2022<\/a><\/p>\r\n      <p><em>Links:<u> <\/u><\/em><br \/>\r\n        <a href=\"https:\/\/www.vatican.va\/content\/romancuria\/pt\/dicasteri\/dicastero-per-i-laici--la-famiglia-e-la-vita.index.html\" target=\"_blank\" rel=\"noopener\">Dicast\u00e9rio    para os Leigos, a Fam\u00edlia e a Vida<\/a><br \/>\r\n        <a href=\"https:\/\/pt.wikipedia.org\/wiki\/Jornada_Mundial_da_Juventude\" target=\"_blank\" rel=\"noopener\">Wikipedia<\/a><\/p><\/td>\r\n  <\/tr>\r\n<\/table>\r\n","protected":false},"excerpt":{"rendered":"<p>Dias de ora\u00e7\u00e3o e observa\u00e7\u00f5es especiais 1 1\u00ba de janeiro Dia Mundial da Paz Institui\u00e7\u00e3o:&#8230;<\/p>\n","protected":false},"author":1,"featured_media":0,"parent":0,"menu_order":0,"comment_status":"closed","ping_status":"closed","template":"","meta":{"iawp_total_views":35,"footnotes":""},"class_list":["post-4608","page","type-page","status-publish","hentry"],"_links":{"self":[{"href":"https:\/\/www.donbosco.press\/pt-pt\/wp-json\/wp\/v2\/pages\/4608","targetHints":{"allow":["GET"]}}],"collection":[{"href":"https:\/\/www.donbosco.press\/pt-pt\/wp-json\/wp\/v2\/pages"}],"about":[{"href":"https:\/\/www.donbosco.press\/pt-pt\/wp-json\/wp\/v2\/types\/page"}],"author":[{"embeddable":true,"href":"https:\/\/www.donbosco.press\/pt-pt\/wp-json\/wp\/v2\/users\/1"}],"replies":[{"embeddable":true,"href":"https:\/\/www.donbosco.press\/pt-pt\/wp-json\/wp\/v2\/comments?post=4608"}],"version-history":[{"count":1,"href":"https:\/\/www.donbosco.press\/pt-pt\/wp-json\/wp\/v2\/pages\/4608\/revisions"}],"predecessor-version":[{"id":52512,"href":"https:\/\/www.donbosco.press\/pt-pt\/wp-json\/wp\/v2\/pages\/4608\/revisions\/52512"}],"wp:attachment":[{"href":"https:\/\/www.donbosco.press\/pt-pt\/wp-json\/wp\/v2\/media?parent=4608"}],"curies":[{"name":"wp","href":"https:\/\/api.w.org\/{rel}","templated":true}]}}