{"id":4567,"date":"2022-10-10T14:40:28","date_gmt":"2022-10-10T14:40:28","guid":{"rendered":"https:\/\/exciting-knuth.178-32-140-152.plesk.page\/quem-somos\/"},"modified":"2026-03-26T08:26:27","modified_gmt":"2026-03-26T08:26:27","slug":"quem-somos","status":"publish","type":"page","link":"https:\/\/www.donbosco.press\/pt-pt\/quem-somos\/","title":{"rendered":"Quem somos"},"content":{"rendered":"\r\n<div class=\"wp-block-media-text has-media-on-the-right is-stacked-on-mobile\" style=\"grid-template-columns: auto 56%; margin-top: 0px;\">\r\n<div class=\"wp-block-media-text__content\">\r\n<p class=\"has-text-align-justify\">O &#8216;Boletim Salesiano&#8217; \u00e9 uma publica\u00e7\u00e3o peri\u00f3dica idealizada por S\u00e3o Jo\u00e3o Bosco. Vendo seu trabalho em favor dos meninos pobres e abandonados se expandir rapidamente e n\u00e3o conseguindo mais manter seus colaboradores pessoalmente atualizados sobre o progresso das atividades e obras futuras, em 1877 ele decidiu fazer uso de um dos meios de seu tempo: os boletins mensais. Desta forma, Dom Bosco se dotou de um meio de comunica\u00e7\u00e3o eficaz, o que lhe permitiu tamb\u00e9m dar a conhecer seu trabalho inovador \u00e0queles que nunca haviam ouvido falar dele e convencer aqueles que suspeitavam de suas m\u00e1s inten\u00e7\u00f5es. Assim, suas obras de caridade em favor dos jovens mais desfavorecidos e seu m\u00e9todo educativo preventivo inspiraram e animaram o compromisso apost\u00f3lico de muitos outros.<\/p>\r\n<\/div>\r\n<figure class=\"wp-block-media-text__media\"><img loading=\"lazy\" decoding=\"async\" width=\"998\" height=\"437\" class=\"wp-image-2542 size-full\" src=\"https:\/\/www.donbosco.press\/wp-content\/uploads\/2022\/10\/chi-siamo.png\" alt=\"\" srcset=\"https:\/\/www.donbosco.press\/wp-content\/uploads\/2022\/10\/chi-siamo.png 998w, https:\/\/www.donbosco.press\/wp-content\/uploads\/2022\/10\/chi-siamo-300x131.png 300w, https:\/\/www.donbosco.press\/wp-content\/uploads\/2022\/10\/chi-siamo-768x336.png 768w, https:\/\/www.donbosco.press\/wp-content\/uploads\/2022\/10\/chi-siamo-150x66.png 150w, https:\/\/www.donbosco.press\/wp-content\/uploads\/2022\/10\/chi-siamo-696x305.png 696w, https:\/\/www.donbosco.press\/wp-content\/uploads\/2022\/10\/chi-siamo-959x420.png 959w\" sizes=\"auto, (max-width: 998px) 100vw, 998px\" \/><\/figure>\r\n<\/div>\r\n\r\n\r\n\r\n<div class=\"wp-block-spacer\" style=\"height: 30px;\" aria-hidden=\"true\">\u00a0<\/div>\r\n\r\n\r\n\r\n<div class=\"wp-block-media-text is-stacked-on-mobile\">\r\n<figure class=\"wp-block-media-text__media\"><img loading=\"lazy\" decoding=\"async\" width=\"800\" height=\"408\" class=\"wp-image-2283 size-full\" src=\"https:\/\/www.donbosco.press\/wp-content\/uploads\/2022\/10\/chi_siamo_3.2-2.png\" alt=\"\" srcset=\"https:\/\/www.donbosco.press\/wp-content\/uploads\/2022\/10\/chi_siamo_3.2-2.png 800w, https:\/\/www.donbosco.press\/wp-content\/uploads\/2022\/10\/chi_siamo_3.2-2-300x153.png 300w, https:\/\/www.donbosco.press\/wp-content\/uploads\/2022\/10\/chi_siamo_3.2-2-768x392.png 768w, https:\/\/www.donbosco.press\/wp-content\/uploads\/2022\/10\/chi_siamo_3.2-2-150x77.png 150w, https:\/\/www.donbosco.press\/wp-content\/uploads\/2022\/10\/chi_siamo_3.2-2-696x355.png 696w\" sizes=\"auto, (max-width: 800px) 100vw, 800px\" \/><\/figure>\r\n<div class=\"wp-block-media-text__content\">\r\n<p class=\"has-text-align-justify\">Depois de tantos anos, hoje vivemos uma situa\u00e7\u00e3o semelhante: a expans\u00e3o da obra salesiana fundada pelo Santo em 134 na\u00e7\u00f5es dos cinco continentes e a consequente multiplica\u00e7\u00e3o das l\u00ednguas faladas, n\u00e3o favorecem o conhecimento de tantas obras em favor dos jovens, em sua variedade de manifesta\u00e7\u00e3o. Como no tempo de Dom Bosco, tamb\u00e9m hoje, decidiu-se usar os meios desta \u00e9poca, em particular a Internet. <br \/>A exist\u00eancia de um instrumento de comunica\u00e7\u00e3o que fale a uma s\u00f3 voz em muitas l\u00ednguas foi sentida pelo pr\u00f3prio Dom Bosco. Hoje, com a atual difus\u00e3o do carisma salesiano, sente-se ainda mais. H\u00e1 muitas iniciativas salesianas em todo o mundo, cheias de criatividade, que continuam sendo conhecidas apenas localmente.<\/p>\r\n<\/div>\r\n<\/div>\r\n\r\n\r\n\r\n<div class=\"wp-block-spacer\" style=\"height: 30px;\" aria-hidden=\"true\">\u00a0<\/div>\r\n\r\n\r\n\r\n<div class=\"wp-block-media-text has-media-on-the-right is-stacked-on-mobile\">\r\n<div class=\"wp-block-media-text__content\">\r\n<p class=\"has-text-align-justify\">O <strong>Boletim Salesiano On Line<\/strong> (BSOL), portanto, toma a forma de uma continua\u00e7\u00e3o da iniciativa de Dom Bosco, referindo-se \u00e0 sua ideia original, expressa em 1885, de falar a uma s\u00f3 voz, mesmo quando se utilizam idiomas diferentes.<br \/>O novo meio \u00e9 uma publica\u00e7\u00e3o oficial da Congrega\u00e7\u00e3o Salesiana Salesiana de Dom Bosco (SDB) em sete idiomas: italiano, ingl\u00eas, franc\u00eas, espanhol, portugu\u00eas, alem\u00e3o e polon\u00eas, e tem como objetivo tornar o carisma salesiano conhecido em suas muitas formas expressas em muitas partes do mundo.<\/p>\r\n<\/div>\r\n<figure class=\"wp-block-media-text__media\"><img loading=\"lazy\" decoding=\"async\" width=\"600\" height=\"463\" class=\"wp-image-2205 size-full\" src=\"https:\/\/www.donbosco.press\/wp-content\/uploads\/2022\/09\/chi_siamo_4.jpg\" alt=\"\" srcset=\"https:\/\/www.donbosco.press\/wp-content\/uploads\/2022\/09\/chi_siamo_4.jpg 600w, https:\/\/www.donbosco.press\/wp-content\/uploads\/2022\/09\/chi_siamo_4-300x232.jpg 300w, https:\/\/www.donbosco.press\/wp-content\/uploads\/2022\/09\/chi_siamo_4-150x116.jpg 150w, https:\/\/www.donbosco.press\/wp-content\/uploads\/2022\/09\/chi_siamo_4-544x420.jpg 544w\" sizes=\"auto, (max-width: 600px) 100vw, 600px\" \/><\/figure>\r\n<\/div>\r\n","protected":false},"excerpt":{"rendered":"<p>O &#8216;Boletim Salesiano&#8217; \u00e9 uma publica\u00e7\u00e3o peri\u00f3dica idealizada por S\u00e3o Jo\u00e3o Bosco. Vendo seu trabalho&#8230;<\/p>\n","protected":false},"author":1,"featured_media":0,"parent":0,"menu_order":0,"comment_status":"closed","ping_status":"closed","template":"","meta":{"iawp_total_views":63,"footnotes":""},"class_list":["post-4567","page","type-page","status-publish","hentry"],"_links":{"self":[{"href":"https:\/\/www.donbosco.press\/pt-pt\/wp-json\/wp\/v2\/pages\/4567","targetHints":{"allow":["GET"]}}],"collection":[{"href":"https:\/\/www.donbosco.press\/pt-pt\/wp-json\/wp\/v2\/pages"}],"about":[{"href":"https:\/\/www.donbosco.press\/pt-pt\/wp-json\/wp\/v2\/types\/page"}],"author":[{"embeddable":true,"href":"https:\/\/www.donbosco.press\/pt-pt\/wp-json\/wp\/v2\/users\/1"}],"replies":[{"embeddable":true,"href":"https:\/\/www.donbosco.press\/pt-pt\/wp-json\/wp\/v2\/comments?post=4567"}],"version-history":[{"count":2,"href":"https:\/\/www.donbosco.press\/pt-pt\/wp-json\/wp\/v2\/pages\/4567\/revisions"}],"predecessor-version":[{"id":51964,"href":"https:\/\/www.donbosco.press\/pt-pt\/wp-json\/wp\/v2\/pages\/4567\/revisions\/51964"}],"wp:attachment":[{"href":"https:\/\/www.donbosco.press\/pt-pt\/wp-json\/wp\/v2\/media?parent=4567"}],"curies":[{"name":"wp","href":"https:\/\/api.w.org\/{rel}","templated":true}]}}