{"id":27166,"date":"2024-03-26T14:40:11","date_gmt":"2024-03-26T14:40:11","guid":{"rendered":"https:\/\/exciting-knuth.178-32-140-152.plesk.page\/invocazioni-indulgenziate\/"},"modified":"2024-03-27T17:15:38","modified_gmt":"2024-03-27T17:15:38","slug":"invocacoes","status":"publish","type":"page","link":"https:\/\/www.donbosco.press\/pt-pt\/invocacoes\/","title":{"rendered":"Invoca\u00e7\u00f5es"},"content":{"rendered":"\n<head>\n<meta charset=\"utf-8\">\n<title><\/title>\n        <style>\n            .table {\n                border-collapse: collapse;\n            }\n            .table__header {\n                background-color: transparent;\n                border: none;\n                cursor: pointer;\n            }\n            .table,\n            .table th,\n            .table td {\n                border: 1px solid #ccc;\n\t\t\t\tvertical-align: middle;\n            }\n            .table th,\n            .table td {\n                padding: 0.5rem;\n            }\n            .table th {\n                cursor: pointer;\n                text-decoration: \n            }\n\t\t\ttable a {color:blue !important; text-decoration: underline;} \n        <\/style>\n<\/head>\n\n<body>\n\n<table cellspacing=\"0\" cellpadding=\"0\" id=\"sortMe\" class=\"table\">\n            <thead>\n                <tr>\n                  <th align=\"center\"><u><h3 style=\"color:blue;\">N.<\/h3><\/u><\/th>\n                  <th align=\"center\"><u><h3 style=\"color:blue;\">Invocationes<\/h3><\/u><\/th>\n                  <th align=\"center\"><u><h3 style=\"color:blue;\">Invoca\u00e7\u00f5es<\/h3><\/u><\/th>\n                <\/tr>\n            <\/thead>\n            <tbody>\n  <tr>\n    <td><p>01 <\/p><\/td>\n    <td><p>Deus meus. <\/p><\/td>\n    <td><p>Deus meu.<\/p><\/td>\n  <\/tr>\n  <tr>\n    <td><p>02 <\/p><\/td>\n    <td><p>Pater. <\/p><\/td>\n    <td><p>Pai.<\/p><\/td>\n  <\/tr>\n  <tr>\n    <td><p>03 <\/p><\/td>\n    <td><p>Iesus. <\/p><\/td>\n    <td><p>Jesus.<\/p><\/td>\n  <\/tr>\n  <tr>\n    <td><p>04 <\/p><\/td>\n    <td><p>Laudetur Iesus Christus (<em>vel<\/em> alia usitata christiana salutatio). <\/p><\/td>\n    <td><p>Louvado seja Jesus Cristo (<em>ou<\/em> outra sauda\u00e7\u00e3o em uso).<\/p><\/td>\n  <\/tr>\n  <tr>\n    <td><p>05 <\/p><\/td>\n    <td><p>Credo in te, Domine. <\/p><\/td>\n    <td><p>Creio em v\u00f3s, Senhor.<\/p><\/td>\n  <\/tr>\n  <tr>\n    <td><p>06 <\/p><\/td>\n    <td><p>Adoro te. <\/p><\/td>\n    <td><p>Eu vos adoro.<\/p><\/td>\n  <\/tr>\n  <tr>\n    <td><p>07 <\/p><\/td>\n    <td><p>Spero in te. <\/p><\/td>\n    <td><p>Espero em v\u00f3s.<\/p><\/td>\n  <\/tr>\n  <tr>\n    <td><p>08 <\/p><\/td>\n    <td><p>Amo te. <\/p><\/td>\n    <td><p>Eu vos amo.<\/p><\/td>\n  <\/tr>\n  <tr>\n    <td><p>09 <\/p><\/td>\n    <td><p>Omnia pro te. <\/p><\/td>\n    <td><p>Tudo por v\u00f3s.<\/p><\/td>\n  <\/tr>\n  <tr>\n    <td><p>10 <\/p><\/td>\n    <td><p>Gratias ago tibi (<em>vel<\/em> Deo gratias). <\/p><\/td>\n    <td><p>Eu vos agrade\u00e7o ou Gra\u00e7as a Deus.<\/p><\/td>\n  <\/tr>\n  <tr>\n    <td><p>11 <\/p><\/td>\n    <td><p>Deus sit benedictus (<em>vel<\/em> Benedicamus Domino). <\/p><\/td>\n    <td><p>Bendito seja Deus ou Bendigamos ao Senhor.<\/p><\/td>\n  <\/tr>\n  <tr>\n    <td><p>12 <\/p><\/td>\n    <td><p>Adveniat regnum tuum. <\/p><\/td>\n    <td><p>Venha a n\u00f3s o vosso reino.<\/p><\/td>\n  <\/tr>\n  <tr>\n    <td><p>13 <\/p><\/td>\n    <td><p>Fiat voluntas tua. <\/p><\/td>\n    <td><p>Seja feita a vossa vontade.<\/p><\/td>\n  <\/tr>\n  <tr>\n    <td><p>14 <\/p><\/td>\n    <td><p>Sicut Domino placet. <\/p><\/td>\n    <td><p>Seja como Deus quiser.<\/p><\/td>\n  <\/tr>\n  <tr>\n    <td><p>15 <\/p><\/td>\n    <td><p>Adiuva me, Deus. <\/p><\/td>\n    <td><p>Ajudai-me, Senhor.<\/p><\/td>\n  <\/tr>\n  <tr>\n    <td><p>16 <\/p><\/td>\n    <td><p>Conforta me. <\/p><\/td>\n    <td><p>Confortai-me.<\/p><\/td>\n  <\/tr>\n  <tr>\n    <td><p>17 <\/p><\/td>\n    <td><p>Exaudi me (<em>vel<\/em> Exaudi orationem meam). <\/p><\/td>\n    <td><p>Ouvi-me ou Atendei \u00e0 minha ora\u00e7\u00e3o.<\/p><\/td>\n  <\/tr>\n  <tr>\n    <td><p>18 <\/p><\/td>\n    <td><p>Salva me. <\/p><\/td>\n    <td><p>Salvai-me.<\/p><\/td>\n  <\/tr>\n  <tr>\n    <td><p>19 <\/p><\/td>\n    <td><p>Miserere mei. <\/p><\/td>\n    <td><p>Tende piedade de mim.<\/p><\/td>\n  <\/tr>\n  <tr>\n    <td><p>20 <\/p><\/td>\n    <td><p>Parce mihi, Domine. <\/p><\/td>\n    <td><p>Perdoai-me, Senhor.<\/p><\/td>\n  <\/tr>\n  <tr>\n    <td><p>21 <\/p><\/td>\n    <td><p>Ne permittas me separari a te. <\/p><\/td>\n    <td><p>N\u00e3o permitais separar-me de v\u00f3s.<\/p><\/td>\n  <\/tr>\n  <tr>\n    <td><p>22 <\/p><\/td>\n    <td><p>Ne derelinquas me. <\/p><\/td>\n    <td><p>N\u00e3o me abandoneis.<\/p><\/td>\n  <\/tr>\n  <tr>\n    <td><p>23 <\/p><\/td>\n    <td><p>Ave, Maria. <\/p><\/td>\n    <td><p>Ave, Maria.<\/p><\/td>\n  <\/tr>\n  <tr>\n    <td><p>24 <\/p><\/td>\n    <td><p>Gloria in excelsis Deo. <\/p><\/td>\n    <td><p>Gl\u00f3ria a Deus nos c\u00e9us.<\/p><\/td>\n  <\/tr>\n  <tr>\n    <td><p>25 <\/p><\/td>\n    <td><p>Domine, magnus es tu. <\/p><\/td>\n    <td><p>Senhor, v\u00f3s sois grande.<\/p><\/td>\n  <\/tr>\n  <tr>\n    <td><p>26 <\/p><\/td>\n    <td><p>Totus tuus. <\/p><\/td>\n    <td><p>Todo vosso.<\/p><\/td>\n  <\/tr>\n  <tr>\n    <td><p>&nbsp;<\/p><\/td>\n    <td valign=\"top\"><p><em><br>\n      Omnes invocationes:<br>\n      <\/em><br>\n      <em>&#8211; Orationes cum indulgentiae,    Enchiridion Indulgentiarum Appendix;<br>\n        &#8211; Textum venit: Enchiridion Indulgentiarum<\/em><em>,<\/em><em> Appendix.<br>\n        <\/em><\/p><\/td>\n    <td valign=\"top\"><p><em><br>\n      <\/em><em>Todas as invoca\u00e7\u00f5es:<br>\n        <br>\n        <\/em><em>&#8211; Uso: invoca\u00e7\u00f5es;<br>\n          &#8211; Origem: Sagrada Escritura, Vidas dos Santos;<br>\n          &#8211; Ora\u00e7\u00e3o indulgenciada, Manual de Indulg\u00eancias, Ap\u00eandice;<br>\n          &#8211; Texto de acordo com: Manual de Indulg\u00eancias, Ap\u00eandice.<\/em><em><br>\n          <\/em><\/p><\/td>\n  <\/tr>\n <\/tbody>\n<\/table>\n<\/body>\n<p>\n<script>\n            document.addEventListener('DOMContentLoaded', function () {\n                const table = document.getElementById('sortMe');\n                const headers = table.querySelectorAll('th');\n                const tableBody = table.querySelector('tbody');\n                const rows = tableBody.querySelectorAll('tr');\n\n                \/\/ Track sort directions\n                const directions = Array.from(headers).map(function (header) {\n                    return '';\n                });\n\n                \/\/ Transform the content of given cell in given column\n                const transform = function (index, content) {\n                    \/\/ Get the data type of column\n                    const type = headers[index].getAttribute('data-type');\n                    switch (type) {\n                        case 'number':\n                            return parseFloat(content);\n                        case 'string':\n                        default:\n                            return content;\n                    }\n                };\n\n                const sortColumn = function (index) {\n                    \/\/ Get the current direction\n                    const direction = directions[index] || 'asc';\n\n                    \/\/ A factor based on the direction\n                    const multiplier = direction === 'asc' ? 1 : -1;\n\n                    const newRows = Array.from(rows);\n\n                    newRows.sort(function (rowA, rowB) {\n                        const cellA = rowA.querySelectorAll('td')[index].innerHTML;\n                        const cellB = rowB.querySelectorAll('td')[index].innerHTML;\n\n                        const a = transform(index, cellA);\n                        const b = transform(index, cellB);\n\n                        switch (true) {\n                            case a > b:\n                                return 1 * multiplier;\n                            case a < b:\n                                return -1 * multiplier;\n                            case a === b:\n                                return 0;\n                        }\n                    });\n\n                    \/\/ Remove old rows\n                    [].forEach.call(rows, function (row) {\n                        tableBody.removeChild(row);\n                    });\n\n                    \/\/ Reverse the direction\n                    directions[index] = direction === 'asc' ? 'desc' : 'asc';\n\n                    \/\/ Append new row\n                    newRows.forEach(function (newRow) {\n                        tableBody.appendChild(newRow);\n                    });\n                };\n\n                [].forEach.call(headers, function (header, index) {\n                    header.addEventListener('click', function () {\n                        sortColumn(index);\n                    });\n                });\n            });\n        <\/script>\n<\/p>\n","protected":false},"excerpt":{"rendered":"<p>N. Invocationes Invoca\u00e7\u00f5es 01 Deus meus. Deus meu. 02 Pater. Pai. 03 Iesus. Jesus. 04&#8230;<\/p>\n","protected":false},"author":1,"featured_media":0,"parent":0,"menu_order":0,"comment_status":"closed","ping_status":"closed","template":"","meta":{"iawp_total_views":9,"footnotes":""},"class_list":["post-27166","page","type-page","status-publish","hentry"],"_links":{"self":[{"href":"https:\/\/www.donbosco.press\/pt-pt\/wp-json\/wp\/v2\/pages\/27166","targetHints":{"allow":["GET"]}}],"collection":[{"href":"https:\/\/www.donbosco.press\/pt-pt\/wp-json\/wp\/v2\/pages"}],"about":[{"href":"https:\/\/www.donbosco.press\/pt-pt\/wp-json\/wp\/v2\/types\/page"}],"author":[{"embeddable":true,"href":"https:\/\/www.donbosco.press\/pt-pt\/wp-json\/wp\/v2\/users\/1"}],"replies":[{"embeddable":true,"href":"https:\/\/www.donbosco.press\/pt-pt\/wp-json\/wp\/v2\/comments?post=27166"}],"version-history":[{"count":0,"href":"https:\/\/www.donbosco.press\/pt-pt\/wp-json\/wp\/v2\/pages\/27166\/revisions"}],"wp:attachment":[{"href":"https:\/\/www.donbosco.press\/pt-pt\/wp-json\/wp\/v2\/media?parent=27166"}],"curies":[{"name":"wp","href":"https:\/\/api.w.org\/{rel}","templated":true}]}}