{"id":27160,"date":"2024-03-26T14:41:05","date_gmt":"2024-03-26T14:41:05","guid":{"rendered":"https:\/\/exciting-knuth.178-32-140-152.plesk.page\/invocazioni-entrate-nelluso-dei-fedeli-indulgenziate\/"},"modified":"2024-03-27T17:15:19","modified_gmt":"2024-03-27T17:15:19","slug":"invocacoes-atualmente-em-uso","status":"publish","type":"page","link":"https:\/\/www.donbosco.press\/pt-pt\/invocacoes-atualmente-em-uso\/","title":{"rendered":"Invoca\u00e7\u00f5es atualmente em uso"},"content":{"rendered":"\n<head>\n<meta charset=\"utf-8\">\n<title><\/title>\n        <style>\n            .table {\n                border-collapse: collapse;\n            }\n            .table__header {\n                background-color: transparent;\n                border: none;\n                cursor: pointer;\n            }\n            .table,\n            .table th,\n            .table td {\n                border: 1px solid #ccc;\n\t\t\t\tvertical-align: middle;\n            }\n            .table th,\n            .table td {\n                padding: 0.5rem;\n            }\n            .table th {\n                cursor: pointer;\n                text-decoration: \n            }\n\t\t\ttable a {color:blue !important; text-decoration: underline;} \n        <\/style>\n<\/head>\n\n<body>\n\n<table cellspacing=\"0\" cellpadding=\"0\" id=\"sortMe\" class=\"table\">\n            <thead>\n                <tr>\n                  <th align=\"center\"><u><h3 style=\"color:blue;\">N.<\/h3><\/u><\/th>\n                  <th align=\"center\"><u><h3 style=\"color:blue;\">Invocationes usu receptae<\/h3><\/u><\/th>\n                  <th align=\"center\"><u><h3 style=\"color:blue;\">Invoca\u00e7\u00f5es atualmente em uso<\/h3><\/u><\/th>\n                <\/tr>\n            <\/thead>\n            <tbody>\n  <tr>\n    <td><p>01 <\/p><\/td>\n    <td><p>Adoramus te, Christe, et benedicimus tibi;    quia per Crucem tuam redemisti mundum.<\/p><\/td>\n    <td><p>N\u00f3s vos adoramos, \u00f3 Cristo, e vos bendizemos, porque pela vossa santa    cruz remistes o mundo.<\/p><\/td>\n  <\/tr>\n  <tr>\n    <td><p>02 <\/p><\/td>\n    <td><p>Benedicta sit sancta Trinitas.<\/p><\/td>\n    <td><p>Bendita seja a Sant\u00edssima Trindade.<\/p><\/td>\n  <\/tr>\n  <tr>\n    <td><p>03 <\/p><\/td>\n    <td><p>Christus vincit! Christus regnat! Christus    imperat!<\/p><\/td>\n    <td><p>Cristo vence! Cristo reina! Cristo impera!<\/p><\/td>\n  <\/tr>\n  <tr>\n    <td><p>04 <\/p><\/td>\n    <td><p>Cor Iesu sacratissimum, miserere nobis<\/p><\/td>\n    <td><p>Cora\u00e7\u00e3o sacrat\u00edssimo de Jesus, tende piedade de n\u00f3s.<\/p><\/td>\n  <\/tr>\n  <tr>\n    <td><p>05 <\/p><\/td>\n    <td><p>Cor Iesu, flagrans amore nostri, inflamma    cor nostrum amore tui.<\/p><\/td>\n    <td><p>Cora\u00e7\u00e3o de Jesus que tanto me amais, fazei que eu vos ame cada vez mais.<\/p><\/td>\n  <\/tr>\n  <tr>\n    <td><p>06 <\/p><\/td>\n    <td><p>Cor Iesu, in te confido.<\/p><\/td>\n    <td><p>Cora\u00e7\u00e3o de Jesus, confio em v\u00f3s.<\/p><\/td>\n  <\/tr>\n  <tr>\n    <td><p>07 <\/p><\/td>\n    <td><p>Cor Iesu, omnia pro te.<\/p><\/td>\n    <td><p>Cora\u00e7\u00e3o de Jesus, tudo por v\u00f3s.<\/p><\/td>\n  <\/tr>\n  <tr>\n    <td><p>08 <\/p><\/td>\n    <td><p>Deus meus et omnia.<\/p><\/td>\n    <td><p>Meu Deus e meu tudo.<\/p><\/td>\n  <\/tr>\n  <tr>\n    <td><p>09 <\/p><\/td>\n    <td><p>Deus, propitius esto mihi peccatori.<\/p><\/td>\n    <td><p>\u00d3 Deus, compadecei-vos de mim, pecador.<\/p><\/td>\n  <\/tr>\n  <tr>\n    <td><p>10 <\/p><\/td>\n    <td><p>Dignare me laudare te, Virgo sacrata; da    mihi virtutem contra hostes tuos.<\/p><\/td>\n    <td><p>Dignai-vos que eu vos louve, \u00f3 Virgem santa, dai-me for\u00e7a contra    vossos inimigos.<\/p><\/td>\n  <\/tr>\n  <tr>\n    <td><p>11 <\/p><\/td>\n    <td><p>Doce me facere voluntatem tuam, quia Deus    meus es tu.<\/p><\/td>\n    <td><p>Ensinai-me a fazer a vossa vontade, porque sois o meu Deus.<\/p><\/td>\n  <\/tr>\n  <tr>\n    <td><p>12 <\/p><\/td>\n    <td><p>Domine, adauge nobis fidem.<\/p><\/td>\n    <td><p>Senhor, aumentai a nossa f\u00e9.<\/p><\/td>\n  <\/tr>\n  <tr>\n    <td><p>13 <\/p><\/td>\n    <td><p>Domine, fiat unitas mentium in veritate et    unitas cordium in caritate.<\/p><\/td>\n    <td><p>Senhor, fa\u00e7a-se a unidade das mentes na verdade, e a unidade dos    cora\u00e7\u00f5es na caridade.<\/p><\/td>\n  <\/tr>\n  <tr>\n    <td><p>14 <\/p><\/td>\n    <td><p>Domine, salva nos perimus.<\/p><\/td>\n    <td><p>Senhor, salvai-nos, pois perecemos.<\/p><\/td>\n  <\/tr>\n  <tr>\n    <td><p>15 <\/p><\/td>\n    <td><p>Dominus meus et Deus meus!<\/p><\/td>\n    <td><p>Meu Senhor e meu Deus!<\/p><\/td>\n  <\/tr>\n  <tr>\n    <td><p>16 <\/p><\/td>\n    <td><p>Dulce cor Mariae, esto salus mea.<\/p><\/td>\n    <td><p>Doce Cora\u00e7\u00e3o de Maria, sede a minha salva\u00e7\u00e3o.<\/p><\/td>\n  <\/tr>\n  <tr>\n    <td><p>17 <\/p><\/td>\n    <td><p>Gloria Patri et Filio et Spiritui Sancto.<\/p><\/td>\n    <td><p>Gl\u00f3ria ao Pai e ao Filho e ao Esp\u00edrito Santo.<\/p><\/td>\n  <\/tr>\n  <tr>\n    <td><p>18 <\/p><\/td>\n    <td><p>Iesu, Maria, Ioseph.<\/p><\/td>\n    <td><p>Jesus, Maria, Jos\u00e9.<\/p><\/td>\n  <\/tr>\n  <tr>\n    <td><p>19 <\/p><\/td>\n    <td><p>Iesu, Maria, Ioseph, adstate mihi in    extremo agone.<\/p><\/td>\n    <td><p>Jesus, Jos\u00e9 e Maria, assisti-me na \u00faltima agonia.<\/p><\/td>\n  <\/tr>\n  <tr>\n    <td><p>20 <\/p><\/td>\n    <td><p>Iesu, Maria, Ioseph, in pace vobiscum    dormiam et requiescam.<\/p><\/td>\n    <td><p>Jesus, Jos\u00e9 e Maria, expire em paz entre v\u00f3s a minha alma.<\/p><\/td>\n  <\/tr>\n  <tr>\n    <td><p>21 <\/p><\/td>\n    <td><p>Iesu, Maria, Ioseph, vobis cor et animam    meam dono.<\/p><\/td>\n    <td><p>Jesus, Maria, Jos\u00e9, eu vos dou meu cora\u00e7\u00e3o e minha alma!<\/p><\/td>\n  <\/tr>\n  <tr>\n    <td><p>22 <\/p><\/td>\n    <td><p>Iesu, mitis et humilis corde, fac cor nostrum    secundum Cor tuum.<\/p><\/td>\n    <td><p>Jesus manso e humilde de cora\u00e7\u00e3o, fazei nosso cora\u00e7\u00e3o semelhante ao    vosso.<\/p><\/td>\n  <\/tr>\n  <tr>\n    <td><p>23 <\/p><\/td>\n    <td><p>Laudetur et adoretur in aeternum    sanctissimum Sacramentum.<\/p><\/td>\n    <td><p>Gra\u00e7as e louvores sejam dados a todo momento ao sant\u00edssimo e    divin\u00edssimo Sacramento.<\/p><\/td>\n  <\/tr>\n  <tr>\n    <td><p>24 <\/p><\/td>\n    <td><p>Mane nobiscum, Domine.<\/p><\/td>\n    <td><p>Ficai conosco, Senhor.<\/p><\/td>\n  <\/tr>\n  <tr>\n    <td><p>25 <\/p><\/td>\n    <td><p>Mater dolorosa, ora pro nobis.<\/p><\/td>\n    <td><p>M\u00e3e dolorosa, rogai por n\u00f3s.<\/p><\/td>\n  <\/tr>\n  <tr>\n    <td><p>26 <\/p><\/td>\n    <td><p>Mater mea, fiducia mea.<\/p><\/td>\n    <td><p>Sois minha m\u00e3e e minha confian\u00e7a.<\/p><\/td>\n  <\/tr>\n  <tr>\n    <td><p>27 <\/p><\/td>\n    <td><p>Mitte, Domine, operarios in messem tuam.<\/p><\/td>\n    <td><p>Enviai, Senhor, oper\u00e1rios \u00e0 vossa messe.<\/p><\/td>\n  <\/tr>\n  <tr>\n    <td><p>28 <\/p><\/td>\n    <td><p>Nos cum prole pia benedicat Virgo Maria.<\/p><\/td>\n    <td><p>Aben\u00e7oe-nos com seu dileto Filho a bem-aventurada Virgem Maria.<\/p><\/td>\n  <\/tr>\n  <tr>\n    <td><p>29 <\/p><\/td>\n    <td><p>O crux, ave, spes unica.<\/p><\/td>\n    <td><p>Salve, \u00f3 Cruz, \u00fanica esperan\u00e7a.<\/p><\/td>\n  <\/tr>\n  <tr>\n    <td><p>30 <\/p><\/td>\n    <td><p>Omnes Sancti et Sanctae Dei, orate pro    nobis.<\/p><\/td>\n    <td><p>Todos os Santos e Santas de Deus, rogai por n\u00f3s.<\/p><\/td>\n  <\/tr>\n  <tr>\n    <td><p>31 <\/p><\/td>\n    <td><p>Ora pro nobis, sancta Dei Genetrix, ut    digni efficiamur promissionibus Christi.<\/p><\/td>\n    <td><p>Rogai por n\u00f3s, santa M\u00e3e de Deus, para que sejamos dignos das    promessas de Cristo.<\/p><\/td>\n  <\/tr>\n  <tr>\n    <td><p>32 <\/p><\/td>\n    <td><p>Pater, in manus tuas commendo spiritum    meum.<\/p><\/td>\n    <td><p>Pai, em vossas m\u00e3os entrego o meu esp\u00edrito.<\/p><\/td>\n  <\/tr>\n  <tr>\n    <td><p>33 <\/p><\/td>\n    <td><p>Pie Iesu Domine, dona eis requiem.<\/p><\/td>\n    <td><p>Amado, Senhor Jesus, dai-lhes o descanso eterno.<\/p><\/td>\n  <\/tr>\n  <tr>\n    <td><p>34 <\/p><\/td>\n    <td><p>Regina sine labe originali concepta, ora    pro nobis.<\/p><\/td>\n    <td><p>Rainha, concebida sem pecado original, rogai por n\u00f3s.<\/p><\/td>\n  <\/tr>\n  <tr>\n    <td><p>35 <\/p><\/td>\n    <td><p>Sancta Dei Genetrix, semper Virgo Maria,    intercede pro nobis.<\/p><\/td>\n    <td><p>Santa M\u00e3e de Deus, sempre Virgem Maria, intercedei por n\u00f3s.<\/p><\/td>\n  <\/tr>\n  <tr>\n    <td><p>36 <\/p><\/td>\n    <td><p>Sancta Maria, Mater Dei, ora pro me.<\/p><\/td>\n    <td><p>Santa Maria, M\u00e3e de Deus, rogai por n\u00f3s.<\/p><\/td>\n  <\/tr>\n  <tr>\n    <td><p>37 <\/p><\/td>\n    <td><p>Tu es Christus, Filius Dei vivi.<\/p><\/td>\n    <td><p>V\u00f3s sois o Cristo, Filho de Deus vivo.<\/p><\/td>\n  <\/tr>\n  <tr>\n    <td><p>&nbsp;<\/p><\/td>\n    <td valign=\"top\"><p><em><br>\n      Omnes invocationes usu receptae:<br>\n      <\/em><br>\n      <em>&#8211; Orationes cum indulgentiae,    Enchiridion Indulgentiarum Appendix;<br>\n        &#8211; Textum venit: Enchiridion Indulgentiarum<\/em><em>,<\/em><em> Appendix.<br>\n        <\/em><\/p><\/td>\n    <td valign=\"top\"><p><em><br>\n      Todas as invoca\u00e7\u00f5es que passaram a ser usadas pelos fi\u00e9is:<br>\n      <br>\n      <\/em><em>&#8211; Uso: invoca\u00e7\u00f5es;<br>\n        &#8211; Origem: Sagrada Escritura, Vidas dos Santos;<br>\n        &#8211; Ora\u00e7\u00e3o indulgenciada, Manual de Indulg\u00eancias, Ap\u00eandice;<br>\n        &#8211; Texto de acordo com: Manual de Indulg\u00eancias, Ap\u00eandice.<br>\n      <\/em><\/p><\/td>\n  <\/tr>\n <\/tbody>\n<\/table>\n<\/body>\n<p>\n<script>\n            document.addEventListener('DOMContentLoaded', function () {\n                const table = document.getElementById('sortMe');\n                const headers = table.querySelectorAll('th');\n                const tableBody = table.querySelector('tbody');\n                const rows = tableBody.querySelectorAll('tr');\n\n                \/\/ Track sort directions\n                const directions = Array.from(headers).map(function (header) {\n                    return '';\n                });\n\n                \/\/ Transform the content of given cell in given column\n                const transform = function (index, content) {\n                    \/\/ Get the data type of column\n                    const type = headers[index].getAttribute('data-type');\n                    switch (type) {\n                        case 'number':\n                            return parseFloat(content);\n                        case 'string':\n                        default:\n                            return content;\n                    }\n                };\n\n                const sortColumn = function (index) {\n                    \/\/ Get the current direction\n                    const direction = directions[index] || 'asc';\n\n                    \/\/ A factor based on the direction\n                    const multiplier = direction === 'asc' ? 1 : -1;\n\n                    const newRows = Array.from(rows);\n\n                    newRows.sort(function (rowA, rowB) {\n                        const cellA = rowA.querySelectorAll('td')[index].innerHTML;\n                        const cellB = rowB.querySelectorAll('td')[index].innerHTML;\n\n                        const a = transform(index, cellA);\n                        const b = transform(index, cellB);\n\n                        switch (true) {\n                            case a > b:\n                                return 1 * multiplier;\n                            case a < b:\n                                return -1 * multiplier;\n                            case a === b:\n                                return 0;\n                        }\n                    });\n\n                    \/\/ Remove old rows\n                    [].forEach.call(rows, function (row) {\n                        tableBody.removeChild(row);\n                    });\n\n                    \/\/ Reverse the direction\n                    directions[index] = direction === 'asc' ? 'desc' : 'asc';\n\n                    \/\/ Append new row\n                    newRows.forEach(function (newRow) {\n                        tableBody.appendChild(newRow);\n                    });\n                };\n\n                [].forEach.call(headers, function (header, index) {\n                    header.addEventListener('click', function () {\n                        sortColumn(index);\n                    });\n                });\n            });\n        <\/script>\n<\/p>\n","protected":false},"excerpt":{"rendered":"<p>N. Invocationes usu receptae Invoca\u00e7\u00f5es atualmente em uso 01 Adoramus te, Christe, et benedicimus tibi;&#8230;<\/p>\n","protected":false},"author":1,"featured_media":0,"parent":0,"menu_order":0,"comment_status":"closed","ping_status":"closed","template":"","meta":{"iawp_total_views":15,"footnotes":""},"class_list":["post-27160","page","type-page","status-publish","hentry"],"_links":{"self":[{"href":"https:\/\/www.donbosco.press\/pt-pt\/wp-json\/wp\/v2\/pages\/27160","targetHints":{"allow":["GET"]}}],"collection":[{"href":"https:\/\/www.donbosco.press\/pt-pt\/wp-json\/wp\/v2\/pages"}],"about":[{"href":"https:\/\/www.donbosco.press\/pt-pt\/wp-json\/wp\/v2\/types\/page"}],"author":[{"embeddable":true,"href":"https:\/\/www.donbosco.press\/pt-pt\/wp-json\/wp\/v2\/users\/1"}],"replies":[{"embeddable":true,"href":"https:\/\/www.donbosco.press\/pt-pt\/wp-json\/wp\/v2\/comments?post=27160"}],"version-history":[{"count":0,"href":"https:\/\/www.donbosco.press\/pt-pt\/wp-json\/wp\/v2\/pages\/27160\/revisions"}],"wp:attachment":[{"href":"https:\/\/www.donbosco.press\/pt-pt\/wp-json\/wp\/v2\/media?parent=27160"}],"curies":[{"name":"wp","href":"https:\/\/api.w.org\/{rel}","templated":true}]}}