{"id":27076,"date":"2024-03-26T14:08:29","date_gmt":"2024-03-26T14:08:29","guid":{"rendered":"https:\/\/exciting-knuth.178-32-140-152.plesk.page\/litania-del-preziosissimo-sangue-di-n-s-gesu-cristo\/"},"modified":"2026-04-08T17:06:04","modified_gmt":"2026-04-08T17:06:04","slug":"ladainha-do-precioso-sangue-de-nosso-senhor-jesus-cristo","status":"publish","type":"page","link":"https:\/\/www.donbosco.press\/pt-pt\/ladainha-do-precioso-sangue-de-nosso-senhor-jesus-cristo\/","title":{"rendered":"Ladainha do Precioso Sangue de Nosso Senhor Jesus Cristo"},"content":{"rendered":"\r\n<p>&nbsp;<\/p>\r\n<p>&nbsp;<\/p>\r\n<div><style>\r\n            .table {\r\n                border-collapse: collapse;\r\n            }\r\n            .table td {\r\n                border: 1px solid #ccc;\r\n            }\r\n            .table td {\r\n                padding: 0.3rem;\r\n                width: 50%;\r\n            }\r\n        <\/style><\/div>\r\n<table class=\"table\" cellspacing=\"0\" cellpadding=\"0\">\r\n<tbody>\r\n<tr>\r\n<td valign=\"top\">\r\n<p><br \/><strong>LITANIA PRETIOSISSIMI SANGUINIS D.N.I.C.<br \/><\/strong><br \/><span style=\"color: red;\">\u2123.<\/span> Kyrie, eleison.<br \/>\u00a0\u00a0\u00a0<span style=\"color: red;\">\u211f.<\/span> Kyrie, eleison.<br \/><span style=\"color: red;\">\u2123.<\/span> Christe, eleison.<br \/>\u00a0\u00a0\u00a0<span style=\"color: red;\">\u211f.<\/span> Christe, eleison.<br \/><span style=\"color: red;\">\u2123.<\/span> Kyrie, eleison.<br \/>\u00a0\u00a0\u00a0<span style=\"color: red;\">\u211f.<\/span> Kyrie, eleison.<br \/><br \/><span style=\"color: red;\">\u2123.<\/span> Christe, audi nos.<br \/>\u00a0\u00a0\u00a0<span style=\"color: red;\">\u211f.<\/span> Christe, audi nos.<br \/><span style=\"color: red;\">\u2123.<\/span> Christe, exaudi nos.<br \/>\u00a0\u00a0\u00a0<span style=\"color: red;\">\u211f.<\/span> Christe, exaudi nos.<br \/><br \/><span style=\"color: red;\">\u2123.<\/span> Pater de caelis, Deus,<br \/>\u00a0\u00a0\u00a0<span style=\"color: red;\">\u211f.<\/span> miserere nobis,<br \/><span style=\"color: red;\">\u2123.<\/span> Fili, redemptor mundi, Deus, *<br \/>\u00a0\u00a0\u00a0<span style=\"color: red;\">\u211f.<\/span> miserere nobis.<br \/><span style=\"color: red;\">\u2123.<\/span> Spiritus Sancte, Deus, *<br \/>\u00a0\u00a0\u00a0<span style=\"color: red;\">\u211f.<\/span> miserere nobis.<br \/><span style=\"color: red;\">\u2123.<\/span> Sancta Trinitas, unus Deus, *<br \/>\u00a0\u00a0\u00a0<span style=\"color: red;\">\u211f.<\/span> miserere nobis.<br \/><br \/><span style=\"color: red;\">\u2123.<\/span> Sanguis Christi, Unigeniti Patris Aeterni, <br \/>\u00a0\u00a0\u00a0<span style=\"color: red;\">\u211f.<\/span> <em>salva nos <\/em>(*).<br \/>Sanguis Christi, Verbi Dei incarnati, *<br \/>Sanguis Christi, Novi et aeterni Testamenti, *<br \/>Sanguis Christi, in agonia decurrens in terram, *<br \/>Sanguis Christi, in flagellatione profluens, *<br \/>Sanguis Christi, in coronatione spinarum emanans, *<br \/>Sanguis Christi, in Cruce effusus, *<br \/>Sanguis Christi, pretium nostrae salutis, *<br \/>Sanguis Christi, sine quo non fit remissio, *<br \/>Sanguis Christi, in Eucharistia potus et lavacrum animarum, *<br \/>Sanguis Christi, flumen misericordiae, *<br \/>Sanguis Christi, victor daemonum, *<br \/>Sanguis Christi, fortitudo Martyrum, *<br \/>Sanguis Christi, virtus Confessorum, *<br \/>Sanguis Christi, germinans Virgines, *<br \/>Sanguis Christi, robur periclitantium, *<br \/>Sanguis Christi, levamen laborantium, *<br \/>Sanguis Christi, in fletu solacium, *<br \/>Sanguis Christi, spes paenitentium, *<br \/>Sanguis Christi, solamen morientium, *<br \/>Sanguis Christi, pax et dulcedo cordium, *<br \/>Sanguis Christi, pignus vitae aeternae, *<br \/>Sanguis Christi, animas liberans de lacu Purgatorii, *<br \/>Sanguis Christi, omni gloria et honore dignissimus, *<br \/><br \/><span style=\"color: red;\">\u2123.<\/span> Agnus Dei, qui tollis peccata mundi,<br \/>\u00a0\u00a0\u00a0<span style=\"color: red;\">\u211f.<\/span> parce nobis, Domine.<br \/><span style=\"color: red;\">\u2123.<\/span> Agnus Dei, qui tollis peccata mundi,<br \/>\u00a0\u00a0\u00a0<span style=\"color: red;\">\u211f.<\/span> exaudi nos, Domine.<br \/><span style=\"color: red;\">\u2123.<\/span> Agnus Dei, qui tollis peccata mundi,<br \/>\u00a0\u00a0\u00a0<span style=\"color: red;\">\u211f.<\/span> miserere nobis.<br \/><br \/><span style=\"color: red;\">\u2123.<\/span> Redemisti nos, Domine, in Sanguine tuo,<br \/>\u00a0\u00a0\u00a0<span style=\"color: red;\">\u211f.<\/span> Et fecisti nos Deo nostro regnum.<br \/><br \/>Oremus.<br \/>Omnipotens sempiterne Deus, qui unigenitum Filium tuum mundi Redemptorem constituisti, ac eius Sanguine placari voluisti: concede, quaesumus, salutis nostrae pretium ita venerari, atque a praesentis vitae malis eius virtute defendi in terris, ut fructu perpetuo laetemur in caelis. Per eundem Christum Dominum nostrum.<br \/>\u00a0\u00a0\u00a0<span style=\"color: red;\">\u211f.<\/span> Amen.<br \/><br \/><em>&#8211; Orationes cum indulgentiae, Enchiridion Indulgentiarum n.: 22;<br \/>&#8211; Textum venit: Congregatio pro sacri ritibus et caeremoniis; a Ioanne XXIII promulgato, 24.02.1960.<br \/><\/em><\/p>\r\n<\/td>\r\n<td valign=\"top\">\r\n<p><br \/><strong>LADAINHA DO PRECIOSO SANGUE DE NOSSO SENHOR JESUS CRISTO<br \/><\/strong><br \/><span style=\"color: red;\">\u2123.<\/span> Senhor, tende piedade de n\u00f3s.<br \/>\u00a0\u00a0\u00a0<span style=\"color: red;\">\u211f.<\/span> Senhor, tende piedade de n\u00f3s.<br \/><span style=\"color: red;\">\u2123.<\/span> Cristo, tende piedade de n\u00f3s.<br \/>\u00a0\u00a0\u00a0<span style=\"color: red;\">\u211f.<\/span> Cristo, tende piedade de n\u00f3s.<br \/><span style=\"color: red;\">\u2123.<\/span> Senhor, tende piedade de n\u00f3s.<br \/>\u00a0\u00a0\u00a0<span style=\"color: red;\">\u211f.<\/span> Senhor, tende piedade de n\u00f3s.<br \/><br \/><span style=\"color: red;\">\u2123.<\/span> Cristo, ouvi-nos.<br \/>\u00a0\u00a0\u00a0<span style=\"color: red;\">\u211f.<\/span> Cristo, ouvi-nos.<br \/><span style=\"color: red;\">\u2123.<\/span> Cristo, atendei-nos.<br \/>\u00a0\u00a0\u00a0<span style=\"color: red;\">\u211f.<\/span> Cristo, atendei-nos.<br \/><br \/><span style=\"color: red;\">\u2123.<\/span> Deus Pai do c\u00e9u,<br \/>\u00a0\u00a0\u00a0<span style=\"color: red;\">\u211f.<\/span> tende piedade de n\u00f3s.<br \/><span style=\"color: red;\">\u2123.<\/span> Deus Filho Redentor do mundo,<br \/>\u00a0\u00a0\u00a0<span style=\"color: red;\">\u211f.<\/span> tende piedade de n\u00f3s.<br \/><span style=\"color: red;\">\u2123.<\/span> Deus Esp\u00edrito Santo,<br \/>\u00a0\u00a0\u00a0<span style=\"color: red;\">\u211f.<\/span> tende piedade de n\u00f3s.<br \/><span style=\"color: red;\">\u2123.<\/span> Sant\u00edssima Trindade, que sois um s\u00f3 Deus,<br \/>\u00a0\u00a0\u00a0<span style=\"color: red;\">\u211f.<\/span> tende piedade de n\u00f3s.<br \/><br \/><span style=\"color: red;\">\u2123.<\/span> Sangue de Cristo, Sangue do Filho Unig\u00eanito do Eterno Pai,<br \/>\u00a0\u00a0\u00a0<span style=\"color: red;\">\u211f.<\/span> <em>salvai-nos (*)<\/em>.<br \/>Sangue de Cristo, Sangue do Verbo de Deus encarnado, *<br \/>Sangue de Cristo, Sangue do Novo e Eterno Testamento, *<br \/>Sangue de Cristo, correndo pela terra na agonia, *<br \/>Sangue de Cristo, manando abundante na flagela\u00e7\u00e3o, *<br \/>Sangue de Cristo, gotejando na coroa\u00e7\u00e3o de espinhos, *<br \/>Sangue de Cristo, derramado na cruz, *<br \/>Sangue de Cristo, pre\u00e7o da nossa salva\u00e7\u00e3o, *<br \/>Sangue de Cristo, sem o qual n\u00e3o pode haver reden\u00e7\u00e3o, *<br \/>Sangue de Cristo, que apagais a sede das almas e as purificais na Eucaristia, *<br \/>Sangue de Cristo, torrente de miseric\u00f3rdia, *<br \/>Sangue de Cristo, vencedor dos dem\u00f4nios, *<br \/>Sangue de Cristo, fortaleza dos m\u00e1rtires, *<br \/>Sangue de Cristo, virtude dos confessores, *<br \/>Sangue de Cristo, que suscitais almas virgens, *<br \/>Sangue de Cristo, for\u00e7a dos tentados, *<br \/>Sangue de Cristo, al\u00edvio dos que trabalham, *<br \/>Sangue de Cristo, consola\u00e7\u00e3o dos que choram, *<br \/>Sangue de Cristo, esperan\u00e7a dos penitentes, *<br \/>Sangue de Cristo, conforto dos moribundos, *<br \/>Sangue de Cristo, paz e do\u00e7ura dos cora\u00e7\u00f5es, *<br \/>Sangue de Cristo, penhor de eterna vida, *<br \/>Sangue de Cristo, que libertais as almas do Purgat\u00f3rio, *<br \/>Sangue de Cristo, digno de toda a honra e gl\u00f3ria, *<br \/><br \/><br \/><span style=\"color: red;\">\u2123.<\/span> Cordeiro de Deus, que tirais os pecados do mundo,<br \/>\u00a0\u00a0\u00a0<span style=\"color: red;\">\u211f.<\/span> perdoai-nos, Senhor.<br \/><span style=\"color: red;\">\u2123.<\/span> Cordeiro de Deus, que tirais os pecados do mundo,<br \/>\u00a0\u00a0\u00a0<span style=\"color: red;\">\u211f.<\/span> ouvi-nos, Senhor.<br \/><span style=\"color: red;\">\u2123.<\/span> Cordeiro de Deus, que tirais os pecados do mundo,<br \/>\u00a0\u00a0\u00a0<span style=\"color: red;\">\u211f.<\/span> tende piedade de n\u00f3s.<br \/><br \/><span style=\"color: red;\">\u2123.<\/span> Remistes-nos, Senhor com o Vosso Sangue.<br \/>\u00a0\u00a0\u00a0<span style=\"color: red;\">\u211f.<\/span> E fizestes de n\u00f3s um reino para o nosso Deus.<br \/><br \/>Oremos.<br \/>Todo-Poderoso e Eterno Deus, que constitu\u00edstes o Vosso Unig\u00eanito Filho, Redentor do mundo, e quisestes ser aplacado com o seu Sangue, concedei-nos a gra\u00e7a de venerar o pre\u00e7o da nossa salva\u00e7\u00e3o e de encontrar, na virtude que Ele cont\u00e9m, defesa contra os males da vida presente, de tal modo que eternamente gozemos dos seus frutos no C\u00e9u. Pelo mesmo Cristo, Senhor nosso.<br \/>\u00a0\u00a0\u00a0<span style=\"color: red;\">\u211f.<\/span> Am\u00e9m.<br \/><br \/><em>&#8211; Uso: culto ao Precios\u00edssimo Sangue de Nosso Senhor Jesus Cristo;<br \/>&#8211; Origem: S\u00e3o Gaspar de B\u00fafalo (1786-1837) fundador dos Mission\u00e1rios do Precios\u00edssimo Sangue;<br \/>&#8211; Ora\u00e7\u00e3o indulgenciada, Manual das Indulg\u00eancias, n. 22;<br \/>&#8211; Texto de acordo com: Sagrada Congrega\u00e7\u00e3o dos Ritos; promulgada pelo Papa Jo\u00e3o XXIII em 24.02.1960.<br \/><\/em><\/p>\r\n<\/td>\r\n<\/tr>\r\n<\/tbody>\r\n<\/table>\r\n","protected":false},"excerpt":{"rendered":"<p>&nbsp; &nbsp; LITANIA PRETIOSISSIMI SANGUINIS D.N.I.C.\u2123. Kyrie, eleison.\u00a0\u00a0\u00a0\u211f. Kyrie, eleison.\u2123. Christe, eleison.\u00a0\u00a0\u00a0\u211f. Christe, eleison.\u2123. Kyrie,&#8230;<\/p>\n","protected":false},"author":1,"featured_media":0,"parent":0,"menu_order":0,"comment_status":"closed","ping_status":"closed","template":"","meta":{"iawp_total_views":9,"footnotes":""},"class_list":["post-27076","page","type-page","status-publish","hentry"],"_links":{"self":[{"href":"https:\/\/www.donbosco.press\/pt-pt\/wp-json\/wp\/v2\/pages\/27076","targetHints":{"allow":["GET"]}}],"collection":[{"href":"https:\/\/www.donbosco.press\/pt-pt\/wp-json\/wp\/v2\/pages"}],"about":[{"href":"https:\/\/www.donbosco.press\/pt-pt\/wp-json\/wp\/v2\/types\/page"}],"author":[{"embeddable":true,"href":"https:\/\/www.donbosco.press\/pt-pt\/wp-json\/wp\/v2\/users\/1"}],"replies":[{"embeddable":true,"href":"https:\/\/www.donbosco.press\/pt-pt\/wp-json\/wp\/v2\/comments?post=27076"}],"version-history":[{"count":1,"href":"https:\/\/www.donbosco.press\/pt-pt\/wp-json\/wp\/v2\/pages\/27076\/revisions"}],"predecessor-version":[{"id":52743,"href":"https:\/\/www.donbosco.press\/pt-pt\/wp-json\/wp\/v2\/pages\/27076\/revisions\/52743"}],"wp:attachment":[{"href":"https:\/\/www.donbosco.press\/pt-pt\/wp-json\/wp\/v2\/media?parent=27076"}],"curies":[{"name":"wp","href":"https:\/\/api.w.org\/{rel}","templated":true}]}}