{"id":10868,"date":"2023-01-11T09:42:12","date_gmt":"2023-01-11T09:42:12","guid":{"rendered":"https:\/\/exciting-knuth.178-32-140-152.plesk.page\/legal-information-2\/"},"modified":"2025-09-29T07:38:38","modified_gmt":"2025-09-29T07:38:38","slug":"legal-information-2","status":"publish","type":"page","link":"https:\/\/www.donbosco.press\/pt-pt\/legal-information-2\/","title":{"rendered":"Legal information 2"},"content":{"rendered":"\r\n<p><em>Este imprint foi atualizado pela \u00faltima vez em 29 de setembro de 2025.<\/em><\/p>\r\n\r\n\r\n\r\n<p><strong>O &#8220;Bollettino Salesiano OnLine&#8221; (BSOL)<\/strong> \u00e9 um peri\u00f3dico telem\u00e1tico de informa\u00e7\u00e3o e cultura religiosa, do tipo revista mensal, publicado pela Sociedade Salesiana de S\u00e3o Jo\u00e3o Bosco (Salesianos de Dom Bosco), inscrito no Registro de Imprensa do Tribunal de Turim, n. 20\/21.09.2023.<br \/>Editor-chefe: Andrei MUNTEANU<\/p>\r\n\r\n\r\n\r\n<p>&nbsp;<\/p>\r\n\r\n\r\n\r\n<p><strong>O propriet\u00e1rio desta publica\u00e7\u00e3o web \u00e9:<\/strong><br \/>Oratorio Salesiano San Francesco di Sales<br \/>Corpo eclesi\u00e1stico civilmente reconhecido<br \/>Via Maria Ausiliatrice 32, 10152 Turim, It\u00e1lia<br \/>CF: 00514170018<br \/>Email: bsol@sdb.org<br \/>Telefone: +39 378 084 1797<br \/>O representante legal de Oratorio Salesiano San Francesco di Sales: Luca BARONE.<\/p>\r\n\r\n\r\n\r\n<p>&nbsp;<\/p>\r\n\r\n\r\n\r\n<p><strong>A hospedagem deste site \u00e9 fornecida por:<\/strong><br \/>Col\u00e9gio S\u00e3o Lu\u00eds<br \/>Via Maria Ausiliatrice, 32<br \/>10152 Turim (TO), It\u00e1lia<br \/>CNPJ: IT 02310450032<br \/>CF: 00429180037<br \/>Tel.: 011 5224434<br \/>https:\/\/valdocco.it<br \/>assistenza@formatnet.it<\/p>\r\n\r\n\r\n\r\n<p>&nbsp;<\/p>\r\n\r\n\r\n\r\n<p>1. Geral<br \/>N\u00e3o estamos dispostos ou somos obrigados a participar de procedimentos de resolu\u00e7\u00e3o de lit\u00edgios perante um conselho de arbitragem de consumidores.<\/p>\r\n","protected":false},"excerpt":{"rendered":"<p>Este imprint foi atualizado pela \u00faltima vez em 29 de setembro de 2025. O &#8220;Bollettino&#8230;<\/p>\n","protected":false},"author":1,"featured_media":0,"parent":0,"menu_order":0,"comment_status":"closed","ping_status":"closed","template":"","meta":{"iawp_total_views":2,"footnotes":""},"class_list":["post-10868","page","type-page","status-publish","hentry"],"_links":{"self":[{"href":"https:\/\/www.donbosco.press\/pt-pt\/wp-json\/wp\/v2\/pages\/10868","targetHints":{"allow":["GET"]}}],"collection":[{"href":"https:\/\/www.donbosco.press\/pt-pt\/wp-json\/wp\/v2\/pages"}],"about":[{"href":"https:\/\/www.donbosco.press\/pt-pt\/wp-json\/wp\/v2\/types\/page"}],"author":[{"embeddable":true,"href":"https:\/\/www.donbosco.press\/pt-pt\/wp-json\/wp\/v2\/users\/1"}],"replies":[{"embeddable":true,"href":"https:\/\/www.donbosco.press\/pt-pt\/wp-json\/wp\/v2\/comments?post=10868"}],"version-history":[{"count":1,"href":"https:\/\/www.donbosco.press\/pt-pt\/wp-json\/wp\/v2\/pages\/10868\/revisions"}],"predecessor-version":[{"id":45582,"href":"https:\/\/www.donbosco.press\/pt-pt\/wp-json\/wp\/v2\/pages\/10868\/revisions\/45582"}],"wp:attachment":[{"href":"https:\/\/www.donbosco.press\/pt-pt\/wp-json\/wp\/v2\/media?parent=10868"}],"curies":[{"name":"wp","href":"https:\/\/api.w.org\/{rel}","templated":true}]}}