{"id":5869,"date":"2022-11-09T15:09:41","date_gmt":"2022-11-09T15:09:41","guid":{"rendered":"https:\/\/exciting-knuth.178-32-140-152.plesk.page\/dichiarazione-sulla-privacy-za\/"},"modified":"2022-12-06T10:46:11","modified_gmt":"2022-12-06T10:46:11","slug":"privacy-policy-za","status":"publish","type":"page","link":"https:\/\/www.donbosco.press\/pl\/privacy-policy-za\/","title":{"rendered":"Privacy Policy (ZA)"},"content":{"rendered":"\n<!-- Legal document generated by Complianz | GDPR\/CCPA Cookie Consent https:\/\/wordpress.org\/plugins\/complianz-gdpr -->\n<div id=\"cmplz-document\" class=\"cmplz-document privacy-statement cmplz-document-za\"><p><i>To o\u015bwiadczenie o ochronie prywatno\u015bci zosta\u0142o ostatnio zaktualizowane 2025-11-05 i dotyczy obywateli oraz legalnych sta\u0142ych mieszka\u0144c\u00f3w Republiki Po\u0142udniowej Afryki.<\/i><br \/><br \/><\/p><p>W tym o\u015bwiadczeniu o ochronie prywatno\u015bci wyja\u015bniamy, co robimy z danymi, kt\u00f3re uzyskujemy o tobie za po\u015brednictwem <a href=\"https:\/\/www.donbosco.press\/pl\/\">https:\/\/www.donbosco.press\/pl\/<\/a>. Zalecamy uwa\u017cne przeczytanie tego o\u015bwiadczenia. Przetwarzaj\u0105c dane, przestrzegamy przepis\u00f3w dotycz\u0105cych prywatno\u015bci. Oznacza to mi\u0119dzy innymi, \u017ce:<\/p><ul>\n                <li>jasno okre\u015blamy cele, dla kt\u00f3rych przetwarzamy dane osobowe. Robimy to za pomoc\u0105 niniejszego o\u015bwiadczenia o ochronie prywatno\u015bci;<\/li>\n                <li>d\u0105\u017cymy do ograniczenia gromadzenia przez nas danych osobowych tylko do tych danych, kt\u00f3re s\u0105 niezb\u0119dne do uzasadnionych cel\u00f3w;<\/li>\n                <li>w pierwszej kolejno\u015bci prosimy o wyra\u017an\u0105 zgod\u0119 na przetwarzanie twoich danych osobowych w przypadkach wymagaj\u0105cych twojej zgody;<\/li>\n                <li>podejmujemy odpowiednie \u015brodki bezpiecze\u0144stwa, aby chroni\u0107 twoje dane osobowe, a tak\u017ce wymagamy tego od stron, kt\u00f3re przetwarzaj\u0105 dane osobowe w naszym imieniu;<\/li>\n                <li>szanujemy twoje prawo dost\u0119pu do twoich danych osobowych, ich poprawiania lub usuwania na twoje \u017c\u0105danie.<\/li>\n            <\/ul><p>Je\u015bli masz jakie\u015b pytania lub chcesz dok\u0142adnie wiedzie\u0107, jakie dane na tw\u00f3j temat przechowujemy, skontaktuj si\u0119 z nami.<\/p><h2>1. Cel, dane i okres przechowywania<\/h2>Mo\u017cemy zbiera\u0107 lub otrzymywa\u0107 dane osobowe w wielu celach zwi\u0105zanych z nasz\u0105 dzia\u0142alno\u015bci\u0105 biznesow\u0105, kt\u00f3re mog\u0105 obejmowa\u0107: (kliknij, aby rozwin\u0105\u0107)<details class=\"cmplz-dropdown dropdown-privacy-statement\"><summary><div><h3>1.1 Newsletters<\/h3><\/div><\/summary><p class=\"cmplz-subtitle\">W tym celu wykorzystujemy nast\u0119puj\u0105ce dane:<\/p><p><ul><li>Imi\u0119 i nazwisko<\/li><li>Adres email<\/li><li>Dane geolokalizacyjne<\/li><li>adres IP<\/li><\/ul><\/p><p class=\"cmplz-subtitle\">Okres przechowywania<\/p><p>Przechowujemy te dane do zako\u0144czenia us\u0142ugi.<\/p><\/details><h2>2. Co si\u0119 stanie, je\u015bli nie podasz nam swoich danych osobowych?<\/h2><p>Je\u017celi nie podasz nam swoich danych osobowych, mo\u017cemy nie by\u0107 w stanie dostarczy\u0107 ci produkt\u00f3w, informacji lub pomocy, kt\u00f3rej szukasz.<\/p><h2>3. Pliki cookies<\/h2>Nasza witryna wykorzystuje pliki cookies. Aby uzyska\u0107 wi\u0119cej informacji na temat plik\u00f3w cookies, zapoznaj si\u0119 z nasz\u0105 <a href=\"https:\/\/www.donbosco.press\/pl\/cookie-policy-za\/\">Cookie Policy<\/a>.&nbsp;<h2>4. Praktyki ujawniania informacji<\/h2><p><p>Udost\u0119pniamy dane osobowe, je\u017celi jeste\u015bmy zobowi\u0105zani przepisami prawa lub na mocy postanowienia s\u0105du, w odpowiedzi na wezwanie organu \u015bcigania, w zakresie dozwolonym na podstawie innych przepis\u00f3w prawa, w celu udzielenia informacji lub w celu przeprowadzenia post\u0119powania wyja\u015bniaj\u0105cego w sprawie zwi\u0105zanej z bezpiecze\u0144stwem publicznym.<\/p><p>Je\u017celi nasza strona internetowa lub organizacja zostanie przej\u0119ta, sprzedana lub zaanga\u017cowana w fuzj\u0119 lub przej\u0119cie, Twoje dane mog\u0105 zosta\u0107 ujawnione naszym doradcom i potencjalnym nabywcom oraz zostan\u0105 przekazane nowym w\u0142a\u015bcicielom.<\/p><\/p><h2>5. Bezpiecze\u0144stwo<\/h2>Dbamy o bezpiecze\u0144stwo danych osobowych. Podejmujemy odpowiednie \u015brodki bezpiecze\u0144stwa w celu ograniczenia nadu\u017cy\u0107 i nieuprawnionego dost\u0119pu do danych osobowych. Gwarantuje to, \u017ce tylko niezb\u0119dne osoby maj\u0105 dost\u0119p do twoich danych, \u017ce dost\u0119p do danych jest chroniony, a nasze \u015brodki bezpiecze\u0144stwa s\u0105 regularnie sprawdzane.<p>Stosowane przez nas \u015brodki bezpiecze\u0144stwa obejmuj\u0105:<\/p><ul><li>(START)TLS \/ SSL \/ DANE Encryption<\/li><\/ul><h2>6. Witryny podmiot\u00f3w zewn\u0119trznych<\/h2>Niniejsze o\u015bwiadczenie o ochronie prywatno\u015bci nie ma zastosowania do stron internetowych os\u00f3b trzecich po\u0142\u0105czonych linkami na naszej stronie internetowej. Nie mo\u017cemy zagwarantowa\u0107, \u017ce te strony trzecie przetwarzaj\u0105 twoje dane osobowe w spos\u00f3b niezawodny lub bezpieczny. Zalecamy zapoznanie si\u0119 z o\u015bwiadczeniami o ochronie prywatno\u015bci tych witryn przed rozpocz\u0119ciem korzystania z nich.<h2>7. Zmiany niniejszego o\u015bwiadczenia o ochronie prywatno\u015bci<\/h2>Zastrzegamy sobie prawo do wprowadzania zmian w niniejszym o\u015bwiadczeniu o ochronie prywatno\u015bci. Zaleca si\u0119 regularne sprawdzanie niniejszego o\u015bwiadczenia o ochronie prywatno\u015bci, aby by\u0107 \u015bwiadomym wszelkich zmian. Ponadto b\u0119dziemy Ci\u0119 aktywnie informowa\u0107, gdy tylko b\u0119dzie to mo\u017cliwe.<h2>8. Dost\u0119p i modyfikowanie danych<\/h2><p>Je\u015bli masz jakiekolwiek pytania lub chcesz wiedzie\u0107, jakie dane osobowe posiadamy na tw\u00f3j temat, skontaktuj si\u0119 z nami. Mo\u017cesz skontaktowa\u0107 si\u0119 z nami, korzystaj\u0105c z poni\u017cszych informacji. Przys\u0142uguj\u0105 Ci nast\u0119puj\u0105ce prawa:<\/p><ul>\n                <li>Masz prawo wiedzie\u0107, dlaczego potrzebne s\u0105 twoje dane osobowe, co si\u0119 z nimi stanie i jak d\u0142ugo b\u0119d\u0105 przechowywane.<\/li>\n                <li>Prawo dost\u0119pu: Masz prawo dost\u0119pu do swoich danych osobowych, kt\u00f3re s\u0105 nam znane.<\/li>\n                <li>Prawo do sprostowania: masz prawo do uzupe\u0142niania, poprawiania, usuwania lub blokowania swoich danych osobowych w dowolnym momencie.<\/li>\n                <li>Je\u015bli wyrazisz zgod\u0119 na przetwarzanie twoich danych, przys\u0142uguje ci prawo do cofni\u0119cia tej zgody i usuni\u0119cia twoich danych osobowych.<\/li>\n                <li>Prawo do sprzeciwu: mo\u017cesz sprzeciwi\u0107 si\u0119 przetwarzaniu twoich danych. Przestrzegamy tego, chyba \u017ce istniej\u0105 uzasadnione podstawy do przetwarzania.<\/li>\n            <\/ul><p>Upewnij si\u0119, \u017ce zawsze jasno okre\u015blasz, kim jeste\u015b, aby\u015bmy mieli pewno\u015b\u0107, \u017ce nie modyfikujemy ani nie usuwamy \u017cadnych danych niew\u0142a\u015bciwej osoby.<\/p><h2>9. Z\u0142o\u017cy\u0107 skarg\u0119<\/h2>Je\u015bli nie jeste\u015b zadowolony ze sposobu, w jaki obs\u0142ugujemy (skarg\u0119 dotycz\u0105c\u0105) przetwarzania twoich danych osobowych, masz prawo z\u0142o\u017cy\u0107 skarg\u0119 do Information Regulator South Africa:<br \/>P.O Box 31533,\n\t\t\t\t\t\t<br \/>Braamfontein,\n\t\t\t\t\t\t<br \/>Johannesburg,\n\t\t\t\t\t\t<br \/>2017\n\t\t\t\t\t\t<br \/>Email pod kt\u00f3ry mo\u017cna wysy\u0142a\u0107 skargi:complaints.IR@justice.gov.za<h2>10. Dziecko<\/h2><p>Nasza witryna internetowa nie jest przeznaczona do przyci\u0105gania dzieci i nie jest naszym zamiarem zbieranie danych osobowych od dzieci poni\u017cej wieku, w kt\u00f3rym wyra\u017caj\u0105 zgod\u0119 w ich kraju zamieszkania. W zwi\u0105zku z tym prosimy, aby dzieci, kt\u00f3re nie osi\u0105gn\u0119\u0142y wieku zgody, nie przekazywa\u0142y nam \u017cadnych danych osobowych.<\/p><h2>11. Dane kontaktowe<\/h2><p>Bollettino Salesiano OnLine - Oratorio Salesiano San Francesco di Sales<br \/>\n        Via Maria Ausiliatrice 32, 10152 Torino<br \/>\n        W\u0142ochy<br \/>\n        Witryna:  <a href=\"https:\/\/www.donbosco.press\/pl\/\">https:\/\/www.donbosco.press\/pl\/<\/a> <br \/>\n        Email: <span class=\"cmplz-obfuscate\">&#112;&#114;&#105;v&#097;c&#121;@<span class=\"cmplz-fmail-domain\">ex.c&#111;m<\/span>&#100;&#111;n&#098;&#111;sco.p&#114;es&#115;<\/span> <br \/>\n        Numer telefonu: +39 378 084 1797<\/p><h2>12. \u017b\u0105dania danych<\/h2><p>W przypadku najcz\u0119\u015bciej sk\u0142adanych wniosk\u00f3w oferujemy r\u00f3wnie\u017c mo\u017cliwo\u015b\u0107 skorzystania z naszego formularza zapytania o dane<br \/>\t\t\t<div class=\"cmplz-datarequest cmplz-alert\">\n\t\t\t\t<span class=\"cmplz-close\">&times;<\/span>\n\t\t\t\t<span id=\"cmplz-message\"><\/span>\n\t\t\t<\/div>\n\t\t\t<form id=\"cmplz-datarequest-form\">\n\t\t\t\t<input type=\"hidden\" required value=\"za\" name=\"cmplz_datarequest_region\" id=\"cmplz_datarequest_region\">\n\n\t\t\t\t<label for=\"cmplz_datarequest_firstname\" class=\"cmplz-first-name\">Nazwa\t\t\t\t\t<input type=\"search\" class=\"datarequest-firstname\" value=\"\" placeholder=\"your first name\" id=\"cmplz_datarequest_firstname\" name=\"cmplz_datarequest_firstname\">\n\t\t\t\t<\/label>\n\t\t\t\t<div>\n\t\t\t\t\t<label for=\"cmplz_datarequest_name\">Nazwa<\/label>\n\t\t\t\t\t<input type=\"text\" required value=\"\" placeholder=\"Twoje imi\u0119\" id=\"cmplz_datarequest_name\" name=\"cmplz_datarequest_name\">\n\t\t\t\t<\/div>\n\t\t\t\t<div>\n\t\t\t\t\t<label for=\"cmplz_datarequest_email\">Adres e-mail<\/label>\n\t\t\t\t\t<input type=\"email\" required value=\"\" placeholder=\"email@email.com\" id=\"cmplz_datarequest_email\" name=\"cmplz_datarequest_email\">\n\t\t\t\t<\/div>\n\t\t\t\t\t\t\t\t\t\t<div class=\"cmplz_datarequest cmplz_datarequest_request_for_access\">\n\t\t\t\t\t\t\t<label for=\"cmplz_datarequest_request_for_access\">\n\t\t\t\t\t\t\t\t<input type=\"checkbox\" value=\"1\" name=\"cmplz_datarequest_request_for_access\" id=\"cmplz_datarequest_request_for_access\" \/>\n\t\t\t\t\t\t\t\tZ\u0142\u00f3\u017c wniosek o dost\u0119p do danych, kt\u00f3re przetwarzamy o tobie.\t\t\t\t\t\t\t<\/label>\n\t\t\t\t\t\t<\/div>\n\t\t\t\t\t\t\t\t\t\t<div class=\"cmplz_datarequest cmplz_datarequest_right_to_be_forgotten\">\n\t\t\t\t\t\t\t<label for=\"cmplz_datarequest_right_to_be_forgotten\">\n\t\t\t\t\t\t\t\t<input type=\"checkbox\" value=\"1\" name=\"cmplz_datarequest_right_to_be_forgotten\" id=\"cmplz_datarequest_right_to_be_forgotten\" \/>\n\t\t\t\t\t\t\t\tZ\u0142\u00f3\u017c wniosek o usuni\u0119cie danych, kt\u00f3re nie s\u0105 ju\u017c istotne.\t\t\t\t\t\t\t<\/label>\n\t\t\t\t\t\t<\/div>\n\t\t\t\t\t\t\t\t\t\t<div class=\"cmplz_datarequest cmplz_datarequest_right_to_data_portability\">\n\t\t\t\t\t\t\t<label for=\"cmplz_datarequest_right_to_data_portability\">\n\t\t\t\t\t\t\t\t<input type=\"checkbox\" value=\"1\" name=\"cmplz_datarequest_right_to_data_portability\" id=\"cmplz_datarequest_right_to_data_portability\" \/>\n\t\t\t\t\t\t\t\tZ\u0142\u00f3\u017c wniosek, aby otrzyma\u0107 plik z eksportem danych, kt\u00f3re przetwarzamy o tobie.\t\t\t\t\t\t\t<\/label>\n\t\t\t\t\t\t<\/div>\n\t\t\t\t\t\t\t\t<input type=\"button\" id=\"cmplz-datarequest-submit\" value=\"Wy\u015blij\">\n\t\t\t<\/form>\n\n\t\t\t<style>\n\t\t\t\t\/* first-name is honeypot *\/\n\t\t\t\t.cmplz-first-name {\n\t\t\t\t\tposition: absolute !important;\n\t\t\t\t\tleft: -5000px !important;\n\t\t\t\t}\n\t\t\t<\/style>\n\t\t\t<\/p><p>Wyznaczyli\u015bmy osob\u0119 kontaktow\u0105 w zakresie zasad i praktyk organizacji, do kt\u00f3rej mo\u017cna kierowa\u0107 skargi lub zapytania:<br \/>Andrei MUNTEANU<br \/>bsol@sdb.org<\/p><h2>Aneks<\/h2><h3>WPML<\/h3>\r\nWPML utilizza i cookie per identificare la lingua del visitatore corrente, quella dell'ultima visita e quella degli utenti che hanno effettuato l'accesso.\r\n\r\nQuando si utilizza il plugin, WPML condivider\u00e0 i dati relativi al sito tramite il programma di installazione. Non verr\u00e0 condiviso nessun dato personale dell'utente.<\/div>\n","protected":false},"excerpt":{"rendered":"","protected":false},"author":1,"featured_media":0,"parent":0,"menu_order":0,"comment_status":"closed","ping_status":"closed","template":"","meta":{"iawp_total_views":1,"footnotes":""},"class_list":["post-5869","page","type-page","status-publish","hentry"],"_links":{"self":[{"href":"https:\/\/www.donbosco.press\/pl\/wp-json\/wp\/v2\/pages\/5869","targetHints":{"allow":["GET"]}}],"collection":[{"href":"https:\/\/www.donbosco.press\/pl\/wp-json\/wp\/v2\/pages"}],"about":[{"href":"https:\/\/www.donbosco.press\/pl\/wp-json\/wp\/v2\/types\/page"}],"author":[{"embeddable":true,"href":"https:\/\/www.donbosco.press\/pl\/wp-json\/wp\/v2\/users\/1"}],"replies":[{"embeddable":true,"href":"https:\/\/www.donbosco.press\/pl\/wp-json\/wp\/v2\/comments?post=5869"}],"version-history":[{"count":0,"href":"https:\/\/www.donbosco.press\/pl\/wp-json\/wp\/v2\/pages\/5869\/revisions"}],"wp:attachment":[{"href":"https:\/\/www.donbosco.press\/pl\/wp-json\/wp\/v2\/media?parent=5869"}],"curies":[{"name":"wp","href":"https:\/\/api.w.org\/{rel}","templated":true}]}}