{"id":52407,"date":"2026-03-30T07:38:59","date_gmt":"2026-03-30T07:38:59","guid":{"rendered":"https:\/\/www.donbosco.press\/?page_id=52407"},"modified":"2026-03-30T07:39:24","modified_gmt":"2026-03-30T07:39:24","slug":"rachunek-sumienia-z-dyspozycji-do-cwiczen-duchowych","status":"publish","type":"page","link":"https:\/\/www.donbosco.press\/pl\/rachunek-sumienia-z-dyspozycji-do-cwiczen-duchowych\/","title":{"rendered":"Rachunek sumienia z dyspozycji do \u0107wicze\u0144 duchowych"},"content":{"rendered":"<p>&nbsp;<\/p>\n<p><strong>1. Cel \u0107wicze\u0144 i prawdziwe nawr\u00f3cenie<br \/>\n<\/strong>&#8211; Czy naprawd\u0119 chc\u0119 odmieni\u0107 swoje \u017cycie, czy szukam tylko mi\u0142ego do\u015bwiadczenia bez zmiany?<br \/>\n&#8211; Czy jestem got\u00f3w porzuci\u0107 grzech i przyj\u0105\u0107 to, czego B\u00f3g ode mnie \u017c\u0105da?<br \/>\n&#8211; Czy nie opieram si\u0119 wewn\u0119trznie nawr\u00f3ceniu?<br \/>\n&#8211; Czy przyst\u0119puj\u0119 do \u0107wicze\u0144 z pragnieniem nawr\u00f3cenia, czy przyjecha\u0142em odpocz\u0105\u0107?<\/p>\n<p><strong>2. Prawa intencja i poszukiwanie prawdy<br \/>\n<\/strong>&#8211; Czy odprawiam \u0107wiczenia dla Boga, czy z innych powod\u00f3w \u2014 z przyzwyczajenia, obowi\u0105zku, dla emocji?<br \/>\n&#8211; Czy naprawd\u0119 staram si\u0119 zrozumie\u0107, co musz\u0119 od teraz zmieni\u0107?<br \/>\n&#8211; Czy szukam swoich b\u0142\u0119d\u00f3w i cn\u00f3t, kt\u00f3re musz\u0119 praktykowa\u0107?<\/p>\n<p><strong>3. Uwaga i refleksja podczas medytacji<br \/>\n<\/strong>&#8211; Czy s\u0142ucham medytacji z zainteresowaniem?<br \/>\n&#8211; Czy staram si\u0119 zrozumie\u0107 to, co jest mi m\u00f3wione?<br \/>\n&#8211; Czy nie rozpraszam si\u0119 lub nie s\u0142ucham z niech\u0119ci\u0105?<br \/>\n&#8211; Czy po medytacji zastanawiam si\u0119 nad tym, co us\u0142ysza\u0142em, i wyci\u0105gam praktyczne wnioski dla mojego \u017cycia?<br \/>\n&#8211; Czy nie przechodz\u0119 od jednej medytacji do drugiej, nie zatrzymuj\u0105c si\u0119 nad tym, co mnie poruszy\u0142o?<\/p>\n<p><strong>4. Decyzje i konkretne postanowienia<br \/>\n<\/strong>&#8211; Czy moje postanowienia s\u0105 konkretne i praktyczne, a nie mgliste czy og\u00f3lnikowe?<br \/>\n&#8211; Czy zapisuj\u0119 je i przedstawiam w modlitwie, nie odk\u0142adaj\u0105c na p\u00f3\u017aniej?<\/p>\n<p><strong>5. Wierno\u015b\u0107 postanowieniom i weryfikacja<br \/>\n<\/strong>&#8211; Czy pami\u0119tam postanowienia z poprzednich \u0107wicze\u0144? Czy wprowadzi\u0142em je w \u017cycie?<br \/>\n&#8211; Czy nie popadam wci\u0105\u017c w te same b\u0142\u0119dy?<br \/>\n&#8211; Czy widz\u0119 konkretne post\u0119py w moim \u017cyciu?<\/p>\n<p><strong>6. Kierownictwo duchowe i szczero\u015b\u0107<br \/>\n<\/strong>&#8211; Czy radz\u0119 si\u0119 osoby, kt\u00f3ra prowadzi mnie duchowo, rozmawiaj\u0105c z ni\u0105 szczerze?<br \/>\n&#8211; Czy nie unikam konfrontacji z powodu pychy lub nie robi\u0119 wszystkiego sam, bez przewodnika?<\/p>\n<p><strong>7. Hojno\u015b\u0107 i oderwanie<br \/>\n<\/strong>&#8211; Czy jestem hojny w swoich decyzjach i czy naprawd\u0119 oddaj\u0119 si\u0119 Bogu, nie zatrzymuj\u0105c niczego dla siebie?<br \/>\n&#8211; Czy odk\u0142adam na bok niepotrzebne zaj\u0119cia i rozrywki, aby strzec czasu po\u015bwi\u0119conego Bogu?<br \/>\n&#8211; Czy nie szukam rozprosze\u0144?<\/p>\n<p><strong>8. Milczenie, skupienie i umartwienie zmys\u0142\u00f3w<br \/>\n<\/strong>&#8211; Czy zachowuj\u0119 milczenie zewn\u0119trzne i wewn\u0119trzne, unikaj\u0105c niepotrzebnych s\u0142\u00f3w i dobrowolnych rozprosze\u0144?<br \/>\n&#8211; Czy strzeg\u0119 tego, co ogl\u0105dam i czego s\u0142ucham, nie ulegaj\u0105c niepotrzebnej ciekawo\u015bci?<br \/>\n&#8211; Czy nie przeszkadzam innym i szanuj\u0119 skupienie tych, kt\u00f3rzy chc\u0105 si\u0119 modli\u0107?<\/p>\n<p><strong>9. Duch modlitwy i wytrwa\u0142o\u015b\u0107<br \/>\n<\/strong>&#8211; Czy modl\u0119 si\u0119 z zaanga\u017cowaniem i ofiarowuj\u0119 ma\u0142e wyrzeczenia, aby dobrze prze\u017cy\u0107 \u0107wiczenia?<br \/>\n&#8211; Czy kontynuuj\u0119 \u0107wiczenia do samego ko\u0144ca, nie m\u0119cz\u0105c si\u0119 w po\u0142owie drogi ani nie zmniejszaj\u0105c zaanga\u017cowania z up\u0142ywem dni?<\/p>\n<p><strong>10. Pami\u0119\u0107 i wierno\u015b\u0107 po \u0107wiczeniach<br \/>\n<\/strong>&#8211; Czy nadal rozwa\u017cam prawdy, kt\u00f3re mnie poruszy\u0142y, i wracam do swoich notatek i postanowie\u0144?<br \/>\n&#8211; Czy nie zapominam od razu o tym, co otrzyma\u0142em, i nie pozwalam, by rozpalony ogie\u0144 zgas\u0142?<\/p>\n<p><strong>11. Czuwanie nad rozlu\u017anieniem duchowym<br \/>\n<\/strong>&#8211; Kiedy zauwa\u017cam spadek duchowy, czy szukam jego przyczyny i staram si\u0119 naprawi\u0107 to, co jest nie tak?<br \/>\n&#8211; Czy nie poddaj\u0119 si\u0119 ozi\u0119b\u0142o\u015bci ani nie odk\u0142adam powrotu do gorliwszego \u017cycia?<\/p>\n","protected":false},"excerpt":{"rendered":"<p>&nbsp; 1. Cel \u0107wicze\u0144 i prawdziwe nawr\u00f3cenie &#8211; Czy naprawd\u0119 chc\u0119 odmieni\u0107 swoje \u017cycie, czy&#8230;<\/p>\n","protected":false},"author":1,"featured_media":52399,"parent":0,"menu_order":0,"comment_status":"closed","ping_status":"closed","template":"","meta":{"iawp_total_views":1,"footnotes":""},"class_list":["post-52407","page","type-page","status-publish","has-post-thumbnail","hentry"],"_links":{"self":[{"href":"https:\/\/www.donbosco.press\/pl\/wp-json\/wp\/v2\/pages\/52407","targetHints":{"allow":["GET"]}}],"collection":[{"href":"https:\/\/www.donbosco.press\/pl\/wp-json\/wp\/v2\/pages"}],"about":[{"href":"https:\/\/www.donbosco.press\/pl\/wp-json\/wp\/v2\/types\/page"}],"author":[{"embeddable":true,"href":"https:\/\/www.donbosco.press\/pl\/wp-json\/wp\/v2\/users\/1"}],"replies":[{"embeddable":true,"href":"https:\/\/www.donbosco.press\/pl\/wp-json\/wp\/v2\/comments?post=52407"}],"version-history":[{"count":2,"href":"https:\/\/www.donbosco.press\/pl\/wp-json\/wp\/v2\/pages\/52407\/revisions"}],"predecessor-version":[{"id":52418,"href":"https:\/\/www.donbosco.press\/pl\/wp-json\/wp\/v2\/pages\/52407\/revisions\/52418"}],"wp:featuredmedia":[{"embeddable":true,"href":"https:\/\/www.donbosco.press\/pl\/wp-json\/wp\/v2\/media\/52399"}],"wp:attachment":[{"href":"https:\/\/www.donbosco.press\/pl\/wp-json\/wp\/v2\/media?parent=52407"}],"curies":[{"name":"wp","href":"https:\/\/api.w.org\/{rel}","templated":true}]}}