{"id":52379,"date":"2026-03-30T07:51:21","date_gmt":"2026-03-30T07:51:21","guid":{"rendered":"https:\/\/www.donbosco.press\/?page_id=52379"},"modified":"2026-03-30T07:51:58","modified_gmt":"2026-03-30T07:51:58","slug":"rachunek-sumienia-z-przygotowania-na-smierc","status":"publish","type":"page","link":"https:\/\/www.donbosco.press\/pl\/rachunek-sumienia-z-przygotowania-na-smierc\/","title":{"rendered":"Rachunek sumienia z przygotowania na \u015bmier\u0107"},"content":{"rendered":"<p>&nbsp;<\/p>\n<p><strong>1. Stan mojej duszy przed Bogiem<br \/>\n<\/strong>&#8211; Czy jestem w stanie \u0142aski u\u015bwi\u0119caj\u0105cej, czy \u017cyj\u0119 w grzechu, nie chc\u0105c si\u0119 zmieni\u0107?<br \/>\n&#8211; Czy spowiadam si\u0119 szczerze i regularnie, nie odk\u0142adaj\u0105c nawr\u00f3cenia w my\u015bli, \u017ce mam jeszcze czas?<br \/>\n&#8211; Gdybym mia\u0142 umrze\u0107 tej nocy, czy by\u0142bym spokojny? Je\u015bli nie, czy jestem zdecydowany usun\u0105\u0107 przyczyn\u0119 tego niepokoju, bez wzgl\u0119du na koszty?<\/p>\n<p><strong>2. Wiara w \u017cycie wieczne i s\u0105d<br \/>\n<\/strong>&#8211; Czy naprawd\u0119 wierz\u0119, \u017ce b\u0119d\u0119 musia\u0142 zda\u0107 spraw\u0119 z ca\u0142ego mojego \u017cycia?<br \/>\n&#8211; Czy naprawd\u0119 wierz\u0119, \u017ce Niebo i Piek\u0142o s\u0105 wieczne?<br \/>\n&#8211; Czy nie \u017cyj\u0119 tylko dla tego \u017cycia, zapominaj\u0105c, \u017ce wszystko przeminie?<br \/>\n&#8211; Czy nie zaniedbuj\u0119 przygotowania do \u017cycia wiecznego, my\u015bl\u0105c tylko o obecnym?<\/p>\n<p><strong>3. Pami\u0119\u0107 o \u015bmierci i czujno\u015b\u0107<br \/>\n<\/strong>&#8211; Czy my\u015bl\u0119 przynajmniej od czasu do czasu o tym, \u017ce b\u0119d\u0119 musia\u0142 umrze\u0107?<br \/>\n&#8211; Czy pami\u0119tam nauk\u0119: \u201e<em>Memento mori<\/em> \u2013 Pami\u0119taj o rzeczach ostatecznych\u201d?<br \/>\n&#8211; Czy przynajmniej raz w miesi\u0105cu powa\u017cnie zastanawiam si\u0119 nad \u015bmierci\u0105? Czy ta refleksja mnie zmienia?<br \/>\n&#8211; Czy nie \u017cyj\u0119 tak, jakby \u015bmier\u0107 by\u0142a daleko, zapominaj\u0105c, \u017ce mog\u0119 umrze\u0107 nawet dzisiaj?<\/p>\n<p><strong>4. Konkretne przygotowanie i decyzje<br \/>\n<\/strong>&#8211; Skoro do wa\u017cnych wydarze\u0144 w \u017cyciu przygotowuj\u0119 si\u0119 powa\u017cnie, czy zdaj\u0119 sobie spraw\u0119, \u017ce \u015bmier\u0107 jest najwa\u017cniejszym wydarzeniem mojego \u017cycia, do kt\u00f3rego musz\u0119 si\u0119 przygotowa\u0107 z najwi\u0119ksz\u0105 staranno\u015bci\u0105?<br \/>\n&#8211; Czy przygotowuj\u0119 si\u0119 konkretnie na spotkanie z Bogiem?<br \/>\n&#8211; Czy nie odk\u0142adam zawsze wa\u017cnych decyzji, zostawiaj\u0105c wszystko na \u201ejutro\u201d?<br \/>\n&#8211; Co zrobi\u0119 jeszcze dzisiaj, aby by\u0107 bardziej gotowym?<\/p>\n<p><strong>5. Walka z grzechem w \u015bwietle \u015bmierci<br \/>\n<\/strong>&#8211; Czy w pokusach my\u015bl\u0119 o tym, \u017ce m\u00f3g\u0142bym umrze\u0107 zaraz po nich? Czy ta my\u015bl pomaga mi oprze\u0107 si\u0119 z\u0142u?<br \/>\n&#8211; Czy powa\u017cnie walcz\u0119 z moimi na\u0142ogowymi grzechami?<br \/>\n&#8211; Czy nie pob\u0142a\u017cam sobie, my\u015bl\u0105c, \u017ce \u201eto nic takiego\u201d?<br \/>\n&#8211; Czy nie lekcewa\u017c\u0119 niebezpiecze\u0144stwa grzechu, wiedz\u0105c, \u017ce kto umiera w grzechu \u015bmiertelnym, idzie na ca\u0142\u0105 wieczno\u015b\u0107 do Piek\u0142a?<\/p>\n<p><strong>6. Oderwanie od \u015bwiata i wykorzystanie czasu<br \/>\n<\/strong>&#8211; Czy my\u015bl o \u015bmierci pomaga mi oderwa\u0107 si\u0119 od pr\u00f3\u017cno\u015bci i od tego, co oddala mnie od Boga?<br \/>\n&#8211; Czy nie przywi\u0105za\u0142em si\u0119 zbytnio do \u015bwiata?<br \/>\n&#8211; Czy nie \u017cyj\u0119 tak, jakbym mia\u0142 tu zosta\u0107 na zawsze?<br \/>\n&#8211; Czy kr\u00f3tko\u015b\u0107 \u017cycia sk\u0142ania mnie do dobrego prze\u017cywania ka\u017cdego dnia?<br \/>\n&#8211; Czy dobrze wykorzystuj\u0119 czas, kt\u00f3ry daje mi B\u00f3g? Czy nie marnuj\u0119 czasu na rzeczy niepotrzebne?<br \/>\n&#8211; Czy staram si\u0119 czyni\u0107 dobro ka\u017cdego dnia?<br \/>\n&#8211; Czy nie odk\u0142adam tego, co wa\u017cne?<br \/>\n&#8211; Czy nie \u017cyj\u0119 bez wiecznego celu?<\/p>\n<p><strong>7. Relacje, przebaczenie i mi\u0142o\u015b\u0107<br \/>\n<\/strong>&#8211; Czy \u017cyj\u0119 w pokoju ze wszystkimi, czy przebaczy\u0142em tym, kt\u00f3rzy mnie skrzywdzili, i czy poprosi\u0142em o przebaczenie, gdy by\u0142o to konieczne?<br \/>\n&#8211; Czy nie odk\u0142adam pojednania i nie ryzykuj\u0119, \u017ce stan\u0119 przed Bogiem z zamkni\u0119tym sercem?<br \/>\n&#8211; Czy czyni\u0119 dobro, kiedy mog\u0119, nie odk\u0142adaj\u0105c mi\u0142o\u015bci, kt\u00f3r\u0105 mog\u0119 okaza\u0107 dzisiaj?<\/p>\n<p><strong>8. Relacja z Bogiem i nadzieja<br \/>\n<\/strong>&#8211; Czy \u017cyj\u0119 w przyja\u017ani z Bogiem, modl\u0105c si\u0119 codziennie i zawierzaj\u0105c Mu siebie?<br \/>\n&#8211; Czy nie przypominam sobie o Bogu tylko w potrzebie lub nie \u017cyj\u0119 z dala od Niego?<br \/>\n&#8211; Czy mam pok\u00f3j w sercu, my\u015bl\u0105c o \u015bmierci?<br \/>\n&#8211; Czy ufam Jego mi\u0142osierdziu i \u017cyj\u0119 chrze\u015bcija\u0144sk\u0105 nadziej\u0105, nie trac\u0105c nadziei na zbawienie?<\/p>\n<p><strong>9. Ci\u0105g\u0142a czujno\u015b\u0107 i przygotowanie na wieczno\u015b\u0107<br \/>\n<\/strong>&#8211; Czy prze\u017cywam ka\u017cdy dzie\u0144 jako przygotowanie na spotkanie z Bogiem, utrzymuj\u0105c swoj\u0105 dusz\u0119 w gotowo\u015bci?<br \/>\n&#8211; Czy jestem got\u00f3w umrze\u0107 w ka\u017cdej chwili? Czy utrzymuj\u0119 swoj\u0105 dusz\u0119 w gotowo\u015bci?<br \/>\n&#8211; Czy pami\u0119tam o Bogu w ci\u0105gu dnia, czy \u017cyj\u0119 tak, jakby Boga nie by\u0142o? Czy \u017cyj\u0119 czujnie?<br \/>\n&#8211; Czy nie \u0142udz\u0119 si\u0119, \u017ce zawsze mam czas, i nie \u017cyj\u0119 rozproszony i nieprzygotowany?<br \/>\n&#8211; Czy uporz\u0105dkowa\u0142em r\u00f3wnie\u017c sprawy praktyczne, takie jak testament?<\/p>\n","protected":false},"excerpt":{"rendered":"<p>&nbsp; 1. Stan mojej duszy przed Bogiem &#8211; Czy jestem w stanie \u0142aski u\u015bwi\u0119caj\u0105cej, czy&#8230;<\/p>\n","protected":false},"author":1,"featured_media":52371,"parent":0,"menu_order":0,"comment_status":"closed","ping_status":"closed","template":"","meta":{"iawp_total_views":1,"footnotes":""},"class_list":["post-52379","page","type-page","status-publish","has-post-thumbnail","hentry"],"_links":{"self":[{"href":"https:\/\/www.donbosco.press\/pl\/wp-json\/wp\/v2\/pages\/52379","targetHints":{"allow":["GET"]}}],"collection":[{"href":"https:\/\/www.donbosco.press\/pl\/wp-json\/wp\/v2\/pages"}],"about":[{"href":"https:\/\/www.donbosco.press\/pl\/wp-json\/wp\/v2\/types\/page"}],"author":[{"embeddable":true,"href":"https:\/\/www.donbosco.press\/pl\/wp-json\/wp\/v2\/users\/1"}],"replies":[{"embeddable":true,"href":"https:\/\/www.donbosco.press\/pl\/wp-json\/wp\/v2\/comments?post=52379"}],"version-history":[{"count":2,"href":"https:\/\/www.donbosco.press\/pl\/wp-json\/wp\/v2\/pages\/52379\/revisions"}],"predecessor-version":[{"id":52392,"href":"https:\/\/www.donbosco.press\/pl\/wp-json\/wp\/v2\/pages\/52379\/revisions\/52392"}],"wp:featuredmedia":[{"embeddable":true,"href":"https:\/\/www.donbosco.press\/pl\/wp-json\/wp\/v2\/media\/52371"}],"wp:attachment":[{"href":"https:\/\/www.donbosco.press\/pl\/wp-json\/wp\/v2\/media?parent=52379"}],"curies":[{"name":"wp","href":"https:\/\/api.w.org\/{rel}","templated":true}]}}