{"id":52301,"date":"2026-03-30T07:32:43","date_gmt":"2026-03-30T07:32:43","guid":{"rendered":"https:\/\/www.donbosco.press\/?page_id=52301"},"modified":"2026-03-30T07:33:12","modified_gmt":"2026-03-30T07:33:12","slug":"rachunek-sumienia-ze-srodkow-do-swietosci","status":"publish","type":"page","link":"https:\/\/www.donbosco.press\/pl\/rachunek-sumienia-ze-srodkow-do-swietosci\/","title":{"rendered":"Rachunek sumienia ze \u015brodk\u00f3w do \u015bwi\u0119to\u015bci"},"content":{"rendered":"<p>&nbsp;<\/p>\n<p><strong>1. Cel \u017cycia i pragnienie \u015bwi\u0119to\u015bci<br \/>\n<\/strong>&#8211; Czy naprawd\u0119 moim celem \u017cyciowym jest zostanie \u015bwi\u0119tym (tylko \u015bwi\u0119ci wchodz\u0105 do Raju)?<br \/>\n&#8211; Czy moje \u017cycie pokazuje, \u017ce jestem uczniem Chrystusa?<br \/>\n&#8211; Czy mam jasne priorytety (B\u00f3g, rodzina, praca) i \u017cyj\u0119 nimi z wierno\u015bci\u0105?<br \/>\n&#8211; Czy nie \u017cyj\u0119 powierzchownie, bez prawdziwego kierunku?<br \/>\n&#8211; Czy \u017cyj\u0119 z my\u015bl\u0105 o \u017cyciu wiecznym?<br \/>\n&#8211; Czy interpretuj\u0119 to, co robi\u0119, w \u015bwietle wieczno\u015bci?<\/p>\n<p><strong>2. Modlitwa i relacja z Bogiem<br \/>\n<\/strong>&#8211; Czy codziennie po\u015bwi\u0119cam czas na bycie z Bogiem na modlitwie?<br \/>\n&#8211; Czy modl\u0119 si\u0119 sercem, chwal\u0105c, dzi\u0119kuj\u0105c i prosz\u0105c o przebaczenie?<br \/>\n&#8211; Czy modl\u0119 si\u0119 tylko po to, by prosi\u0107, a co gorsza, \u017c\u0105da\u0107?<br \/>\n&#8211; Czy potrafi\u0119 milcze\u0107 przed Bogiem, aby Go s\u0142ucha\u0107?<br \/>\n&#8211; Czy wstawiam si\u0119 za moj\u0105 rodzin\u0119, za Ko\u015bci\u00f3\u0142, za \u015bwiat?<br \/>\n&#8211; Czy prosz\u0119 Boga, aby pozwoli\u0142 mi pozna\u0107 samego siebie?<\/p>\n<p><strong>3. Spowied\u017a<br \/>\n<\/strong>&#8211; Czy spowiadam si\u0119 regularnie, ze szczero\u015bci\u0105 i \u017calem?<br \/>\n&#8211; Czy dobrze przygotowuj\u0119 si\u0119 do rachunku sumienia?<br \/>\n&#8211; Czy mam sta\u0142ego spowiednika, kt\u00f3ry pomaga mi wzrasta\u0107?<br \/>\n&#8211; Czy unikam okazji do grzechu (\u015brodowisk, nawyk\u00f3w, towarzystwa)?<br \/>\n&#8211; Czy widz\u0119 konkretne zmiany w moim \u017cyciu mi\u0119dzy jedn\u0105 spowiedzi\u0105 a drug\u0105?<\/p>\n<p><strong>4. Eucharystia<br \/>\n<\/strong>&#8211; Czy uczestnicz\u0119 we Mszy z wiar\u0105 i uwag\u0105?<br \/>\n&#8211; Czy dobrze przygotowuj\u0119 si\u0119 do Komunii i dzi\u0119kuj\u0119 Panu po jej przyj\u0119ciu?<br \/>\n&#8211; Czy nie przyjmuj\u0119 Komunii w spos\u00f3b rutynowy, bez owoc\u00f3w w moim \u017cyciu?<\/p>\n<p><strong>5. S\u0142owo Bo\u017ce i formacja<br \/>\n<\/strong>&#8211; Czy czytam i medytuj\u0119 S\u0142owo Bo\u017ce?<br \/>\n&#8211; Czy pog\u0142\u0119biam swoj\u0105 wiar\u0119 przez Bibli\u0119, Katechizm i dobre lektury?<br \/>\n&#8211; Czy wprowadzam w \u017cycie to, co s\u0142ysz\u0119, czy pozostaj\u0119 w miejscu, nie wzrastaj\u0105c?<\/p>\n<p><strong>6. Walka duchowa i nawr\u00f3cenie<br \/>\n<\/strong>&#8211; Czy walcz\u0119 ze swoimi wadami z zaanga\u017cowaniem i staram si\u0119 unika\u0107 grzechu i jego okazji?<br \/>\n&#8211; Czy podnosz\u0119 si\u0119 po upadkach, nie przyzwyczajaj\u0105c si\u0119 do grzechu?<br \/>\n&#8211; Czy nie odk\u0142adam nawr\u00f3cenia?<br \/>\n&#8211; Czy nie usprawiedliwiam si\u0119, zamiast si\u0119 zmienia\u0107?<\/p>\n<p><strong>7. Krzy\u017c i ofiara<br \/>\n<\/strong>&#8211; Czy akceptuj\u0119 trudno\u015bci i cierpienia jako cz\u0119\u015b\u0107 mojego \u017cycia chrze\u015bcija\u0144skiego, a tak\u017ce jako okazj\u0119 do wzrostu?<br \/>\n&#8211; Czy \u0142\u0105cz\u0119 swoje trudy z trudami Chrystusa, ofiarowuj\u0105c Mu cierpienia, choroby itp.?<br \/>\n&#8211; Czy nie odrzucam krzy\u017ca, szukaj\u0105c zawsze naj\u0142atwiejszej drogi?<br \/>\n&#8211; Czy prosz\u0119 Boga o \u0142ask\u0119 umi\u0142owania krzy\u017ca?<\/p>\n<p><strong>8. Relacje prze\u017cywane w Chrystusie<br \/>\n<\/strong>&#8211; Czy moje relacje s\u0105 szczere, czyste i pe\u0142ne szacunku?<br \/>\n&#8211; Czy prze\u017cywam swoje relacje w \u015bwietle Pana?<br \/>\n&#8211; Czy potrafi\u0119 przebaczy\u0107, gdy zostan\u0119 zraniony, i szukam pojednania z tymi, z kt\u00f3rymi mam nierozwi\u0105zane sprawy?<br \/>\n&#8211; Czy jestem got\u00f3w s\u0142u\u017cy\u0107 innym z mi\u0142o\u015bci do Boga, a nie tylko po to, by dobrze si\u0119 czu\u0107?<\/p>\n<p><strong>9. \u017bycie rodzinne i obowi\u0105zki stanu<br \/>\n<\/strong>&#8211; Czy przyczyniam si\u0119 do tworzenia w rodzinie atmosfery mi\u0142o\u015bci i wiary?<br \/>\n&#8211; Czy wiernie wype\u0142niam swoje obowi\u0105zki jako ojciec, matka, syn\/c\u00f3rka lub osoba konsekrowana?<br \/>\n&#8211; Czy pracuj\u0119 uczciwie i nie zaniedbuj\u0119 codziennych obowi\u0105zk\u00f3w?<\/p>\n<p><strong>10. Apostolstwo i \u015bwiadectwo<br \/>\n<\/strong>&#8211; Czy prowadz\u0119 innych do Pana swoim \u017cyciem i s\u0142owami, gdy jest to stosowne?<br \/>\n&#8211; Czy nie ukrywam swojej wiary z obawy przed os\u0105dem innych?<\/p>\n<p><strong>11. Konkretna mi\u0142o\u015b\u0107 i uczynki mi\u0142osierdzia<br \/>\n<\/strong>&#8211; Czy jestem blisko ubogich, chorych i obcych, widz\u0105c w nich braci w Chrystusie?<br \/>\n&#8211; Czy potrafi\u0119 pociesza\u0107, upomina\u0107 z mi\u0142o\u015bci\u0105 i dawa\u0107 dobr\u0105 rad\u0119?<br \/>\n&#8211; Czy nie wycofuj\u0119 si\u0119, gdy trzeba co\u015b ofiarowa\u0107 lub uczestniczy\u0107 w dzie\u0142ach Ko\u015bcio\u0142a?<br \/>\n&#8211; Czy nie faworyzuj\u0119 ludzi ze wzgl\u0119du na wygl\u0105d lub sympati\u0119?<\/p>\n<p><strong>12. Wykorzystanie czasu i obecno\u015b\u0107 Boga<br \/>\n<\/strong>&#8211; Czy dobrze wykorzystuj\u0119 czas, daj\u0105c przestrze\u0144 na wa\u017cne rzeczy \u2014 modlitw\u0119, rodzin\u0119, prac\u0119?<br \/>\n&#8211; Czy pami\u0119tam o Bogu w ci\u0105gu dnia i ofiarowuj\u0119 Mu swoje czyny, nawet te najmniejsze?<br \/>\n&#8211; Czy nie oddzielam wiary od konkretnego \u017cycia, wierz\u0105c, \u017ce \u015bwi\u0119to\u015b\u0107 przejawia si\u0119 tak\u017ce w dobrze prze\u017cywanych ma\u0142ych rzeczach?<br \/>\n&#8211; Czy staram si\u0119 wszystko robi\u0107 z mi\u0142o\u015bci do Boga?<\/p>\n","protected":false},"excerpt":{"rendered":"<p>&nbsp; 1. Cel \u017cycia i pragnienie \u015bwi\u0119to\u015bci &#8211; Czy naprawd\u0119 moim celem \u017cyciowym jest zostanie&#8230;<\/p>\n","protected":false},"author":1,"featured_media":52293,"parent":0,"menu_order":0,"comment_status":"closed","ping_status":"closed","template":"","meta":{"iawp_total_views":0,"footnotes":""},"class_list":["post-52301","page","type-page","status-publish","has-post-thumbnail","hentry"],"_links":{"self":[{"href":"https:\/\/www.donbosco.press\/pl\/wp-json\/wp\/v2\/pages\/52301","targetHints":{"allow":["GET"]}}],"collection":[{"href":"https:\/\/www.donbosco.press\/pl\/wp-json\/wp\/v2\/pages"}],"about":[{"href":"https:\/\/www.donbosco.press\/pl\/wp-json\/wp\/v2\/types\/page"}],"author":[{"embeddable":true,"href":"https:\/\/www.donbosco.press\/pl\/wp-json\/wp\/v2\/users\/1"}],"replies":[{"embeddable":true,"href":"https:\/\/www.donbosco.press\/pl\/wp-json\/wp\/v2\/comments?post=52301"}],"version-history":[{"count":2,"href":"https:\/\/www.donbosco.press\/pl\/wp-json\/wp\/v2\/pages\/52301\/revisions"}],"predecessor-version":[{"id":52313,"href":"https:\/\/www.donbosco.press\/pl\/wp-json\/wp\/v2\/pages\/52301\/revisions\/52313"}],"wp:featuredmedia":[{"embeddable":true,"href":"https:\/\/www.donbosco.press\/pl\/wp-json\/wp\/v2\/media\/52293"}],"wp:attachment":[{"href":"https:\/\/www.donbosco.press\/pl\/wp-json\/wp\/v2\/media?parent=52301"}],"curies":[{"name":"wp","href":"https:\/\/api.w.org\/{rel}","templated":true}]}}