{"id":52274,"date":"2026-03-30T07:22:32","date_gmt":"2026-03-30T07:22:32","guid":{"rendered":"https:\/\/www.donbosco.press\/?page_id=52274"},"modified":"2026-03-30T07:23:27","modified_gmt":"2026-03-30T07:23:27","slug":"rachunek-sumienia-z-wad-charakteru","status":"publish","type":"page","link":"https:\/\/www.donbosco.press\/pl\/rachunek-sumienia-z-wad-charakteru\/","title":{"rendered":"Rachunek sumienia z wad charakteru"},"content":{"rendered":"<p>&nbsp;<\/p>\n<p><strong>1. Nienawi\u015b\u0107, nietolerancja i rasizm<br \/>\n<\/strong>&#8211; Czy traktowa\u0142em kogo\u015b, jakby by\u0142 mniej wart, poniewa\u017c jest innej rasy, kultury lub religii?<br \/>\n&#8211; Czy zdaj\u0119 sobie spraw\u0119, \u017ce nikt nie wybra\u0142 koloru sk\u00f3ry ani kraju, w kt\u00f3rym si\u0119 urodzi\u0142?<br \/>\n&#8211; Czy odrzuci\u0142em lub pogardzi\u0142em kim\u015b tylko dlatego, \u017ce jest inny ode mnie?<br \/>\n&#8211; Czy zamykam si\u0119 na tych, kt\u00f3rzy my\u015bl\u0105 inaczej ni\u017c ja?<\/p>\n<p><strong>2. Gniew, uraza i brak przebaczenia<br \/>\n<\/strong>&#8211; Czy nienawidzi\u0142em lub \u017cyczy\u0142em z\u0142a komu\u015b, kto mnie skrzywdzi\u0142?<br \/>\n&#8211; Czy d\u0142ugo chowam uraz\u0119?<br \/>\n&#8211; Czy ciesz\u0119 si\u0119 w duchu, gdy komu\u015b, kto mnie zrani\u0142, \u017ale si\u0119 powodzi?<br \/>\n&#8211; Czy mszcz\u0119 si\u0119 s\u0142owami, milczeniem lub postaw\u0105?<br \/>\n&#8211; Czy nie \u017cywi\u0119 urazy do jakiej\u015b osoby, grupy, instytucji lub idei?<br \/>\n&#8211; Czy \u0142atwo wpadam w gniew?<br \/>\n&#8211; Czy zdaj\u0119 sobie spraw\u0119, \u017ce jestem zobowi\u0105zany przebacza\u0107, poniewa\u017c B\u00f3g pierwszy mi przebaczy\u0142 (\u201e<em>lecz je\u015bli nie przebaczycie ludziom, i Ojciec wasz nie przebaczy wam waszych przewinie\u0144<\/em>\u201d, Mt 6,15)?<\/p>\n<p><strong>3. Pycha i duma<br \/>\n<\/strong>&#8211; Czy zawsze chc\u0119 mie\u0107 racj\u0119 i nigdy nie przyznaj\u0119 si\u0119 do b\u0142\u0119du?<br \/>\n&#8211; Czy nie czuj\u0119 si\u0119 lepszy od innych?<br \/>\n&#8211; Czy m\u00f3wi\u0119 \u017ale o innych, aby ich umniejszy\u0107 lub zniszczy\u0107?<br \/>\n&#8211; Czy nie usprawiedliwiam swoich b\u0142\u0119d\u00f3w, byle tylko nie powiedzie\u0107 \u201epope\u0142ni\u0142em b\u0142\u0105d\u201d?<br \/>\n&#8211; Czy nie pr\u00f3buj\u0119 wydawa\u0107 si\u0119 lepszym, ni\u017c jestem?<br \/>\n&#8211; Kiedy kto\u015b mnie poprawia, czy nie denerwuj\u0119 si\u0119 lub nie czuj\u0119 si\u0119 zraniony?<\/p>\n<p><strong>4. Egoizm i brak mi\u0142o\u015bci<br \/>\n<\/strong>&#8211; Czy my\u015bl\u0119 zawsze i tylko o swoim interesie, nawet kosztem innych?<br \/>\n&#8211; Czy dostrzegam potrzeby tych, kt\u00f3rzy s\u0105 blisko mnie?<br \/>\n&#8211; Czy obwiniam innych za swoje b\u0142\u0119dy, zamiast wzi\u0105\u0107 za nie odpowiedzialno\u015b\u0107?<\/p>\n<p><strong>5. Zazdro\u015b\u0107 i obmowa<br \/>\n<\/strong>&#8211; Czy odczuwam irytacj\u0119 lub zazdro\u015b\u0107, gdy innym dobrze si\u0119 powodzi?<br \/>\n&#8211; Czy m\u00f3wi\u0119 \u017ale o kim\u015b lub go wy\u015bmiewam z zazdro\u015bci?<br \/>\n&#8211; Czy nie por\u00f3wnuj\u0119 ci\u0105gle swojego \u017cycia z \u017cyciem innych?<br \/>\n&#8211; Czy zdaj\u0119 sobie spraw\u0119, \u017ce zazdro\u015b\u0107 jest r\u00f3wnie\u017c skutkiem braku wdzi\u0119czno\u015bci za to, co mam?<br \/>\n&#8211; Czy nie m\u00f3wi\u0119 \u017ale o innych za ich plecami?<br \/>\n&#8211; Czy nie wyolbrzymiam wad innych?<br \/>\n&#8211; Czy os\u0105dzam, nie znaj\u0105c prawdy?<br \/>\n&#8211; Czy nie szukam zawsze negatywnej strony w ludziach?<br \/>\n&#8211; Czy u\u017cywam s\u0142\u00f3w, by rani\u0107 lub dyskredytowa\u0107?<\/p>\n<p><strong>6. Hipokryzja i dwulicowo\u015b\u0107<br \/>\n<\/strong>&#8211; Czy na zewn\u0105trz pokazuj\u0119 jedn\u0105 twarz, a w domu inn\u0105?<br \/>\n&#8211; Czy to, co pokazuj\u0119 innym, naprawd\u0119 odpowiada temu, kim jestem?<br \/>\n&#8211; Czy nie wykonuj\u0119 dobrych gest\u00f3w tylko na pokaz, ukrywaj\u0105c swoje prawdziwe wady?<\/p>\n<p><strong>7. Samousprawiedliwienie i brak szczero\u015bci<br \/>\n<\/strong>&#8211; Czy zawsze si\u0119 usprawiedliwiam, zamiast naprawd\u0119 si\u0119 zmieni\u0107?<br \/>\n&#8211; Czy m\u00f3wi\u0119 \u201eod jutra si\u0119 zmieni\u0119\u201d, ale potem nic nie robi\u0119?<br \/>\n&#8211; Czy zawsze dochodz\u0119 do wniosk\u00f3w, kt\u00f3re s\u0105 dla mnie najwygodniejsze?<\/p>\n<p><strong>8. Niecierpliwo\u015b\u0107 i przewra\u017cliwienie<br \/>\n<\/strong>&#8211; Czy \u0142atwo si\u0119 irytuj\u0119 w codziennych sytuacjach?<br \/>\n&#8211; Czy \u0142atwo si\u0119 obra\u017cam lub od razu \u017ale my\u015bl\u0119 o innych?<br \/>\n&#8211; Czy nie zapominam o swoich wadach, gdy os\u0105dzam wady innych?<\/p>\n<p><strong>9. L\u0119k, strach i brak zaufania do Boga<br \/>\n<\/strong>&#8211; Czy cz\u0119sto \u017cyj\u0119 w l\u0119ku i zmartwieniu, nie zawierzaj\u0105c si\u0119 Bogu?<br \/>\n&#8211; Czy nie mam przesadnych l\u0119k\u00f3w o przysz\u0142o\u015b\u0107?<br \/>\n&#8211; Kiedy jestem niespokojny, szukam Boga czy zamykam si\u0119 w sobie?<\/p>\n<p><strong>10. Narzekanie i u\u017calanie si\u0119 nad sob\u0105<br \/>\n<\/strong>&#8211; Czy ci\u0105gle narzekam i widz\u0119 bardziej to, czego mi brakuje, ni\u017c to, co mam?<br \/>\n&#8211; Czy nie czuj\u0119 si\u0119 cz\u0119sto ofiar\u0105 sytuacji lub nie jestem przekonany, \u017ce nikt mnie nie kocha?<\/p>\n<p><strong>11. Przywi\u0105zanie do d\u00f3br i lenistwo<br \/>\n<\/strong>&#8211; Czy jestem zbyt przywi\u0105zany do wyg\u00f3d i \u017cyj\u0119 z ma\u0142ym duchem ofiary?<br \/>\n&#8211; Czy odk\u0142adam to, co mam zrobi\u0107, i zawsze szukam naj\u0142atwiejszej drogi?<br \/>\n&#8211; Czy unikam zobowi\u0105za\u0144, kt\u00f3re wymagaj\u0105 wysi\u0142ku?<\/p>\n<p><strong>12. Zaniedbanie \u017cycia duchowego<br \/>\n<\/strong>&#8211; Czy zaniedbuj\u0119 modlitw\u0119 i sakramenty?<br \/>\n&#8211; Czy prze\u017cywam wiar\u0119 tylko powierzchownie, nie pozwalaj\u0105c, by naprawd\u0119 zmieni\u0142a m\u00f3j charakter?<br \/>\n&#8211; Czy pami\u0119tam o Bogu w ci\u0105gu dnia?<br \/>\n&#8211; Czy naprawd\u0119 wierz\u0119, \u017ce nawet najmniejsze rzeczy uczynione z mi\u0142o\u015bci do Boga maj\u0105 warto\u015b\u0107?<\/p>\n","protected":false},"excerpt":{"rendered":"<p>&nbsp; 1. Nienawi\u015b\u0107, nietolerancja i rasizm &#8211; Czy traktowa\u0142em kogo\u015b, jakby by\u0142 mniej wart, poniewa\u017c&#8230;<\/p>\n","protected":false},"author":1,"featured_media":52268,"parent":0,"menu_order":0,"comment_status":"closed","ping_status":"closed","template":"","meta":{"iawp_total_views":3,"footnotes":""},"class_list":["post-52274","page","type-page","status-publish","has-post-thumbnail","hentry"],"_links":{"self":[{"href":"https:\/\/www.donbosco.press\/pl\/wp-json\/wp\/v2\/pages\/52274","targetHints":{"allow":["GET"]}}],"collection":[{"href":"https:\/\/www.donbosco.press\/pl\/wp-json\/wp\/v2\/pages"}],"about":[{"href":"https:\/\/www.donbosco.press\/pl\/wp-json\/wp\/v2\/types\/page"}],"author":[{"embeddable":true,"href":"https:\/\/www.donbosco.press\/pl\/wp-json\/wp\/v2\/users\/1"}],"replies":[{"embeddable":true,"href":"https:\/\/www.donbosco.press\/pl\/wp-json\/wp\/v2\/comments?post=52274"}],"version-history":[{"count":2,"href":"https:\/\/www.donbosco.press\/pl\/wp-json\/wp\/v2\/pages\/52274\/revisions"}],"predecessor-version":[{"id":52287,"href":"https:\/\/www.donbosco.press\/pl\/wp-json\/wp\/v2\/pages\/52274\/revisions\/52287"}],"wp:featuredmedia":[{"embeddable":true,"href":"https:\/\/www.donbosco.press\/pl\/wp-json\/wp\/v2\/media\/52268"}],"wp:attachment":[{"href":"https:\/\/www.donbosco.press\/pl\/wp-json\/wp\/v2\/media?parent=52274"}],"curies":[{"name":"wp","href":"https:\/\/api.w.org\/{rel}","templated":true}]}}