{"id":4638,"date":"2022-10-10T19:23:11","date_gmt":"2022-10-10T19:23:11","guid":{"rendered":"https:\/\/exciting-knuth.178-32-140-152.plesk.page\/wspieraj-nas\/"},"modified":"2026-03-26T08:32:06","modified_gmt":"2026-03-26T08:32:06","slug":"wspolpracuj-z-nami","status":"publish","type":"page","link":"https:\/\/www.donbosco.press\/pl\/wspolpracuj-z-nami\/","title":{"rendered":"Wsp\u00f3\u0142pracuj z nami"},"content":{"rendered":"\r\n<p><strong>Pom\u00f3\u017c nam kontynuowa\u0107 dzie\u0142o rozpocz\u0119te przez ksi\u0119dza Bosko.<\/strong><\/p>\r\n\r\n\r\n\r\n<div class=\"wp-block-media-text is-stacked-on-mobile is-vertically-aligned-center has-background\" style=\"background-color: #fbfbfb; grid-template-columns: 15% auto;\">\r\n<figure class=\"wp-block-media-text__media\"><img loading=\"lazy\" decoding=\"async\" width=\"256\" height=\"256\" class=\"wp-image-2608 size-full\" src=\"https:\/\/www.donbosco.press\/wp-content\/uploads\/2022\/10\/collabora_01-prega-g.png\" alt=\"\" srcset=\"https:\/\/www.donbosco.press\/wp-content\/uploads\/2022\/10\/collabora_01-prega-g.png 256w, https:\/\/www.donbosco.press\/wp-content\/uploads\/2022\/10\/collabora_01-prega-g-150x150.png 150w\" sizes=\"auto, (max-width: 256px) 100vw, 256px\" \/><\/figure>\r\n<div class=\"wp-block-media-text__content\">\r\n<div class=\"wp-block-group\" style=\"padding: 2em;\"><div class=\"wp-block-group__inner-container is-layout-flow wp-block-group-is-layout-flow\">\r\n<p style=\"font-size: 26px; line-height: 1.2;\"><strong>Pom\u00f3dl si\u0119<\/strong><\/p>\r\n\r\n\r\n\r\n<p style=\"font-size: 16px;\">Mo\u017cesz wsp\u00f3\u0142pracowa\u0107 przede wszystkim modl\u0105c si\u0119.<br \/>Tak, z modlitw\u0105. M\u00f3dl si\u0119, aby Pan uczyni\u0142 serca wra\u017cliwymi i dost\u0119pnymi dla zdrowej edukacji dzieci i m\u0142odzie\u017cy. To oni s\u0105 przysz\u0142o\u015bci\u0105 ludzko\u015bci.<\/p>\r\n<\/div><\/div>\r\n<\/div>\r\n<\/div>\r\n\r\n\r\n\r\n<div class=\"wp-block-media-text has-media-on-the-right is-stacked-on-mobile is-vertically-aligned-center has-background\" style=\"background-color: #f5f5f5; grid-template-columns: auto 15%;\">\r\n<div class=\"wp-block-media-text__content\">\r\n<div class=\"wp-block-group\" style=\"padding: 2em;\"><div class=\"wp-block-group__inner-container is-layout-flow wp-block-group-is-layout-flow\">\r\n<p style=\"font-size: 26px; line-height: 1.2;\"><strong><strong>Wy\u015blij nam materia\u0142y<\/strong><\/strong><\/p>\r\n\r\n\r\n\r\n<p style=\"font-size: 16px;\">Prze\u015blij nam wa\u017cne materia\u0142y dla realizacji naszych cel\u00f3w (tekst, zdj\u0119cia, audio, wideo) bez praw autorskich lub z wyra\u017an\u0105, pisemn\u0105 zgod\u0105.<\/p>\r\n<\/div><\/div>\r\n\r\n\r\n\r\n<div class=\"wp-block-buttons is-layout-flex wp-block-buttons-is-layout-flex\">\r\n<div class=\"wp-block-button is-style-shadow\"><a class=\"wp-block-button__link wp-element-button\" href=\"mailto:bsol@sdb.org\">Prosz\u0119 wys\u0142a\u0107 e-mail:<\/a><\/div>\r\n<\/div>\r\n\r\n\r\n\r\n<p>&nbsp;<\/p>\r\n<\/div>\r\n<figure class=\"wp-block-media-text__media\"><img loading=\"lazy\" decoding=\"async\" width=\"256\" height=\"256\" class=\"wp-image-2652 size-full\" src=\"https:\/\/www.donbosco.press\/wp-content\/uploads\/2022\/10\/collabora_03-inviaci_del_materiale-g.png\" alt=\"\" srcset=\"https:\/\/www.donbosco.press\/wp-content\/uploads\/2022\/10\/collabora_03-inviaci_del_materiale-g.png 256w, https:\/\/www.donbosco.press\/wp-content\/uploads\/2022\/10\/collabora_03-inviaci_del_materiale-g-150x150.png 150w\" sizes=\"auto, (max-width: 256px) 100vw, 256px\" \/><\/figure>\r\n<\/div>\r\n\r\n\r\n\r\n<div class=\"wp-block-media-text is-stacked-on-mobile is-vertically-aligned-center has-background\" style=\"background-color: #fbfbfb; grid-template-columns: 15% auto;\">\r\n<figure class=\"wp-block-media-text__media\"><img loading=\"lazy\" decoding=\"async\" width=\"256\" height=\"256\" class=\"wp-image-2645 size-full\" src=\"https:\/\/www.donbosco.press\/wp-content\/uploads\/2022\/10\/collabora_02-facci_conoscere-g.png\" alt=\"\" srcset=\"https:\/\/www.donbosco.press\/wp-content\/uploads\/2022\/10\/collabora_02-facci_conoscere-g.png 256w, https:\/\/www.donbosco.press\/wp-content\/uploads\/2022\/10\/collabora_02-facci_conoscere-g-150x150.png 150w\" sizes=\"auto, (max-width: 256px) 100vw, 256px\" \/><\/figure>\r\n<div class=\"wp-block-media-text__content\">\r\n<div class=\"wp-block-group is-vertical is-layout-flex wp-container-core-group-is-layout-f60545a1 wp-block-group-is-layout-flex\" style=\"padding: 2em;\">\r\n<p style=\"font-size: 26px; line-height: 1.2;\"><strong><strong>Daj zna\u0107 innym<\/strong><\/strong><\/p>\r\n\r\n\r\n\r\n<p>&nbsp;<\/p>\r\n\r\n\r\n\r\n<p style=\"font-size: 16px;\">Wy\u015blij znajomemu link do naszego biuletynu online: <a class=\"ek-link\" href=\"https:\/\/www.donbosco.press\/pl\">https:\/\/www.donbosco.press\/pl<\/a><\/p>\r\n\r\n\r\n\r\n<div class=\"wp-block-group\"><div class=\"wp-block-group__inner-container is-layout-flow wp-block-group-is-layout-flow\">\r\n<div class=\"wp-block-buttons is-vertical is-content-justification-space-between is-layout-flex wp-container-core-buttons-is-layout-2f00920f wp-block-buttons-is-layout-flex\">\u00a0<\/div>\r\n<\/div><\/div>\r\n<\/div>\r\n<\/div>\r\n<\/div>\r\n\r\n\r\n\r\n<div class=\"wp-block-media-text has-media-on-the-right is-stacked-on-mobile is-vertically-aligned-center has-background\" style=\"background-color: #f5f5f5; grid-template-columns: auto 15%;\">\r\n<div class=\"wp-block-media-text__content\">\r\n<div class=\"wp-block-group is-vertical is-layout-flex wp-container-core-group-is-layout-f60545a1 wp-block-group-is-layout-flex\" style=\"padding: 2em;\">\r\n<p style=\"font-size: 26px; line-height: 1.2;\"><strong><strong><strong>Wesprzyj nas darowizn\u0105<\/strong><\/strong><\/strong><\/p>\r\n\r\n\r\n\r\n<p>Wesprzyj potrzeby misji salezja\u0144skich wspieranych przez Ksi\u0119dza Genera\u0142a lub potrzeby <em>Biuletynu Salezja\u0144skiego OnLine<\/em>, wskazuj\u0105c w tytule: &#8222;dla misji salezja\u0144skich wspieranych przez Ksi\u0119dza Genera\u0142a&#8221; lub &#8222;dla Biuletynu Salezja\u0144skiego OnLine&#8221;. Je\u017celi nie interesuj\u0105 Pa\u0144stwa odliczenia lub potr\u0105cenia rachunku bankowego, prosz\u0119 przej\u015b\u0107 do pierwszej pozycji; w przeciwnym razie do drugiej.<br \/><br \/><strong>1. Dla wolnych datk\u00f3w:<br \/><em>Direzione Generale Opere Don Bosco<\/em><\/strong><br \/>NIP: 80017750581<br \/>Adres: via Marsala 42, 00185 Rzym, W\u0142ochy<br \/>Certyfikowana poczta elektroniczna: ammdgdonbosco @ pec.it<br \/>Banca Popolare di Sondrio (Popularny Bank Sondrio)<br \/>IBAN: IT54O0569603202000004655X77<br \/>SWIFT \/ BIC: POSOIT22<br \/><br \/><strong>2. Dla wp\u0142yw\u00f3w z tytu\u0142u ulg podatkowych (odlicze\u0144) od darowizn:<br \/><em>Fondazione Don Bosco nel Mondo<\/em><\/strong><br \/>NIP: 97210180580<br \/>Adres: via Marsala 42, 00185 Rzym, W\u0142ochy<br \/>Certyfikowana poczta elektroniczna: ammfdbnm @ pec.it<br \/>W jednym z preferowanych przez Pa\u0144stwa tryb\u00f3w:<\/p>\r\n\r\n\r\n\r\n<div class=\"wp-block-group\"><div class=\"wp-block-group__inner-container is-layout-flow wp-block-group-is-layout-flow\">\r\n<div class=\"wp-block-buttons is-layout-flex wp-block-buttons-is-layout-flex\">\r\n<div class=\"wp-block-button is-style-shadow\"><a class=\"wp-block-button__link wp-element-button\" href=\"https:\/\/www.donbosconelmondo.org\/wesprzyj-nas-pl\/\" target=\"_blank\" rel=\"noreferrer noopener\">Darowizna&#8230;<\/a><\/div>\r\n<\/div>\r\n<\/div><\/div>\r\n<\/div>\r\n<\/div>\r\n<figure class=\"wp-block-media-text__media\"><img loading=\"lazy\" decoding=\"async\" width=\"256\" height=\"256\" class=\"wp-image-2617 size-full\" src=\"https:\/\/www.donbosco.press\/wp-content\/uploads\/2022\/10\/collabora_04-dona-g.png\" alt=\"\" srcset=\"https:\/\/www.donbosco.press\/wp-content\/uploads\/2022\/10\/collabora_04-dona-g.png 256w, https:\/\/www.donbosco.press\/wp-content\/uploads\/2022\/10\/collabora_04-dona-g-150x150.png 150w\" sizes=\"auto, (max-width: 256px) 100vw, 256px\" \/><\/figure>\r\n<\/div>\r\n\r\n\r\n\r\n<div class=\"wp-block-media-text is-stacked-on-mobile is-vertically-aligned-center has-background\" style=\"background-color: #fbfbfb; grid-template-columns: 15% auto;\">\r\n<figure class=\"wp-block-media-text__media\"><img loading=\"lazy\" decoding=\"async\" width=\"256\" height=\"256\" class=\"wp-image-2638 size-full\" src=\"https:\/\/www.donbosco.press\/wp-content\/uploads\/2022\/10\/collabora_06-lascia_una_eredita-v.png\" alt=\"\" srcset=\"https:\/\/www.donbosco.press\/wp-content\/uploads\/2022\/10\/collabora_06-lascia_una_eredita-v.png 256w, https:\/\/www.donbosco.press\/wp-content\/uploads\/2022\/10\/collabora_06-lascia_una_eredita-v-150x150.png 150w\" sizes=\"auto, (max-width: 256px) 100vw, 256px\" \/><\/figure>\r\n<div class=\"wp-block-media-text__content\">\r\n<div class=\"wp-block-group is-vertical is-layout-flex wp-container-core-group-is-layout-f60545a1 wp-block-group-is-layout-flex\" style=\"padding: 2em;\">\r\n<p style=\"font-size: 26px; line-height: 1.2;\"><strong><strong><strong><strong><strong>Pozostaw dziedzictwo<\/strong><\/strong><\/strong><\/strong><\/strong><\/p>\r\n\r\n\r\n\r\n<p style=\"font-size: 16px;\">Czy chcesz pozostawi\u0107 trwa\u0142y \u015blad swojej hojno\u015bci? Przeka\u017c spadek na jego rzecz lub wska\u017c go jako swojego spadkobierc\u0119. Proponujemy kilka formu\u0142.<\/p>\r\n\r\n\r\n\r\n<p style=\"font-size: 16px;\"><em>Je\u015bli jest to spadek:<\/em> &#8222;Zapisuj\u0119 Salezja\u0144skiemu Instytutowi Misyjnemu z siedzib\u0105 w Turynie, via Maria Ausiliatrice 32, CF 00155220494, w drodze spadku, sum\u0119 euro&#8230; lub papiery warto\u015bciowe&#8230; lub budynek po\u0142o\u017cony w&#8230; na cele instytucjonalne Instytucji&#8221;.<\/p>\r\n\r\n\r\n\r\n<p style=\"font-size: 16px;\"><em>Je\u015bli chodzi o wskazanie go jako spadkobiercy:<\/em> &#8222;Uniewa\u017cniam wszystkie moje dotychczasowe dyspozycje testamentowe. Jako mojego jedynego spadkobierc\u0119 wyznaczam Salezja\u0144ski Instytut Misyjny z siedzib\u0105 w Turynie, via Maria Ausiliatrice 32, CF 00155220494, pozostawiaj\u0105c mu wszystko, co nale\u017cy do mnie w jakimkolwiek charakterze, dla cel\u00f3w instytucjonalnych Organizacji&#8221;.<\/p>\r\n\r\n\r\n\r\n<p style=\"font-size: 16px;\">(Miejscowo\u015b\u0107 i data) (Podpis pe\u0142ny i czytelny)<\/p>\r\n\r\n\r\n\r\n<p style=\"font-size: 16px;\">NB. Testament musi by\u0107 napisany w ca\u0142o\u015bci w\u0142asnor\u0119cznie przez spadkodawc\u0119.<\/p>\r\n\r\n\r\n\r\n<p style=\"font-size: 16px;\"><em><strong>Istituto Salesiano per le Missioni (Salezja\u0144ski Instytut Misyjny)<\/strong><\/em><br \/>Via Maria Ausiliatrice 32, 10152 Turyn, W\u0142ochy<br \/>CF: 00155220494<br \/>Tel. <a href=\"tel:390115224248\">+39 011 5224248<\/a><br \/>E-mail: <a href=\"mailto:istitutomissioni@sdb.org\">istitutomissioni@sdb.org<\/a><\/p>\r\n\r\n\r\n\r\n<div class=\"wp-block-group\"><div class=\"wp-block-group__inner-container is-layout-flow wp-block-group-is-layout-flow\">\r\n<div class=\"wp-block-buttons is-layout-flex wp-block-buttons-is-layout-flex\">\u00a0<\/div>\r\n<\/div><\/div>\r\n<\/div>\r\n<\/div>\r\n<\/div>\r\n","protected":false},"excerpt":{"rendered":"<p>Pom\u00f3\u017c nam kontynuowa\u0107 dzie\u0142o rozpocz\u0119te przez ksi\u0119dza Bosko.<\/p>\n","protected":false},"author":1,"featured_media":0,"parent":0,"menu_order":0,"comment_status":"closed","ping_status":"closed","template":"","meta":{"iawp_total_views":43,"footnotes":""},"class_list":["post-4638","page","type-page","status-publish","hentry"],"_links":{"self":[{"href":"https:\/\/www.donbosco.press\/pl\/wp-json\/wp\/v2\/pages\/4638","targetHints":{"allow":["GET"]}}],"collection":[{"href":"https:\/\/www.donbosco.press\/pl\/wp-json\/wp\/v2\/pages"}],"about":[{"href":"https:\/\/www.donbosco.press\/pl\/wp-json\/wp\/v2\/types\/page"}],"author":[{"embeddable":true,"href":"https:\/\/www.donbosco.press\/pl\/wp-json\/wp\/v2\/users\/1"}],"replies":[{"embeddable":true,"href":"https:\/\/www.donbosco.press\/pl\/wp-json\/wp\/v2\/comments?post=4638"}],"version-history":[{"count":3,"href":"https:\/\/www.donbosco.press\/pl\/wp-json\/wp\/v2\/pages\/4638\/revisions"}],"predecessor-version":[{"id":51976,"href":"https:\/\/www.donbosco.press\/pl\/wp-json\/wp\/v2\/pages\/4638\/revisions\/51976"}],"wp:attachment":[{"href":"https:\/\/www.donbosco.press\/pl\/wp-json\/wp\/v2\/media?parent=4638"}],"curies":[{"name":"wp","href":"https:\/\/api.w.org\/{rel}","templated":true}]}}