{"id":4565,"date":"2022-10-10T14:40:28","date_gmt":"2022-10-10T14:40:28","guid":{"rendered":"https:\/\/exciting-knuth.178-32-140-152.plesk.page\/o-nas\/"},"modified":"2026-03-26T08:25:52","modified_gmt":"2026-03-26T08:25:52","slug":"o-nas","status":"publish","type":"page","link":"https:\/\/www.donbosco.press\/pl\/o-nas\/","title":{"rendered":"O nas"},"content":{"rendered":"\r\n<div class=\"wp-block-media-text has-media-on-the-right is-stacked-on-mobile\" style=\"grid-template-columns: auto 56%; margin-top: 0px;\">\r\n<div class=\"wp-block-media-text__content\">\r\n<p class=\"has-text-align-justify\">Biuletyn Salezja\u0144ski jest periodykiem, kt\u00f3rego pomys\u0142odawc\u0105 by\u0142 \u015bw. Jan Bosko. Widz\u0105c, \u017ce jego praca na rzecz biednych i opuszczonych ch\u0142opc\u00f3w szybko si\u0119 rozwija i nie mog\u0105c ju\u017c osobi\u015bcie informowa\u0107 swoich wsp\u00f3\u0142pracownik\u00f3w o post\u0119pie swoich dzia\u0142a\u0144 i przysz\u0142ych pracach, w 1877 roku postanowi\u0142 wykorzysta\u0107 jeden ze \u015brodk\u00f3w spo\u0142ecznego przekazu swoich czas\u00f3w: miesi\u0119czne biuletyny. W ten spos\u00f3b ksi\u0105dz Bosko zapewni\u0142 sobie skuteczny \u015brodek komunikacji, kt\u00f3ry pozwoli\u0142 mu na przekazywanie informacji innym o swoim nowatorskim dziele, a szczeg\u00f3lnie tym, kt\u00f3rzy nigdy o nim nie s\u0142yszeli i tym, kt\u00f3rzy podejrzewali go o z\u0142e intencje. Jego dzie\u0142a mi\u0142osierdzia na rzecz m\u0142odzie\u017cy najbardziej pokrzywdzonej przez los i jego prewencyjna metoda wychowawcza inspirowa\u0142y i o\u017cywia\u0142y zaanga\u017cowanie apostolskie wielu os\u00f3b.<\/p>\r\n<\/div>\r\n<figure class=\"wp-block-media-text__media\"><img loading=\"lazy\" decoding=\"async\" width=\"998\" height=\"437\" class=\"wp-image-2542 size-full\" src=\"https:\/\/www.donbosco.press\/wp-content\/uploads\/2022\/10\/chi-siamo.png\" alt=\"\" srcset=\"https:\/\/www.donbosco.press\/wp-content\/uploads\/2022\/10\/chi-siamo.png 998w, https:\/\/www.donbosco.press\/wp-content\/uploads\/2022\/10\/chi-siamo-300x131.png 300w, https:\/\/www.donbosco.press\/wp-content\/uploads\/2022\/10\/chi-siamo-768x336.png 768w, https:\/\/www.donbosco.press\/wp-content\/uploads\/2022\/10\/chi-siamo-150x66.png 150w, https:\/\/www.donbosco.press\/wp-content\/uploads\/2022\/10\/chi-siamo-696x305.png 696w, https:\/\/www.donbosco.press\/wp-content\/uploads\/2022\/10\/chi-siamo-959x420.png 959w\" sizes=\"auto, (max-width: 998px) 100vw, 998px\" \/><\/figure>\r\n<\/div>\r\n\r\n\r\n\r\n<div class=\"wp-block-spacer\" style=\"height: 30px;\" aria-hidden=\"true\">\u00a0<\/div>\r\n\r\n\r\n\r\n<div class=\"wp-block-media-text is-stacked-on-mobile\">\r\n<figure class=\"wp-block-media-text__media\"><img loading=\"lazy\" decoding=\"async\" width=\"800\" height=\"408\" class=\"wp-image-2283 size-full\" src=\"https:\/\/www.donbosco.press\/wp-content\/uploads\/2022\/10\/chi_siamo_3.2-2.png\" alt=\"\" srcset=\"https:\/\/www.donbosco.press\/wp-content\/uploads\/2022\/10\/chi_siamo_3.2-2.png 800w, https:\/\/www.donbosco.press\/wp-content\/uploads\/2022\/10\/chi_siamo_3.2-2-300x153.png 300w, https:\/\/www.donbosco.press\/wp-content\/uploads\/2022\/10\/chi_siamo_3.2-2-768x392.png 768w, https:\/\/www.donbosco.press\/wp-content\/uploads\/2022\/10\/chi_siamo_3.2-2-150x77.png 150w, https:\/\/www.donbosco.press\/wp-content\/uploads\/2022\/10\/chi_siamo_3.2-2-696x355.png 696w\" sizes=\"auto, (max-width: 800px) 100vw, 800px\" \/><\/figure>\r\n<div class=\"wp-block-media-text__content\">\r\n<p class=\"has-text-align-justify\">Dzisiaj, po wielu latach, do\u015bwiadczamy podobnej sytuacji: ekspansja dzie\u0142a salezja\u0144skiego za\u0142o\u017conego przez \u015bwi\u0119tego w 134 krajach na pi\u0119ciu kontynentach i zwi\u0105zana z tym mnogo\u015b\u0107 u\u017cywanych j\u0119zyk\u00f3w, czasami sprawiaj\u0105 trudno\u015b\u0107 w poznawaniu pracy salezjan\u00f3w na rzecz m\u0142odzie\u017cy. I tak jak wtedy, r\u00f3wnie\u017c i dzisiaj postanowiono wykorzysta\u0107 \u015brodki spo\u0142ecznego przekazu u\u017cywane dzisiaj, a w szczeg\u00f3lno\u015bci internet. <br \/>Potrzeb\u0119 \u015brodka domunikacji, kt\u00f3ry przemawia jednym g\u0142osem w tak wielu j\u0119zykach, przeczuwa\u0142 ju\u017c sam ksi\u0105dz Bosko. Dzi\u015b, przy tak silnym rozpowszechnianiu charyzmatu salezja\u0144skiego, jest on odczuwalny jeszcze bardziej. Na ca\u0142ym \u015bwiecie jest przecie\u017c wiele inicjatyw salezja\u0144skich, bardzo nowatorskich, kt\u00f3re pozostaj\u0105 znane tylko w \u015brodowiskach lokalnych.<\/p>\r\n<\/div>\r\n<\/div>\r\n\r\n\r\n\r\n<div class=\"wp-block-spacer\" style=\"height: 30px;\" aria-hidden=\"true\">\u00a0<\/div>\r\n\r\n\r\n\r\n<div class=\"wp-block-media-text has-media-on-the-right is-stacked-on-mobile\">\r\n<div class=\"wp-block-media-text__content\">\r\n<p class=\"has-text-align-justify\"><strong>Salezja\u0144sBiuletyn Salezja\u0144ski OnLine (BSOL)<\/strong> jest wi\u0119c kontynuacj\u0105 inicjatywy ksi\u0119dza Bosko, nawi\u0105zuj\u0105cej do jego pierwotnej idei wyra\u017conej w 1885 roku, aby m\u00f3wi\u0107 jednym g\u0142osem, u\u017cywaj\u0105c r\u00f3\u017cnych j\u0119zyk\u00f3w.<br \/>Nowe medium jest oficjaln\u0105 publikacj\u0105 Zgromadzenia Salezja\u0144skiego Salezjan\u00f3w Ksi\u0119dza Bosko (SDB) w siedmiu j\u0119zykach: w\u0142oskim, angielskim, francuskim, hiszpa\u0144skim, portugalskim, niemieckim i polskim i ma na celu przybli\u017cenie charyzmatu salezja\u0144skiego w jego r\u00f3\u017cnych formach wyra\u017canych w wielu cz\u0119\u015bciach \u015bwiata.<\/p>\r\n<\/div>\r\n<figure class=\"wp-block-media-text__media\"><img loading=\"lazy\" decoding=\"async\" width=\"600\" height=\"463\" class=\"wp-image-2205 size-full\" src=\"https:\/\/www.donbosco.press\/wp-content\/uploads\/2022\/09\/chi_siamo_4.jpg\" alt=\"\" srcset=\"https:\/\/www.donbosco.press\/wp-content\/uploads\/2022\/09\/chi_siamo_4.jpg 600w, https:\/\/www.donbosco.press\/wp-content\/uploads\/2022\/09\/chi_siamo_4-300x232.jpg 300w, https:\/\/www.donbosco.press\/wp-content\/uploads\/2022\/09\/chi_siamo_4-150x116.jpg 150w, https:\/\/www.donbosco.press\/wp-content\/uploads\/2022\/09\/chi_siamo_4-544x420.jpg 544w\" sizes=\"auto, (max-width: 600px) 100vw, 600px\" \/><\/figure>\r\n<\/div>\r\n","protected":false},"excerpt":{"rendered":"<p>Biuletyn Salezja\u0144ski jest periodykiem, kt\u00f3rego pomys\u0142odawc\u0105 by\u0142 \u015bw. Jan Bosko. Widz\u0105c, \u017ce jego praca na&#8230;<\/p>\n","protected":false},"author":1,"featured_media":0,"parent":0,"menu_order":0,"comment_status":"closed","ping_status":"closed","template":"","meta":{"iawp_total_views":92,"footnotes":""},"class_list":["post-4565","page","type-page","status-publish","hentry"],"_links":{"self":[{"href":"https:\/\/www.donbosco.press\/pl\/wp-json\/wp\/v2\/pages\/4565","targetHints":{"allow":["GET"]}}],"collection":[{"href":"https:\/\/www.donbosco.press\/pl\/wp-json\/wp\/v2\/pages"}],"about":[{"href":"https:\/\/www.donbosco.press\/pl\/wp-json\/wp\/v2\/types\/page"}],"author":[{"embeddable":true,"href":"https:\/\/www.donbosco.press\/pl\/wp-json\/wp\/v2\/users\/1"}],"replies":[{"embeddable":true,"href":"https:\/\/www.donbosco.press\/pl\/wp-json\/wp\/v2\/comments?post=4565"}],"version-history":[{"count":2,"href":"https:\/\/www.donbosco.press\/pl\/wp-json\/wp\/v2\/pages\/4565\/revisions"}],"predecessor-version":[{"id":51961,"href":"https:\/\/www.donbosco.press\/pl\/wp-json\/wp\/v2\/pages\/4565\/revisions\/51961"}],"wp:attachment":[{"href":"https:\/\/www.donbosco.press\/pl\/wp-json\/wp\/v2\/media?parent=4565"}],"curies":[{"name":"wp","href":"https:\/\/api.w.org\/{rel}","templated":true}]}}