{"id":27159,"date":"2024-03-26T14:41:05","date_gmt":"2024-03-26T14:41:05","guid":{"rendered":"https:\/\/exciting-knuth.178-32-140-152.plesk.page\/invocazioni-entrate-nelluso-dei-fedeli-indulgenziate\/"},"modified":"2024-03-28T17:04:23","modified_gmt":"2024-03-28T17:04:23","slug":"akty-strzeliste-do-uzytku-dla-wiernych","status":"publish","type":"page","link":"https:\/\/www.donbosco.press\/pl\/akty-strzeliste-do-uzytku-dla-wiernych\/","title":{"rendered":"Akty strzeliste do u\u017cytku dla wiernych"},"content":{"rendered":"\n<head>\n<meta charset=\"utf-8\">\n<title><\/title>\n        <style>\n            .table {\n                border-collapse: collapse;\n            }\n            .table__header {\n                background-color: transparent;\n                border: none;\n                cursor: pointer;\n            }\n            .table,\n            .table th,\n            .table td {\n                border: 1px solid #ccc;\n\t\t\t\tvertical-align: middle;\n            }\n            .table th,\n            .table td {\n                padding: 0.5rem;\n            }\n            .table th {\n                cursor: pointer;\n                text-decoration: \n            }\n\t\t\ttable a {color:blue !important; text-decoration: underline;} \n        <\/style>\n<\/head>\n\n<body>\n\n<table cellspacing=\"0\" cellpadding=\"0\" id=\"sortMe\" class=\"table\">\n            <thead>\n                <tr>\n                  <th align=\"center\"><u><h3 style=\"color:blue;\">N.<\/h3><\/u><\/th>\n                  <th align=\"center\"><u><h3 style=\"color:blue;\">Invocationes usu receptae<\/h3><\/u><\/th>\n                  <th align=\"center\"><u><h3 style=\"color:blue;\">Akty strzeliste do u\u017cytku dla wiernych<\/h3><\/u><\/th>\n                <\/tr>\n            <\/thead>\n            <tbody>\n  <tr>\n    <td><p>01 <\/p><\/td>\n    <td><p>Adoramus te, Christe, et benedicimus tibi;    quia per Crucem tuam redemisti mundum.<\/p><\/td>\n    <td><p>K\u0142aniamy Ci si\u0119 Panie Jezu Chryste i b\u0142ogos\u0142awimy Tobie, \u017ce\u015b przez krzy\u017c    i M\u0119k\u0119 Swoj\u0105 \u015bwiat odkupi\u0107 raczy\u0142.<\/p><\/td>\n  <\/tr>\n  <tr>\n    <td><p>02 <\/p><\/td>\n    <td><p>Benedicta sit sancta Trinitas.<\/p><\/td>\n    <td><p>Niech b\u0119dzie b\u0142ogos\u0142awiona Przenaj\u015bwi\u0119tsza Tr\u00f3jca.<\/p><\/td>\n  <\/tr>\n  <tr>\n    <td><p>03 <\/p><\/td>\n    <td><p>Christus vincit! Christus regnat! Christus    imperat!<\/p><\/td>\n    <td><p>Chrystus wodzem, Chrystus kr\u00f3lem, Chrystus w\u0142adc\u0105 nam!<\/p><\/td>\n  <\/tr>\n  <tr>\n    <td><p>04 <\/p><\/td>\n    <td><p>Cor Iesu sacratissimum, miserere nobis<\/p><\/td>\n    <td><p>Naj\u015bwi\u0119tsze Serce Jezusa, zmi\u0142uj si\u0119 nad nami.<\/p><\/td>\n  <\/tr>\n  <tr>\n    <td><p>05 <\/p><\/td>\n    <td><p>Cor Iesu, flagrans amore nostri, inflamma    cor nostrum amore tui.<\/p><\/td>\n    <td><p>Serce Jezusa gorej\u0105ce mi\u0142o\u015bci\u0105 ku nam, rozpal serca nasze mi\u0142o\u015bci\u0105 ku    Tobie<\/p><\/td>\n  <\/tr>\n  <tr>\n    <td><p>06 <\/p><\/td>\n    <td><p>Cor Iesu, in te confido.<\/p><\/td>\n    <td><p>Serce Jezusa, ufam Tobie.<\/p><\/td>\n  <\/tr>\n  <tr>\n    <td><p>07 <\/p><\/td>\n    <td><p>Cor Iesu, omnia pro te.<\/p><\/td>\n    <td><p>Serce Jezusa, wszystko dla Ciebie.<\/p><\/td>\n  <\/tr>\n  <tr>\n    <td><p>08 <\/p><\/td>\n    <td><p>Deus meus et omnia.<\/p><\/td>\n    <td><p>B\u00f3g jest dla mnie wszystkim. <\/p><\/td>\n  <\/tr>\n  <tr>\n    <td><p>09 <\/p><\/td>\n    <td><p>Deus, propitius esto mihi peccatori.<\/p><\/td>\n    <td><p>Bo\u017ce, zmi\u0142uj si\u0119 nade mn\u0105, grzesznikiem. <\/p><\/td>\n  <\/tr>\n  <tr>\n    <td><p>10 <\/p><\/td>\n    <td><p>Dignare me laudare te, Virgo sacrata; da    mihi virtutem contra hostes tuos.<\/p><\/td>\n    <td><p>Pozw\u00f3l mi wielbi\u0107 Ciebie, daj mi moc przeciw nieprzyjacio\u0142om Twoim!<\/p><\/td>\n  <\/tr>\n  <tr>\n    <td><p>11 <\/p><\/td>\n    <td><p>Doce me facere voluntatem tuam, quia Deus    meus es tu.<\/p><\/td>\n    <td><p>Naucz mnie pe\u0142ni\u0107 Twoj\u0105 wol\u0119, bo Ty jeste\u015b moim Bogiem. <\/p><\/td>\n  <\/tr>\n  <tr>\n    <td><p>12 <\/p><\/td>\n    <td><p>Domine, adauge nobis fidem.<\/p><\/td>\n    <td><p>Panie, przymn\u00f3\u017c nam wiary.<\/p><\/td>\n  <\/tr>\n  <tr>\n    <td><p>13 <\/p><\/td>\n    <td><p>Domine, fiat unitas mentium in veritate et    unitas cordium in caritate.<\/p><\/td>\n    <td><p>Panie zjednocz nasze umys\u0142y w prawdzie i nasze serca w mi\u0142o\u015bci. <\/p><\/td>\n  <\/tr>\n  <tr>\n    <td><p>14 <\/p><\/td>\n    <td><p>Domine, salva nos perimus.<\/p><\/td>\n    <td><p>Zbaw nas, o Panie, jeste\u015bmy w potrzebie. <\/p><\/td>\n  <\/tr>\n  <tr>\n    <td><p>15 <\/p><\/td>\n    <td><p>Dominus meus et Deus meus!<\/p><\/td>\n    <td><p>Pan m\u00f3j i B\u00f3g m\u00f3j.<\/p><\/td>\n  <\/tr>\n  <tr>\n    <td><p>16 <\/p><\/td>\n    <td><p>Dulce cor Mariae, esto salus mea.<\/p><\/td>\n    <td><p>S\u0142odkie Serce Maryi, b\u0105d\u017a zbawieniem moim.<\/p><\/td>\n  <\/tr>\n  <tr>\n    <td><p>17 <\/p><\/td>\n    <td><p>Gloria Patri et Filio et Spiritui Sancto.<\/p><\/td>\n    <td><p>Chwa\u0142a Ojcu i Synowi, i Duchowi \u015awi\u0119temu.<\/p><\/td>\n  <\/tr>\n  <tr>\n    <td><p>18 <\/p><\/td>\n    <td><p>Iesu, Maria, Ioseph.<\/p><\/td>\n    <td><p>Jezus, Maryja, J\u00f3zef. <\/p><\/td>\n  <\/tr>\n  <tr>\n    <td><p>19 <\/p><\/td>\n    <td><p>Iesu, Maria, Ioseph, adstate mihi in    extremo agone.<\/p><\/td>\n    <td><p>Jezu, Maryjo, J\u00f3zefie \u015bwi\u0119ty, b\u0105d\u017acie przy mnie w ostatniej godzinie. <\/p><\/td>\n  <\/tr>\n  <tr>\n    <td><p>20 <\/p><\/td>\n    <td><p>Iesu, Maria, Ioseph, in pace vobiscum    dormiam et requiescam.<\/p><\/td>\n    <td><p>Jezu, Maryjo, J\u00f3zefie \u015bwi\u0119ty, niech odejdzie w pokoju dusza moja.<\/p><\/td>\n  <\/tr>\n  <tr>\n    <td><p>21 <\/p><\/td>\n    <td><p>Iesu, Maria, Ioseph, vobis cor et animam    meam dono.<\/p><\/td>\n    <td><p>Jezu, Maryjo, J\u00f3zefie \u015bwi\u0119ty, oddaj\u0119 wam serce i dusz\u0119 moj\u0105.<\/p><\/td>\n  <\/tr>\n  <tr>\n    <td><p>22 <\/p><\/td>\n    <td><p>Iesu, mitis et humilis corde, fac cor    nostrum secundum Cor tuum.<\/p><\/td>\n    <td><p>Jezu, cichy i pokornego serca, uczy\u0144 serca nasze wed\u0142ug serca Twego.<\/p><\/td>\n  <\/tr>\n  <tr>\n    <td><p>23 <\/p><\/td>\n    <td><p>Laudetur et adoretur in aeternum sanctissimum    Sacramentum.<\/p><\/td>\n    <td><p>Niechaj b\u0119dzie pochwalony Przenaj\u015bwi\u0119tszy Sakrament, teraz i zawsze i na    wieki wiek\u00f3w. Amen.<\/p><\/td>\n  <\/tr>\n  <tr>\n    <td><p>24 <\/p><\/td>\n    <td><p>Mane nobiscum, Domine.<\/p><\/td>\n    <td><p>Zosta\u0144 z nami, Panie.<\/p><\/td>\n  <\/tr>\n  <tr>\n    <td><p>25 <\/p><\/td>\n    <td><p>Mater dolorosa, ora pro nobis.<\/p><\/td>\n    <td><p>Matko Bole\u015bciwa, m\u00f3dl si\u0119 za mn\u0105.<\/p><\/td>\n  <\/tr>\n  <tr>\n    <td><p>26 <\/p><\/td>\n    <td><p>Mater mea, fiducia mea.<\/p><\/td>\n    <td><p>Matko moja, nadziejo moja.<\/p><\/td>\n  <\/tr>\n  <tr>\n    <td><p>27 <\/p><\/td>\n    <td><p>Mitte, Domine, operarios in messem tuam.<\/p><\/td>\n    <td><p>Po\u015blij, Panie, nowych robotnik\u00f3w na swoje \u017cniwo.<\/p><\/td>\n  <\/tr>\n  <tr>\n    <td><p>28 <\/p><\/td>\n    <td><p>Nos cum prole pia benedicat Virgo Maria.<\/p><\/td>\n    <td><p>Niech nas b\u0142ogos\u0142awi, wraz ze swoim Synem, Dziewica Maryja. <\/p><\/td>\n  <\/tr>\n  <tr>\n    <td><p>29 <\/p><\/td>\n    <td><p>O crux, ave, spes unica.<\/p><\/td>\n    <td><p>Witaj, o Krzy\u017cu, jedyna nadziejo.<\/p><\/td>\n  <\/tr>\n  <tr>\n    <td><p>30 <\/p><\/td>\n    <td><p>Omnes Sancti et Sanctae Dei, orate pro    nobis.<\/p><\/td>\n    <td><p>Wszyscy \u015awi\u0119ci i \u015awi\u0119te Bo\u017ce, m\u00f3dlcie si\u0119 za nami.<\/p><\/td>\n  <\/tr>\n  <tr>\n    <td><p>31 <\/p><\/td>\n    <td><p>Ora pro nobis, sancta Dei Genetrix, ut    digni efficiamur promissionibus Christi.<\/p><\/td>\n    <td><p>M\u00f3dl si\u0119 za nami \u015awi\u0119ta Bo\u017ca Rodzicielko. Aby\u015bmy si\u0119 stali godnym    obietnic Chrystusowych.<\/p><\/td>\n  <\/tr>\n  <tr>\n    <td><p>32 <\/p><\/td>\n    <td><p>Pater, in manus tuas commendo spiritum    meum.<\/p><\/td>\n    <td><p>Ojcze, w Twoje r\u0119ce powierzam ducha mego. <\/p><\/td>\n  <\/tr>\n  <tr>\n    <td><p>33 <\/p><\/td>\n    <td><p>Pie Iesu Domine, dona eis requiem.<\/p><\/td>\n    <td><p>O Jezu mi\u0142osierny, daj im wieczny odpoczynek.<\/p><\/td>\n  <\/tr>\n  <tr>\n    <td><p>34 <\/p><\/td>\n    <td><p>Regina sine labe originali concepta, ora    pro nobis.<\/p><\/td>\n    <td><p>O Maryjo, bez grzechu pocz\u0119ta, m\u00f3dl si\u0119 za nami, kt\u00f3rzy si\u0119 do Ciebie uciekamy.<\/p><\/td>\n  <\/tr>\n  <tr>\n    <td><p>35 <\/p><\/td>\n    <td><p>Sancta Dei Genetrix, semper Virgo Maria,    intercede pro nobis.<\/p><\/td>\n    <td><p>\u015awi\u0119ta Matko Bo\u017ca, zawsze Dziewico, wstawiaj si\u0119 za nami.<\/p><\/td>\n  <\/tr>\n  <tr>\n    <td><p>36 <\/p><\/td>\n    <td><p>Sancta Maria, Mater Dei, ora pro me.<\/p><\/td>\n    <td><p>\u015awi\u0119ta Maryjo, Matko Bo\u017ca, m\u00f3dl si\u0119 za nami.<\/p><\/td>\n  <\/tr>\n  <tr>\n    <td><p>37 <\/p><\/td>\n    <td><p>Tu es Christus, Filius Dei vivi.<\/p><\/td>\n    <td><p>Ty jeste\u015b Chrystus, Syn Boga \u017cywego.<\/p><\/td>\n  <\/tr>\n  <tr>\n    <td><p>&nbsp;<\/p><\/td>\n    <td valign=\"top\"><p><em><br>\n      Omnes invocationes usu receptae:<br>\n      <\/em><br>\n      <em>&#8211; Orationes cum indulgentiae,    Enchiridion Indulgentiarum Appendix;<br>\n        &#8211; Textum venit: Enchiridion Indulgentiarum<\/em><em>,<\/em><em> Appendix.<br>\n        <\/em><\/p><\/td>\n    <td valign=\"top\"><p><em><br>\n      Wszystkie inwokacje, kt\u00f3re wesz\u0142y do u\u017cytku wiernych:<br>\n      <br>\n      <em>&#8211; U\u017cycie: inwokacje;<br>\n        &#8211; Pochodzenie: Pismo \u015awi\u0119te, \u017bywoty \u015awi\u0119tych;<br>\n        &#8211; Modlitwa odpustowa, Podr\u0119cznik odpust\u00f3w, Dodatek;<br>\n        <\/em><\/p><\/td>\n  <\/tr>\n <\/tbody>\n<\/table>\n<\/body>\n<p>\n<script>\n            document.addEventListener('DOMContentLoaded', function () {\n                const table = document.getElementById('sortMe');\n                const headers = table.querySelectorAll('th');\n                const tableBody = table.querySelector('tbody');\n                const rows = tableBody.querySelectorAll('tr');\n\n                \/\/ Track sort directions\n                const directions = Array.from(headers).map(function (header) {\n                    return '';\n                });\n\n                \/\/ Transform the content of given cell in given column\n                const transform = function (index, content) {\n                    \/\/ Get the data type of column\n                    const type = headers[index].getAttribute('data-type');\n                    switch (type) {\n                        case 'number':\n                            return parseFloat(content);\n                        case 'string':\n                        default:\n                            return content;\n                    }\n                };\n\n                const sortColumn = function (index) {\n                    \/\/ Get the current direction\n                    const direction = directions[index] || 'asc';\n\n                    \/\/ A factor based on the direction\n                    const multiplier = direction === 'asc' ? 1 : -1;\n\n                    const newRows = Array.from(rows);\n\n                    newRows.sort(function (rowA, rowB) {\n                        const cellA = rowA.querySelectorAll('td')[index].innerHTML;\n                        const cellB = rowB.querySelectorAll('td')[index].innerHTML;\n\n                        const a = transform(index, cellA);\n                        const b = transform(index, cellB);\n\n                        switch (true) {\n                            case a > b:\n                                return 1 * multiplier;\n                            case a < b:\n                                return -1 * multiplier;\n                            case a === b:\n                                return 0;\n                        }\n                    });\n\n                    \/\/ Remove old rows\n                    [].forEach.call(rows, function (row) {\n                        tableBody.removeChild(row);\n                    });\n\n                    \/\/ Reverse the direction\n                    directions[index] = direction === 'asc' ? 'desc' : 'asc';\n\n                    \/\/ Append new row\n                    newRows.forEach(function (newRow) {\n                        tableBody.appendChild(newRow);\n                    });\n                };\n\n                [].forEach.call(headers, function (header, index) {\n                    header.addEventListener('click', function () {\n                        sortColumn(index);\n                    });\n                });\n            });\n        <\/script>\n<\/p>\n","protected":false},"excerpt":{"rendered":"<p>N. Invocationes usu receptae Akty strzeliste do u\u017cytku dla wiernych 01 Adoramus te, Christe, et&#8230;<\/p>\n","protected":false},"author":1,"featured_media":0,"parent":0,"menu_order":0,"comment_status":"closed","ping_status":"closed","template":"","meta":{"iawp_total_views":114,"footnotes":""},"class_list":["post-27159","page","type-page","status-publish","hentry"],"_links":{"self":[{"href":"https:\/\/www.donbosco.press\/pl\/wp-json\/wp\/v2\/pages\/27159","targetHints":{"allow":["GET"]}}],"collection":[{"href":"https:\/\/www.donbosco.press\/pl\/wp-json\/wp\/v2\/pages"}],"about":[{"href":"https:\/\/www.donbosco.press\/pl\/wp-json\/wp\/v2\/types\/page"}],"author":[{"embeddable":true,"href":"https:\/\/www.donbosco.press\/pl\/wp-json\/wp\/v2\/users\/1"}],"replies":[{"embeddable":true,"href":"https:\/\/www.donbosco.press\/pl\/wp-json\/wp\/v2\/comments?post=27159"}],"version-history":[{"count":0,"href":"https:\/\/www.donbosco.press\/pl\/wp-json\/wp\/v2\/pages\/27159\/revisions"}],"wp:attachment":[{"href":"https:\/\/www.donbosco.press\/pl\/wp-json\/wp\/v2\/media?parent=27159"}],"curies":[{"name":"wp","href":"https:\/\/api.w.org\/{rel}","templated":true}]}}