{"id":27123,"date":"2024-03-26T14:37:28","date_gmt":"2024-03-26T14:37:28","guid":{"rendered":"https:\/\/exciting-knuth.178-32-140-152.plesk.page\/litania-di-san-giuseppe\/"},"modified":"2024-03-28T17:05:37","modified_gmt":"2024-03-28T17:05:37","slug":"litania-do-sw-jozefa","status":"publish","type":"page","link":"https:\/\/www.donbosco.press\/pl\/litania-do-sw-jozefa\/","title":{"rendered":"Litania do \u015bw. J\u00f3zefa"},"content":{"rendered":"\n<head>\n<meta charset=\"utf-8\">\n<title><\/title>\n        <style>\n            .table {\n                border-collapse: collapse;\n            }\n            .table td {\n                border: 1px solid #ccc;\n            }\n            .table td {\n                padding: 0.3rem;\n                width: 50%;\n            }\n        <\/style>\n<\/head>\n<body>\n<table cellspacing=\"0\" cellpadding=\"0\" class=\"table\">\n  <tr>\n    <td valign=\"top\"><p><br>\n      <strong>LITANIAE IN HONOREM SANCTI IOSEPH, SPONSI    BEATAE MARIAE VIRGINIS<br>\n        <\/strong><br>\n      <font color=\"red\">\u2123.<\/font> Kyrie, eleison.<br>\n      &nbsp;&nbsp;&nbsp;<font color=\"red\">\u211f.<\/font> Kyrie, eleison.<br>\n      <font color=\"red\">\u2123.<\/font> Christe, eleison.<br>\n      &nbsp;&nbsp;&nbsp;<font color=\"red\">\u211f.<\/font>    Christe, eleison.<br>\n      <font color=\"red\">\u2123.<\/font> Kyrie, eleison.<br>\n      &nbsp;&nbsp;&nbsp;<font color=\"red\">\u211f.<\/font>    Kyrie, eleison.<br>\n      <br>\n      <font color=\"red\">\u2123.<\/font> Christe, audi nos.<br>\n      &nbsp;&nbsp;&nbsp;<font color=\"red\">\u211f.<\/font>    Christe, audi nos.<br>\n      <font color=\"red\">\u2123.<\/font> Christe, exaudi nos.<br>\n      &nbsp;&nbsp;&nbsp;<font color=\"red\">\u211f.<\/font>    Christe, exaudi nos.<br>\n      <br>\n      <font color=\"red\">\u2123.<\/font> Pater de caelis, Deus,<br>\n      &nbsp;&nbsp;&nbsp;<font color=\"red\">\u211f.<\/font>    miserere nobis,<br>\n      <font color=\"red\">\u2123.<\/font> Fili, redemptor mundi, Deus, *<br>\n      &nbsp;&nbsp;&nbsp;<font color=\"red\">\u211f.<\/font>    miserere nobis.<br>\n      <font color=\"red\">\u2123.<\/font> Spiritus Sancte, Deus, *<br>\n      &nbsp;&nbsp;&nbsp;<font color=\"red\">\u211f.<\/font>    miserere nobis.<br>\n      <font color=\"red\">\u2123.<\/font> Sancta Trinitas, unus Deus, *<br>\n      &nbsp;&nbsp;&nbsp;<font color=\"red\">\u211f.<\/font>    miserere nobis.<br>\n      <br>\n      <font color=\"red\">\u2123.<\/font> Sancta Maria, <br>\n      &nbsp;&nbsp;&nbsp;<font color=\"red\">\u211f.<\/font> <em>ora    pro nobis (*)<\/em><br>\n      Sancte Ioseph, *<br>\n      Proles David inclyta, *<br>\n      Lumen Patriarcharum, *<br>\n      Dei Genitricis sponse, *<br>\n      Custos Redemptoris, *<br>\n      Custos pudice Virginis, *<br>\n      Filii Dei nutritie, *<br>\n      Christi defensor sedule, *<br>\n      Serve Christi, *<br>\n      Minister salutis, *<br>\n      Almae Familiae praeses, *<br>\n      Ioseph iustissime, *<br>\n      Ioseph castissime, *<br>\n      Ioseph prudentissime, *<br>\n      Ioseph fortissime, *<br>\n      Ioseph obedientissime, *<br>\n      Ioseph fidelissime, *<br>\n      Speculum patientiae, *<br>\n      Amator paupertatis, *<br>\n      Exemplar opificum, *<br>\n      Domesticae vitae decus, *<br>\n      Custos virginum, *<br>\n      Familiarum columen, *<br>\n      Fulcimen in difficultatibus, *<br>\n      Solatium miserorum, *<br>\n      Spes aegrotantium, *<br>\n      Patrone exsulum , *<br>\n      Patrone afflictorum, *<br>\n      Patrone pauperum, *<br>\n      Patrone morientium, *<br>\n      Terror daemonum, *<br>\n      Protector sanctae Ecclesiae, *<br>\n      <br>\n      <font color=\"red\">\u2123.<\/font> Agnus Dei, qui    tollis peccata mundi,<br>\n      &nbsp;&nbsp;&nbsp;<font color=\"red\">\u211f.<\/font> parce nobis, Domine.<br>\n      <font color=\"red\">\u2123.<\/font> Agnus Dei, qui tollis peccata mundi,<br>\n      &nbsp;&nbsp;&nbsp;<font color=\"red\">\u211f.<\/font>    exaudi nos, Domine.<br>\n      <font color=\"red\">\u2123.<\/font> Agnus Dei, qui tollis peccata mundi,<br>\n      &nbsp;&nbsp;&nbsp;<font color=\"red\">\u211f.<\/font>    miserere nobis.<br>\n      <br>\n      <font color=\"red\">\u2123.<\/font> Constituit eum    dominum domus suae.<br>\n      &nbsp;&nbsp;&nbsp;<font color=\"red\">\u211f.<\/font> Et principem omnis    possessionis suae.<br>\n      <br>\n      Oremus.<br>\n      Deus, qui ineffabili providentia beatum Ioseph, sanctissimae Genitricis tuae    sponsum eligere dignatus es, praesta, quaesumus, ut, quem protectorem    veneramur in terris, intercessorem habere mereamur in caelis. Qui vivis et    regnas in saecula saeculorum.<br>\n      &nbsp;&nbsp;&nbsp;<font color=\"red\">\u211f.<\/font> Amen.<br>\n      <br>\n      <em>&#8211; Orationes cum indulgentiae,    Enchiridion Indulgentiarum n.: 22;<br>\n        &#8211; Textum venit: Papa s. Pius X, 1909; Dicasterium de cultu divino et    disciplina sacramentorum.<br>\n      <\/em><\/p><\/td>\n    <td valign=\"top\"><p><br>\n      <strong>LITANIA DO \u015aW. J\u00d3ZEFA<br>\n        <\/strong><br>\n      <font color=\"red\">\u2123.<\/font> Kyrie elejson.<br>\n      &nbsp;&nbsp;&nbsp;<font color=\"red\">\u211f.<\/font> Kyrie elejson.<br>\n      <font color=\"red\">\u2123.<\/font> Chryste elejson.<br>\n      &nbsp;&nbsp;&nbsp;<font color=\"red\">\u211f.<\/font>    Chryste elejson.<br>\n      <font color=\"red\">\u2123.<\/font> Kyrie elejson.<br>\n      &nbsp;&nbsp;&nbsp;<font color=\"red\">\u211f.<\/font>    Kyrie elejson.<br>\n      <br>\n      <font color=\"red\">\u2123.<\/font> Chryste us\u0142ysz nas.<br>\n      &nbsp;&nbsp;&nbsp;<font color=\"red\">\u211f.<\/font>    Chryste us\u0142ysz nas.<br>\n      <font color=\"red\">\u2123.<\/font> Chryste wys\u0142uchaj nas.<br>\n      &nbsp;&nbsp;&nbsp;<font color=\"red\">\u211f.<\/font>    Chryste wys\u0142uchaj nas.<br>\n      <br>\n      <font color=\"red\">\u2123.<\/font> Ojcze    z nieba Bo\u017ce,<br>\n      &nbsp;&nbsp;&nbsp;<font color=\"red\">\u211f.<\/font>    zmi\u0142uj si\u0119 nad nami.<br>\n      <font color=\"red\">\u2123.<\/font> Synu Odkupicielu \u015bwiata Bo\u017ce,<br>\n      &nbsp;&nbsp;&nbsp;<font color=\"red\">\u211f.<\/font>    zmi\u0142uj si\u0119 nad nami.<br>\n      <font color=\"red\">\u2123.<\/font> Duchu \u015awi\u0119ty Bo\u017ce,<br>\n      &nbsp;&nbsp;&nbsp;<font color=\"red\">\u211f.<\/font>    zmi\u0142uj si\u0119 nad nami.<br>\n      <font color=\"red\">\u2123.<\/font> \u015awi\u0119ta Tr\u00f3jco, Jedyny Bo\u017ce,<br>\n      &nbsp;&nbsp;&nbsp;<font color=\"red\">\u211f.<\/font>    zmi\u0142uj si\u0119 nad nami.<br>\n      <br>\n      <font color=\"red\">\u2123.<\/font> \u015awi\u0119ta Maryjo,<br>\n      &nbsp;&nbsp;&nbsp;<font color=\"red\">\u211f.<\/font> <em>m\u00f3dl si\u0119 za nami (*)<\/em>.<br>\n      \u015awi\u0119ty J\u00f3zefie, *<br>\n      Przes\u0142awny Potomku Dawida, *<br>\n      \u015awiat\u0142o Patriarch\u00f3w, *<br>\n      Oblubie\u0144cze Bogarodzicy, *<br>\n      Przeczysty Str\u00f3\u017cu Dziewicy, *<br>\n      \u017bywicielu Syna Bo\u017cego, *<br>\n      Troskliwy Obro\u0144co Chrystusa, *<br>\n      G\u0142owo Naj\u015bwi\u0119tszej Rodziny, *<br>\n      J\u00f3zefie najsprawiedliwszy, *<br>\n      J\u00f3zefie najczystszy, *<br>\n      J\u00f3zefie najroztropniejszy, *<br>\n      J\u00f3zefie najm\u0119\u017cniejszy, *<br>\n      J\u00f3zefie najpos\u0142uszniejszy, *<br>\n      J\u00f3zefie najwierniejszy, *<br>\n      Zwierciad\u0142o cierpliwo\u015bci, *<br>\n      Mi\u0142o\u015bniku ub\u00f3stwa, *<br>\n      Wzorze pracuj\u0105cych, *<br>\n      Ozdobo \u017cycia rodzinnego, *<br>\n      Opiekunie Dziewic, *<br>\n      Podporo rodzin, *<br>\n      Pociecho nieszcz\u0119\u015bliwych, *<br>\n      Nadziejo chorych, *<br>\n      Patronie umieraj\u0105cych, *<br>\n      Postrachu duch\u00f3w piekielnych, *<br>\n      Opiekunie Ko\u015bcio\u0142a \u015bwi\u0119tego, *<br>\n      <br>\n      <font color=\"red\">\u2123.<\/font> Baranku Bo\u017cy,    kt\u00f3ry g\u0142adzisz grzechy \u015bwiata,<br>\n      &nbsp;&nbsp;&nbsp;<font color=\"red\">\u211f.<\/font> przepu\u015b\u0107 nam, Panie.<br>\n      <font color=\"red\">\u2123.<\/font> Baranku Bo\u017cy, kt\u00f3ry g\u0142adzisz grzechy    \u015bwiata,<br>\n      &nbsp;&nbsp;&nbsp;<font color=\"red\">\u211f.<\/font>    wys\u0142uchaj nas, Panie.<br>\n      <font color=\"red\">\u2123.<\/font> Baranku Bo\u017cy, kt\u00f3ry g\u0142adzisz grzechy    \u015bwiata,<br>\n      &nbsp;&nbsp;&nbsp;<font color=\"red\">\u211f.<\/font>    zmi\u0142uj si\u0119 nad nami.<br>\n      <br>\n      <font color=\"red\">\u2123.<\/font> Ustanowi\u0142 go panem domu swego.<br>\n      &nbsp;&nbsp;&nbsp;<font color=\"red\">\u211f.<\/font>    I zarz\u0105dc\u0105 wszystkich posiad\u0142o\u015bci swoich.<br>\n      <br>\n      M\u00f3dlmy si\u0119.<br>\n      Bo\u017ce, Ty w niewys\u0142owionej Opatrzno\u015bci wybra\u0142e\u015b \u015bwi\u0119tego J\u00f3zefa na Oblubie\u0144ca    Naj\u015bwi\u0119tszej Rodzicielki Twojego Syna, * spraw, aby\u015bmy oddaj\u0105c mu na ziemi    cze\u015b\u0107 jako opiekunowi, * zas\u0142u\u017cyli na Jego or\u0119downictwo w niebie. Przez    Chrystusa, Pana naszego.<br>\n      &nbsp;&nbsp;&nbsp;<font color=\"red\">\u211f.<\/font>    Amen.<br>\n      <br>\n      <em>&#8211; Zastosowanie: kult \u015bw. J\u00f3zefa<br>\n        &#8211; Pochodzenie: <br>\n        &#8211; Modlitwa odpustowa, Podr\u0119cznik odpust\u00f3w nr: 22;<br>\n      <\/em><\/p><\/td>\n  <\/tr>\n<\/table>\n<\/body>\n","protected":false},"excerpt":{"rendered":"<p>LITANIAE IN HONOREM SANCTI IOSEPH, SPONSI BEATAE MARIAE VIRGINIS \u2123. Kyrie, eleison. &nbsp;&nbsp;&nbsp;\u211f. Kyrie, eleison&#8230;.<\/p>\n","protected":false},"author":1,"featured_media":0,"parent":0,"menu_order":0,"comment_status":"closed","ping_status":"closed","template":"","meta":{"iawp_total_views":38,"footnotes":""},"class_list":["post-27123","page","type-page","status-publish","hentry"],"_links":{"self":[{"href":"https:\/\/www.donbosco.press\/pl\/wp-json\/wp\/v2\/pages\/27123","targetHints":{"allow":["GET"]}}],"collection":[{"href":"https:\/\/www.donbosco.press\/pl\/wp-json\/wp\/v2\/pages"}],"about":[{"href":"https:\/\/www.donbosco.press\/pl\/wp-json\/wp\/v2\/types\/page"}],"author":[{"embeddable":true,"href":"https:\/\/www.donbosco.press\/pl\/wp-json\/wp\/v2\/users\/1"}],"replies":[{"embeddable":true,"href":"https:\/\/www.donbosco.press\/pl\/wp-json\/wp\/v2\/comments?post=27123"}],"version-history":[{"count":0,"href":"https:\/\/www.donbosco.press\/pl\/wp-json\/wp\/v2\/pages\/27123\/revisions"}],"wp:attachment":[{"href":"https:\/\/www.donbosco.press\/pl\/wp-json\/wp\/v2\/media?parent=27123"}],"curies":[{"name":"wp","href":"https:\/\/api.w.org\/{rel}","templated":true}]}}