{"id":11397,"date":"2023-01-16T20:01:02","date_gmt":"2023-01-16T20:01:02","guid":{"rendered":"https:\/\/exciting-knuth.178-32-140-152.plesk.page\/archivio-articoli-per-tags\/"},"modified":"2026-03-26T20:14:03","modified_gmt":"2026-03-26T20:14:03","slug":"artykuly-archiwalne-wedlug-slow-kluczowych-tagow","status":"publish","type":"page","link":"https:\/\/www.donbosco.press\/pl\/artykuly-archiwalne-wedlug-slow-kluczowych-tagow\/","title":{"rendered":"Artyku\u0142y archiwalne wed\u0142ug s\u0142\u00f3w kluczowych (tag\u00f3w)"},"content":{"rendered":"\n<figure class=\"wp-block-table\"><table><tbody><tr><td>1<\/td><td><a href=\"..\/tag\/dobroczyncy\/\" target=\"_blank\" rel=\"noreferrer noopener\">dobroczy\u0144cy<\/a><\/td><\/tr><tr><td>2<\/td><td><a href=\"..\/tag\/bioetyka\/\" target=\"_blank\" rel=\"noreferrer noopener\">bioetyka<\/a><\/td><\/tr><tr><td>3<\/td><td><a href=\"..\/tag\/charyzmat-salezjanski\/\" target=\"_blank\" rel=\"noreferrer noopener\">charyzmat salezja\u0144ski<\/a><\/td><\/tr><tr><td>4<\/td><td><a href=\"..\/tag\/charytatywny\/\" target=\"_blank\" rel=\"noreferrer noopener\">charytatywny<\/a><\/td><\/tr><tr><td>5<\/td><td><a href=\"..\/tag\/domy-salezjanskie\/\" target=\"_blank\" rel=\"noreferrer noopener\">domy salezja\u0144skie<\/a><\/td><\/tr><tr><td>6<\/td><td><a href=\"..\/tag\/wspolpracownicy-salezjanscy\/\" target=\"_blank\" rel=\"noreferrer noopener\">wsp\u00f3\u0142pracownicy salezja\u0144scy<\/a><\/td><\/tr><tr><td>7<\/td><td><a href=\"..\/tag\/don-bosco\/\" target=\"_blank\" rel=\"noreferrer noopener\">don Bosco<\/a><\/td><\/tr><tr><td>8<\/td><td><a href=\"..\/tag\/edukacja\/\" target=\"_blank\" rel=\"noreferrer noopener\">edukacja<\/a><\/td><\/tr><tr><td>9<\/td><td><a href=\"..\/tag\/wydarzenia\/\" target=\"_blank\" rel=\"noreferrer noopener\">wydarzenia<\/a><\/td><\/tr><tr><td>10<\/td><td><a href=\"..\/tag\/byli-uczniowie\/\" target=\"_blank\" rel=\"noreferrer noopener\">byli uczniowie<\/a><\/td><\/tr><tr><td>11<\/td><td><a href=\"..\/tag\/rodzina\/\" target=\"_blank\" rel=\"noreferrer noopener\">rodzina<\/a><\/td><\/tr><tr><td>12<\/td><td><a href=\"..\/tag\/rodzina-salezjanska\/\" target=\"_blank\" rel=\"noreferrer noopener\">rodzina salezja\u0144ska<\/a><\/td><\/tr><tr><td>13<\/td><td><a href=\"..\/tag\/zgromadzenie-corek-maryi-wspomozycielki\/\" target=\"_blank\" rel=\"noreferrer noopener\">Zgromadzenie C\u00f3rek Maryi Wspomo\u017cycielki<\/a><\/td><\/tr><tr><td>14<\/td><td><a href=\"..\/tag\/formacja\/\" target=\"_blank\" rel=\"noreferrer noopener\">formacja<\/a><\/td><\/tr><tr><td>15<\/td><td><a href=\"..\/tag\/mlodziez\/\" target=\"_blank\" rel=\"noreferrer noopener\">m\u0142odzie\u017c<\/a><\/td><\/tr><tr><td>16<\/td><td><a href=\"..\/tag\/otrzymane-laski\/\" target=\"_blank\" rel=\"noreferrer noopener\">otrzymane \u0142aski<\/a><\/td><\/tr><tr><td>17<\/td><td><a href=\"..\/tag\/odpusty\/\" target=\"_blank\" rel=\"noreferrer noopener\">odpusty<\/a><\/td><\/tr><tr><td>18<\/td><td><a href=\"..\/tag\/nasi-bohaterowie\/\" target=\"_blank\" rel=\"noreferrer noopener\">nasi bohaterowie<\/a><\/td><\/tr><tr><td>19<\/td><td><a href=\"..\/tag\/wywiady\/\" target=\"_blank\" rel=\"noreferrer noopener\">wywiady<\/a><\/td><\/tr><tr><td>20<\/td><td><a href=\"..\/tag\/inspektorie-salezjanskie\/\" target=\"_blank\" rel=\"noreferrer noopener\">inspektorie salezja\u0144skie<\/a><\/td><\/tr><tr><td>21<\/td><td><a href=\"..\/tag\/nasi-przewodnicy\/\" target=\"_blank\" rel=\"noreferrer noopener\">nasi przewodnicy<\/a><\/td><\/tr><tr><td>22<\/td><td><a href=\"..\/tag\/miejsca-salezjanskie\/\" target=\"_blank\" rel=\"noreferrer noopener\">miejsca salezja\u0144skie<\/a><\/td><\/tr><tr><td>23<\/td><td><a href=\"..\/tag\/maryja\/\" target=\"_blank\" rel=\"noreferrer noopener\">Maryja<\/a><\/td><\/tr><tr><td>24<\/td><td><a href=\"..\/tag\/meczennicy\/\" target=\"_blank\" rel=\"noreferrer noopener\">m\u0119czennicy<\/a><\/td><\/tr><tr><td>25<\/td><td><a href=\"..\/tag\/cuda\/\" target=\"_blank\" rel=\"noreferrer noopener\">cuda<\/a><\/td><\/tr><tr><td>26<\/td><td><a href=\"..\/tag\/misje\/\" target=\"_blank\" rel=\"noreferrer noopener\">misje<\/a><\/td><\/tr><tr><td>27<\/td><td><a href=\"..\/tag\/muzyka\/\" target=\"_blank\" rel=\"noreferrer noopener\">muzyka<\/a><\/td><\/tr><tr><td>28<\/td><td><a href=\"..\/tag\/nekrolog\/\" target=\"_blank\" rel=\"noreferrer noopener\">nekrolog<\/a><\/td><\/tr><tr><td>29<\/td><td><a href=\"..\/tag\/oratorium\/\" target=\"_blank\" rel=\"noreferrer noopener\">oratorium<\/a><\/td><\/tr><tr><td>30<\/td><td><a href=\"..\/tag\/papiez\/\" target=\"_blank\" rel=\"noreferrer noopener\">papie\u017c<\/a><\/td><\/tr><tr><td>31<\/td><td><a href=\"..\/tag\/parafie-salezjanskie\/\" target=\"_blank\" rel=\"noreferrer noopener\">parafie salezja\u0144skie<\/a><\/td><\/tr><tr><td>32<\/td><td><a href=\"..\/tag\/ubodzy\/\" target=\"_blank\" rel=\"noreferrer noopener\">ubodzy<\/a><\/td><\/tr><tr><td>33<\/td><td><a href=\"..\/tag\/projekt-miesiaca\/\" target=\"_blank\" rel=\"noreferrer noopener\">projekt miesi\u0105ca<\/a><\/td><\/tr><tr><td>34<\/td><td><a href=\"..\/tag\/opatrznosc\/\" target=\"_blank\" rel=\"noreferrer noopener\">Opatrzno\u015b\u0107<\/a><\/td><\/tr><tr><td>35<\/td><td><a href=\"..\/tag\/przeglady-ksiazek\/\" target=\"_blank\" rel=\"noreferrer noopener\">przegl\u0105dy ksi\u0105\u017cek<\/a><\/td><\/tr><tr><td>36<\/td><td><a href=\"..\/tag\/salezjanie\/\" target=\"_blank\" rel=\"noreferrer noopener\">salezjanie<\/a><\/td><\/tr><tr><td>37<\/td><td><a href=\"..\/tag\/swieci\/\" target=\"_blank\" rel=\"noreferrer noopener\">\u015bwi\u0119ci<\/a><\/td><\/tr><tr><td>38<\/td><td><a href=\"..\/tag\/szkola\/\" target=\"_blank\" rel=\"noreferrer noopener\">szko\u0142a<\/a><\/td><\/tr><tr><td>39<\/td><td><a href=\"..\/tag\/solidarnosc\/\" target=\"_blank\" rel=\"noreferrer noopener\">solidarno\u015b\u0107<\/a><\/td><\/tr><tr><td>40<\/td><td><a href=\"..\/tag\/historie-mlodziezy\/\" target=\"_blank\" rel=\"noreferrer noopener\">historie m\u0142odzie\u017cy<\/a><\/td><\/tr><tr><td>41<\/td><td><a href=\"..\/tag\/wiazanka\/\" target=\"_blank\" rel=\"noreferrer noopener\">wi\u0105zanka<\/a><\/td><\/tr><tr><td>42<\/td><td><a href=\"..\/tag\/swiadkowie\/\" target=\"_blank\" rel=\"noreferrer noopener\">\u015bwiadkowie<\/a><\/td><\/tr><tr><td>43<\/td><td><a href=\"..\/tag\/podroze\/\" target=\"_blank\" rel=\"noreferrer noopener\">podr\u00f3\u017ce<\/a><\/td><\/tr><tr><td>44<\/td><td><a href=\"..\/tag\/cnoty\/\" target=\"_blank\" rel=\"noreferrer noopener\">cnoty<\/a><\/td><\/tr><tr><td>45<\/td><td><a href=\"..\/tag\/zycie\/\" target=\"_blank\" rel=\"noreferrer noopener\">\u017cycie<\/a><\/td><\/tr><tr><td>46<\/td><td><a href=\"..\/tag\/powolania\/\" target=\"_blank\" rel=\"noreferrer noopener\">powo\u0142ania<\/a><\/td><\/tr><\/tbody><\/table><\/figure>\n\n\n\n<hr class=\"wp-block-separator has-alpha-channel-opacity\"\/>\n\n\n\n<h2 class=\"wp-block-heading\"><span><i class=\"fas fa-arrow-right\"><\/i><\/span>Tag Cloud Archiwum <\/h2>\n\n\n<p class=\"wp-block-tag-cloud\"><a href=\"https:\/\/www.donbosco.press\/pl\/tag\/bog\/\" class=\"tag-cloud-link tag-link-2556 tag-link-position-1\" style=\"font-size: 19.666666666667pt;\" aria-label=\"B\u00f3g (188 element\u00f3w)\">B\u00f3g<\/a>\n<a href=\"https:\/\/www.donbosco.press\/pl\/tag\/charyzmat-salezjanski\/\" class=\"tag-cloud-link tag-link-1718 tag-link-position-2\" style=\"font-size: 22pt;\" aria-label=\"Charyzmat salezja\u0144ski (310 element\u00f3w)\">Charyzmat salezja\u0144ski<\/a>\n<a href=\"https:\/\/www.donbosco.press\/pl\/tag\/cnoty\/\" class=\"tag-cloud-link tag-link-2024 tag-link-position-3\" style=\"font-size: 16.888888888889pt;\" aria-label=\"cnoty (107 element\u00f3w)\">cnoty<\/a>\n<a href=\"https:\/\/www.donbosco.press\/pl\/tag\/cuda\/\" class=\"tag-cloud-link tag-link-1886 tag-link-position-4\" style=\"font-size: 10.444444444444pt;\" aria-label=\"cuda (27 element\u00f3w)\">cuda<\/a>\n<a href=\"https:\/\/www.donbosco.press\/pl\/tag\/dobroczyncy\/\" class=\"tag-cloud-link tag-link-1706 tag-link-position-5\" style=\"font-size: 13.666666666667pt;\" aria-label=\"dobroczy\u0144cy (54 elementy)\">dobroczy\u0144cy<\/a>\n<a href=\"https:\/\/www.donbosco.press\/pl\/tag\/domy-salezjanskie\/\" class=\"tag-cloud-link tag-link-1730 tag-link-position-6\" style=\"font-size: 10.777777777778pt;\" aria-label=\"domy salezja\u0144skie (29 element\u00f3w)\">domy salezja\u0144skie<\/a>\n<a href=\"https:\/\/www.donbosco.press\/pl\/tag\/edukacja\/\" class=\"tag-cloud-link tag-link-2196 tag-link-position-7\" style=\"font-size: 17.666666666667pt;\" aria-label=\"edukacja (125 element\u00f3w)\">edukacja<\/a>\n<a href=\"https:\/\/www.donbosco.press\/pl\/tag\/formacja\/\" class=\"tag-cloud-link tag-link-2223 tag-link-position-8\" style=\"font-size: 10.222222222222pt;\" aria-label=\"formacja (26 element\u00f3w)\">formacja<\/a>\n<a href=\"https:\/\/www.donbosco.press\/pl\/tag\/historie-mlodziezy\/\" class=\"tag-cloud-link tag-link-2000 tag-link-position-9\" style=\"font-size: 8.3333333333333pt;\" aria-label=\"historie m\u0142odzie\u017cy (17 element\u00f3w)\">historie m\u0142odzie\u017cy<\/a>\n<a href=\"https:\/\/www.donbosco.press\/pl\/tag\/inicjatywy\/\" class=\"tag-cloud-link tag-link-1838 tag-link-position-10\" style=\"font-size: 10pt;\" aria-label=\"inicjatywy (25 element\u00f3w)\">inicjatywy<\/a>\n<a href=\"https:\/\/www.donbosco.press\/pl\/tag\/inspektorie-salezjanskie\/\" class=\"tag-cloud-link tag-link-1856 tag-link-position-11\" style=\"font-size: 9pt;\" aria-label=\"inspektorie salezja\u0144skie (20 element\u00f3w)\">inspektorie salezja\u0144skie<\/a>\n<a href=\"https:\/\/www.donbosco.press\/pl\/tag\/jezus\/\" class=\"tag-cloud-link tag-link-2188 tag-link-position-12\" style=\"font-size: 15pt;\" aria-label=\"Jezus (71 element\u00f3w)\">Jezus<\/a>\n<a href=\"https:\/\/www.donbosco.press\/pl\/tag\/katecheza\/\" class=\"tag-cloud-link tag-link-1736 tag-link-position-13\" style=\"font-size: 12.222222222222pt;\" aria-label=\"katecheza (40 element\u00f3w)\">katecheza<\/a>\n<a href=\"https:\/\/www.donbosco.press\/pl\/tag\/kosciol\/\" class=\"tag-cloud-link tag-link-1742 tag-link-position-14\" style=\"font-size: 17pt;\" aria-label=\"ko\u015bci\u00f3\u0142 (109 element\u00f3w)\">ko\u015bci\u00f3\u0142<\/a>\n<a href=\"https:\/\/www.donbosco.press\/pl\/tag\/kraje\/\" class=\"tag-cloud-link tag-link-1922 tag-link-position-15\" style=\"font-size: 9pt;\" aria-label=\"kraje (20 element\u00f3w)\">kraje<\/a>\n<a href=\"https:\/\/www.donbosco.press\/pl\/tag\/kreatywnosc-salezjanska\/\" class=\"tag-cloud-link tag-link-1760 tag-link-position-16\" style=\"font-size: 11.666666666667pt;\" aria-label=\"kreatywno\u015b\u0107 salezja\u0144ska (35 element\u00f3w)\">kreatywno\u015b\u0107 salezja\u0144ska<\/a>\n<a href=\"https:\/\/www.donbosco.press\/pl\/tag\/ksiadz-bosko\/\" class=\"tag-cloud-link tag-link-2576 tag-link-position-17\" style=\"font-size: 19.666666666667pt;\" aria-label=\"Ksi\u0105dz Bosko (189 element\u00f3w)\">Ksi\u0105dz Bosko<\/a>\n<a href=\"https:\/\/www.donbosco.press\/pl\/tag\/maryja\/\" class=\"tag-cloud-link tag-link-1688 tag-link-position-18\" style=\"font-size: 13.111111111111pt;\" aria-label=\"Maryja (48 element\u00f3w)\">Maryja<\/a>\n<a href=\"https:\/\/www.donbosco.press\/pl\/tag\/marzenia\/\" class=\"tag-cloud-link tag-link-1982 tag-link-position-19\" style=\"font-size: 11.666666666667pt;\" aria-label=\"marzenia (35 element\u00f3w)\">marzenia<\/a>\n<a href=\"https:\/\/www.donbosco.press\/pl\/tag\/miejsca-salezjanskie\/\" class=\"tag-cloud-link tag-link-1874 tag-link-position-20\" style=\"font-size: 8pt;\" aria-label=\"miejsca salezja\u0144skie (16 element\u00f3w)\">miejsca salezja\u0144skie<\/a>\n<a href=\"https:\/\/www.donbosco.press\/pl\/tag\/misje\/\" class=\"tag-cloud-link tag-link-1892 tag-link-position-21\" style=\"font-size: 15.111111111111pt;\" aria-label=\"misje (73 elementy)\">misje<\/a>\n<a href=\"https:\/\/www.donbosco.press\/pl\/tag\/milosc-blizniego\/\" class=\"tag-cloud-link tag-link-1724 tag-link-position-22\" style=\"font-size: 18.666666666667pt;\" aria-label=\"mi\u0142o\u015b\u0107 bli\u017aniego (155 element\u00f3w)\">mi\u0142o\u015b\u0107 bli\u017aniego<\/a>\n<a href=\"https:\/\/www.donbosco.press\/pl\/tag\/mlodziez\/\" class=\"tag-cloud-link tag-link-2048 tag-link-position-23\" style=\"font-size: 16.777777777778pt;\" aria-label=\"m\u0142odzie\u017c (103 elementy)\">m\u0142odzie\u017c<\/a>\n<a href=\"https:\/\/www.donbosco.press\/pl\/tag\/nadzieja\/\" class=\"tag-cloud-link tag-link-1994 tag-link-position-24\" style=\"font-size: 11.222222222222pt;\" aria-label=\"nadzieja (32 elementy)\">nadzieja<\/a>\n<a href=\"https:\/\/www.donbosco.press\/pl\/tag\/nasi-bohaterowie\/\" class=\"tag-cloud-link tag-link-1844 tag-link-position-25\" style=\"font-size: 8pt;\" aria-label=\"nasi bohaterowie (16 element\u00f3w)\">nasi bohaterowie<\/a>\n<a href=\"https:\/\/www.donbosco.press\/pl\/tag\/nasi-przewodnicy\/\" class=\"tag-cloud-link tag-link-2609 tag-link-position-26\" style=\"font-size: 16pt;\" aria-label=\"nasi przewodnicy (88 element\u00f3w)\">nasi przewodnicy<\/a>\n<a href=\"https:\/\/www.donbosco.press\/pl\/tag\/opatrznosc\/\" class=\"tag-cloud-link tag-link-1700 tag-link-position-27\" style=\"font-size: 12.333333333333pt;\" aria-label=\"Opatrzno\u015b\u0107 (41 element\u00f3w)\">Opatrzno\u015b\u0107<\/a>\n<a href=\"https:\/\/www.donbosco.press\/pl\/tag\/otrzymane-laski\/\" class=\"tag-cloud-link tag-link-1826 tag-link-position-28\" style=\"font-size: 14.111111111111pt;\" aria-label=\"otrzymane \u0142aski (59 element\u00f3w)\">otrzymane \u0142aski<\/a>\n<a href=\"https:\/\/www.donbosco.press\/pl\/tag\/papiez\/\" class=\"tag-cloud-link tag-link-1694 tag-link-position-29\" style=\"font-size: 9.8888888888889pt;\" aria-label=\"Papie\u017c (24 elementy)\">Papie\u017c<\/a>\n<a href=\"https:\/\/www.donbosco.press\/pl\/tag\/podroze\/\" class=\"tag-cloud-link tag-link-2018 tag-link-position-30\" style=\"font-size: 9pt;\" aria-label=\"podr\u00f3\u017ce (20 element\u00f3w)\">podr\u00f3\u017ce<\/a>\n<a href=\"https:\/\/www.donbosco.press\/pl\/tag\/powolania\/\" class=\"tag-cloud-link tag-link-2624 tag-link-position-31\" style=\"font-size: 13.444444444444pt;\" aria-label=\"powo\u0142ania (52 elementy)\">powo\u0142ania<\/a>\n<a href=\"https:\/\/www.donbosco.press\/pl\/tag\/rady\/\" class=\"tag-cloud-link tag-link-1748 tag-link-position-32\" style=\"font-size: 19.222222222222pt;\" aria-label=\"rady (171 element\u00f3w)\">rady<\/a>\n<a href=\"https:\/\/www.donbosco.press\/pl\/tag\/rodzina\/\" class=\"tag-cloud-link tag-link-2213 tag-link-position-33\" style=\"font-size: 8.5555555555556pt;\" aria-label=\"rodzina (18 element\u00f3w)\">rodzina<\/a>\n<a href=\"https:\/\/www.donbosco.press\/pl\/tag\/rodzina-salezjanska\/\" class=\"tag-cloud-link tag-link-2590 tag-link-position-34\" style=\"font-size: 14.888888888889pt;\" aria-label=\"rodzina salezja\u0144ska (69 element\u00f3w)\">rodzina salezja\u0144ska<\/a>\n<a href=\"https:\/\/www.donbosco.press\/pl\/tag\/salezjanie\/\" class=\"tag-cloud-link tag-link-1958 tag-link-position-35\" style=\"font-size: 20pt;\" aria-label=\"salezjanie (202 elementy)\">salezjanie<\/a>\n<a href=\"https:\/\/www.donbosco.press\/pl\/tag\/solidarnosc\/\" class=\"tag-cloud-link tag-link-1988 tag-link-position-36\" style=\"font-size: 12pt;\" aria-label=\"solidarno\u015b\u0107 (38 element\u00f3w)\">solidarno\u015b\u0107<\/a>\n<a href=\"https:\/\/www.donbosco.press\/pl\/tag\/ubodzy\/\" class=\"tag-cloud-link tag-link-1934 tag-link-position-37\" style=\"font-size: 11.222222222222pt;\" aria-label=\"ubodzy (32 elementy)\">ubodzy<\/a>\n<a href=\"https:\/\/www.donbosco.press\/pl\/tag\/wiadomosci-religijne\/\" class=\"tag-cloud-link tag-link-1910 tag-link-position-38\" style=\"font-size: 12pt;\" aria-label=\"wiadomo\u015bci religijne (38 element\u00f3w)\">wiadomo\u015bci religijne<\/a>\n<a href=\"https:\/\/www.donbosco.press\/pl\/tag\/wydarzenia\/\" class=\"tag-cloud-link tag-link-2202 tag-link-position-39\" style=\"font-size: 15.888888888889pt;\" aria-label=\"wydarzenia (86 element\u00f3w)\">wydarzenia<\/a>\n<a href=\"https:\/\/www.donbosco.press\/pl\/tag\/wywiady\/\" class=\"tag-cloud-link tag-link-1850 tag-link-position-40\" style=\"font-size: 10.777777777778pt;\" aria-label=\"wywiady (29 element\u00f3w)\">wywiady<\/a>\n<a href=\"https:\/\/www.donbosco.press\/pl\/tag\/zbawienie\/\" class=\"tag-cloud-link tag-link-1964 tag-link-position-41\" style=\"font-size: 16.333333333333pt;\" aria-label=\"zbawienie (94 elementy)\">zbawienie<\/a>\n<a href=\"https:\/\/www.donbosco.press\/pl\/tag\/laska\/\" class=\"tag-cloud-link tag-link-1820 tag-link-position-42\" style=\"font-size: 16.555555555556pt;\" aria-label=\"\u0142aska (100 element\u00f3w)\">\u0142aska<\/a>\n<a href=\"https:\/\/www.donbosco.press\/pl\/tag\/swiadkowie\/\" class=\"tag-cloud-link tag-link-2618 tag-link-position-43\" style=\"font-size: 19.666666666667pt;\" aria-label=\"\u015bwiadkowie (190 element\u00f3w)\">\u015bwiadkowie<\/a>\n<a href=\"https:\/\/www.donbosco.press\/pl\/tag\/swieci\/\" class=\"tag-cloud-link tag-link-1970 tag-link-position-44\" style=\"font-size: 20.222222222222pt;\" aria-label=\"\u015bwi\u0119ci (215 element\u00f3w)\">\u015bwi\u0119ci<\/a>\n<a href=\"https:\/\/www.donbosco.press\/pl\/tag\/zycie\/\" class=\"tag-cloud-link tag-link-2030 tag-link-position-45\" style=\"font-size: 13.222222222222pt;\" aria-label=\"\u017cycie (49 element\u00f3w)\">\u017cycie<\/a><\/p>","protected":false},"excerpt":{"rendered":"<p>1 dobroczy\u0144cy 2 bioetyka 3 charyzmat salezja\u0144ski 4 charytatywny 5 domy salezja\u0144skie 6 wsp\u00f3\u0142pracownicy salezja\u0144scy&#8230;<\/p>\n","protected":false},"author":1,"featured_media":0,"parent":0,"menu_order":0,"comment_status":"closed","ping_status":"closed","template":"","meta":{"iawp_total_views":4,"footnotes":""},"class_list":["post-11397","page","type-page","status-publish","hentry"],"_links":{"self":[{"href":"https:\/\/www.donbosco.press\/pl\/wp-json\/wp\/v2\/pages\/11397","targetHints":{"allow":["GET"]}}],"collection":[{"href":"https:\/\/www.donbosco.press\/pl\/wp-json\/wp\/v2\/pages"}],"about":[{"href":"https:\/\/www.donbosco.press\/pl\/wp-json\/wp\/v2\/types\/page"}],"author":[{"embeddable":true,"href":"https:\/\/www.donbosco.press\/pl\/wp-json\/wp\/v2\/users\/1"}],"replies":[{"embeddable":true,"href":"https:\/\/www.donbosco.press\/pl\/wp-json\/wp\/v2\/comments?post=11397"}],"version-history":[{"count":1,"href":"https:\/\/www.donbosco.press\/pl\/wp-json\/wp\/v2\/pages\/11397\/revisions"}],"predecessor-version":[{"id":52130,"href":"https:\/\/www.donbosco.press\/pl\/wp-json\/wp\/v2\/pages\/11397\/revisions\/52130"}],"wp:attachment":[{"href":"https:\/\/www.donbosco.press\/pl\/wp-json\/wp\/v2\/media?parent=11397"}],"curies":[{"name":"wp","href":"https:\/\/api.w.org\/{rel}","templated":true}]}}