{"id":10867,"date":"2023-01-11T09:42:12","date_gmt":"2023-01-11T09:42:12","guid":{"rendered":"https:\/\/exciting-knuth.178-32-140-152.plesk.page\/legal-information-2\/"},"modified":"2025-09-29T07:37:56","modified_gmt":"2025-09-29T07:37:56","slug":"legal-information-2","status":"publish","type":"page","link":"https:\/\/www.donbosco.press\/pl\/legal-information-2\/","title":{"rendered":"Legal information 2"},"content":{"rendered":"\r\n<p><em>Ten odcisk zosta\u0142 zaktualizowany 29 wrze\u015bnia 2025 r.<\/em><\/p>\r\n\r\n\r\n\r\n<p>&nbsp;<\/p>\r\n\r\n\r\n\r\n<p><strong>&#8222;Bollettino Salesiano OnLine&#8221; (BSOL)<\/strong> jest elektronicznym periodykiem informacyjno-religijnym, miesi\u0119cznikiem wydawanym przez Towarzystwo Salezja\u0144skie \u015bw. Jana Bosko (Salezjanie Ksi\u0119dza Bosko), zarejestrowanym w Rejestrze Prasowym S\u0105du w Turynie, nr 20\/21.09.2023.<br \/>Redaktor naczelny: Andrei MUNTEANU<\/p>\r\n\r\n\r\n\r\n<p>&nbsp;<\/p>\r\n\r\n\r\n\r\n<p><strong>W\u0142a\u015bcicielem tej publikacji internetowej jest:<\/strong><br \/>Oratorio Salesiano San Francesco di Sales<br \/>Cywilnie uznane cia\u0142o ko\u015bcielne<br \/>Via Maria Ausiliatrice 32, 10152 Turyn, Italie<br \/>CF: 00514170018<br \/>Email: bsol@sdb.org<br \/>Telefon: +39 378 084 1797<br \/>Przedstawiciel prawny Oratorio Salesiano San Francesco di Sales: Luca BARONE.<\/p>\r\n\r\n\r\n\r\n<p>&nbsp;<\/p>\r\n\r\n\r\n\r\n<p><strong>Hosting tej strony jest zapewniony przez:<\/strong><br \/>Collegio San Luigi<br \/>Via Maria Ausiliatrice, 32<br \/>10152 Turyn (TO), W\u0142ochy<br \/>Numer identyfikacyjny VAT: IT 02310450032<br \/>Numer identyfikacji podatkowej: 00429180037<br \/>Tel.: 011 5224434<br \/>https:\/\/valdocco.it<\/p>\r\n\r\n\r\n\r\n<p>&nbsp;<\/p>\r\n\r\n\r\n\r\n<p>1. Og\u00f3lne<br \/>Nie jeste\u015bmy sk\u0142onni ani zobowi\u0105zani do uczestniczenia w procedurach rozstrzygania spor\u00f3w przed konsumenck\u0105 rad\u0105 arbitra\u017cow\u0105.<\/p>\r\n","protected":false},"excerpt":{"rendered":"<p>Ten odcisk zosta\u0142 zaktualizowany 29 wrze\u015bnia 2025 r. &nbsp; &#8222;Bollettino Salesiano OnLine&#8221; (BSOL) jest elektronicznym&#8230;<\/p>\n","protected":false},"author":1,"featured_media":0,"parent":0,"menu_order":0,"comment_status":"closed","ping_status":"closed","template":"","meta":{"iawp_total_views":4,"footnotes":""},"class_list":["post-10867","page","type-page","status-publish","hentry"],"_links":{"self":[{"href":"https:\/\/www.donbosco.press\/pl\/wp-json\/wp\/v2\/pages\/10867","targetHints":{"allow":["GET"]}}],"collection":[{"href":"https:\/\/www.donbosco.press\/pl\/wp-json\/wp\/v2\/pages"}],"about":[{"href":"https:\/\/www.donbosco.press\/pl\/wp-json\/wp\/v2\/types\/page"}],"author":[{"embeddable":true,"href":"https:\/\/www.donbosco.press\/pl\/wp-json\/wp\/v2\/users\/1"}],"replies":[{"embeddable":true,"href":"https:\/\/www.donbosco.press\/pl\/wp-json\/wp\/v2\/comments?post=10867"}],"version-history":[{"count":1,"href":"https:\/\/www.donbosco.press\/pl\/wp-json\/wp\/v2\/pages\/10867\/revisions"}],"predecessor-version":[{"id":45581,"href":"https:\/\/www.donbosco.press\/pl\/wp-json\/wp\/v2\/pages\/10867\/revisions\/45581"}],"wp:attachment":[{"href":"https:\/\/www.donbosco.press\/pl\/wp-json\/wp\/v2\/media?parent=10867"}],"curies":[{"name":"wp","href":"https:\/\/api.w.org\/{rel}","templated":true}]}}