{"id":6093,"date":"2022-11-22T16:18:33","date_gmt":"2022-11-22T16:18:33","guid":{"rendered":"https:\/\/exciting-knuth.178-32-140-152.plesk.page\/cookie-privacy-policy-all\/"},"modified":"2026-03-26T07:58:42","modified_gmt":"2026-03-26T07:58:42","slug":"cookie-privacy-policy-all","status":"publish","type":"page","link":"https:\/\/www.donbosco.press\/fr\/cookie-privacy-policy-all\/","title":{"rendered":"Cookie &amp; Privacy Policy &#8211; All"},"content":{"rendered":"\n<p><\/p>\n\n\n\n<p><strong><strong>Politique en mati\u00e8re de cookies &#8211; tous<\/strong><\/strong><\/p>\n\n\n\n<figure class=\"wp-block-table\"><table><tbody><tr><td>Union europ\u00e9enne (UE)<\/td><td><a href=\"https:\/\/www.donbosco.press\/fr\/cookie-policy-ue\/\" target=\"_blank\" rel=\"noreferrer noopener\">DE<\/a><\/td><td><a href=\"https:\/\/www.donbosco.press\/fr\/cookie-policy-ue\/\" target=\"_blank\" rel=\"noreferrer noopener\">EN<\/a><\/td><td><a href=\"https:\/\/www.donbosco.press\/fr\/cookie-policy-ue\/\" target=\"_blank\" rel=\"noreferrer noopener\">ES<\/a><\/td><td><a href=\"https:\/\/www.donbosco.press\/fr\/cookie-policy-ue\/\" target=\"_blank\" rel=\"noreferrer noopener\">IT<\/a><\/td><td><a href=\"https:\/\/www.donbosco.press\/fr\/cookie-policy-ue\/\" target=\"_blank\" rel=\"noreferrer noopener\">FR<\/a><\/td><td><a href=\"https:\/\/www.donbosco.press\/fr\/cookie-policy-ue\/\" target=\"_blank\" rel=\"noreferrer noopener\">PL<\/a><\/td><td><a href=\"https:\/\/www.donbosco.press\/fr\/cookie-policy-ue\/\" target=\"_blank\" rel=\"noreferrer noopener\">PT<\/a><\/td><\/tr><tr><td>Royaume-Uni (UK)<\/td><td>&nbsp;<\/td><td><a href=\"https:\/\/www.donbosco.press\/fr\/cookie-policy-uk\/\" target=\"_blank\" rel=\"noreferrer noopener\">EN<\/a><\/td><td>&nbsp;<\/td><td>&nbsp;<\/td><td>&nbsp;<\/td><td>&nbsp;<\/td><td>&nbsp;<\/td><\/tr><tr><td>Canada (CA)<\/td><td><a href=\"https:\/\/www.donbosco.press\/fr\/cookie-policy-ca\/\" target=\"_blank\" rel=\"noreferrer noopener\">DE<\/a><\/td><td><a href=\"https:\/\/www.donbosco.press\/fr\/cookie-policy-ca\/\" target=\"_blank\" rel=\"noreferrer noopener\">EN<\/a><\/td><td><a href=\"https:\/\/www.donbosco.press\/fr\/cookie-policy-ca\/\" target=\"_blank\" rel=\"noreferrer noopener\">ES<\/a><\/td><td><a href=\"https:\/\/www.donbosco.press\/fr\/cookie-policy-ca\/\" target=\"_blank\" rel=\"noreferrer noopener\">IT<\/a><\/td><td><a href=\"https:\/\/www.donbosco.press\/fr\/cookie-policy-ca\/\" target=\"_blank\" rel=\"noreferrer noopener\">FR<\/a><\/td><td><a href=\"https:\/\/www.donbosco.press\/fr\/cookie-policy-ca\/\" target=\"_blank\" rel=\"noreferrer noopener\">PL<\/a><\/td><td><a href=\"https:\/\/www.donbosco.press\/fr\/cookie-policy-ca\/\" target=\"_blank\" rel=\"noreferrer noopener\">PT<\/a><\/td><\/tr><tr><td>\u00c9tats-Unis (US)<\/td><td>&nbsp;<\/td><td><a href=\"https:\/\/www.donbosco.press\/fr\/cookie-policy-us\/\" target=\"_blank\" rel=\"noreferrer noopener\">EN<\/a><\/td><td>&nbsp;<\/td><td>&nbsp;<\/td><td>&nbsp;<\/td><td>&nbsp;<\/td><td>&nbsp;<\/td><\/tr><tr><td>Br\u00e9sil (BR)<\/td><td><a href=\"https:\/\/www.donbosco.press\/fr\/cookie-policy-br\/\" target=\"_blank\" rel=\"noreferrer noopener\">DE<\/a><\/td><td><a href=\"https:\/\/www.donbosco.press\/fr\/cookie-policy-br\/\" target=\"_blank\" rel=\"noreferrer noopener\">EN<\/a><\/td><td><a href=\"https:\/\/www.donbosco.press\/fr\/cookie-policy-br\/\" target=\"_blank\" rel=\"noreferrer noopener\">ES<\/a><\/td><td><a href=\"https:\/\/www.donbosco.press\/fr\/cookie-policy-br\/\" target=\"_blank\" rel=\"noreferrer noopener\">IT<\/a><\/td><td><a href=\"https:\/\/www.donbosco.press\/fr\/cookie-policy-br\/\" target=\"_blank\" rel=\"noreferrer noopener\">FR<\/a><\/td><td><a href=\"https:\/\/www.donbosco.press\/fr\/cookie-policy-br\/\" target=\"_blank\" rel=\"noreferrer noopener\">PL<\/a><\/td><td><a href=\"https:\/\/www.donbosco.press\/fr\/cookie-policy-br\/\" target=\"_blank\" rel=\"noreferrer noopener\">PT<\/a><\/td><\/tr><tr><td>Afrique du Sud (ZA)<\/td><td><a href=\"https:\/\/www.donbosco.press\/fr\/cookie-policy-za\/\" target=\"_blank\" rel=\"noreferrer noopener\">DE<\/a><\/td><td><a href=\"https:\/\/www.donbosco.press\/fr\/cookie-policy-za\/\" target=\"_blank\" rel=\"noreferrer noopener\">EN<\/a><\/td><td><a href=\"https:\/\/www.donbosco.press\/fr\/cookie-policy-za\/\" target=\"_blank\" rel=\"noreferrer noopener\">ES<\/a><\/td><td><a href=\"https:\/\/www.donbosco.press\/fr\/cookie-policy-za\/\" target=\"_blank\" rel=\"noreferrer noopener\">IT<\/a><\/td><td><a href=\"https:\/\/www.donbosco.press\/fr\/cookie-policy-za\/\" target=\"_blank\" rel=\"noreferrer noopener\">FR<\/a><\/td><td><a href=\"https:\/\/www.donbosco.press\/fr\/cookie-policy-za\/\" target=\"_blank\" rel=\"noreferrer noopener\">PL<\/a><\/td><td><a href=\"https:\/\/www.donbosco.press\/fr\/cookie-policy-za\/\" target=\"_blank\" rel=\"noreferrer noopener\">PT<\/a><\/td><\/tr><tr><td>Australie (AU)<\/td><td>&nbsp;<\/td><td><a href=\"https:\/\/www.donbosco.press\/fr\/cookie-policy-au\/\" target=\"_blank\" rel=\"noreferrer noopener\">EN<\/a><\/td><td>&nbsp;<\/td><td>&nbsp;<\/td><td>&nbsp;<\/td><td>&nbsp;<\/td><td>&nbsp;<\/td><\/tr><\/tbody><\/table><\/figure>\n\n\n\n<p><\/p>\n\n\n\n<p><strong><strong>Protection des donn\u00e9es \u00e0 caract\u00e8re personnel &#8211; tous<\/strong><\/strong><\/p>\n\n\n\n<figure class=\"wp-block-table\"><table><tbody><tr><td>Union europ\u00e9enne (UE)<\/td><td><a href=\"https:\/\/www.donbosco.press\/fr\/privacy-policy-ue\/\" target=\"_blank\" rel=\"noreferrer noopener\">DE<\/a><\/td><td><a href=\"https:\/\/www.donbosco.press\/fr\/privacy-policy-ue\/\" target=\"_blank\" rel=\"noreferrer noopener\">EN<\/a><\/td><td><a href=\"https:\/\/www.donbosco.press\/fr\/privacy-policy-ue\/\" target=\"_blank\" rel=\"noreferrer noopener\">ES<\/a><\/td><td><a href=\"https:\/\/www.donbosco.press\/fr\/privacy-policy-ue\/\" target=\"_blank\" rel=\"noreferrer noopener\">IT<\/a><\/td><td><a href=\"https:\/\/www.donbosco.press\/fr\/privacy-policy-ue\/\" target=\"_blank\" rel=\"noreferrer noopener\">FR<\/a><\/td><td><a href=\"https:\/\/www.donbosco.press\/fr\/privacy-policy-ue\/\" target=\"_blank\" rel=\"noreferrer noopener\">PL<\/a><\/td><td><a href=\"https:\/\/www.donbosco.press\/fr\/privacy-policy-ue\/\" target=\"_blank\" rel=\"noreferrer noopener\">PT<\/a><\/td><\/tr><tr><td>Royaume-Uni (UK)<\/td><td>&nbsp;<\/td><td><a href=\"https:\/\/www.donbosco.press\/fr\/privacy-policy-ue\/\" target=\"_blank\" rel=\"noreferrer noopener\">EN<\/a><\/td><td>&nbsp;<\/td><td>&nbsp;<\/td><td>&nbsp;<\/td><td>&nbsp;<\/td><td>&nbsp;<\/td><\/tr><tr><td>Canada (CA)<\/td><td><a href=\"https:\/\/www.donbosco.press\/fr\/privacy-policy-ca\/\" target=\"_blank\" rel=\"noreferrer noopener\">DE<\/a><\/td><td><a href=\"https:\/\/www.donbosco.press\/fr\/privacy-policy-ca\/\" target=\"_blank\" rel=\"noreferrer noopener\">EN<\/a><\/td><td><a href=\"https:\/\/www.donbosco.press\/fr\/privacy-policy-ca\/\" target=\"_blank\" rel=\"noreferrer noopener\">ES<\/a><\/td><td><a href=\"https:\/\/www.donbosco.press\/fr\/privacy-policy-ca\/\" target=\"_blank\" rel=\"noreferrer noopener\">IT<\/a><\/td><td><a href=\"https:\/\/www.donbosco.press\/fr\/privacy-policy-ca\/\" target=\"_blank\" rel=\"noreferrer noopener\">FR<\/a><\/td><td><a href=\"https:\/\/www.donbosco.press\/fr\/privacy-policy-ca\/\" target=\"_blank\" rel=\"noreferrer noopener\">PL<\/a><\/td><td><a href=\"https:\/\/www.donbosco.press\/fr\/privacy-policy-ca\/\" target=\"_blank\" rel=\"noreferrer noopener\">PT<\/a><\/td><\/tr><tr><td>\u00c9tats-Unis (US)<\/td><td>&nbsp;<\/td><td><a href=\"https:\/\/www.donbosco.press\/fr\/privacy-policy-us\/\" target=\"_blank\" rel=\"noreferrer noopener\">EN<\/a><\/td><td>&nbsp;<\/td><td>&nbsp;<\/td><td>&nbsp;<\/td><td>&nbsp;<\/td><td>&nbsp;<\/td><\/tr><tr><td>Br\u00e9sil (BR)<\/td><td><a href=\"https:\/\/www.donbosco.press\/fr\/privacy-policy-br\/\" target=\"_blank\" rel=\"noreferrer noopener\">DE<\/a><\/td><td><a href=\"https:\/\/www.donbosco.press\/fr\/privacy-policy-br\/\" target=\"_blank\" rel=\"noreferrer noopener\">EN<\/a><\/td><td><a href=\"https:\/\/www.donbosco.press\/fr\/privacy-policy-br\/\" target=\"_blank\" rel=\"noreferrer noopener\">ES<\/a><\/td><td><a href=\"https:\/\/www.donbosco.press\/fr\/privacy-policy-br\/\" target=\"_blank\" rel=\"noreferrer noopener\">IT<\/a><\/td><td><a href=\"https:\/\/www.donbosco.press\/fr\/privacy-policy-br\/\" target=\"_blank\" rel=\"noreferrer noopener\">FR<\/a><\/td><td><a href=\"https:\/\/www.donbosco.press\/fr\/privacy-policy-br\/\" target=\"_blank\" rel=\"noreferrer noopener\">PL<\/a><\/td><td><a href=\"https:\/\/www.donbosco.press\/fr\/privacy-policy-br\/\" target=\"_blank\" rel=\"noreferrer noopener\">PT<\/a><\/td><\/tr><tr><td>Afrique du Sud (ZA)<\/td><td><a href=\"https:\/\/www.donbosco.press\/fr\/privacy-policy-za\/\" target=\"_blank\" rel=\"noreferrer noopener\">DE<\/a><\/td><td><a href=\"https:\/\/www.donbosco.press\/fr\/privacy-policy-za\/\" target=\"_blank\" rel=\"noreferrer noopener\">EN<\/a><\/td><td><a href=\"https:\/\/www.donbosco.press\/fr\/privacy-policy-za\/\" target=\"_blank\" rel=\"noreferrer noopener\">ES<\/a><\/td><td><a href=\"https:\/\/www.donbosco.press\/fr\/privacy-policy-za\/\" target=\"_blank\" rel=\"noreferrer noopener\">IT<\/a><\/td><td><a href=\"https:\/\/www.donbosco.press\/fr\/privacy-policy-za\/\" target=\"_blank\" rel=\"noreferrer noopener\">FR<\/a><\/td><td><a href=\"https:\/\/www.donbosco.press\/fr\/privacy-policy-za\/\" target=\"_blank\" rel=\"noreferrer noopener\">PL<\/a><\/td><td><a href=\"https:\/\/www.donbosco.press\/fr\/privacy-policy-za\/\" target=\"_blank\" rel=\"noreferrer noopener\">PT<\/a><\/td><\/tr><tr><td>Australie (AU)<\/td><td>&nbsp;<\/td><td><a href=\"https:\/\/www.donbosco.press\/fr\/privacy-policy-au\/\" target=\"_blank\" rel=\"noreferrer noopener\">EN<\/a><\/td><td>&nbsp;<\/td><td>&nbsp;<\/td><td>&nbsp;<\/td><td>&nbsp;<\/td><td>&nbsp;<\/td><\/tr><\/tbody><\/table><\/figure>\n","protected":false},"excerpt":{"rendered":"<p>Politique en mati\u00e8re de cookies &#8211; tous Union europ\u00e9enne (UE) DE EN ES IT FR&#8230;<\/p>\n","protected":false},"author":1,"featured_media":0,"parent":0,"menu_order":0,"comment_status":"closed","ping_status":"closed","template":"","meta":{"iawp_total_views":6,"footnotes":""},"class_list":["post-6093","page","type-page","status-publish","hentry"],"_links":{"self":[{"href":"https:\/\/www.donbosco.press\/fr\/wp-json\/wp\/v2\/pages\/6093","targetHints":{"allow":["GET"]}}],"collection":[{"href":"https:\/\/www.donbosco.press\/fr\/wp-json\/wp\/v2\/pages"}],"about":[{"href":"https:\/\/www.donbosco.press\/fr\/wp-json\/wp\/v2\/types\/page"}],"author":[{"embeddable":true,"href":"https:\/\/www.donbosco.press\/fr\/wp-json\/wp\/v2\/users\/1"}],"replies":[{"embeddable":true,"href":"https:\/\/www.donbosco.press\/fr\/wp-json\/wp\/v2\/comments?post=6093"}],"version-history":[{"count":5,"href":"https:\/\/www.donbosco.press\/fr\/wp-json\/wp\/v2\/pages\/6093\/revisions"}],"predecessor-version":[{"id":51692,"href":"https:\/\/www.donbosco.press\/fr\/wp-json\/wp\/v2\/pages\/6093\/revisions\/51692"}],"wp:attachment":[{"href":"https:\/\/www.donbosco.press\/fr\/wp-json\/wp\/v2\/media?parent=6093"}],"curies":[{"name":"wp","href":"https:\/\/api.w.org\/{rel}","templated":true}]}}