{"id":52431,"date":"2026-03-30T07:27:15","date_gmt":"2026-03-30T07:27:15","guid":{"rendered":"https:\/\/www.donbosco.press\/?page_id=52431"},"modified":"2026-03-30T07:27:36","modified_gmt":"2026-03-30T07:27:36","slug":"examen-de-conscience-sur-les-petites-vertus-de-la-vie-chretienne","status":"publish","type":"page","link":"https:\/\/www.donbosco.press\/fr\/examen-de-conscience-sur-les-petites-vertus-de-la-vie-chretienne\/","title":{"rendered":"Examen de conscience sur les petites vertus de la vie chr\u00e9tienne"},"content":{"rendered":"<p>&nbsp;<\/p>\n<p><strong>1. Charit\u00e9 concr\u00e8te et gentillesse<br \/>\n<\/strong>&#8211; Est-ce que je traite tout le monde avec respect et pr\u00e9venance, m\u00eame ceux qui me sont antipathiques ou qui me d\u00e9rangent ?<br \/>\n&#8211; Est-ce que je remarque quand quelqu&rsquo;un a besoin d&rsquo;aide ou d&rsquo;\u00e9coute ?<br \/>\n&#8211; Est-ce que je me renferme dans mon monde en ignorant les autres ?<\/p>\n<p><strong>2. Pardon et bienveillance<br \/>\n<\/strong>&#8211; Est-ce que je pardonne les petits torts que je subis ?<br \/>\n&#8211; Ne gard\u00e9-je pas de petites rancunes ou ne pens\u00e9-je pas du mal des autres sans raison ?<br \/>\n&#8211; Est-ce que j&rsquo;essaie de comprendre les autres avant de les juger ?<br \/>\n&#8211; Sais-je faire la distinction entre la personne et son erreur ?<br \/>\n&#8211; Sais-je \u00eatre tol\u00e9rant (la tol\u00e9rance n&rsquo;\u00e9quivaut pas \u00e0 justifier ou \u00e0 accepter le mal) ?<\/p>\n<p><strong>3. Douceur et ma\u00eetrise de soi<br \/>\n<\/strong>&#8211; Sais-je ma\u00eetriser mon caract\u00e8re dans les moments difficiles ?<br \/>\n&#8211; Sais-je supporter les petits d\u00e9sagr\u00e9ments sans m&rsquo;irriter ou r\u00e9pondre de mani\u00e8re brusque ?<br \/>\n&#8211; Ne me laiss\u00e9-je pas dominer par l&rsquo;humeur du moment ?<br \/>\n&#8211; N&rsquo;est-il pas vrai que mon \u00e9tat d&rsquo;esprit d\u00e9pend plus de moi que des circonstances ?<\/p>\n<p><strong>4. Humilit\u00e9 et v\u00e9rit\u00e9 sur soi-m\u00eame<br \/>\n<\/strong>&#8211; Sais-je reconna\u00eetre mes limites et accepter les corrections ?<br \/>\n&#8211; Ne me prends-je pas trop au s\u00e9rieux et sais-je rire de moi-m\u00eame ?<br \/>\n&#8211; Est-ce que je ne me compare pas continuellement aux autres en cherchant \u00e0 para\u00eetre meilleur ?<\/p>\n<p><strong>5. Sinc\u00e9rit\u00e9 et loyaut\u00e9<br \/>\n<\/strong>&#8211; Suis-je honn\u00eate et loyal avec moi-m\u00eame et avec les autres ?<br \/>\n&#8211; Est-ce que je tiens ma parole et \u00e9vite les mensonges et les exag\u00e9rations ?<br \/>\n&#8211; Est-ce que je me justifie pour couvrir mes erreurs ?<\/p>\n<p><strong>6. Usage de la parole<br \/>\n<\/strong>&#8211; Est-ce que je parle avec respect, en \u00e9vitant les mots durs, les ironies m\u00e9chantes et les comm\u00e9rages ?<br \/>\n&#8211; Ne suis-je pas offensant ou irr\u00e9fl\u00e9chi dans mes paroles ?<br \/>\n&#8211; Sais-je me taire quand c&rsquo;est pr\u00e9f\u00e9rable ?<br \/>\n&#8211; Mes paroles construisent-elles ou blessent-elles ?<\/p>\n<p><strong>7. Fid\u00e9lit\u00e9 dans les petits devoirs<br \/>\n<\/strong>&#8211; Est-ce que j&rsquo;organise bien ma journ\u00e9e ?<br \/>\n&#8211; Est-ce que je termine ce que je dois faire sans remettre \u00e0 plus tard ou faire les choses superficiellement ?<br \/>\n&#8211; Suis-je ponctuel aux rendez-vous, au travail, \u00e0 la pri\u00e8re ?<br \/>\n&#8211; Est-ce que je perds mon temps en choses inutiles ?<\/p>\n<p><strong>8. Esprit de service et responsabilit\u00e9<br \/>\n<\/strong>&#8211; Est-ce que je me rends disponible pour aider \u00e0 la maison, en famille et au travail ?<br \/>\n&#8211; Est-ce que je fais mon devoir m\u00eame quand cela demande un effort, sans toujours faire le strict minimum ?<br \/>\n&#8211; N&rsquo;\u00e9vit\u00e9-je pas les responsabilit\u00e9s en ne pensant qu&rsquo;\u00e0 ce qui me pla\u00eet ?<\/p>\n<p><strong>9. Sobri\u00e9t\u00e9 et simplicit\u00e9<br \/>\n<\/strong>&#8211; Est-ce que je vis avec simplicit\u00e9 et mesure, en \u00e9vitant le gaspillage ?<br \/>\n&#8211; Sais-je me contenter de ce que j&rsquo;ai ou est-ce que je cherche toujours \u00e0 avoir plus ?<br \/>\n&#8211; Ne me laiss\u00e9-je pas dominer par le confort ?<\/p>\n<p><strong>10. Gratitude et joie<br \/>\n<\/strong>&#8211; Suis-je reconnaissant envers Dieu, ma famille et ceux qui m&rsquo;ont aid\u00e9 ?<br \/>\n&#8211; Est-ce que je reconnais le bien que je re\u00e7ois ? Sais-je dire merci ?<br \/>\n&#8211; Est-ce que je tiens tout pour acquis ?<br \/>\n&#8211; Est-ce que je ne vois que ce qui me manque ?<br \/>\n&#8211; Est-ce que je me plains continuellement ?<\/p>\n<p><strong>11. Garde du c\u0153ur et des pens\u00e9es<br \/>\n<\/strong>&#8211; Est-ce que j&rsquo;essaie d&rsquo;avoir de bonnes pens\u00e9es envers les autres, sans soup\u00e7ons ni jugements h\u00e2tifs ?<br \/>\n&#8211; Est-ce que je cultive en moi l&rsquo;amertume, la m\u00e9fiance ou une n\u00e9gativit\u00e9 inutile ?<\/p>\n<p><strong>12. Pr\u00e9sence de Dieu dans les petites choses<br \/>\n<\/strong>&#8211; Est-ce que je me souviens de Dieu pendant la journ\u00e9e en lui offrant m\u00eame les actions les plus simples ?<br \/>\n&#8211; Est-ce que j&rsquo;essaie de tout faire avec amour, en croyant que les petites choses bien faites pour Dieu ont de la valeur ?<br \/>\n&#8211; Est-ce que je vis comme si Dieu \u00e9tait loin de ma vie quotidienne ?<\/p>\n","protected":false},"excerpt":{"rendered":"<p>&nbsp; 1. Charit\u00e9 concr\u00e8te et gentillesse &#8211; Est-ce que je traite tout le monde avec&#8230;<\/p>\n","protected":false},"author":1,"featured_media":52424,"parent":0,"menu_order":0,"comment_status":"closed","ping_status":"closed","template":"","meta":{"iawp_total_views":0,"footnotes":""},"class_list":["post-52431","page","type-page","status-publish","has-post-thumbnail","hentry"],"_links":{"self":[{"href":"https:\/\/www.donbosco.press\/fr\/wp-json\/wp\/v2\/pages\/52431","targetHints":{"allow":["GET"]}}],"collection":[{"href":"https:\/\/www.donbosco.press\/fr\/wp-json\/wp\/v2\/pages"}],"about":[{"href":"https:\/\/www.donbosco.press\/fr\/wp-json\/wp\/v2\/types\/page"}],"author":[{"embeddable":true,"href":"https:\/\/www.donbosco.press\/fr\/wp-json\/wp\/v2\/users\/1"}],"replies":[{"embeddable":true,"href":"https:\/\/www.donbosco.press\/fr\/wp-json\/wp\/v2\/comments?post=52431"}],"version-history":[{"count":2,"href":"https:\/\/www.donbosco.press\/fr\/wp-json\/wp\/v2\/pages\/52431\/revisions"}],"predecessor-version":[{"id":52443,"href":"https:\/\/www.donbosco.press\/fr\/wp-json\/wp\/v2\/pages\/52431\/revisions\/52443"}],"wp:featuredmedia":[{"embeddable":true,"href":"https:\/\/www.donbosco.press\/fr\/wp-json\/wp\/v2\/media\/52424"}],"wp:attachment":[{"href":"https:\/\/www.donbosco.press\/fr\/wp-json\/wp\/v2\/media?parent=52431"}],"curies":[{"name":"wp","href":"https:\/\/api.w.org\/{rel}","templated":true}]}}