{"id":52405,"date":"2026-03-30T07:38:59","date_gmt":"2026-03-30T07:38:59","guid":{"rendered":"https:\/\/www.donbosco.press\/?page_id=52405"},"modified":"2026-03-30T07:39:21","modified_gmt":"2026-03-30T07:39:21","slug":"examen-de-conscience-sur-les-dispositions-pour-les-exercices-spirituels","status":"publish","type":"page","link":"https:\/\/www.donbosco.press\/fr\/examen-de-conscience-sur-les-dispositions-pour-les-exercices-spirituels\/","title":{"rendered":"Examen de conscience sur les dispositions pour les exercices spirituels"},"content":{"rendered":"<p>&nbsp;<\/p>\n<p><strong>1. But des exercices et v\u00e9ritable conversion<br \/>\n<\/strong>&#8211; Est-ce que je veux vraiment r\u00e9former ma vie ou est-ce que je cherche seulement une belle exp\u00e9rience sans changer ?<br \/>\n&#8211; Suis-je dispos\u00e9 \u00e0 abandonner le p\u00e9ch\u00e9 et \u00e0 accepter ce que Dieu me demande ?<br \/>\n&#8211; Est-ce que je ne r\u00e9siste pas int\u00e9rieurement \u00e0 la conversion ?<br \/>\n&#8211; Est-ce que j&rsquo;entre dans les exercices spirituels avec un d\u00e9sir de conversion ou suis-je venu pour me reposer ?<\/p>\n<p><strong>2. Droiture d&rsquo;intention et recherche de la v\u00e9rit\u00e9<br \/>\n<\/strong>&#8211; Est-ce que je fais les exercices pour Dieu ou pour d&rsquo;autres raisons \u2014 habitude, devoir, \u00e9motions ?<br \/>\n&#8211; Est-ce que je cherche vraiment \u00e0 comprendre ce que je dois changer \u00e0 partir de maintenant ?<br \/>\n&#8211; Est-ce que je cherche mes erreurs et les vertus que je dois pratiquer ?<\/p>\n<p><strong>3. Attention et r\u00e9flexion dans les m\u00e9ditations<br \/>\n<\/strong>&#8211; Est-ce que j&rsquo;\u00e9coute les m\u00e9ditations avec int\u00e9r\u00eat ?<br \/>\n&#8211; Est-ce que j&rsquo;essaie de comprendre ce qui m&rsquo;est dit ?<br \/>\n&#8211; Est-ce que je me distrais en \u00e9coutant de mani\u00e8re nonchalante ?<br \/>\n&#8211; Apr\u00e8s la m\u00e9ditation, est-ce que je r\u00e9fl\u00e9chis \u00e0 ce que j&rsquo;ai \u00e9cout\u00e9 pour en tirer des conclusions pratiques pour ma vie ?<br \/>\n&#8211; Est-ce que je ne passe pas d&rsquo;une m\u00e9ditation \u00e0 l&rsquo;autre sans m&rsquo;arr\u00eater sur ce qui m&rsquo;a marqu\u00e9 ?<\/p>\n<p><strong>4. D\u00e9cisions et r\u00e9solutions concr\u00e8tes<br \/>\n<\/strong>&#8211; Mes r\u00e9solutions sont-elles concr\u00e8tes et pratiques, et non vagues ou g\u00e9n\u00e9rales ?<br \/>\n&#8211; Est-ce que je les \u00e9cris et les porte dans la pri\u00e8re, sans remettre \u00e0 plus tard ?<\/p>\n<p><strong>5. Fid\u00e9lit\u00e9 aux r\u00e9solutions et v\u00e9rification<br \/>\n<\/strong>&#8211; Est-ce que je me souviens des r\u00e9solutions des exercices pass\u00e9s ? Les ai-je mises en pratique ?<br \/>\n&#8211; Est-ce que je ne retombe pas toujours dans les m\u00eames erreurs ?<br \/>\n&#8211; Est-ce que je vois des progr\u00e8s concrets dans ma vie ?<\/p>\n<p><strong>6. Direction spirituelle et sinc\u00e9rit\u00e9<br \/>\n<\/strong>&#8211; Est-ce que je demande conseil \u00e0 celui qui me guide spirituellement, en parlant avec sinc\u00e9rit\u00e9 ?<br \/>\n&#8211; Est-ce que je n&rsquo;\u00e9vite pas la confrontation par orgueil en faisant tout tout seul sans guide ?<\/p>\n<p><strong>7. G\u00e9n\u00e9rosit\u00e9 et d\u00e9tachement<br \/>\n<\/strong>&#8211; Suis-je g\u00e9n\u00e9reux dans mes d\u00e9cisions et est-ce que je me donne vraiment \u00e0 Dieu, sans rien retenir pour moi ?<br \/>\n&#8211; Est-ce que je mets de c\u00f4t\u00e9 les occupations et les distractions inutiles pour pr\u00e9server le temps consacr\u00e9 \u00e0 Dieu ?<br \/>\n&#8211; Est-ce que je ne cherche pas de distractions ?<\/p>\n<p><strong>8. Silence, recueillement et mortification des sens<br \/>\n<\/strong>&#8211; Est-ce que j&rsquo;observe le silence ext\u00e9rieur et int\u00e9rieur, en \u00e9vitant les paroles inutiles et les distractions volontaires ?<br \/>\n&#8211; Est-ce que je veille sur ce que je regarde et \u00e9coute, sans c\u00e9der \u00e0 la curiosit\u00e9 inutile ?<br \/>\n&#8211; Est-ce que je d\u00e9range les autres et respecte le recueillement de ceux qui veulent prier ?<\/p>\n<p><strong>9. Esprit de pri\u00e8re et pers\u00e9v\u00e9rance<br \/>\n<\/strong>&#8211; Est-ce que je prie avec ferveur et offre de petits sacrifices pour bien vivre les exercices ?<br \/>\n&#8211; Est-ce que je poursuis les exercices jusqu&rsquo;au bout, sans me lasser \u00e0 mi-chemin ou diminuer mon engagement au fil des jours ?<\/p>\n<p><strong>10. M\u00e9moire et fid\u00e9lit\u00e9 apr\u00e8s les exercices<br \/>\n<\/strong>&#8211; Est-ce que je continue \u00e0 m\u00e9diter les v\u00e9rit\u00e9s qui m&rsquo;ont marqu\u00e9 en reprenant mes notes et r\u00e9solutions ?<br \/>\n&#8211; Est-ce que je n&rsquo;oublie pas tout de suite ce que j&rsquo;ai re\u00e7u en laissant s&rsquo;\u00e9teindre le feu allum\u00e9 ?<\/p>\n<p><strong>11. Vigilance face au rel\u00e2chement spirituel<br \/>\n<\/strong>&#8211; Quand je constate une baisse spirituelle, est-ce que j&rsquo;en cherche la cause et essaie de corriger ce qui ne va pas ?<br \/>\n&#8211; Est-ce que je me laisse aller \u00e0 la ti\u00e9deur en remettant \u00e0 plus tard le retour \u00e0 une vie plus fervente ?<\/p>\n","protected":false},"excerpt":{"rendered":"<p>&nbsp; 1. But des exercices et v\u00e9ritable conversion &#8211; Est-ce que je veux vraiment r\u00e9former&#8230;<\/p>\n","protected":false},"author":1,"featured_media":52397,"parent":0,"menu_order":0,"comment_status":"closed","ping_status":"closed","template":"","meta":{"iawp_total_views":0,"footnotes":""},"class_list":["post-52405","page","type-page","status-publish","has-post-thumbnail","hentry"],"_links":{"self":[{"href":"https:\/\/www.donbosco.press\/fr\/wp-json\/wp\/v2\/pages\/52405","targetHints":{"allow":["GET"]}}],"collection":[{"href":"https:\/\/www.donbosco.press\/fr\/wp-json\/wp\/v2\/pages"}],"about":[{"href":"https:\/\/www.donbosco.press\/fr\/wp-json\/wp\/v2\/types\/page"}],"author":[{"embeddable":true,"href":"https:\/\/www.donbosco.press\/fr\/wp-json\/wp\/v2\/users\/1"}],"replies":[{"embeddable":true,"href":"https:\/\/www.donbosco.press\/fr\/wp-json\/wp\/v2\/comments?post=52405"}],"version-history":[{"count":2,"href":"https:\/\/www.donbosco.press\/fr\/wp-json\/wp\/v2\/pages\/52405\/revisions"}],"predecessor-version":[{"id":52416,"href":"https:\/\/www.donbosco.press\/fr\/wp-json\/wp\/v2\/pages\/52405\/revisions\/52416"}],"wp:featuredmedia":[{"embeddable":true,"href":"https:\/\/www.donbosco.press\/fr\/wp-json\/wp\/v2\/media\/52397"}],"wp:attachment":[{"href":"https:\/\/www.donbosco.press\/fr\/wp-json\/wp\/v2\/media?parent=52405"}],"curies":[{"name":"wp","href":"https:\/\/api.w.org\/{rel}","templated":true}]}}