{"id":52377,"date":"2026-03-30T07:51:21","date_gmt":"2026-03-30T07:51:21","guid":{"rendered":"https:\/\/www.donbosco.press\/?page_id=52377"},"modified":"2026-03-30T07:51:54","modified_gmt":"2026-03-30T07:51:54","slug":"examen-de-conscience-sur-la-preparation-a-la-mort","status":"publish","type":"page","link":"https:\/\/www.donbosco.press\/fr\/examen-de-conscience-sur-la-preparation-a-la-mort\/","title":{"rendered":"Examen de conscience sur la pr\u00e9paration \u00e0 la mort"},"content":{"rendered":"<p>&nbsp;<\/p>\n<p><strong>1. \u00c9tat de mon \u00e2me devant Dieu<br \/>\n<\/strong>&#8211; Suis-je en \u00e9tat de gr\u00e2ce ou est-ce que je vis dans le p\u00e9ch\u00e9 sans vouloir changer ?<br \/>\n&#8211; Est-ce que je me confesse avec sinc\u00e9rit\u00e9 et r\u00e9gularit\u00e9, sans remettre la conversion \u00e0 plus tard en pensant que j&rsquo;ai le temps ?<br \/>\n&#8211; Si je devais mourir cette nuit, serais-je tranquille ? Si je ne le suis pas, suis-je d\u00e9cid\u00e9 \u00e0 en \u00e9liminer la cause, quel qu&rsquo;en soit le co\u00fbt ?<\/p>\n<p><strong>2. Foi en la vie \u00e9ternelle et au jugement<br \/>\n<\/strong>&#8211; Est-ce que je crois vraiment que je devrai rendre compte de toute ma vie ?<br \/>\n&#8211; Est-ce que je crois vraiment que le Paradis et l&rsquo;Enfer sont \u00e9ternels ?<br \/>\n&#8211; Est-ce que je ne vis pas seulement pour cette vie, en oubliant que tout passera ?<br \/>\n&#8211; Est-ce que je ne n\u00e9glige pas la pr\u00e9paration \u00e0 la vie \u00e9ternelle en ne pensant qu&rsquo;\u00e0 la vie pr\u00e9sente ?<\/p>\n<p><strong>3. Rappel de la mort et vigilance<br \/>\n<\/strong>&#8211; Est-ce que je pense au moins de temps en temps que je devrai mourir ?<br \/>\n&#8211; Est-ce que je me souviens de l&rsquo;enseignement : \u00ab <em>Memento mori<\/em> &#8211; Souviens-toi des fins derni\u00e8res \u00bb ?<br \/>\n&#8211; Au moins une fois par mois, est-ce que je r\u00e9fl\u00e9chis s\u00e9rieusement \u00e0 la mort ? Cette r\u00e9flexion me change-t-elle ?<br \/>\n&#8211; Est-ce que je vis comme si la mort \u00e9tait lointaine, en oubliant que je pourrais mourir aujourd&rsquo;hui m\u00eame ?<\/p>\n<p><strong>4. Pr\u00e9paration concr\u00e8te et d\u00e9cisions<br \/>\n<\/strong>&#8211; Si pour les \u00e9v\u00e9nements importants de la vie je me pr\u00e9pare s\u00e9rieusement, est-ce que je me rends compte que la mort est l&rsquo;\u00e9v\u00e9nement le plus important de ma vie, auquel je dois me pr\u00e9parer avec la plus grande diligence ?<br \/>\n&#8211; Est-ce que je me pr\u00e9pare concr\u00e8tement \u00e0 la rencontre avec Dieu ?<br \/>\n&#8211; Est-ce que je remets toujours les d\u00e9cisions importantes \u00e0 \u00ab demain \u00bb ?<br \/>\n&#8211; Que vais-je faire aujourd&rsquo;hui m\u00eame pour \u00eatre mieux pr\u00e9par\u00e9 ?<\/p>\n<p><strong>5. Lutte contre le p\u00e9ch\u00e9 \u00e0 la lumi\u00e8re de la mort<br \/>\n<\/strong>&#8211; Dans les tentations, est-ce que je pense que je pourrais mourir juste apr\u00e8s ? &#8211; Cette pens\u00e9e m&rsquo;aide-t-elle \u00e0 r\u00e9sister au mal ?<br \/>\n&#8211; Est-ce que je combats s\u00e9rieusement mes p\u00e9ch\u00e9s habituels ?<br \/>\n&#8211; Est-ce que je ne me laisse pas aller en pensant que \u00ab ce n&rsquo;est rien \u00bb ?<br \/>\n&#8211; Est-ce que je ne sous-estime pas le danger du p\u00e9ch\u00e9, sachant que celui qui meurt en \u00e9tat de p\u00e9ch\u00e9 mortel va en Enfer pour toute l&rsquo;\u00e9ternit\u00e9 ?<\/p>\n<p><strong>6. D\u00e9tachement du monde et usage du temps<br \/>\n<\/strong>&#8211; La pens\u00e9e de la mort m&rsquo;aide-t-elle \u00e0 me d\u00e9tacher des vanit\u00e9s et de ce qui m&rsquo;\u00e9loigne de Dieu ?<br \/>\n&#8211; Ne suis-je pas trop attach\u00e9 au monde ?<br \/>\n&#8211; Est-ce que je ne vis pas comme si je devais rester ici pour toujours ?<br \/>\n&#8211; La bri\u00e8vet\u00e9 de la vie me pousse-t-elle \u00e0 bien vivre chaque jour ?<br \/>\n&#8211; Est-ce que j&rsquo;utilise bien le temps que Dieu me donne ? Est-ce que je ne perds pas de temps en choses inutiles ?<br \/>\n&#8211; Est-ce que je cherche \u00e0 faire le bien chaque jour ?<br \/>\n&#8211; Est-ce que je ne remets pas \u00e0 plus tard ce qui est important ?<br \/>\n&#8211; Est-ce que je vis sans un but \u00e9ternel ?<\/p>\n<p><strong>7. Relations, pardon et charit\u00e9<br \/>\n<\/strong>&#8211; Suis-je en paix avec tout le monde, ai-je pardonn\u00e9 \u00e0 ceux qui m&rsquo;ont fait du mal et ai-je demand\u00e9 pardon quand c&rsquo;\u00e9tait n\u00e9cessaire ?<br \/>\n&#8211; Est-ce que je ne remets pas la r\u00e9conciliation \u00e0 plus tard en risquant de me pr\u00e9senter \u00e0 Dieu le c\u0153ur ferm\u00e9 ?<br \/>\n&#8211; Est-ce que je fais le bien quand je peux, sans remettre \u00e0 plus tard la charit\u00e9 que je peux vivre aujourd&rsquo;hui ?<\/p>\n<p><strong>8. Relation avec Dieu et esp\u00e9rance<br \/>\n<\/strong>&#8211; Est-ce que je vis en amiti\u00e9 avec Dieu, en priant chaque jour et en me confiant \u00e0 Lui ?<br \/>\n&#8211; Est-ce que je ne me souviens de Dieu que dans le besoin ou est-ce que je vis loin de Lui ?<br \/>\n&#8211; Ai-je la paix dans le c\u0153ur en pensant \u00e0 la mort ?<br \/>\n&#8211; Ai-je confiance en sa mis\u00e9ricorde et est-ce que je vis avec une esp\u00e9rance chr\u00e9tienne, sans d\u00e9sesp\u00e9rer du salut ?<\/p>\n<p><strong>9. Vigilance continue et pr\u00e9paration \u00e0 l&rsquo;\u00e9ternit\u00e9<br \/>\n<\/strong>&#8211; Est-ce que je vis chaque jour comme une pr\u00e9paration \u00e0 la rencontre avec Dieu, en gardant mon \u00e2me pr\u00eate ?<br \/>\n&#8211; Suis-je pr\u00eat \u00e0 mourir \u00e0 tout moment ? Est-ce que je garde mon \u00e2me pr\u00e9par\u00e9e ?<br \/>\n&#8211; Est-ce que je me souviens de Dieu pendant la journ\u00e9e ou est-ce que je vis comme si Dieu n&rsquo;existait pas ? Est-ce que je vis en \u00e9tat de veille ?<br \/>\n&#8211; Est-ce que je ne me fais pas d&rsquo;illusions en pensant que j&rsquo;ai toujours le temps en vivant distrait et non pr\u00e9par\u00e9 ?<br \/>\n&#8211; Ai-je \u00e9galement mis de l&rsquo;ordre dans les choses pratiques, comme le testament ?<\/p>\n","protected":false},"excerpt":{"rendered":"<p>&nbsp; 1. \u00c9tat de mon \u00e2me devant Dieu &#8211; Suis-je en \u00e9tat de gr\u00e2ce ou&#8230;<\/p>\n","protected":false},"author":1,"featured_media":52369,"parent":0,"menu_order":0,"comment_status":"closed","ping_status":"closed","template":"","meta":{"iawp_total_views":1,"footnotes":""},"class_list":["post-52377","page","type-page","status-publish","has-post-thumbnail","hentry"],"_links":{"self":[{"href":"https:\/\/www.donbosco.press\/fr\/wp-json\/wp\/v2\/pages\/52377","targetHints":{"allow":["GET"]}}],"collection":[{"href":"https:\/\/www.donbosco.press\/fr\/wp-json\/wp\/v2\/pages"}],"about":[{"href":"https:\/\/www.donbosco.press\/fr\/wp-json\/wp\/v2\/types\/page"}],"author":[{"embeddable":true,"href":"https:\/\/www.donbosco.press\/fr\/wp-json\/wp\/v2\/users\/1"}],"replies":[{"embeddable":true,"href":"https:\/\/www.donbosco.press\/fr\/wp-json\/wp\/v2\/comments?post=52377"}],"version-history":[{"count":2,"href":"https:\/\/www.donbosco.press\/fr\/wp-json\/wp\/v2\/pages\/52377\/revisions"}],"predecessor-version":[{"id":52390,"href":"https:\/\/www.donbosco.press\/fr\/wp-json\/wp\/v2\/pages\/52377\/revisions\/52390"}],"wp:featuredmedia":[{"embeddable":true,"href":"https:\/\/www.donbosco.press\/fr\/wp-json\/wp\/v2\/media\/52369"}],"wp:attachment":[{"href":"https:\/\/www.donbosco.press\/fr\/wp-json\/wp\/v2\/media?parent=52377"}],"curies":[{"name":"wp","href":"https:\/\/api.w.org\/{rel}","templated":true}]}}