{"id":52352,"date":"2026-03-30T07:36:43","date_gmt":"2026-03-30T07:36:43","guid":{"rendered":"https:\/\/www.donbosco.press\/?page_id=52352"},"modified":"2026-03-30T07:37:13","modified_gmt":"2026-03-30T07:37:13","slug":"examen-de-conscience-sur-la-mortification-interieure","status":"publish","type":"page","link":"https:\/\/www.donbosco.press\/fr\/examen-de-conscience-sur-la-mortification-interieure\/","title":{"rendered":"Examen de conscience sur la mortification int\u00e9rieure"},"content":{"rendered":"<p>&nbsp;<\/p>\n<p><strong>1. Ouverture \u00e0 la gr\u00e2ce et d\u00e9fense de l&rsquo;\u00e2me<br \/>\n<\/strong>&#8211; Est-ce que j&rsquo;ouvre mon \u00e2me \u00e0 la gr\u00e2ce de Dieu en cherchant \u00e0 le rencontrer dans la pri\u00e8re, la lecture et les sacrements ?<br \/>\n&#8211; Ai-je soin de fermer mon \u00e2me \u00e0 ce qui me fait du mal spirituellement ?<br \/>\n&#8211; Ne me laiss\u00e9-je pas attirer volontairement par des images, des paroles ou des choses qui souillent le c\u0153ur ?<\/p>\n<p><strong>2. Docilit\u00e9 \u00e0 Dieu et mortification de la volont\u00e9<br \/>\n<\/strong>&#8211; Est-ce que j&rsquo;\u00e9coute la voix de ma conscience et accepte ce que Dieu permet dans ma vie ?<br \/>\n&#8211; Est-ce que j&rsquo;ob\u00e9is \u00e0 ceux qui me guident et me corrigent, ou est-ce que je veux toujours n&rsquo;en faire qu&rsquo;\u00e0 ma t\u00eate ?<br \/>\n&#8211; Est-ce que je m&rsquo;obstine m\u00eame quand je comprends que j&rsquo;ai tort ?<br \/>\n&#8211; Dans mes d\u00e9cisions, est-ce que je cherche la volont\u00e9 de Dieu ?<br \/>\n&#8211; Suis-je convaincu que sans mortification, je ne peux pas grandir dans la foi ?<\/p>\n<p><strong>3. Mortification des passions<br \/>\n<\/strong>&#8211; Est-ce que je freine mes passions d\u00e9sordonn\u00e9es \u2014 col\u00e8re, impulsivit\u00e9, d\u00e9sir \u2014 sans c\u00e9der imm\u00e9diatement \u00e0 ce qui me pla\u00eet mais n&rsquo;est pas juste ?<br \/>\n&#8211; Est-ce que je cultive au contraire de bonnes passions, comme l&rsquo;amour envers Dieu et le prochain ?<\/p>\n<p><strong>4. Puret\u00e9 et garde du corps<br \/>\n<\/strong>&#8211; Est-ce que je respecte mon corps et celui des autres avec puret\u00e9 ?<br \/>\n&#8211; Est-ce que j&rsquo;\u00e9vite les occasions de p\u00e9ch\u00e9 et tout ce qui blesse la chastet\u00e9 ?<br \/>\n&#8211; Est-ce que je regarde, \u00e9coute ou cherche des choses qui souillent le c\u0153ur ?<br \/>\n&#8211; Est-ce que j&rsquo;\u00e9vite toutes les occasions de p\u00e9ch\u00e9 ?<\/p>\n<p><strong>5. Mortification de l&rsquo;esprit et du jugement<br \/>\n<\/strong>&#8211; Est-ce que je cherche la v\u00e9rit\u00e9 ou seulement ce qui m&rsquo;arrange ?<br \/>\n&#8211; Est-ce que je construis des raisonnements pour me justifier ou juge sans conna\u00eetre ?<br \/>\n&#8211; Est-ce que je me perds dans des curiosit\u00e9s inutiles et des choses qui ne servent \u00e0 rien ?<br \/>\n&#8211; Dans les conversations et dans l&rsquo;\u00e9tude, est-ce que je cherche ce qui est n\u00e9cessaire ?<\/p>\n<p><strong>6. Mortification de l&rsquo;imagination et de la m\u00e9moire<br \/>\n<\/strong>&#8211; Est-ce que je contr\u00f4le mon imagination, en \u00e9vitant d&rsquo;alimenter des images vaines ou dangereuses ?<br \/>\n&#8211; Est-ce que je reviens en pens\u00e9e \u00e0 de mauvais souvenirs, \u00e0 des rancunes ou \u00e0 des situations qui me font chuter ?<br \/>\n&#8211; Est-ce que je nourris mon esprit de bonnes choses, en d\u00e9laissant les mauvaises ?<br \/>\n&#8211; Est-ce que je me laisse distraire continuellement ?<\/p>\n<p><strong>7. Mortification de l&rsquo;obstination et de l&rsquo;amour-propre<br \/>\n<\/strong>&#8211; Est-ce que je reconnais quand les autres ont raison et sais-je c\u00e9der sur les choses de peu d&rsquo;importance ?<br \/>\n&#8211; Est-ce que je veux toujours avoir le dernier mot ou m&rsquo;accrocher \u00e0 mes id\u00e9es par orgueil ?<\/p>\n<p><strong>8. Mortification dans les d\u00e9cisions et les choix<br \/>\n<\/strong>&#8211; Dans mes d\u00e9cisions, est-ce que je cherche vraiment le bien, sans me laisser guider par les passions ou la peur du jugement des autres ?<br \/>\n&#8211; Est-ce que je cherche toujours la voie la plus facile ou agis sans r\u00e9fl\u00e9chir ?<\/p>\n<p><strong>9. Mortification dans les petites choses quotidiennes<br \/>\n<\/strong>&#8211; Sais-je dire de petits \u00ab non \u00bb \u00e0 moi-m\u00eame chaque jour ?<br \/>\n&#8211; Est-ce que je cherche toujours le confort ? Est-ce que je c\u00e8de \u00e0 mes caprices et \u00e9vite tout sacrifice ?<\/p>\n<p><strong>10. Mortification de la curiosit\u00e9 et de la superficialit\u00e9<br \/>\n<\/strong>&#8211; Est-ce que je contr\u00f4le ma curiosit\u00e9 ? Suis-je toujours \u00e0 la recherche de nouveaut\u00e9s inutiles ?<br \/>\n&#8211; Est-ce que je me disperse dans de nombreuses choses sans approfondir ?<br \/>\n&#8211; Ne pass\u00e9-je pas d&rsquo;un int\u00e9r\u00eat \u00e0 l&rsquo;autre sans constance ?<\/p>\n<p><strong>11. Pr\u00e9sence de Dieu dans la vie int\u00e9rieure<br \/>\n<\/strong>&#8211; Est-ce que j&rsquo;invite Dieu dans mes pens\u00e9es et lui offre-je mon int\u00e9riorit\u00e9 ?<br \/>\n&#8211; Est-ce que je vis avec l&rsquo;esprit dispers\u00e9 ?<br \/>\n&#8211; Sais-je que, pour parvenir \u00e0 la saintet\u00e9, je dois acqu\u00e9rir la ma\u00eetrise int\u00e9rieure ?<\/p>\n","protected":false},"excerpt":{"rendered":"<p>&nbsp; 1. Ouverture \u00e0 la gr\u00e2ce et d\u00e9fense de l&rsquo;\u00e2me &#8211; Est-ce que j&rsquo;ouvre mon&#8230;<\/p>\n","protected":false},"author":1,"featured_media":52345,"parent":0,"menu_order":0,"comment_status":"closed","ping_status":"closed","template":"","meta":{"iawp_total_views":0,"footnotes":""},"class_list":["post-52352","page","type-page","status-publish","has-post-thumbnail","hentry"],"_links":{"self":[{"href":"https:\/\/www.donbosco.press\/fr\/wp-json\/wp\/v2\/pages\/52352","targetHints":{"allow":["GET"]}}],"collection":[{"href":"https:\/\/www.donbosco.press\/fr\/wp-json\/wp\/v2\/pages"}],"about":[{"href":"https:\/\/www.donbosco.press\/fr\/wp-json\/wp\/v2\/types\/page"}],"author":[{"embeddable":true,"href":"https:\/\/www.donbosco.press\/fr\/wp-json\/wp\/v2\/users\/1"}],"replies":[{"embeddable":true,"href":"https:\/\/www.donbosco.press\/fr\/wp-json\/wp\/v2\/comments?post=52352"}],"version-history":[{"count":2,"href":"https:\/\/www.donbosco.press\/fr\/wp-json\/wp\/v2\/pages\/52352\/revisions"}],"predecessor-version":[{"id":52363,"href":"https:\/\/www.donbosco.press\/fr\/wp-json\/wp\/v2\/pages\/52352\/revisions\/52363"}],"wp:featuredmedia":[{"embeddable":true,"href":"https:\/\/www.donbosco.press\/fr\/wp-json\/wp\/v2\/media\/52345"}],"wp:attachment":[{"href":"https:\/\/www.donbosco.press\/fr\/wp-json\/wp\/v2\/media?parent=52352"}],"curies":[{"name":"wp","href":"https:\/\/api.w.org\/{rel}","templated":true}]}}