{"id":52326,"date":"2026-03-30T07:47:01","date_gmt":"2026-03-30T07:47:01","guid":{"rendered":"https:\/\/www.donbosco.press\/?page_id=52326"},"modified":"2026-03-30T07:47:36","modified_gmt":"2026-03-30T07:47:36","slug":"examen-de-conscience-sur-la-conformite-a-la-volonte-de-dieu","status":"publish","type":"page","link":"https:\/\/www.donbosco.press\/fr\/examen-de-conscience-sur-la-conformite-a-la-volonte-de-dieu\/","title":{"rendered":"Examen de conscience sur la conformit\u00e9 \u00e0 la volont\u00e9 de Dieu"},"content":{"rendered":"<p>&nbsp;<\/p>\n<p><strong>1. Foi en Dieu et en son amour<br \/>\n<\/strong>&#8211; Ai-je la foi que Dieu veut toujours mon vrai bien et que rien n&rsquo;arrive sans sa permission ?<br \/>\n&#8211; Est-ce que je doute de son amour dans les moments difficiles, en me d\u00e9courageant et en pensant qu&rsquo;il m&rsquo;a abandonn\u00e9 ?<\/p>\n<p><strong>2. Confiance et abandon<br \/>\n<\/strong>&#8211; Est-ce que je confie vraiment ma vie \u00e0 Dieu, m\u00eame quand tout va mal ?<br \/>\n&#8211; Est-ce que j&rsquo;essaie de vouloir tout contr\u00f4ler, en vivant dans une anxi\u00e9t\u00e9 excessive et en \u00e9tant trop attach\u00e9 \u00e0 ma s\u00e9curit\u00e9 (sant\u00e9, avenir, biens) ?<\/p>\n<p><strong>3. Accueil et conformit\u00e9 \u00e0 la volont\u00e9 de Dieu<br \/>\n<\/strong>&#8211; Est-ce que j&rsquo;accepte ce que Dieu permet \u2014 maladies, \u00e9preuves, humiliations, d\u00e9ceptions \u2014 sans me rebeller ni protester ?<br \/>\n&#8211; Est-ce que je veux vraiment ce que Dieu veut, de la mani\u00e8re et au moment o\u00f9 Il agit, sans adapter sa volont\u00e9 \u00e0 mes d\u00e9sirs ?<br \/>\n&#8211; Est-ce que je dis \u00ab oui \u00bb \u00e0 Dieu m\u00eame dans les moments difficiles ?<br \/>\n&#8211; Est-ce que je refuse de prendre la croix quand elle se pr\u00e9sente parce que je ne la comprends pas ?<\/p>\n<p><strong>4. Recherche de la volont\u00e9 de Dieu<br \/>\n<\/strong>&#8211; Est-ce que je cherche dans la pri\u00e8re la volont\u00e9 de Dieu avant de d\u00e9cider ? Est-ce que j&rsquo;ignore les signes et les inspirations que je re\u00e7ois ?<br \/>\n&#8211; Est-ce que je ne vis pas sans m&rsquo;interroger sur ce que Dieu veut pour ma vie ?<\/p>\n<p><strong>5. Ob\u00e9issance et docilit\u00e9<br \/>\n<\/strong>&#8211; Est-ce que j&rsquo;ob\u00e9is aux commandements, \u00e0 l&rsquo;\u00c9glise et \u00e0 ceux qui ont autorit\u00e9 sur moi ?<br \/>\n&#8211; Est-ce que j&rsquo;interpr\u00e8te la foi \u00e0 ma mani\u00e8re ou refuse l&rsquo;ob\u00e9issance par orgueil ?<\/p>\n<p><strong>6. D\u00e9tachement de soi et des choses<br \/>\n<\/strong>&#8211; Est-ce que je mets vraiment Dieu \u00e0 la premi\u00e8re place, sans faire de la famille, du travail ou d&rsquo;autre chose mon \u00ab premier amour \u00bb ?<br \/>\n&#8211; Sais-je me d\u00e9tacher de ce qui m&rsquo;attache trop ?<br \/>\n&#8211; Est-ce que je ne vis pas trop centr\u00e9 sur moi-m\u00eame ?<\/p>\n<p><strong>7. Puret\u00e9 d&rsquo;intention<br \/>\n<\/strong>&#8211; Est-ce que je fais les choses pour Dieu ou pour moi-m\u00eame, en cherchant \u00e0 Lui plaire plus qu&rsquo;aux hommes ?<br \/>\n&#8211; Est-ce que je n&rsquo;agis pas par orgueil, int\u00e9r\u00eat ou recherche d&rsquo;approbation ?<br \/>\n&#8211; Est-ce que je me laisse guider par le respect humain ?<\/p>\n<p><strong>8. Vie quotidienne et conformit\u00e9 concr\u00e8te<br \/>\n<\/strong>&#8211; Est-ce que j&rsquo;accepte avec patience les petites contrari\u00e9t\u00e9s quotidiennes, sans me plaindre ou chercher toujours la voie la plus facile ?<br \/>\n&#8211; Est-ce que j&rsquo;ignore la volont\u00e9 de Dieu dans les petites choses de chaque jour ?<br \/>\n&#8211; Est-ce que je vis avec patience les situations difficiles ?<\/p>\n<p><strong>9. Gratitude et paix int\u00e9rieure<br \/>\n<\/strong>&#8211; Est-ce que je remercie Dieu pour tout ce qu&rsquo;il me donne ? Ou est-ce que je tiens tout pour acquis ?<br \/>\n&#8211; Est-ce que je reconnais les gr\u00e2ces re\u00e7ues dans ma vie ? Est-ce que j&rsquo;oublie les bienfaits re\u00e7us ?<br \/>\n&#8211; Sais-je dire merci m\u00eame dans les difficult\u00e9s ? Est-ce que je me plains au lieu de remercier ?<br \/>\n&#8211; Est-ce que je vis dans la paix du c\u0153ur, sans m&rsquo;agiter inutilement ou perdre ma s\u00e9r\u00e9nit\u00e9 pour de petites choses ?<br \/>\n&#8211; Est-ce que je garde mon calme dans les difficult\u00e9s ?<br \/>\n&#8211; Est-ce que je vis inquiet et insatisfait ?<\/p>\n<p><strong>10. Amour de la volont\u00e9 de Dieu<br \/>\n<\/strong>&#8211; Est-ce que j&rsquo;aime la volont\u00e9 de Dieu ou est-ce que je la subis seulement par contrainte ?<br \/>\n&#8211; Est-ce que je cherche \u00e0 unir ma volont\u00e9 \u00e0 la sienne, en d\u00e9sirant vraiment ce que Lui d\u00e9sire ?<\/p>\n","protected":false},"excerpt":{"rendered":"<p>&nbsp; 1. Foi en Dieu et en son amour &#8211; Ai-je la foi que Dieu&#8230;<\/p>\n","protected":false},"author":1,"featured_media":52318,"parent":0,"menu_order":0,"comment_status":"closed","ping_status":"closed","template":"","meta":{"iawp_total_views":0,"footnotes":""},"class_list":["post-52326","page","type-page","status-publish","has-post-thumbnail","hentry"],"_links":{"self":[{"href":"https:\/\/www.donbosco.press\/fr\/wp-json\/wp\/v2\/pages\/52326","targetHints":{"allow":["GET"]}}],"collection":[{"href":"https:\/\/www.donbosco.press\/fr\/wp-json\/wp\/v2\/pages"}],"about":[{"href":"https:\/\/www.donbosco.press\/fr\/wp-json\/wp\/v2\/types\/page"}],"author":[{"embeddable":true,"href":"https:\/\/www.donbosco.press\/fr\/wp-json\/wp\/v2\/users\/1"}],"replies":[{"embeddable":true,"href":"https:\/\/www.donbosco.press\/fr\/wp-json\/wp\/v2\/comments?post=52326"}],"version-history":[{"count":2,"href":"https:\/\/www.donbosco.press\/fr\/wp-json\/wp\/v2\/pages\/52326\/revisions"}],"predecessor-version":[{"id":52337,"href":"https:\/\/www.donbosco.press\/fr\/wp-json\/wp\/v2\/pages\/52326\/revisions\/52337"}],"wp:featuredmedia":[{"embeddable":true,"href":"https:\/\/www.donbosco.press\/fr\/wp-json\/wp\/v2\/media\/52318"}],"wp:attachment":[{"href":"https:\/\/www.donbosco.press\/fr\/wp-json\/wp\/v2\/media?parent=52326"}],"curies":[{"name":"wp","href":"https:\/\/api.w.org\/{rel}","templated":true}]}}