{"id":52299,"date":"2026-03-30T07:32:43","date_gmt":"2026-03-30T07:32:43","guid":{"rendered":"https:\/\/www.donbosco.press\/?page_id=52299"},"modified":"2026-03-30T07:33:34","modified_gmt":"2026-03-30T07:33:34","slug":"examen-de-conscience-sur-les-moyens-de-la-saintete","status":"publish","type":"page","link":"https:\/\/www.donbosco.press\/fr\/examen-de-conscience-sur-les-moyens-de-la-saintete\/","title":{"rendered":"Examen de conscience sur les moyens de la saintet\u00e9"},"content":{"rendered":"<p>&nbsp;<\/p>\n<p><strong>1. But de la vie et d\u00e9sir de saintet\u00e9<br \/>\n<\/strong>&#8211; Ai-je vraiment pour but dans ma vie de devenir saint (seuls les saints entrent au Paradis) ?<br \/>\n&#8211; Ma vie montre-t-elle que je suis un disciple du Christ ?<br \/>\n&#8211; Est-ce que j\u2019ai des priorit\u00e9s claires (Dieu, famille, travail) en les vivant avec fid\u00e9lit\u00e9 ?<br \/>\n&#8211; Est-ce que je vis de mani\u00e8re superficielle, sans v\u00e9ritable direction ?<br \/>\n&#8211; Est-ce que je vis en pensant \u00e0 la vie \u00e9ternelle ?<br \/>\n&#8211; Est-ce que j&rsquo;interpr\u00e8te ce que je fais \u00e0 la lumi\u00e8re de l&rsquo;\u00e9ternit\u00e9 ?<\/p>\n<p><strong>2. Pri\u00e8re et relation avec Dieu<br \/>\n<\/strong>&#8211; Est-ce que je consacre chaque jour du temps \u00e0 \u00eatre avec Dieu dans la pri\u00e8re ?<br \/>\n&#8211; Est-ce que je prie avec le c\u0153ur, en louant, en remerciant et en demandant pardon ?<br \/>\n&#8211; Est-ce que je prie seulement pour demander ou, pire, pour exiger ?<br \/>\n&#8211; Sais-je faire silence devant Dieu pour l&rsquo;\u00e9couter ?<br \/>\n&#8211; Est-ce que j&rsquo;interc\u00e8de pour ma famille, pour l&rsquo;\u00c9glise, pour le monde ?<br \/>\n&#8211; Est-ce que je demande \u00e0 Dieu de me conna\u00eetre moi-m\u00eame ?<\/p>\n<p><strong>3. Confession<br \/>\n<\/strong>&#8211; Est-ce que je me confesse r\u00e9guli\u00e8rement, avec sinc\u00e9rit\u00e9 et repentir ?<br \/>\n&#8211; Est-ce que je me pr\u00e9pare bien par un examen de conscience ?<br \/>\n&#8211; Ai-je un confesseur stable qui m&rsquo;aide \u00e0 grandir ?<br \/>\n&#8211; Est-ce que j&rsquo;\u00e9vite les occasions de p\u00e9ch\u00e9 (environnements, habitudes, fr\u00e9quentations) ?<br \/>\n&#8211; Est-ce que je vois des changements concrets dans ma vie d&rsquo;une confession \u00e0 l&rsquo;autre ?<\/p>\n<p><strong>4. Eucharistie<br \/>\n<\/strong>&#8211; Est-ce que je participe \u00e0 la Messe avec foi et attention ?<br \/>\n&#8211; Est-ce que je me pr\u00e9pare bien \u00e0 la Communion et remercie le Seigneur apr\u00e8s l&rsquo;avoir re\u00e7u ?<br \/>\n&#8211; Est-ce que je re\u00e7ois la Communion par habitude, sans qu&rsquo;elle porte des fruits dans ma vie ?<\/p>\n<p><strong>5. Parole de Dieu et formation<br \/>\n<\/strong>&#8211; Est-ce que je lis et m\u00e9dite la Parole de Dieu ?<br \/>\n&#8211; Est-ce que j&rsquo;approfondis ma foi avec la Bible, le Cat\u00e9chisme et de bonnes lectures ?<br \/>\n&#8211; Est-ce que je mets en pratique ce que j&rsquo;\u00e9coute, ou est-ce que je stagne sans progresser ?<\/p>\n<p><strong>6. Lutte spirituelle et conversion<br \/>\n<\/strong>&#8211; Est-ce que je combats mes d\u00e9fauts avec d\u00e9termination et cherche \u00e0 \u00e9viter le p\u00e9ch\u00e9 et ses occasions ?<br \/>\n&#8211; Est-ce que je me rel\u00e8ve apr\u00e8s les chutes sans m&rsquo;habituer au p\u00e9ch\u00e9 ?<br \/>\n&#8211; Ne remets-je pas ma conversion \u00e0 plus tard ?<br \/>\n&#8211; Ne me justifi\u00e9-je pas au lieu de changer ?<\/p>\n<p><strong>7. Croix et sacrifice<br \/>\n<\/strong>&#8211; Est-ce que j&rsquo;accepte les difficult\u00e9s et les souffrances comme faisant partie de ma vie chr\u00e9tienne et aussi comme une occasion de grandir ?<br \/>\n&#8211; Est-ce que j&rsquo;unis mes peines \u00e0 celles du Christ, en lui offrant les souffrances, les maladies, etc. ?<br \/>\n&#8211; Est-ce que je refuse la croix en cherchant toujours la voie la plus facile ?<br \/>\n&#8211; Est-ce que je demande \u00e0 Dieu la gr\u00e2ce d&rsquo;aimer la croix ?<\/p>\n<p><strong>8. Relations v\u00e9cues dans le Christ<br \/>\n<\/strong>&#8211; Mes relations sont-elles sinc\u00e8res, pures et respectueuses ?<br \/>\n&#8211; Est-ce que je vis mes relations \u00e0 la lumi\u00e8re du Seigneur ?<br \/>\n&#8211; Sais-je pardonner quand je suis offens\u00e9 et est-ce que je cherche la r\u00e9conciliation avec ceux avec qui j&rsquo;ai un diff\u00e9rend ?<br \/>\n&#8211; Suis-je disponible pour servir les autres par amour pour Dieu, et non seulement pour me sentir bien ?<\/p>\n<p><strong>9. Vie familiale et devoirs d\u2019\u00e9tat<br \/>\n<\/strong>&#8211; Est-ce que je contribue \u00e0 cr\u00e9er en famille un climat d&rsquo;amour et de foi ?<br \/>\n&#8211; Est-ce que j&rsquo;accomplis mes devoirs de p\u00e8re, de m\u00e8re, de fils ou de consacr\u00e9 avec fid\u00e9lit\u00e9 ?<br \/>\n&#8211; Est-ce que je travaille avec honn\u00eatet\u00e9 et ne n\u00e9glige pas mes responsabilit\u00e9s quotidiennes ?<\/p>\n<p><strong>10. Apostolat et t\u00e9moignage<br \/>\n<\/strong>&#8211; Est-ce que j&rsquo;am\u00e8ne les autres au Seigneur par ma vie et par mes paroles, quand c&rsquo;est opportun ?<br \/>\n&#8211; Est-ce que je cache ma foi par peur du jugement des autres ?<\/p>\n<p><strong>11. Charit\u00e9 concr\u00e8te et \u0153uvres de mis\u00e9ricorde<br \/>\n<\/strong>&#8211; Suis-je proche des pauvres, des malades et des \u00e9trangers, voyant en eux des fr\u00e8res dans le Christ ?<br \/>\n&#8211; Sais-je consoler, corriger avec charit\u00e9 et donner de bons conseils ?<br \/>\n&#8211; Est-ce que je me d\u00e9robe quand il s&rsquo;agit de donner ou de participer aux \u0153uvres de l&rsquo;\u00c9glise ?<br \/>\n&#8211; Ne fais-je pas de pr\u00e9f\u00e9rences en fonction de l&rsquo;apparence ou de la sympathie ?<\/p>\n<p><strong>12. Usage du temps et pr\u00e9sence de Dieu<br \/>\n<\/strong>&#8211; Est-ce que j&rsquo;utilise bien mon temps, en accordant de la place aux choses importantes\u00a0: pri\u00e8re, famille, travail ?<br \/>\n&#8211; Est-ce que je me souviens de Dieu pendant la journ\u00e9e en Lui offrant mes actions, m\u00eame les plus petites ?<br \/>\n&#8211; Est-ce que je ne s\u00e9pare pas la foi de la vie concr\u00e8te, en croyant que la saintet\u00e9 passe aussi par les petites choses bien v\u00e9cues ?<br \/>\n&#8211; Est-ce que j&rsquo;essaie de tout faire pour l\u2019amour de Dieu ?<\/p>\n","protected":false},"excerpt":{"rendered":"<p>&nbsp; 1. But de la vie et d\u00e9sir de saintet\u00e9 &#8211; Ai-je vraiment pour but&#8230;<\/p>\n","protected":false},"author":1,"featured_media":52291,"parent":0,"menu_order":0,"comment_status":"closed","ping_status":"closed","template":"","meta":{"iawp_total_views":1,"footnotes":""},"class_list":["post-52299","page","type-page","status-publish","has-post-thumbnail","hentry"],"_links":{"self":[{"href":"https:\/\/www.donbosco.press\/fr\/wp-json\/wp\/v2\/pages\/52299","targetHints":{"allow":["GET"]}}],"collection":[{"href":"https:\/\/www.donbosco.press\/fr\/wp-json\/wp\/v2\/pages"}],"about":[{"href":"https:\/\/www.donbosco.press\/fr\/wp-json\/wp\/v2\/types\/page"}],"author":[{"embeddable":true,"href":"https:\/\/www.donbosco.press\/fr\/wp-json\/wp\/v2\/users\/1"}],"replies":[{"embeddable":true,"href":"https:\/\/www.donbosco.press\/fr\/wp-json\/wp\/v2\/comments?post=52299"}],"version-history":[{"count":2,"href":"https:\/\/www.donbosco.press\/fr\/wp-json\/wp\/v2\/pages\/52299\/revisions"}],"predecessor-version":[{"id":52311,"href":"https:\/\/www.donbosco.press\/fr\/wp-json\/wp\/v2\/pages\/52299\/revisions\/52311"}],"wp:featuredmedia":[{"embeddable":true,"href":"https:\/\/www.donbosco.press\/fr\/wp-json\/wp\/v2\/media\/52291"}],"wp:attachment":[{"href":"https:\/\/www.donbosco.press\/fr\/wp-json\/wp\/v2\/media?parent=52299"}],"curies":[{"name":"wp","href":"https:\/\/api.w.org\/{rel}","templated":true}]}}