{"id":52272,"date":"2026-03-30T07:22:32","date_gmt":"2026-03-30T07:22:32","guid":{"rendered":"https:\/\/www.donbosco.press\/?page_id=52272"},"modified":"2026-03-30T07:23:23","modified_gmt":"2026-03-30T07:23:23","slug":"examen-de-conscience-sur-les-defauts-du-caractere","status":"publish","type":"page","link":"https:\/\/www.donbosco.press\/fr\/examen-de-conscience-sur-les-defauts-du-caractere\/","title":{"rendered":"Examen de conscience sur les d\u00e9fauts du caract\u00e8re"},"content":{"rendered":"<p>&nbsp;<\/p>\n<p><strong>1. Haine, intol\u00e9rance et racisme<br \/>\n<\/strong>&#8211; Ai-je trait\u00e9 quelqu&rsquo;un comme s&rsquo;il valait moins parce qu&rsquo;il est d&rsquo;une autre race, culture ou religion ?<br \/>\n&#8211; Suis-je conscient que personne n&rsquo;a choisi la couleur de sa peau ou son pays de naissance ?<br \/>\n&#8211; Ai-je rejet\u00e9 ou m\u00e9pris\u00e9 quelqu&rsquo;un simplement parce qu&rsquo;il est diff\u00e9rent de moi ?<br \/>\n&#8211; Est-ce que je me ferme \u00e0 ceux qui ne pensent pas comme moi ?<\/p>\n<p><strong>2. Col\u00e8re, rancune et manque de pardon<br \/>\n<\/strong>&#8211; Ai-je ha\u00ef ou souhait\u00e9 du mal \u00e0 quelqu&rsquo;un qui m&rsquo;a fait du tort ?<br \/>\n&#8211; Est-ce que je garde rancune depuis longtemps ?<br \/>\n&#8211; Est-ce que je me r\u00e9jouis int\u00e9rieurement quand quelqu&rsquo;un qui m&rsquo;a bless\u00e9 va mal ?<br \/>\n&#8211; Est-ce que je me venge par des paroles, des silences ou des attitudes ?<br \/>\n&#8211; N&rsquo;ai-je pas de ressentiment envers une personne, un groupe, une institution ou une id\u00e9e ?<br \/>\n&#8211; Est-ce que je me laisse facilement emporter par la col\u00e8re ?<br \/>\n&#8211; Suis-je conscient que je suis oblig\u00e9 de pardonner, car Dieu m&rsquo;a pardonn\u00e9 le premier <em>(\u00ab si vous ne pardonnez pas aux hommes, votre P\u00e8re non plus ne vous pardonnera pas vos fautes \u00bb,<\/em> Mt 6,15) ?<\/p>\n<p><strong>3. Orgueil et fiert\u00e9<br \/>\n<\/strong>&#8211; Est-ce que je veux toujours avoir raison et n&rsquo;admets jamais avoir tort ?<br \/>\n&#8211; Est-ce que je me sens sup\u00e9rieur aux autres ?<br \/>\n&#8211; Est-ce que je parle en mal des autres pour les rabaisser ou les d\u00e9truire ?<br \/>\n&#8211; Est-ce que je justifie mes erreurs pour ne pas avoir \u00e0 dire \u00ab j&rsquo;ai eu tort \u00bb ?<br \/>\n&#8211; Est-ce que j&rsquo;essaie de para\u00eetre meilleur que ce que je suis ?<br \/>\n&#8211; Quand on me corrige, est-ce que je me rebiffe ou me sens bless\u00e9 ?<\/p>\n<p><strong>4. \u00c9go\u00efsme et manque de charit\u00e9<br \/>\n<\/strong>&#8211; Est-ce que je ne pense toujours qu&rsquo;\u00e0 mon propre int\u00e9r\u00eat, m\u00eame au d\u00e9triment des autres ?<br \/>\n&#8211; Suis-je attentif aux besoins de ceux qui m&rsquo;entourent ?<br \/>\n&#8211; Est-ce que je rejette la faute sur les autres pour mes erreurs au lieu d&rsquo;assumer mes responsabilit\u00e9s ?<\/p>\n<p><strong>5. Envie et m\u00e9disance<br \/>\n<\/strong>&#8211; Est-ce que je ressens de l&rsquo;agacement ou de la jalousie quand les autres r\u00e9ussissent ?<br \/>\n&#8211; Est-ce que je parle en mal de quelqu&rsquo;un ou le ridiculise par envie ?<br \/>\n&#8211; Ne compar\u00e9-je pas continuellement ma vie \u00e0 celle des autres ?<br \/>\n&#8211; Suis-je conscient que l&rsquo;envie est aussi une cons\u00e9quence du manque de gratitude pour ce que j&rsquo;ai ?<br \/>\n&#8211; Ne dis-je pas du mal des autres dans leur dos ?<br \/>\n&#8211; Est-ce que j&rsquo;exag\u00e8re les d\u00e9fauts d&rsquo;autrui ?<br \/>\n&#8211; Est-ce que je juge sans vraiment conna\u00eetre ?<br \/>\n&#8211; Est-ce que je cherche toujours le c\u00f4t\u00e9 n\u00e9gatif chez les gens ?<br \/>\n&#8211; Est-ce que j&rsquo;utilise les mots pour blesser ou discr\u00e9diter ?<\/p>\n<p><strong>6. Hypocrisie et duplicit\u00e9<br \/>\n<\/strong>&#8211; Est-ce que je montre un visage \u00e0 l&rsquo;ext\u00e9rieur et un autre \u00e0 la maison ?<br \/>\n&#8211; Ce que je montre aux autres correspond-il vraiment \u00e0 ce que je suis ?<br \/>\n&#8211; Ne fais-je pas de bonnes actions uniquement pour para\u00eetre, en cachant mes vrais d\u00e9fauts ?<\/p>\n<p><strong>7. Autojustification et manque de sinc\u00e9rit\u00e9<br \/>\n<\/strong>&#8211; Est-ce que je me justifie toujours au lieu de vraiment changer ?<br \/>\n&#8211; Est-ce que je dis \u00ab je change \u00e0 partir de demain \u00bb, mais ensuite je ne fais rien ?<br \/>\n&#8211; Est-ce que j&rsquo;arrive toujours aux conclusions qui m&rsquo;arrangent le plus ?<\/p>\n<p><strong>8. Impatience et susceptibilit\u00e9<br \/>\n<\/strong>&#8211; Est-ce que je m&rsquo;irrite facilement dans les situations de tous les jours ?<br \/>\n&#8211; Est-ce que je me vexe facilement ou je pense tout de suite du mal des autres ?<br \/>\n&#8211; Est-ce que je n&rsquo;oublie pas mes propres manquements quand je juge ceux des autres ?<\/p>\n<p><strong>9. Anxi\u00e9t\u00e9, peur et manque de confiance en Dieu<br \/>\n<\/strong>&#8211; Est-ce que je vis souvent dans l&rsquo;anxi\u00e9t\u00e9 et l&rsquo;inqui\u00e9tude sans m&rsquo;en remettre \u00e0 Dieu ?<br \/>\n&#8211; N&rsquo;ai-je pas des peurs exag\u00e9r\u00e9es pour l&rsquo;avenir ?<br \/>\n&#8211; Quand je suis inquiet, est-ce que je cherche Dieu ou est-ce que je me renferme sur moi-m\u00eame ?<\/p>\n<p><strong>10. Plaintes et apitoiement sur soi<br \/>\n<\/strong>&#8211; Est-ce que je me plains continuellement et vois plus ce qui me manque que ce que j&rsquo;ai ?<br \/>\n&#8211; Ne me sens-je pas souvent victime des situations ou convaincu que personne ne m&rsquo;aime ?<\/p>\n<p><strong>11. Attachement aux biens et paresse<br \/>\n<\/strong>&#8211; Suis-je trop attach\u00e9 au confort en vivant avec peu d&rsquo;esprit de sacrifice ?<br \/>\n&#8211; Est-ce que je remets \u00e0 plus tard ce que je dois faire et cherche toujours la voie la plus facile ?<br \/>\n&#8211; Est-ce que j&rsquo;\u00e9vite les engagements qui demandent un effort ?<\/p>\n<p><strong>12. N\u00e9gligence dans la vie spirituelle<br \/>\n<\/strong>&#8211; Est-ce que je n\u00e9glige la pri\u00e8re et les sacrements ?<br \/>\n&#8211; Est-ce que je vis la foi seulement en surface, sans la laisser vraiment changer mon caract\u00e8re ?<br \/>\n&#8211; Est-ce que je me souviens de Dieu pendant la journ\u00e9e ?<br \/>\n&#8211; Est-ce que je crois vraiment que m\u00eame les plus petites choses faites par amour pour Dieu ont de la valeur ?<\/p>\n","protected":false},"excerpt":{"rendered":"<p>&nbsp; 1. Haine, intol\u00e9rance et racisme &#8211; Ai-je trait\u00e9 quelqu&rsquo;un comme s&rsquo;il valait moins parce&#8230;<\/p>\n","protected":false},"author":1,"featured_media":52266,"parent":0,"menu_order":0,"comment_status":"closed","ping_status":"closed","template":"","meta":{"iawp_total_views":0,"footnotes":""},"class_list":["post-52272","page","type-page","status-publish","has-post-thumbnail","hentry"],"_links":{"self":[{"href":"https:\/\/www.donbosco.press\/fr\/wp-json\/wp\/v2\/pages\/52272","targetHints":{"allow":["GET"]}}],"collection":[{"href":"https:\/\/www.donbosco.press\/fr\/wp-json\/wp\/v2\/pages"}],"about":[{"href":"https:\/\/www.donbosco.press\/fr\/wp-json\/wp\/v2\/types\/page"}],"author":[{"embeddable":true,"href":"https:\/\/www.donbosco.press\/fr\/wp-json\/wp\/v2\/users\/1"}],"replies":[{"embeddable":true,"href":"https:\/\/www.donbosco.press\/fr\/wp-json\/wp\/v2\/comments?post=52272"}],"version-history":[{"count":2,"href":"https:\/\/www.donbosco.press\/fr\/wp-json\/wp\/v2\/pages\/52272\/revisions"}],"predecessor-version":[{"id":52286,"href":"https:\/\/www.donbosco.press\/fr\/wp-json\/wp\/v2\/pages\/52272\/revisions\/52286"}],"wp:featuredmedia":[{"embeddable":true,"href":"https:\/\/www.donbosco.press\/fr\/wp-json\/wp\/v2\/media\/52266"}],"wp:attachment":[{"href":"https:\/\/www.donbosco.press\/fr\/wp-json\/wp\/v2\/media?parent=52272"}],"curies":[{"name":"wp","href":"https:\/\/api.w.org\/{rel}","templated":true}]}}