{"id":4625,"date":"2022-10-10T19:23:11","date_gmt":"2022-10-10T19:23:11","guid":{"rendered":"https:\/\/exciting-knuth.178-32-140-152.plesk.page\/soutenez-nous\/"},"modified":"2026-03-26T08:30:49","modified_gmt":"2026-03-26T08:30:49","slug":"soutenez-nous","status":"publish","type":"page","link":"https:\/\/www.donbosco.press\/fr\/soutenez-nous\/","title":{"rendered":"Soutenez-nous"},"content":{"rendered":"\r\n<p><strong>Aidez-nous \u00e0 poursuivre l&rsquo;\u0153uvre commenc\u00e9e par Don Bosco.<\/strong><\/p>\r\n\r\n\r\n\r\n<div class=\"wp-block-media-text is-stacked-on-mobile is-vertically-aligned-center has-background\" style=\"background-color: #fbfbfb; grid-template-columns: 15% auto;\">\r\n<figure class=\"wp-block-media-text__media\"><img loading=\"lazy\" decoding=\"async\" width=\"256\" height=\"256\" class=\"wp-image-2608 size-full\" src=\"https:\/\/www.donbosco.press\/wp-content\/uploads\/2022\/10\/collabora_01-prega-g.png\" alt=\"\" srcset=\"https:\/\/www.donbosco.press\/wp-content\/uploads\/2022\/10\/collabora_01-prega-g.png 256w, https:\/\/www.donbosco.press\/wp-content\/uploads\/2022\/10\/collabora_01-prega-g-150x150.png 150w\" sizes=\"auto, (max-width: 256px) 100vw, 256px\" \/><\/figure>\r\n<div class=\"wp-block-media-text__content\">\r\n<div class=\"wp-block-group\" style=\"padding: 2em;\"><div class=\"wp-block-group__inner-container is-layout-flow wp-block-group-is-layout-flow\">\r\n<p style=\"font-size: 26px; line-height: 1.2;\"><strong>Prier<\/strong><\/p>\r\n\r\n\r\n\r\n<p style=\"font-size: 16px;\">Vous pouvez collaborer tout d&rsquo;abord avec la pri\u00e8re.<\/p>\r\n\r\n\r\n\r\n<p style=\"font-size: 16px;\">Oui, avec la pri\u00e8re. Priez pour que le Seigneur rende les c\u0153urs sensibles et disponibles \u00e0 une \u00e9ducation saine des enfants et des jeunes. Ils sont l&rsquo;avenir de l&rsquo;humanit\u00e9.<\/p>\r\n<\/div><\/div>\r\n<\/div>\r\n<\/div>\r\n\r\n\r\n\r\n<div class=\"wp-block-media-text has-media-on-the-right is-stacked-on-mobile is-vertically-aligned-center has-background\" style=\"background-color: #f5f5f5; grid-template-columns: auto 15%;\">\r\n<div class=\"wp-block-media-text__content\">\r\n<div class=\"wp-block-group\" style=\"padding: 2em;\"><div class=\"wp-block-group__inner-container is-layout-flow wp-block-group-is-layout-flow\">\r\n<p style=\"font-size: 26px; line-height: 1.2;\"><strong><strong>Envoyez-nous du mat\u00e9riel<\/strong><\/strong><\/p>\r\n\r\n\r\n\r\n<p style=\"font-size: 16px;\">Nous envoyer du mat\u00e9riel valable pour notre usage (texte, images, audio, vid\u00e9o) sans droits d&rsquo;auteur, ou avec une autorisation explicite et \u00e9crite.<\/p>\r\n<\/div><\/div>\r\n\r\n\r\n\r\n<div class=\"wp-block-buttons is-layout-flex wp-block-buttons-is-layout-flex\">\r\n<div class=\"wp-block-button is-style-shadow\"><a class=\"wp-block-button__link wp-element-button\" href=\"mailto:bsol@sdb.org\">Envoyez un e-mail :<\/a><\/div>\r\n<\/div>\r\n\r\n\r\n\r\n<p>&nbsp;<\/p>\r\n<\/div>\r\n<figure class=\"wp-block-media-text__media\"><img loading=\"lazy\" decoding=\"async\" width=\"256\" height=\"256\" class=\"wp-image-2652 size-full\" src=\"https:\/\/www.donbosco.press\/wp-content\/uploads\/2022\/10\/collabora_03-inviaci_del_materiale-g.png\" alt=\"\" srcset=\"https:\/\/www.donbosco.press\/wp-content\/uploads\/2022\/10\/collabora_03-inviaci_del_materiale-g.png 256w, https:\/\/www.donbosco.press\/wp-content\/uploads\/2022\/10\/collabora_03-inviaci_del_materiale-g-150x150.png 150w\" sizes=\"auto, (max-width: 256px) 100vw, 256px\" \/><\/figure>\r\n<\/div>\r\n\r\n\r\n\r\n<div class=\"wp-block-media-text is-stacked-on-mobile is-vertically-aligned-center has-background\" style=\"background-color: #fbfbfb; grid-template-columns: 15% auto;\">\r\n<figure class=\"wp-block-media-text__media\"><img loading=\"lazy\" decoding=\"async\" width=\"256\" height=\"256\" class=\"wp-image-2645 size-full\" src=\"https:\/\/www.donbosco.press\/wp-content\/uploads\/2022\/10\/collabora_02-facci_conoscere-g.png\" alt=\"\" srcset=\"https:\/\/www.donbosco.press\/wp-content\/uploads\/2022\/10\/collabora_02-facci_conoscere-g.png 256w, https:\/\/www.donbosco.press\/wp-content\/uploads\/2022\/10\/collabora_02-facci_conoscere-g-150x150.png 150w\" sizes=\"auto, (max-width: 256px) 100vw, 256px\" \/><\/figure>\r\n<div class=\"wp-block-media-text__content\">\r\n<div class=\"wp-block-group is-vertical is-layout-flex wp-container-core-group-is-layout-f60545a1 wp-block-group-is-layout-flex\" style=\"padding: 2em;\">\r\n<p style=\"font-size: 26px; line-height: 1.2;\"><strong><strong>Faites-nous savoir<\/strong><\/strong><\/p>\r\n\r\n\r\n\r\n<p>&nbsp;<\/p>\r\n\r\n\r\n\r\n<p style=\"font-size: 16px;\">Envoyez \u00e0 un ami le lien vers notre Bulletin en ligne : <a class=\"ek-link\" href=\"https:\/\/www.donbosco.press\/fr\">https:\/\/www.donbosco.press\/fr<\/a><\/p>\r\n\r\n\r\n\r\n<div class=\"wp-block-group\"><div class=\"wp-block-group__inner-container is-layout-flow wp-block-group-is-layout-flow\">\r\n<div class=\"wp-block-buttons is-vertical is-content-justification-space-between is-layout-flex wp-container-core-buttons-is-layout-2f00920f wp-block-buttons-is-layout-flex\">\u00a0<\/div>\r\n<\/div><\/div>\r\n<\/div>\r\n<\/div>\r\n<\/div>\r\n\r\n\r\n\r\n<div class=\"wp-block-media-text has-media-on-the-right is-stacked-on-mobile is-vertically-aligned-center has-background\" style=\"background-color: #f5f5f5; grid-template-columns: auto 15%;\">\r\n<div class=\"wp-block-media-text__content\">\r\n<div class=\"wp-block-group is-vertical is-layout-flex wp-container-core-group-is-layout-f60545a1 wp-block-group-is-layout-flex\" style=\"padding: 2em;\">\r\n<p style=\"font-size: 26px; line-height: 1.2;\"><strong><strong><strong>Soutenez-nous avec un don<\/strong><\/strong><\/strong><\/p>\r\n\r\n\r\n\r\n<p>Soutenez les besoins des missions sal\u00e9siennes appuy\u00e9es par le Recteur Majeur ou les besoins du Bulletin Sal\u00e9sien OnLine, en indiquant le montant avec ces mots : \u00ab\u00a0pour les missions sal\u00e9siennes appuy\u00e9es par le Recteur Majeur\u00a0\u00bb ou \u00ab\u00a0pour le Bulletin Sal\u00e9sien OnLine\u00a0\u00bb. Si tu n\u2019es pas int\u00e9ress\u00e9 par les re\u00e7us pour les d\u00e9ductions ou les retenues, passe au premier point, sinon au second.<br \/><br \/><strong>1. Pour les dons libres :<br \/><em>Direzione Generale Opere Don Bosco<\/em><\/strong><br \/>Code des imp\u00f4ts : 80017750581<br \/>Adresse : via Marsala 42, 00185 Rome, Italie<br \/>Courrier \u00e9lectronique certifi\u00e9 : ammdgdonbosco @ pec.it<br \/>Banca Popolare di Sondrio (Banque Populaire de Sondrio)<br \/>IBAN : IT54O0569603202000004655X77<br \/>SWIFT \/ BIC : POSOIT22<br \/><br \/><strong>2. Pour les re\u00e7us en vue d&rsquo;avantages fiscaux (d\u00e9ductions\/d\u00e9ductions) sur les dons :<br \/><em>Fondazione Don Bosco nel Mondo<\/em><\/strong><br \/>Code des imp\u00f4ts : 97210180580<br \/>Adresse : via Marsala 42, 00185 Rome, Italie<br \/>Courrier \u00e9lectronique certifi\u00e9 : ammfdbnm @ pec.it<br \/>Dans l&rsquo;un des modalit\u00e9s que tu pr\u00e9f\u00e8res :<\/p>\r\n\r\n\r\n\r\n<div class=\"wp-block-group\"><div class=\"wp-block-group__inner-container is-layout-flow wp-block-group-is-layout-flow\">\r\n<div class=\"wp-block-buttons is-layout-flex wp-block-buttons-is-layout-flex\">\r\n<div class=\"wp-block-button is-style-shadow\"><a class=\"wp-block-button__link wp-element-button\" href=\"https:\/\/www.donbosconelmondo.org\/aidez-nous-fr\/\" target=\"_blank\" rel=\"noreferrer noopener\">Faire un don&#8230;<\/a><\/div>\r\n<\/div>\r\n<\/div><\/div>\r\n<\/div>\r\n<\/div>\r\n<figure class=\"wp-block-media-text__media\"><img loading=\"lazy\" decoding=\"async\" width=\"256\" height=\"256\" class=\"wp-image-2617 size-full\" src=\"https:\/\/www.donbosco.press\/wp-content\/uploads\/2022\/10\/collabora_04-dona-g.png\" alt=\"\" srcset=\"https:\/\/www.donbosco.press\/wp-content\/uploads\/2022\/10\/collabora_04-dona-g.png 256w, https:\/\/www.donbosco.press\/wp-content\/uploads\/2022\/10\/collabora_04-dona-g-150x150.png 150w\" sizes=\"auto, (max-width: 256px) 100vw, 256px\" \/><\/figure>\r\n<\/div>\r\n\r\n\r\n\r\n<div class=\"wp-block-media-text is-stacked-on-mobile is-vertically-aligned-center has-background\" style=\"background-color: #fbfbfb; grid-template-columns: 15% auto;\">\r\n<figure class=\"wp-block-media-text__media\"><img loading=\"lazy\" decoding=\"async\" width=\"256\" height=\"256\" class=\"wp-image-2638 size-full\" src=\"https:\/\/www.donbosco.press\/wp-content\/uploads\/2022\/10\/collabora_06-lascia_una_eredita-v.png\" alt=\"\" srcset=\"https:\/\/www.donbosco.press\/wp-content\/uploads\/2022\/10\/collabora_06-lascia_una_eredita-v.png 256w, https:\/\/www.donbosco.press\/wp-content\/uploads\/2022\/10\/collabora_06-lascia_una_eredita-v-150x150.png 150w\" sizes=\"auto, (max-width: 256px) 100vw, 256px\" \/><\/figure>\r\n<div class=\"wp-block-media-text__content\">\r\n<div class=\"wp-block-group is-vertical is-layout-flex wp-container-core-group-is-layout-f60545a1 wp-block-group-is-layout-flex\" style=\"padding: 2em;\">\r\n<p style=\"font-size: 26px; line-height: 1.2;\"><strong><strong><strong><strong>Laissez un h\u00e9ritage<\/strong><\/strong><\/strong><\/strong><\/p>\r\n\r\n\r\n\r\n<p style=\"font-size: 16px;\">Vous voulez laisser un signe durable de votre g\u00e9n\u00e9rosit\u00e9 ? \u00c9tablissez un legs en sa faveur ou d\u00e9signez-le comme votre h\u00e9ritier. Nous vous proposons quelques formules.<\/p>\r\n\r\n\r\n\r\n<p style=\"font-size: 16px;\"><em>Si c&rsquo;est un h\u00e9ritage :<\/em> \u00ab Je l\u00e8gue \u00e0 l&rsquo;Institut Sal\u00e9sien des Missions, dont le si\u00e8ge est \u00e0 Turin, via Maria Ausiliatrice 32, CF 00155220494, \u00e0 titre de legs, la somme de euros&#8230; ou des titres&#8230; ou l&rsquo;immeuble situ\u00e9 \u00e0&#8230;. pour les objectifs institutionnels de l&rsquo;institution \u00bb.<\/p>\r\n\r\n\r\n\r\n<p style=\"font-size: 16px;\"><em>S&rsquo;il s&rsquo;agit de le nommer comme h\u00e9ritier :<\/em> \u00ab J&rsquo;annule toutes mes dispositions testamentaires ant\u00e9rieures. Je d\u00e9signe comme h\u00e9ritier universel l&rsquo;Institut sal\u00e9sien pour les Missions, dont le si\u00e8ge est \u00e0 Turin, via Maria Ausiliatrice 32, CF 00155220494, en lui laissant tout ce qui m&rsquo;appartient \u00e0 quelque titre que ce soit, pour les fins institutionnelles de l&rsquo;Organisation \u00bb.<\/p>\r\n\r\n\r\n\r\n<p style=\"font-size: 16px;\">(Lieu et date) (Signature compl\u00e8te et lisible)<\/p>\r\n\r\n\r\n\r\n<p style=\"font-size: 16px;\">NB. Le testament doit \u00eatre \u00e9crit en entier de la main du testateur.<\/p>\r\n\r\n\r\n\r\n<p style=\"font-size: 16px;\"><em><strong>Istituto Salesiano per le Missioni (Institut sal\u00e9sien pour les missions)<\/strong><\/em><br \/>Via Maria Ausiliatrice 32, 10152 Turin, Italie<br \/>CF: 00155220494<br \/>Tel. <a href=\"tel:390115224248\">+39 011 5224248<\/a><br \/>E-mail: <a href=\"mailto:istitutomissioni@sdb.org\">istitutomissioni@sdb.org<\/a><\/p>\r\n\r\n\r\n\r\n<div class=\"wp-block-group\"><div class=\"wp-block-group__inner-container is-layout-flow wp-block-group-is-layout-flow\">\r\n<div class=\"wp-block-buttons is-layout-flex wp-block-buttons-is-layout-flex\">\u00a0<\/div>\r\n<\/div><\/div>\r\n<\/div>\r\n<\/div>\r\n<\/div>\r\n","protected":false},"excerpt":{"rendered":"<p>Aidez-nous \u00e0 poursuivre l&rsquo;\u0153uvre commenc\u00e9e par Don Bosco.<\/p>\n","protected":false},"author":1,"featured_media":0,"parent":0,"menu_order":0,"comment_status":"closed","ping_status":"closed","template":"","meta":{"iawp_total_views":32,"footnotes":""},"class_list":["post-4625","page","type-page","status-publish","hentry"],"_links":{"self":[{"href":"https:\/\/www.donbosco.press\/fr\/wp-json\/wp\/v2\/pages\/4625","targetHints":{"allow":["GET"]}}],"collection":[{"href":"https:\/\/www.donbosco.press\/fr\/wp-json\/wp\/v2\/pages"}],"about":[{"href":"https:\/\/www.donbosco.press\/fr\/wp-json\/wp\/v2\/types\/page"}],"author":[{"embeddable":true,"href":"https:\/\/www.donbosco.press\/fr\/wp-json\/wp\/v2\/users\/1"}],"replies":[{"embeddable":true,"href":"https:\/\/www.donbosco.press\/fr\/wp-json\/wp\/v2\/comments?post=4625"}],"version-history":[{"count":3,"href":"https:\/\/www.donbosco.press\/fr\/wp-json\/wp\/v2\/pages\/4625\/revisions"}],"predecessor-version":[{"id":51973,"href":"https:\/\/www.donbosco.press\/fr\/wp-json\/wp\/v2\/pages\/4625\/revisions\/51973"}],"wp:attachment":[{"href":"https:\/\/www.donbosco.press\/fr\/wp-json\/wp\/v2\/media?parent=4625"}],"curies":[{"name":"wp","href":"https:\/\/api.w.org\/{rel}","templated":true}]}}