{"id":4563,"date":"2022-10-10T14:40:28","date_gmt":"2022-10-10T14:40:28","guid":{"rendered":"https:\/\/exciting-knuth.178-32-140-152.plesk.page\/a-propos-de-nous-2\/"},"modified":"2026-03-26T08:24:22","modified_gmt":"2026-03-26T08:24:22","slug":"a-propos-de-nous","status":"publish","type":"page","link":"https:\/\/www.donbosco.press\/fr\/a-propos-de-nous\/","title":{"rendered":"A propos de nous"},"content":{"rendered":"\r\n<div class=\"wp-block-media-text has-media-on-the-right is-stacked-on-mobile\" style=\"grid-template-columns: auto 56%; margin-top: 0px;\">\r\n<div class=\"wp-block-media-text__content\">\r\n<p class=\"has-text-align-justify\">Le \u00ab\u00a0Bulletin sal\u00e9sien\u00a0\u00bb est une publication p\u00e9riodique con\u00e7ue par Saint Jean Bosco. Voyant son \u0153uvre en faveur des gar\u00e7ons pauvres et abandonn\u00e9s se d\u00e9velopper rapidement et ne pouvant plus tenir personnellement ses collaborateurs au courant de l&rsquo;\u00e9volution des activit\u00e9s et des travaux \u00e0 venir, il d\u00e9cide en 1877 de recourir \u00e0 l&rsquo;un des moyens de son \u00e9poque : les bulletins mensuels. Don Bosco s&rsquo;est ainsi dot\u00e9 d&rsquo;un moyen de communication efficace, qui lui a \u00e9galement permis de faire conna\u00eetre son \u0153uvre novatrice \u00e0 ceux qui n&rsquo;en avaient jamais entendu parler et de convaincre ceux qui le soup\u00e7onnaient de mauvaises intentions. Ses \u0153uvres de charit\u00e9 en faveur des jeunes les plus d\u00e9favoris\u00e9s et sa m\u00e9thode \u00e9ducative pr\u00e9ventive ont ainsi inspir\u00e9 et anim\u00e9 l&rsquo;engagement apostolique de nombreux autres.<\/p>\r\n<\/div>\r\n<figure class=\"wp-block-media-text__media\"><img loading=\"lazy\" decoding=\"async\" width=\"998\" height=\"437\" class=\"wp-image-2542 size-full\" src=\"https:\/\/www.donbosco.press\/wp-content\/uploads\/2022\/10\/chi-siamo.png\" alt=\"\" srcset=\"https:\/\/www.donbosco.press\/wp-content\/uploads\/2022\/10\/chi-siamo.png 998w, https:\/\/www.donbosco.press\/wp-content\/uploads\/2022\/10\/chi-siamo-300x131.png 300w, https:\/\/www.donbosco.press\/wp-content\/uploads\/2022\/10\/chi-siamo-768x336.png 768w, https:\/\/www.donbosco.press\/wp-content\/uploads\/2022\/10\/chi-siamo-150x66.png 150w, https:\/\/www.donbosco.press\/wp-content\/uploads\/2022\/10\/chi-siamo-696x305.png 696w, https:\/\/www.donbosco.press\/wp-content\/uploads\/2022\/10\/chi-siamo-959x420.png 959w\" sizes=\"auto, (max-width: 998px) 100vw, 998px\" \/><\/figure>\r\n<\/div>\r\n\r\n\r\n\r\n<div class=\"wp-block-spacer\" style=\"height: 30px;\" aria-hidden=\"true\">\u00a0<\/div>\r\n\r\n\r\n\r\n<div class=\"wp-block-media-text is-stacked-on-mobile\">\r\n<figure class=\"wp-block-media-text__media\"><img loading=\"lazy\" decoding=\"async\" width=\"800\" height=\"408\" class=\"wp-image-2283 size-full\" src=\"https:\/\/www.donbosco.press\/wp-content\/uploads\/2022\/10\/chi_siamo_3.2-2.png\" alt=\"\" srcset=\"https:\/\/www.donbosco.press\/wp-content\/uploads\/2022\/10\/chi_siamo_3.2-2.png 800w, https:\/\/www.donbosco.press\/wp-content\/uploads\/2022\/10\/chi_siamo_3.2-2-300x153.png 300w, https:\/\/www.donbosco.press\/wp-content\/uploads\/2022\/10\/chi_siamo_3.2-2-768x392.png 768w, https:\/\/www.donbosco.press\/wp-content\/uploads\/2022\/10\/chi_siamo_3.2-2-150x77.png 150w, https:\/\/www.donbosco.press\/wp-content\/uploads\/2022\/10\/chi_siamo_3.2-2-696x355.png 696w\" sizes=\"auto, (max-width: 800px) 100vw, 800px\" \/><\/figure>\r\n<div class=\"wp-block-media-text__content\">\r\n<p class=\"has-text-align-justify\">Des ann\u00e9es plus tard, nous vivons aujourd&rsquo;hui une situation similaire : l&rsquo;expansion de l&rsquo;\u0153uvre sal\u00e9sienne fond\u00e9e par le saint dans 134 nations sur les cinq continents et la multiplication cons\u00e9quente des langues parl\u00e9es, ne favorisent pas la connaissance de tant d&rsquo;\u0153uvres en faveur des jeunes, dans leur vari\u00e9t\u00e9 de manifestation. Et comme \u00e0 l&rsquo;\u00e9poque, aujourd&rsquo;hui aussi, on d\u00e9cide d&rsquo;utiliser les moyens de ce temps, notamment l&rsquo;Internet. <br \/>L&rsquo;existence d&rsquo;un instrument de communication qui parle d&rsquo;une seule voix dans tant de langues \u00e9tait d\u00e9j\u00e0 ressentie par Don Bosco lui-m\u00eame. Aujourd&rsquo;hui, avec la diffusion actuelle du charisme sal\u00e9sien, on le ressent encore plus. Il y a tant d&rsquo;initiatives sal\u00e9siennes dans le monde, pleines de cr\u00e9ativit\u00e9, qui ne sont connues que localement.<\/p>\r\n<\/div>\r\n<\/div>\r\n\r\n\r\n\r\n<div class=\"wp-block-spacer\" style=\"height: 30px;\" aria-hidden=\"true\">\u00a0<\/div>\r\n\r\n\r\n\r\n<div class=\"wp-block-media-text has-media-on-the-right is-stacked-on-mobile\">\r\n<div class=\"wp-block-media-text__content\">\r\n<p class=\"has-text-align-justify\">Le <strong>Bulletin Sal\u00e9sien On Line <\/strong> (BSOL) se pr\u00e9sente donc comme une continuation de l&rsquo;initiative de Don Bosco, en se r\u00e9f\u00e9rant \u00e0 son id\u00e9e originale exprim\u00e9e en 1885, de parler d&rsquo;une seule voix, m\u00eame en utilisant des langues diff\u00e9rentes.<br \/>Le nouveau m\u00e9dia est une publication officielle de la Congr\u00e9gation des Sal\u00e9siens de Don Bosco (SDB) en sept langues : italien, anglais, fran\u00e7ais, espagnol, portugais, allemand et polonais, et vise \u00e0 faire conna\u00eetre le charisme sal\u00e9sien dans ses multiples formes exprim\u00e9es dans de nombreuses parties du monde.<\/p>\r\n<\/div>\r\n<figure class=\"wp-block-media-text__media\"><img loading=\"lazy\" decoding=\"async\" width=\"600\" height=\"463\" class=\"wp-image-2205 size-full\" src=\"https:\/\/www.donbosco.press\/wp-content\/uploads\/2022\/09\/chi_siamo_4.jpg\" alt=\"\" srcset=\"https:\/\/www.donbosco.press\/wp-content\/uploads\/2022\/09\/chi_siamo_4.jpg 600w, https:\/\/www.donbosco.press\/wp-content\/uploads\/2022\/09\/chi_siamo_4-300x232.jpg 300w, https:\/\/www.donbosco.press\/wp-content\/uploads\/2022\/09\/chi_siamo_4-150x116.jpg 150w, https:\/\/www.donbosco.press\/wp-content\/uploads\/2022\/09\/chi_siamo_4-544x420.jpg 544w\" sizes=\"auto, (max-width: 600px) 100vw, 600px\" \/><\/figure>\r\n<\/div>\r\n","protected":false},"excerpt":{"rendered":"<p>Le \u00ab\u00a0Bulletin sal\u00e9sien\u00a0\u00bb est une publication p\u00e9riodique con\u00e7ue par Saint Jean Bosco. Voyant son \u0153uvre&#8230;<\/p>\n","protected":false},"author":1,"featured_media":0,"parent":0,"menu_order":0,"comment_status":"closed","ping_status":"closed","template":"","meta":{"iawp_total_views":149,"footnotes":""},"class_list":["post-4563","page","type-page","status-publish","hentry"],"_links":{"self":[{"href":"https:\/\/www.donbosco.press\/fr\/wp-json\/wp\/v2\/pages\/4563","targetHints":{"allow":["GET"]}}],"collection":[{"href":"https:\/\/www.donbosco.press\/fr\/wp-json\/wp\/v2\/pages"}],"about":[{"href":"https:\/\/www.donbosco.press\/fr\/wp-json\/wp\/v2\/types\/page"}],"author":[{"embeddable":true,"href":"https:\/\/www.donbosco.press\/fr\/wp-json\/wp\/v2\/users\/1"}],"replies":[{"embeddable":true,"href":"https:\/\/www.donbosco.press\/fr\/wp-json\/wp\/v2\/comments?post=4563"}],"version-history":[{"count":2,"href":"https:\/\/www.donbosco.press\/fr\/wp-json\/wp\/v2\/pages\/4563\/revisions"}],"predecessor-version":[{"id":51955,"href":"https:\/\/www.donbosco.press\/fr\/wp-json\/wp\/v2\/pages\/4563\/revisions\/51955"}],"wp:attachment":[{"href":"https:\/\/www.donbosco.press\/fr\/wp-json\/wp\/v2\/media?parent=4563"}],"curies":[{"name":"wp","href":"https:\/\/api.w.org\/{rel}","templated":true}]}}