{"id":27073,"date":"2024-03-26T14:08:29","date_gmt":"2024-03-26T14:08:29","guid":{"rendered":"https:\/\/exciting-knuth.178-32-140-152.plesk.page\/litania-del-preziosissimo-sangue-di-n-s-gesu-cristo\/"},"modified":"2026-04-08T17:05:56","modified_gmt":"2026-04-08T17:05:56","slug":"litanie-du-precieux-sang-de-notre-seigneur-jesus-christ","status":"publish","type":"page","link":"https:\/\/www.donbosco.press\/fr\/litanie-du-precieux-sang-de-notre-seigneur-jesus-christ\/","title":{"rendered":"Litanie du Pr\u00e9cieux Sang de Notre Seigneur J\u00e9sus-Christ"},"content":{"rendered":"\r\n<p>&nbsp;<\/p>\r\n<p>&nbsp;<\/p>\r\n<div><style>\r\n            .table {\r\n                border-collapse: collapse;\r\n            }\r\n            .table td {\r\n                border: 1px solid #ccc;\r\n            }\r\n            .table td {\r\n                padding: 0.3rem;\r\n                width: 50%;\r\n            }\r\n        <\/style><\/div>\r\n<table class=\"table\" cellspacing=\"0\" cellpadding=\"0\">\r\n<tbody>\r\n<tr>\r\n<td valign=\"top\">\r\n<p><br \/><strong>LITANIA PRETIOSISSIMI SANGUINIS D.N.I.C.<br \/><\/strong><br \/><span style=\"color: red;\">\u2123.<\/span> Kyrie, eleison.<br \/>\u00a0\u00a0\u00a0<span style=\"color: red;\">\u211f.<\/span> Kyrie, eleison.<br \/><span style=\"color: red;\">\u2123.<\/span> Christe, eleison.<br \/>\u00a0\u00a0\u00a0<span style=\"color: red;\">\u211f.<\/span> Christe, eleison.<br \/><span style=\"color: red;\">\u2123.<\/span> Kyrie, eleison.<br \/>\u00a0\u00a0\u00a0<span style=\"color: red;\">\u211f.<\/span> Kyrie, eleison.<br \/><br \/><span style=\"color: red;\">\u2123.<\/span> Christe, audi nos.<br \/>\u00a0\u00a0\u00a0<span style=\"color: red;\">\u211f.<\/span> Christe, audi nos.<br \/><span style=\"color: red;\">\u2123.<\/span> Christe, exaudi nos.<br \/>\u00a0\u00a0\u00a0<span style=\"color: red;\">\u211f.<\/span> Christe, exaudi nos.<br \/><br \/><span style=\"color: red;\">\u2123.<\/span> Pater de caelis, Deus,<br \/>\u00a0\u00a0\u00a0<span style=\"color: red;\">\u211f.<\/span> miserere nobis,<br \/><span style=\"color: red;\">\u2123.<\/span> Fili, redemptor mundi, Deus, *<br \/>\u00a0\u00a0\u00a0<span style=\"color: red;\">\u211f.<\/span> miserere nobis.<br \/><span style=\"color: red;\">\u2123.<\/span> Spiritus Sancte, Deus, *<br \/>\u00a0\u00a0\u00a0<span style=\"color: red;\">\u211f.<\/span> miserere nobis.<br \/><span style=\"color: red;\">\u2123.<\/span> Sancta Trinitas, unus Deus, *<br \/>\u00a0\u00a0\u00a0<span style=\"color: red;\">\u211f.<\/span> miserere nobis.<br \/><br \/><span style=\"color: red;\">\u2123.<\/span> Sanguis Christi, Unigeniti Patris Aeterni, <br \/>\u00a0\u00a0\u00a0<span style=\"color: red;\">\u211f.<\/span> <em>salva nos <\/em>(*).<br \/>Sanguis Christi, Verbi Dei incarnati, *<br \/>Sanguis Christi, Novi et aeterni Testamenti, *<br \/>Sanguis Christi, in agonia decurrens in terram, *<br \/>Sanguis Christi, in flagellatione profluens, *<br \/>Sanguis Christi, in coronatione spinarum emanans, *<br \/>Sanguis Christi, in Cruce effusus, *<br \/>Sanguis Christi, pretium nostrae salutis, *<br \/>Sanguis Christi, sine quo non fit remissio, *<br \/>Sanguis Christi, in Eucharistia potus et lavacrum animarum, *<br \/>Sanguis Christi, flumen misericordiae, *<br \/>Sanguis Christi, victor daemonum, *<br \/>Sanguis Christi, fortitudo Martyrum, *<br \/>Sanguis Christi, virtus Confessorum, *<br \/>Sanguis Christi, germinans Virgines, *<br \/>Sanguis Christi, robur periclitantium, *<br \/>Sanguis Christi, levamen laborantium, *<br \/>Sanguis Christi, in fletu solacium, *<br \/>Sanguis Christi, spes paenitentium, *<br \/>Sanguis Christi, solamen morientium, *<br \/>Sanguis Christi, pax et dulcedo cordium, *<br \/>Sanguis Christi, pignus vitae aeternae, *<br \/>Sanguis Christi, animas liberans de lacu Purgatorii, *<br \/>Sanguis Christi, omni gloria et honore dignissimus, *<br \/><br \/><span style=\"color: red;\">\u2123.<\/span> Agnus Dei, qui tollis peccata mundi,<br \/>\u00a0\u00a0\u00a0<span style=\"color: red;\">\u211f.<\/span> parce nobis, Domine.<br \/><span style=\"color: red;\">\u2123.<\/span> Agnus Dei, qui tollis peccata mundi,<br \/>\u00a0\u00a0\u00a0<span style=\"color: red;\">\u211f.<\/span> exaudi nos, Domine.<br \/><span style=\"color: red;\">\u2123.<\/span> Agnus Dei, qui tollis peccata mundi,<br \/>\u00a0\u00a0\u00a0<span style=\"color: red;\">\u211f.<\/span> miserere nobis.<br \/><br \/><span style=\"color: red;\">\u2123.<\/span> Redemisti nos, Domine, in Sanguine tuo,<br \/>\u00a0\u00a0\u00a0<span style=\"color: red;\">\u211f.<\/span> Et fecisti nos Deo nostro regnum.<br \/><br \/>Oremus.<br \/>Omnipotens sempiterne Deus, qui unigenitum Filium tuum mundi Redemptorem constituisti, ac eius Sanguine placari voluisti: concede, quaesumus, salutis nostrae pretium ita venerari, atque a praesentis vitae malis eius virtute defendi in terris, ut fructu perpetuo laetemur in caelis. Per eundem Christum Dominum nostrum.<br \/>\u00a0\u00a0\u00a0<span style=\"color: red;\">\u211f.<\/span> Amen.<br \/><br \/><em>&#8211; Orationes cum indulgentiae, Enchiridion Indulgentiarum n.: 22;<br \/>&#8211; Textum venit: Congregatio pro sacri ritibus et caeremoniis; a Ioanne XXIII promulgato, 24.02.1960.<br \/><\/em><\/p>\r\n<\/td>\r\n<td valign=\"top\">\r\n<p><br \/><strong>LITANIE DU PR\u00c9CIEUX SANG DE NOTRE SEIGNEUR J\u00c9SUS-CHRIST<br \/><\/strong><br \/><span style=\"color: red;\">\u2123.<\/span> Seigneur, ayez piti\u00e9 de nous.<br \/>\u00a0\u00a0\u00a0<span style=\"color: red;\">\u211f.<\/span> Seigneur, ayez piti\u00e9 de nous.<br \/><span style=\"color: red;\">\u2123.<\/span> \u00d4 Christ, ayez piti\u00e9 de nous.<br \/>\u00a0\u00a0\u00a0<span style=\"color: red;\">\u211f.<\/span> \u00d4 Christ, ayez piti\u00e9 de nous.<br \/><span style=\"color: red;\">\u2123.<\/span> Seigneur, ayez piti\u00e9 de nous.<br \/>\u00a0\u00a0\u00a0<span style=\"color: red;\">\u211f.<\/span> Seigneur, ayez piti\u00e9 de nous.<br \/><br \/><span style=\"color: red;\">\u2123.<\/span> Christ, \u00e9coute-nous.<br \/>\u00a0\u00a0\u00a0<span style=\"color: red;\">\u211f.<\/span> Christ, \u00e9coute-nous.<br \/><span style=\"color: red;\">\u2123.<\/span> Christ, exaucez-nous.<br \/>\u00a0\u00a0\u00a0<span style=\"color: red;\">\u211f.<\/span> Christ, exaucez-nous.<br \/><br \/><span style=\"color: red;\">\u2123.<\/span> P\u00e8re du Ciel, toi qui es Dieu,<br \/>\u00a0\u00a0\u00a0<span style=\"color: red;\">\u211f.<\/span> aie piti\u00e9 de nous.<br \/><span style=\"color: red;\">\u2123.<\/span> Fils, R\u00e9dempteur du monde, toi qui es Dieu,<br \/>\u00a0\u00a0\u00a0<span style=\"color: red;\">\u211f.<\/span> aie piti\u00e9 de nous.<br \/><span style=\"color: red;\">\u2123.<\/span> Esprit Saint, toi qui es Dieu,<br \/>\u00a0\u00a0\u00a0<span style=\"color: red;\">\u211f.<\/span> aie piti\u00e9 de nous.<br \/><span style=\"color: red;\">\u2123.<\/span> Trinit\u00e9 sainte, toi qui es un seul Dieu,<br \/>\u00a0\u00a0\u00a0<span style=\"color: red;\">\u211f.<\/span> aie piti\u00e9 de nous.<br \/><br \/><span style=\"color: red;\">\u2123.<\/span> Sang du Christ, fils unique du P\u00e8re \u00e9ternel,<br \/>\u00a0\u00a0\u00a0<span style=\"color: red;\">\u211f.<\/span> <em>sauvez-nous (*)<\/em>.<br \/>Sang du Christ, Verbe de Dieu incarn\u00e9, *<br \/>Sang du Christ, de la nouvelle et \u00e9ternelle Alliance, *<br \/>Sang du Christ, r\u00e9pandu sur la terre pendant son agonie, *<br \/>Sang du Christ, vers\u00e9 lors de la flagellation, *<br \/>Sang du Christ, jaillissant au couronnement d&rsquo;\u00e9pines, *<br \/>Sang du Christ, r\u00e9pandu sur la croix, *<br \/>Sang du Christ, prix de notre r\u00e9demption, *<br \/>Sang du Christ, sans lequel il n&rsquo;est point de r\u00e9mission, *<br \/>Sang du Christ, nourriture eucharistique et purifications des \u00e2mes, *<br \/>Sang du Christ, fleuve de mis\u00e9ricorde, *<br \/>Sang du Christ, victoire sur les d\u00e9mons, *<br \/>Sang du Christ, force des martyrs, *<br \/>Sang du Christ, vertu des confesseurs, *<br \/>Sang du Christ, source de virginit\u00e9, *<br \/>Sang du Christ, salut en tous nos p\u00e9rils, *<br \/>Sang du Christ, soulagement de ceux qui peinent, *<br \/>Sang du Christ, consolation dans les larmes, *<br \/>Sang du Christ, espoir des p\u00e9nitents, *<br \/>Sang du Christ, secours des mourants, *<br \/>Sang du Christ, paix et douceur des \u00e2mes, *<br \/>Sang du Christ, gage de vie \u00e9ternelle, *<br \/>Sang du Christ, qui lib\u00e8re les \u00e2mes du purgatoire, *<br \/>Sang du Christ, digne de tout honneur et de toute gloire, *<br \/><br \/><span style=\"color: red;\">\u2123.<\/span> Agneau de Dieu, qui enl\u00e8ves le p\u00e9ch\u00e9 du monde,<br \/>\u00a0\u00a0\u00a0<span style=\"color: red;\">\u211f.<\/span> pardonne-nous, Seigneur.<br \/><span style=\"color: red;\">\u2123.<\/span> Agneau de Dieu, qui enl\u00e8ves le p\u00e9ch\u00e9 du monde,<br \/>\u00a0\u00a0\u00a0<span style=\"color: red;\">\u211f.<\/span> \u00e9coute-nous, Seigneur.<br \/><span style=\"color: red;\">\u2123.<\/span> Agneau de Dieu, qui enl\u00e8ves le p\u00e9ch\u00e9 du monde,<br \/>\u00a0\u00a0\u00a0<span style=\"color: red;\">\u211f.<\/span> aie piti\u00e9 de nous, Seigneur.<br \/><br \/><span style=\"color: red;\">\u2123.<\/span> Vous nous avez rachet\u00e9s, Seigneur, dans votre sang.<br \/>\u00a0\u00a0\u00a0<span style=\"color: red;\">\u211f.<\/span> Et vous avez fait de nous un royaume pour notre Dieu.<br \/><br \/>Prions.<br \/>Dieu \u00e9ternel et tout-puissant qui avez \u00e9tabli votre Fils unique r\u00e9dempteur du monde et qui avez voulu \u00eatre apais\u00e9 par son sang, accordez-nous une telle v\u00e9n\u00e9ration pour le prix de notre r\u00e9demption que, prot\u00e9g\u00e9s sur terre par sa puissance contre les maux de cette vie, nous jouissions au ciel de ses fruits \u00e9ternels. Par le m\u00eame J\u00e9sus-Christ notre Seigneur.<br \/>\u00a0\u00a0\u00a0<span style=\"color: red;\">\u211f.<\/span> Ainsi soit-il..<br \/><br \/><em>&#8211; Utilisation : culte du Pr\u00e9cieux Sang de J\u00e9sus-Christ.<br \/>&#8211; Origine : Saint Gaspard del Bufalo (1786-1837), fondateur des Missionnaires du Pr\u00e9cieux Sang.<br \/>&#8211; Pri\u00e8re indulgenci\u00e9e, Enchiridion des indulgences, n\u00b0 22.<br \/>&#8211; Texte : Sacr\u00e9e Congr\u00e9gation des Rites ; promulgu\u00e9 par le pape Jean XXIII le 24.02.1960.<br \/><\/em><\/p>\r\n<\/td>\r\n<\/tr>\r\n<\/tbody>\r\n<\/table>\r\n","protected":false},"excerpt":{"rendered":"<p>&nbsp; &nbsp; LITANIA PRETIOSISSIMI SANGUINIS D.N.I.C.\u2123. Kyrie, eleison.\u00a0\u00a0\u00a0\u211f. Kyrie, eleison.\u2123. Christe, eleison.\u00a0\u00a0\u00a0\u211f. Christe, eleison.\u2123. Kyrie,&#8230;<\/p>\n","protected":false},"author":1,"featured_media":0,"parent":0,"menu_order":0,"comment_status":"closed","ping_status":"closed","template":"","meta":{"iawp_total_views":121,"footnotes":""},"class_list":["post-27073","page","type-page","status-publish","hentry"],"_links":{"self":[{"href":"https:\/\/www.donbosco.press\/fr\/wp-json\/wp\/v2\/pages\/27073","targetHints":{"allow":["GET"]}}],"collection":[{"href":"https:\/\/www.donbosco.press\/fr\/wp-json\/wp\/v2\/pages"}],"about":[{"href":"https:\/\/www.donbosco.press\/fr\/wp-json\/wp\/v2\/types\/page"}],"author":[{"embeddable":true,"href":"https:\/\/www.donbosco.press\/fr\/wp-json\/wp\/v2\/users\/1"}],"replies":[{"embeddable":true,"href":"https:\/\/www.donbosco.press\/fr\/wp-json\/wp\/v2\/comments?post=27073"}],"version-history":[{"count":1,"href":"https:\/\/www.donbosco.press\/fr\/wp-json\/wp\/v2\/pages\/27073\/revisions"}],"predecessor-version":[{"id":52740,"href":"https:\/\/www.donbosco.press\/fr\/wp-json\/wp\/v2\/pages\/27073\/revisions\/52740"}],"wp:attachment":[{"href":"https:\/\/www.donbosco.press\/fr\/wp-json\/wp\/v2\/media?parent=27073"}],"curies":[{"name":"wp","href":"https:\/\/api.w.org\/{rel}","templated":true}]}}