{"id":11395,"date":"2023-01-16T20:01:02","date_gmt":"2023-01-16T20:01:02","guid":{"rendered":"https:\/\/exciting-knuth.178-32-140-152.plesk.page\/archivio-articoli-per-tags\/"},"modified":"2026-03-26T20:10:11","modified_gmt":"2026-03-26T20:10:11","slug":"archives-des-articles-par-mots-cles-tags","status":"publish","type":"page","link":"https:\/\/www.donbosco.press\/fr\/archives-des-articles-par-mots-cles-tags\/","title":{"rendered":"Archives des articles par mots-cl\u00e9s (tags)"},"content":{"rendered":"\n<figure class=\"wp-block-table\"><table><tbody><tr><td>1<\/td><td><a href=\"..\/tag\/bienfaiteurs\/\" target=\"_blank\" rel=\"noreferrer noopener\">bienfaiteurs<\/a><\/td><\/tr><tr><td>2<\/td><td><a href=\"..\/tag\/bioethique\/\" target=\"_blank\" rel=\"noreferrer noopener\">bio\u00e9thique<\/a><\/td><\/tr><tr><td>3<\/td><td><a href=\"..\/tag\/charisme-salesien\/\" target=\"_blank\" rel=\"noreferrer noopener\">charisme sal\u00e9sien<\/a><\/td><\/tr><tr><td>4<\/td><td><a href=\"..\/tag\/charite\/\" target=\"_blank\" rel=\"noreferrer noopener\">charit\u00e9<\/a><\/td><\/tr><tr><td>5<\/td><td><a href=\"..\/tag\/maisons-salesiennes\/\" target=\"_blank\" rel=\"noreferrer noopener\">maisons sal\u00e9siennes<\/a><\/td><\/tr><tr><td>6<\/td><td><a href=\"..\/tag\/cooperateurs-salesiens\/\" target=\"_blank\" rel=\"noreferrer noopener\">coop\u00e9rateurs sal\u00e9siens<\/a><\/td><\/tr><tr><td>7<\/td><td><a href=\"..\/tag\/don-bosco\/\" target=\"_blank\" rel=\"noreferrer noopener\">don Bosco<\/a><\/td><\/tr><tr><td>8<\/td><td><a href=\"..\/tag\/eductation\/\" target=\"_blank\" rel=\"noreferrer noopener\">\u00e9ductation<\/a><\/td><\/tr><tr><td>9<\/td><td><a href=\"..\/tag\/evenement\/\" target=\"_blank\" rel=\"noreferrer noopener\">\u00e9v\u00e9nement<\/a><\/td><\/tr><tr><td>10<\/td><td><a href=\"..\/tag\/anciens-eleves\/\" target=\"_blank\" rel=\"noreferrer noopener\">anciens \u00e9l\u00e8ves<\/a><\/td><\/tr><tr><td>11<\/td><td><a href=\"..\/tag\/famille\/\" target=\"_blank\" rel=\"noreferrer noopener\">famille<\/a><\/td><\/tr><tr><td>12<\/td><td><a href=\"..\/tag\/famille-salesienne\/\" target=\"_blank\" rel=\"noreferrer noopener\">famille sal\u00e9sienne<\/a><\/td><\/tr><tr><td>13<\/td><td><a href=\"..\/tag\/filles-de-marie-auxiliatrice\/\" target=\"_blank\" rel=\"noreferrer noopener\">Filles de Marie Auxiliatrice<\/a><\/td><\/tr><tr><td>14<\/td><td><a href=\"..\/tag\/formation\/\" target=\"_blank\" rel=\"noreferrer noopener\">formation<\/a><\/td><\/tr><tr><td>15<\/td><td><a href=\"..\/tag\/jeunes\/\" target=\"_blank\" rel=\"noreferrer noopener\">jeunes<\/a><\/td><\/tr><tr><td>16<\/td><td><a href=\"..\/tag\/gras-obtenues\/\" target=\"_blank\" rel=\"noreferrer noopener\">gr\u00e2s obtenues<\/a><\/td><\/tr><tr><td>17<\/td><td><a href=\"..\/tag\/indulgences\/\" target=\"_blank\" rel=\"noreferrer noopener\">indulgences<\/a><\/td><\/tr><tr><td>18<\/td><td><a href=\"..\/tag\/nos-heros\/\" target=\"_blank\" rel=\"noreferrer noopener\">nos h\u00e9ros<\/a><\/td><\/tr><tr><td>19<\/td><td><a href=\"..\/tag\/interviews\/\" target=\"_blank\" rel=\"noreferrer noopener\">interviews<\/a><\/td><\/tr><tr><td>20<\/td><td><a href=\"..\/tag\/provinces-salesiennes\/\" target=\"_blank\" rel=\"noreferrer noopener\">provinces sal\u00e9siennes<\/a><\/td><\/tr><tr><td>21<\/td><td><a href=\"..\/tag\/nos-guides\/\" target=\"_blank\" rel=\"noreferrer noopener\">nos guides<\/a><\/td><\/tr><tr><td>22<\/td><td><a href=\"..\/tag\/lieux-salesiens\/\" target=\"_blank\" rel=\"noreferrer noopener\">lieux sal\u00e9siens<\/a><\/td><\/tr><tr><td>23<\/td><td><a href=\"..\/tag\/marie\/\" target=\"_blank\" rel=\"noreferrer noopener\">Marie<\/a><\/td><\/tr><tr><td>24<\/td><td><a href=\"..\/tag\/martyrs\/\" target=\"_blank\" rel=\"noreferrer noopener\">martyrs<\/a><\/td><\/tr><tr><td>25<\/td><td><a href=\"..\/tag\/miracles\/\" target=\"_blank\" rel=\"noreferrer noopener\">miracles<\/a><\/td><\/tr><tr><td>26<\/td><td><a href=\"..\/tag\/missions\/\" target=\"_blank\" rel=\"noreferrer noopener\">missions<\/a><\/td><\/tr><tr><td>27<\/td><td><a href=\"..\/tag\/musique\/\" target=\"_blank\" rel=\"noreferrer noopener\">musique<\/a><\/td><\/tr><tr><td>28<\/td><td><a href=\"..\/tag\/necrologie\/\" target=\"_blank\" rel=\"noreferrer noopener\">n\u00e9crologie<\/a><\/td><\/tr><tr><td>29<\/td><td><a href=\"..\/tag\/oratoire\/\" target=\"_blank\" rel=\"noreferrer noopener\">oratoire<\/a><\/td><\/tr><tr><td>30<\/td><td><a href=\"..\/tag\/pape\/\" target=\"_blank\" rel=\"noreferrer noopener\">pape<\/a><\/td><\/tr><tr><td>31<\/td><td><a href=\"..\/tag\/paroisses-salesiennes\/\" target=\"_blank\" rel=\"noreferrer noopener\">paroisses sal\u00e9siennes<\/a><\/td><\/tr><tr><td>32<\/td><td><a href=\"..\/tag\/pauvres\/\" target=\"_blank\" rel=\"noreferrer noopener\">pauvres<\/a><\/td><\/tr><tr><td>33<\/td><td><a href=\"..\/tag\/projet-du-mois\/\" target=\"_blank\" rel=\"noreferrer noopener\">projet du mois<\/a><\/td><\/tr><tr><td>34<\/td><td><a href=\"..\/tag\/providence\/\" target=\"_blank\" rel=\"noreferrer noopener\">Providence<\/a><\/td><\/tr><tr><td>35<\/td><td><a href=\"..\/tag\/recensions-livres\/\" target=\"_blank\" rel=\"noreferrer noopener\">recensions livres<\/a><\/td><\/tr><tr><td>36<\/td><td><a href=\"..\/tag\/salesiens\/\" target=\"_blank\" rel=\"noreferrer noopener\">sal\u00e9siens<\/a><\/td><\/tr><tr><td>37<\/td><td><a href=\"..\/tag\/saints\/\" target=\"_blank\" rel=\"noreferrer noopener\">saints<\/a><\/td><\/tr><tr><td>38<\/td><td><a href=\"..\/tag\/ecole\/\" target=\"_blank\" rel=\"noreferrer noopener\">\u00e9cole<\/a><\/td><\/tr><tr><td>39<\/td><td><a href=\"..\/tag\/solidarite\/\" target=\"_blank\" rel=\"noreferrer noopener\">solidarit\u00e9<\/a><\/td><\/tr><tr><td>40<\/td><td><a href=\"..\/tag\/histoires-de-jeunes\/\" target=\"_blank\" rel=\"noreferrer noopener\">histoires de jeunes<\/a><\/td><\/tr><tr><td>41<\/td><td><a href=\"..\/tag\/etrenne\/\" target=\"_blank\" rel=\"noreferrer noopener\">\u00e9trenne<\/a><\/td><\/tr><tr><td>42<\/td><td><a href=\"..\/tag\/temoins\/\" target=\"_blank\" rel=\"noreferrer noopener\">t\u00e9moins<\/a><\/td><\/tr><tr><td>43<\/td><td><a href=\"..\/tag\/voyages\/\" target=\"_blank\" rel=\"noreferrer noopener\">voyages<\/a><\/td><\/tr><tr><td>44<\/td><td><a href=\"..\/tag\/vertus\/\" target=\"_blank\" rel=\"noreferrer noopener\">vertus<\/a><\/td><\/tr><tr><td>45<\/td><td><a href=\"..\/tag\/vice\/\" target=\"_blank\" rel=\"noreferrer noopener\">vice<\/a><\/td><\/tr><tr><td>46<\/td><td><a href=\"..\/tag\/vocations\/\" target=\"_blank\" rel=\"noreferrer noopener\">vocations<\/a><\/td><\/tr><\/tbody><\/table><\/figure>\n\n\n\n<hr class=\"wp-block-separator has-alpha-channel-opacity\"\/>\n\n\n\n<h2 class=\"wp-block-heading\"><span><i class=\"fas fa-arrow-right\"><\/i><\/span>Archive Tag Cloud <\/h2>\n\n\n<p class=\"wp-block-tag-cloud\"><a href=\"https:\/\/www.donbosco.press\/fr\/tag\/bienfaiteurs\/\" class=\"tag-cloud-link tag-link-1704 tag-link-position-1\" style=\"font-size: 13.666666666667pt;\" aria-label=\"bienfaiteurs (54 \u00e9l\u00e9ments)\">bienfaiteurs<\/a>\n<a href=\"https:\/\/www.donbosco.press\/fr\/tag\/catechese\/\" class=\"tag-cloud-link tag-link-1734 tag-link-position-2\" style=\"font-size: 12.333333333333pt;\" aria-label=\"cat\u00e9ch\u00e8se (41 \u00e9l\u00e9ments)\">cat\u00e9ch\u00e8se<\/a>\n<a href=\"https:\/\/www.donbosco.press\/fr\/tag\/charisme-salesien\/\" class=\"tag-cloud-link tag-link-1716 tag-link-position-3\" style=\"font-size: 22pt;\" aria-label=\"charisme sal\u00e9sien (310 \u00e9l\u00e9ments)\">charisme sal\u00e9sien<\/a>\n<a href=\"https:\/\/www.donbosco.press\/fr\/tag\/charite\/\" class=\"tag-cloud-link tag-link-2563 tag-link-position-4\" style=\"font-size: 18.666666666667pt;\" aria-label=\"charit\u00e9 (155 \u00e9l\u00e9ments)\">charit\u00e9<\/a>\n<a href=\"https:\/\/www.donbosco.press\/fr\/tag\/conciles\/\" class=\"tag-cloud-link tag-link-2634 tag-link-position-5\" style=\"font-size: 19.222222222222pt;\" aria-label=\"conciles (171 \u00e9l\u00e9ments)\">conciles<\/a>\n<a href=\"https:\/\/www.donbosco.press\/fr\/tag\/creativite-salesienne\/\" class=\"tag-cloud-link tag-link-1758 tag-link-position-6\" style=\"font-size: 11.666666666667pt;\" aria-label=\"cr\u00e9ativit\u00e9 sal\u00e9sienne (35 \u00e9l\u00e9ments)\">cr\u00e9ativit\u00e9 sal\u00e9sienne<\/a>\n<a href=\"https:\/\/www.donbosco.press\/fr\/tag\/dieu\/\" class=\"tag-cloud-link tag-link-2554 tag-link-position-7\" style=\"font-size: 19.666666666667pt;\" aria-label=\"Dieu (189 \u00e9l\u00e9ments)\">Dieu<\/a>\n<a href=\"https:\/\/www.donbosco.press\/fr\/tag\/don-bosco\/\" class=\"tag-cloud-link tag-link-1764 tag-link-position-8\" style=\"font-size: 19.666666666667pt;\" aria-label=\"don Bosco (189 \u00e9l\u00e9ments)\">don Bosco<\/a>\n<a href=\"https:\/\/www.donbosco.press\/fr\/tag\/espoir\/\" class=\"tag-cloud-link tag-link-1992 tag-link-position-9\" style=\"font-size: 11.222222222222pt;\" aria-label=\"espoir (32 \u00e9l\u00e9ments)\">espoir<\/a>\n<a href=\"https:\/\/www.donbosco.press\/fr\/tag\/famille\/\" class=\"tag-cloud-link tag-link-2584 tag-link-position-10\" style=\"font-size: 8.7777777777778pt;\" aria-label=\"famille (19 \u00e9l\u00e9ments)\">famille<\/a>\n<a href=\"https:\/\/www.donbosco.press\/fr\/tag\/famille-salesienne\/\" class=\"tag-cloud-link tag-link-2587 tag-link-position-11\" style=\"font-size: 14.888888888889pt;\" aria-label=\"famille sal\u00e9sienne (70 \u00e9l\u00e9ments)\">famille sal\u00e9sienne<\/a>\n<a href=\"https:\/\/www.donbosco.press\/fr\/tag\/formation\/\" class=\"tag-cloud-link tag-link-2221 tag-link-position-12\" style=\"font-size: 10.222222222222pt;\" aria-label=\"formation (26 \u00e9l\u00e9ments)\">formation<\/a>\n<a href=\"https:\/\/www.donbosco.press\/fr\/tag\/grace\/\" class=\"tag-cloud-link tag-link-1818 tag-link-position-13\" style=\"font-size: 16.555555555556pt;\" aria-label=\"gr\u00e2ce (100 \u00e9l\u00e9ments)\">gr\u00e2ce<\/a>\n<a href=\"https:\/\/www.donbosco.press\/fr\/tag\/gras-obtenues\/\" class=\"tag-cloud-link tag-link-1824 tag-link-position-14\" style=\"font-size: 14.222222222222pt;\" aria-label=\"gr\u00e2s obtenues (60 \u00e9l\u00e9ments)\">gr\u00e2s obtenues<\/a>\n<a href=\"https:\/\/www.donbosco.press\/fr\/tag\/histoires-de-jeunes\/\" class=\"tag-cloud-link tag-link-1998 tag-link-position-15\" style=\"font-size: 8.3333333333333pt;\" aria-label=\"histoires de jeunes (17 \u00e9l\u00e9ments)\">histoires de jeunes<\/a>\n<a href=\"https:\/\/www.donbosco.press\/fr\/tag\/initiatives\/\" class=\"tag-cloud-link tag-link-1836 tag-link-position-16\" style=\"font-size: 10pt;\" aria-label=\"initiatives (25 \u00e9l\u00e9ments)\">initiatives<\/a>\n<a href=\"https:\/\/www.donbosco.press\/fr\/tag\/interviews\/\" class=\"tag-cloud-link tag-link-2602 tag-link-position-17\" style=\"font-size: 10.777777777778pt;\" aria-label=\"interviews (29 \u00e9l\u00e9ments)\">interviews<\/a>\n<a href=\"https:\/\/www.donbosco.press\/fr\/tag\/jeunes\/\" class=\"tag-cloud-link tag-link-2049 tag-link-position-18\" style=\"font-size: 16.777777777778pt;\" aria-label=\"jeunes (103 \u00e9l\u00e9ments)\">jeunes<\/a>\n<a href=\"https:\/\/www.donbosco.press\/fr\/tag\/jesus\/\" class=\"tag-cloud-link tag-link-2186 tag-link-position-19\" style=\"font-size: 15pt;\" aria-label=\"J\u00e9sus (71 \u00e9l\u00e9ments)\">J\u00e9sus<\/a>\n<a href=\"https:\/\/www.donbosco.press\/fr\/tag\/lieux-salesiens\/\" class=\"tag-cloud-link tag-link-1872 tag-link-position-20\" style=\"font-size: 8pt;\" aria-label=\"lieux sal\u00e9siens (16 \u00e9l\u00e9ments)\">lieux sal\u00e9siens<\/a>\n<a href=\"https:\/\/www.donbosco.press\/fr\/tag\/maisons-salesiennes\/\" class=\"tag-cloud-link tag-link-1728 tag-link-position-21\" style=\"font-size: 10.777777777778pt;\" aria-label=\"maisons sal\u00e9siennes (29 \u00e9l\u00e9ments)\">maisons sal\u00e9siennes<\/a>\n<a href=\"https:\/\/www.donbosco.press\/fr\/tag\/marie\/\" class=\"tag-cloud-link tag-link-1686 tag-link-position-22\" style=\"font-size: 13.222222222222pt;\" aria-label=\"Marie (49 \u00e9l\u00e9ments)\">Marie<\/a>\n<a href=\"https:\/\/www.donbosco.press\/fr\/tag\/miracles\/\" class=\"tag-cloud-link tag-link-1884 tag-link-position-23\" style=\"font-size: 10.444444444444pt;\" aria-label=\"miracles (27 \u00e9l\u00e9ments)\">miracles<\/a>\n<a href=\"https:\/\/www.donbosco.press\/fr\/tag\/missions\/\" class=\"tag-cloud-link tag-link-1890 tag-link-position-24\" style=\"font-size: 15.111111111111pt;\" aria-label=\"missions (73 \u00e9l\u00e9ments)\">missions<\/a>\n<a href=\"https:\/\/www.donbosco.press\/fr\/tag\/nos-guides\/\" class=\"tag-cloud-link tag-link-2606 tag-link-position-25\" style=\"font-size: 16pt;\" aria-label=\"nos guides (88 \u00e9l\u00e9ments)\">nos guides<\/a>\n<a href=\"https:\/\/www.donbosco.press\/fr\/tag\/nos-heros\/\" class=\"tag-cloud-link tag-link-1842 tag-link-position-26\" style=\"font-size: 8pt;\" aria-label=\"nos h\u00e9ros (16 \u00e9l\u00e9ments)\">nos h\u00e9ros<\/a>\n<a href=\"https:\/\/www.donbosco.press\/fr\/tag\/nouvelles-religieuses\/\" class=\"tag-cloud-link tag-link-1908 tag-link-position-27\" style=\"font-size: 12pt;\" aria-label=\"nouvelles religieuses (38 \u00e9l\u00e9ments)\">nouvelles religieuses<\/a>\n<a href=\"https:\/\/www.donbosco.press\/fr\/tag\/pape\/\" class=\"tag-cloud-link tag-link-1692 tag-link-position-28\" style=\"font-size: 9.8888888888889pt;\" aria-label=\"Pape (24 \u00e9l\u00e9ments)\">Pape<\/a>\n<a href=\"https:\/\/www.donbosco.press\/fr\/tag\/pauvres\/\" class=\"tag-cloud-link tag-link-1932 tag-link-position-29\" style=\"font-size: 11.222222222222pt;\" aria-label=\"pauvres (32 \u00e9l\u00e9ments)\">pauvres<\/a>\n<a href=\"https:\/\/www.donbosco.press\/fr\/tag\/pays\/\" class=\"tag-cloud-link tag-link-1920 tag-link-position-30\" style=\"font-size: 9pt;\" aria-label=\"pays (20 \u00e9l\u00e9ments)\">pays<\/a>\n<a href=\"https:\/\/www.donbosco.press\/fr\/tag\/providence\/\" class=\"tag-cloud-link tag-link-1698 tag-link-position-31\" style=\"font-size: 12.333333333333pt;\" aria-label=\"Providence (41 \u00e9l\u00e9ments)\">Providence<\/a>\n<a href=\"https:\/\/www.donbosco.press\/fr\/tag\/provinces-salesiennes\/\" class=\"tag-cloud-link tag-link-1854 tag-link-position-32\" style=\"font-size: 9pt;\" aria-label=\"provinces sal\u00e9siennes (20 \u00e9l\u00e9ments)\">provinces sal\u00e9siennes<\/a>\n<a href=\"https:\/\/www.donbosco.press\/fr\/tag\/reves\/\" class=\"tag-cloud-link tag-link-1980 tag-link-position-33\" style=\"font-size: 11.666666666667pt;\" aria-label=\"r\u00eaves (35 \u00e9l\u00e9ments)\">r\u00eaves<\/a>\n<a href=\"https:\/\/www.donbosco.press\/fr\/tag\/saints\/\" class=\"tag-cloud-link tag-link-1968 tag-link-position-34\" style=\"font-size: 20.222222222222pt;\" aria-label=\"saints (215 \u00e9l\u00e9ments)\">saints<\/a>\n<a href=\"https:\/\/www.donbosco.press\/fr\/tag\/salut\/\" class=\"tag-cloud-link tag-link-1962 tag-link-position-35\" style=\"font-size: 16.333333333333pt;\" aria-label=\"salut (94 \u00e9l\u00e9ments)\">salut<\/a>\n<a href=\"https:\/\/www.donbosco.press\/fr\/tag\/salesiens\/\" class=\"tag-cloud-link tag-link-1956 tag-link-position-36\" style=\"font-size: 20pt;\" aria-label=\"sal\u00e9siens (202 \u00e9l\u00e9ments)\">sal\u00e9siens<\/a>\n<a href=\"https:\/\/www.donbosco.press\/fr\/tag\/solidarite\/\" class=\"tag-cloud-link tag-link-1986 tag-link-position-37\" style=\"font-size: 12pt;\" aria-label=\"solidarit\u00e9 (38 \u00e9l\u00e9ments)\">solidarit\u00e9<\/a>\n<a href=\"https:\/\/www.donbosco.press\/fr\/tag\/temoins\/\" class=\"tag-cloud-link tag-link-2616 tag-link-position-38\" style=\"font-size: 19.666666666667pt;\" aria-label=\"t\u00e9moins (191 \u00e9l\u00e9ments)\">t\u00e9moins<\/a>\n<a href=\"https:\/\/www.donbosco.press\/fr\/tag\/vertus\/\" class=\"tag-cloud-link tag-link-2022 tag-link-position-39\" style=\"font-size: 17pt;\" aria-label=\"vertus (108 \u00e9l\u00e9ments)\">vertus<\/a>\n<a href=\"https:\/\/www.donbosco.press\/fr\/tag\/vie\/\" class=\"tag-cloud-link tag-link-2028 tag-link-position-40\" style=\"font-size: 13.222222222222pt;\" aria-label=\"vie (49 \u00e9l\u00e9ments)\">vie<\/a>\n<a href=\"https:\/\/www.donbosco.press\/fr\/tag\/vocations\/\" class=\"tag-cloud-link tag-link-2622 tag-link-position-41\" style=\"font-size: 13.444444444444pt;\" aria-label=\"vocations (52 \u00e9l\u00e9ments)\">vocations<\/a>\n<a href=\"https:\/\/www.donbosco.press\/fr\/tag\/voyages\/\" class=\"tag-cloud-link tag-link-2016 tag-link-position-42\" style=\"font-size: 9pt;\" aria-label=\"voyages (20 \u00e9l\u00e9ments)\">voyages<\/a>\n<a href=\"https:\/\/www.donbosco.press\/fr\/tag\/education\/\" class=\"tag-cloud-link tag-link-2194 tag-link-position-43\" style=\"font-size: 17.666666666667pt;\" aria-label=\"\u00e9ducation (125 \u00e9l\u00e9ments)\">\u00e9ducation<\/a>\n<a href=\"https:\/\/www.donbosco.press\/fr\/tag\/eglise\/\" class=\"tag-cloud-link tag-link-2631 tag-link-position-44\" style=\"font-size: 17pt;\" aria-label=\"\u00e9glise (109 \u00e9l\u00e9ments)\">\u00e9glise<\/a>\n<a href=\"https:\/\/www.donbosco.press\/fr\/tag\/evenement\/\" class=\"tag-cloud-link tag-link-2580 tag-link-position-45\" style=\"font-size: 15.888888888889pt;\" aria-label=\"\u00e9v\u00e9nement (87 \u00e9l\u00e9ments)\">\u00e9v\u00e9nement<\/a><\/p>","protected":false},"excerpt":{"rendered":"<p>1 bienfaiteurs 2 bio\u00e9thique 3 charisme sal\u00e9sien 4 charit\u00e9 5 maisons sal\u00e9siennes 6 coop\u00e9rateurs sal\u00e9siens&#8230;<\/p>\n","protected":false},"author":1,"featured_media":0,"parent":0,"menu_order":0,"comment_status":"closed","ping_status":"closed","template":"","meta":{"iawp_total_views":7,"footnotes":""},"class_list":["post-11395","page","type-page","status-publish","hentry"],"_links":{"self":[{"href":"https:\/\/www.donbosco.press\/fr\/wp-json\/wp\/v2\/pages\/11395","targetHints":{"allow":["GET"]}}],"collection":[{"href":"https:\/\/www.donbosco.press\/fr\/wp-json\/wp\/v2\/pages"}],"about":[{"href":"https:\/\/www.donbosco.press\/fr\/wp-json\/wp\/v2\/types\/page"}],"author":[{"embeddable":true,"href":"https:\/\/www.donbosco.press\/fr\/wp-json\/wp\/v2\/users\/1"}],"replies":[{"embeddable":true,"href":"https:\/\/www.donbosco.press\/fr\/wp-json\/wp\/v2\/comments?post=11395"}],"version-history":[{"count":1,"href":"https:\/\/www.donbosco.press\/fr\/wp-json\/wp\/v2\/pages\/11395\/revisions"}],"predecessor-version":[{"id":52128,"href":"https:\/\/www.donbosco.press\/fr\/wp-json\/wp\/v2\/pages\/11395\/revisions\/52128"}],"wp:attachment":[{"href":"https:\/\/www.donbosco.press\/fr\/wp-json\/wp\/v2\/media?parent=11395"}],"curies":[{"name":"wp","href":"https:\/\/api.w.org\/{rel}","templated":true}]}}