{"id":11210,"date":"2022-12-29T10:56:37","date_gmt":"2022-12-29T10:56:37","guid":{"rendered":"https:\/\/exciting-knuth.178-32-140-152.plesk.page\/note-sul-calendario\/"},"modified":"2024-01-12T15:45:20","modified_gmt":"2024-01-12T15:45:20","slug":"notes-de-calendrier","status":"publish","type":"page","link":"https:\/\/www.donbosco.press\/fr\/notes-de-calendrier\/","title":{"rendered":"Notes sur le calendrier"},"content":{"rendered":"<p>Le calendrier pr\u00e9sent\u00e9 sur ce site est le calendrier sal\u00e9sien officiel de la Soci\u00e9t\u00e9 Sal\u00e9sienne de Saint Jean Bosco <em><i>\u00ab\u00a0Parvum calendarium ad usum SDB\u00a0\u00bb<\/i><\/em> et <em><i>\u00ab\u00a0Addenda et varianda in Officio et Missa\u00a0\u00bb<\/i><\/em>, pr\u00e9sent\u00e9 dans la version latine et en traduction.<\/p>\n<p>C\u2019est le calendrier romain g\u00e9n\u00e9ral de l&rsquo;\u00c9glise catholique, auquel s&rsquo;ajoute le calendrier sal\u00e9sien propre approuv\u00e9 par le Saint-Si\u00e8ge.<br \/>\nComme d&rsquo;habitude, pour \u00eatre utilisable par les personnes int\u00e9ress\u00e9es, ce calendrier doit \u00eatre personnalis\u00e9 en tenant compte des c\u00e9l\u00e9brations propres aux lieux (continent, nation, r\u00e9gion, dioc\u00e8se, province), qui ont l&rsquo;approbation des autorit\u00e9s locales (Conf\u00e9rences \u00e9piscopales, dioc\u00e8ses, etc.).<\/p>\n<p>La version latine peut \u00eatre consult\u00e9e en cliquant sur le titre-onglet en gris clair \u00ab\u00a0<em><i>Parvum calendarium ad usum SDB et addenda et varianda in Officio et Missa<\/i><\/em>\u00ab\u00a0. Comme il est d&rsquo;usage, on a indiqu\u00e9 ici \u00e9galement les variations liturgiques pour les c\u00e9l\u00e9brations.<\/p>\n<p>Pour en savoir plus sur les comm\u00e9morations, on a ajout\u00e9 des informations suppl\u00e9mentaires, notamment des liens vers divers sites Web externes, qui, avec toutes leurs limites et leurs particularit\u00e9s, offrent des informations suppl\u00e9mentaires. \u00c0 noter que le contenu de ces sites Web ne refl\u00e8te pas n\u00e9cessairement la position officielle de la Soci\u00e9t\u00e9 sal\u00e9sienne de Saint Jean Bosco.<\/p>\n<p><em>L\u00e9gende<\/em><\/p>\n<table>\n<tbody>\n<tr>\n<td width=\"255\">Couleur rouge, lettres capitales et caract\u00e8res gras :<\/td>\n<td width=\"368\"><span style=\"color: #ff0000;\"><strong><b>SOLENNIT\u00c9<\/b><\/strong><\/span><\/td>\n<\/tr>\n<tr>\n<td width=\"255\">Couleur rouge, lettres capitales et caract\u00e8re gras avec la croix :<\/td>\n<td width=\"368\"><span style=\"color: #ff0000;\"><strong><b>\u2020<\/b><\/strong><strong><b> SOLENNIT\u00c9 du pr\u00e9cepte<\/b><\/strong><\/span><\/td>\n<\/tr>\n<tr>\n<td width=\"255\">Couleur bleue en caract\u00e8res gras :<\/td>\n<td width=\"368\"><span style=\"color: #0000ff;\"><strong><b>F\u00eate<\/b><\/strong><\/span><\/td>\n<\/tr>\n<tr>\n<td width=\"255\">Couleur verte en italiques :<\/td>\n<td width=\"368\"><span style=\"color: #339966;\"><em><i>M\u00e9moire obligatoire<\/i><\/em><\/span><\/td>\n<\/tr>\n<tr>\n<td width=\"255\">En noir :<\/td>\n<td width=\"368\">M\u00e9moire facultative<\/td>\n<\/tr>\n<tr>\n<td width=\"255\">Entre crochets [&#8230;] :<\/td>\n<td width=\"368\">C\u00e9l\u00e9brations qui peuvent varier d&rsquo;un pays \u00e0 l&rsquo;autre, en fonction des normes \u00e9tablies par les autorit\u00e9s locales.<\/td>\n<\/tr>\n<\/tbody>\n<\/table>\n","protected":false},"excerpt":{"rendered":"<p>Le calendrier pr\u00e9sent\u00e9 sur ce site est le calendrier sal\u00e9sien officiel de la Soci\u00e9t\u00e9 Sal\u00e9sienne&#8230;<\/p>\n","protected":false},"author":1,"featured_media":0,"parent":0,"menu_order":0,"comment_status":"closed","ping_status":"closed","template":"","meta":{"iawp_total_views":24,"footnotes":""},"class_list":["post-11210","page","type-page","status-publish","hentry"],"_links":{"self":[{"href":"https:\/\/www.donbosco.press\/fr\/wp-json\/wp\/v2\/pages\/11210","targetHints":{"allow":["GET"]}}],"collection":[{"href":"https:\/\/www.donbosco.press\/fr\/wp-json\/wp\/v2\/pages"}],"about":[{"href":"https:\/\/www.donbosco.press\/fr\/wp-json\/wp\/v2\/types\/page"}],"author":[{"embeddable":true,"href":"https:\/\/www.donbosco.press\/fr\/wp-json\/wp\/v2\/users\/1"}],"replies":[{"embeddable":true,"href":"https:\/\/www.donbosco.press\/fr\/wp-json\/wp\/v2\/comments?post=11210"}],"version-history":[{"count":0,"href":"https:\/\/www.donbosco.press\/fr\/wp-json\/wp\/v2\/pages\/11210\/revisions"}],"wp:attachment":[{"href":"https:\/\/www.donbosco.press\/fr\/wp-json\/wp\/v2\/media?parent=11210"}],"curies":[{"name":"wp","href":"https:\/\/api.w.org\/{rel}","templated":true}]}}