{"id":10865,"date":"2023-01-11T09:42:12","date_gmt":"2023-01-11T09:42:12","guid":{"rendered":"https:\/\/exciting-knuth.178-32-140-152.plesk.page\/legal-information-2\/"},"modified":"2025-09-29T07:37:15","modified_gmt":"2025-09-29T07:37:15","slug":"legal-information-2","status":"publish","type":"page","link":"https:\/\/www.donbosco.press\/fr\/legal-information-2\/","title":{"rendered":"Legal information 2"},"content":{"rendered":"\r\n<p><em>Cette imprint a \u00e9t\u00e9 mise \u00e0 jour pour la derni\u00e8re fois le 29 septembre 2025.<\/em><\/p>\r\n\r\n\r\n\r\n<p>&nbsp;<\/p>\r\n\r\n\r\n\r\n<p><strong>Le \u00ab\u00a0Bollettino Salesiano OnLine\u00a0\u00bb (BSOL)<\/strong> est un p\u00e9riodique t\u00e9l\u00e9matique d&rsquo;information et de culture religieuse, du type revue mensuelle, publi\u00e9 par la Soci\u00e9t\u00e9 sal\u00e9sienne de Saint Jean Bosco (Sal\u00e9siens de Don Bosco), inscrit au Registre de la Presse du Tribunal de Turin, n. 20\/21.09.2023.<br \/>Directeur responsable : Andrei MUNTEANU<\/p>\r\n\r\n\r\n\r\n<p>&nbsp;<\/p>\r\n\r\n\r\n\r\n<p><strong>Le propri\u00e9taire de cette publication web est :<\/strong><br \/>Oratorio Salesiano San Francesco di Sales<br \/>Organisme eccl\u00e9siastique reconnu civilement<br \/>Via Maria Ausiliatrice 32, 10152 Turin, Italie<br \/>CF : 00514170018<br \/>E-mail : bsol@sdb.org<br \/>T\u00e9l\u00e9phone : +39 378 084 1797<br \/>Le repr\u00e9sentant l\u00e9gal de l&rsquo;Oratorio Salesiano San Francesco di Sales : Luca BARONE.<\/p>\r\n\r\n\r\n\r\n<p>&nbsp;<\/p>\r\n\r\n\r\n\r\n<p><strong>L&rsquo;h\u00e9bergement de ce site est assur\u00e9 par :<\/strong><br \/>Coll\u00e8ge San Luigi<br \/>Via Maria Ausiliatrice, 32<br \/>10152 Turin (TO), Italie<br \/>Num\u00e9ro de TVA : IT 02310450032<br \/>Num\u00e9ro d&rsquo;identification fiscale : 00429180037<br \/>T\u00e9l. : 011 5224434<br \/>https:\/\/valdocco.it<\/p>\r\n\r\n\r\n\r\n<p>&nbsp;<\/p>\r\n\r\n\r\n\r\n<p>1. G\u00e9n\u00e9ral<br \/>Nous ne sommes ni dispos\u00e9s ni oblig\u00e9s de participer \u00e0 des proc\u00e9dures de r\u00e8glement des litiges devant une commission d\u2019arbitrage des consommateurs.<\/p>\r\n","protected":false},"excerpt":{"rendered":"<p>Cette imprint a \u00e9t\u00e9 mise \u00e0 jour pour la derni\u00e8re fois le 29 septembre 2025&#8230;.<\/p>\n","protected":false},"author":1,"featured_media":0,"parent":0,"menu_order":0,"comment_status":"closed","ping_status":"closed","template":"","meta":{"iawp_total_views":5,"footnotes":""},"class_list":["post-10865","page","type-page","status-publish","hentry"],"_links":{"self":[{"href":"https:\/\/www.donbosco.press\/fr\/wp-json\/wp\/v2\/pages\/10865","targetHints":{"allow":["GET"]}}],"collection":[{"href":"https:\/\/www.donbosco.press\/fr\/wp-json\/wp\/v2\/pages"}],"about":[{"href":"https:\/\/www.donbosco.press\/fr\/wp-json\/wp\/v2\/types\/page"}],"author":[{"embeddable":true,"href":"https:\/\/www.donbosco.press\/fr\/wp-json\/wp\/v2\/users\/1"}],"replies":[{"embeddable":true,"href":"https:\/\/www.donbosco.press\/fr\/wp-json\/wp\/v2\/comments?post=10865"}],"version-history":[{"count":1,"href":"https:\/\/www.donbosco.press\/fr\/wp-json\/wp\/v2\/pages\/10865\/revisions"}],"predecessor-version":[{"id":45580,"href":"https:\/\/www.donbosco.press\/fr\/wp-json\/wp\/v2\/pages\/10865\/revisions\/45580"}],"wp:attachment":[{"href":"https:\/\/www.donbosco.press\/fr\/wp-json\/wp\/v2\/media?parent=10865"}],"curies":[{"name":"wp","href":"https:\/\/api.w.org\/{rel}","templated":true}]}}