{"id":9984,"date":"2022-12-08T16:56:40","date_gmt":"2022-12-08T16:56:40","guid":{"rendered":"https:\/\/exciting-knuth.178-32-140-152.plesk.page\/come-cambiare-la-lengua-dei-sottotitoli-sui-video-in-youtube\/"},"modified":"2026-03-25T15:58:43","modified_gmt":"2026-03-25T15:58:43","slug":"como-cambiar-el-idioma-de-los-subtitulos-de-los-videos-publicados-en-youtube","status":"publish","type":"page","link":"https:\/\/www.donbosco.press\/es\/como-cambiar-el-idioma-de-los-subtitulos-de-los-videos-publicados-en-youtube\/","title":{"rendered":"C\u00f3mo cambiar el idioma de los subt\u00edtulos de los v\u00eddeos publicados en YouTube"},"content":{"rendered":"\n<p><\/p>\n\n\n\n<p><strong>Si inizia la visualizzazione del video su Youtube facendo click sul pulsante \u00abRiproduci\u00bb.<\/strong><\/p>\n\n\n\n<figure class=\"wp-block-image size-full\"><img decoding=\"async\" src=\"https:\/\/www.donbosco.press\/wp-content\/uploads\/2022\/12\/1-Youtube-subtitles_tn.jpg\" alt=\"\" class=\"wp-image-6842\"\/><\/figure>\n\n\n\n<p><strong>1. Si selezionano le impostazioni tramite il collegamento che si trova sulla rotellina a sei denti, in basso a destra<\/strong>.<\/p>\n\n\n\n<figure class=\"wp-block-image size-full\"><img decoding=\"async\" src=\"https:\/\/www.donbosco.press\/wp-content\/uploads\/2022\/12\/2-Youtube-subtitles_tn.jpg\" alt=\"\" class=\"wp-image-6851\"\/><\/figure>\n\n\n\n<p><strong>2. Si seleziona, dal men\u00f9 tendina, il collegamento che si trova sul men\u00f9 \u00abSottotitoli\u00bb<\/strong>.<\/p>\n\n\n\n<figure class=\"wp-block-image size-full\"><img decoding=\"async\" src=\"https:\/\/www.donbosco.press\/wp-content\/uploads\/2022\/12\/3-Youtube-subtitles_tn.jpg\" alt=\"\" class=\"wp-image-6859\"\/><\/figure>\n\n\n\n<p><strong>3. Dal seguente men\u00f9 tendina, si seleziona la lingua nella quale se desidera leggere i sottotitoli; in questa sezione si trovano tutti i sottotitoli tradotti da un traduttore umano.<\/strong><\/p>\n\n\n\n<figure class=\"wp-block-image size-full\"><img decoding=\"async\" src=\"https:\/\/www.donbosco.press\/wp-content\/uploads\/2022\/12\/4-Youtube-subtitles_tn.jpg\" alt=\"\" class=\"wp-image-6867\"\/><\/figure>\n\n\n\n<p><strong>4. Una volta selezionata la lingua, si continua a visionare il video<\/strong>.<\/p>\n\n\n\n<figure class=\"wp-block-image size-full\"><img decoding=\"async\" src=\"https:\/\/www.donbosco.press\/wp-content\/uploads\/2022\/12\/5-Youtube-subtitles_tn.jpg\" alt=\"\" class=\"wp-image-6874\"\/><\/figure>\n\n\n\n<p><strong>5. Se preferite un&#8217;altra lingua per i sottotitoli, si pu\u00f2 selezionare dal men\u00f9 precedente l&#8217;auto translazione<\/strong>.<\/p>\n\n\n\n<figure class=\"wp-block-image size-full\"><img decoding=\"async\" src=\"https:\/\/www.donbosco.press\/wp-content\/uploads\/2022\/12\/6-Youtube-subtitles_tn.jpg\" alt=\"\" class=\"wp-image-6881\"\/><\/figure>\n\n\n\n<p><strong>6. Nel men\u00f9 seguente si sceglie la lingua preferita; da tener presente che questa \u00e8 una traduzione automatica, con imprecisioni<\/strong>.<\/p>\n\n\n\n<figure class=\"wp-block-image size-full\"><img decoding=\"async\" src=\"https:\/\/www.donbosco.press\/wp-content\/uploads\/2022\/12\/7-Youtube-subtitles_tn.jpg\" alt=\"\" class=\"wp-image-6888\"\/><\/figure>\n\n\n\n<p><strong>7. Una volta selezionata la lingua, si continua a visionare il video<\/strong>.<\/p>\n\n\n\n<figure class=\"wp-block-image size-full\"><img decoding=\"async\" src=\"https:\/\/www.donbosco.press\/wp-content\/uploads\/2022\/12\/8-Youtube-subtitles_tn.jpg\" alt=\"\" class=\"wp-image-6895\"\/><\/figure>\n\n\n\n<p><strong>8. Per eliminare i sottotitoli basta selezionare il sottomen\u00f9 \u00abOff \/ Disattivati\u00bb<\/strong>.<\/p>\n","protected":false},"excerpt":{"rendered":"<p>Si inizia la visualizzazione del video su Youtube facendo click sul pulsante \u00abRiproduci\u00bb. 1. Si&#8230;<\/p>\n","protected":false},"author":1,"featured_media":0,"parent":0,"menu_order":0,"comment_status":"closed","ping_status":"closed","template":"","meta":{"iawp_total_views":2,"footnotes":""},"class_list":["post-9984","page","type-page","status-publish","hentry"],"_links":{"self":[{"href":"https:\/\/www.donbosco.press\/es\/wp-json\/wp\/v2\/pages\/9984","targetHints":{"allow":["GET"]}}],"collection":[{"href":"https:\/\/www.donbosco.press\/es\/wp-json\/wp\/v2\/pages"}],"about":[{"href":"https:\/\/www.donbosco.press\/es\/wp-json\/wp\/v2\/types\/page"}],"author":[{"embeddable":true,"href":"https:\/\/www.donbosco.press\/es\/wp-json\/wp\/v2\/users\/1"}],"replies":[{"embeddable":true,"href":"https:\/\/www.donbosco.press\/es\/wp-json\/wp\/v2\/comments?post=9984"}],"version-history":[{"count":1,"href":"https:\/\/www.donbosco.press\/es\/wp-json\/wp\/v2\/pages\/9984\/revisions"}],"predecessor-version":[{"id":50579,"href":"https:\/\/www.donbosco.press\/es\/wp-json\/wp\/v2\/pages\/9984\/revisions\/50579"}],"wp:attachment":[{"href":"https:\/\/www.donbosco.press\/es\/wp-json\/wp\/v2\/media?parent=9984"}],"curies":[{"name":"wp","href":"https:\/\/api.w.org\/{rel}","templated":true}]}}