{"id":6508,"date":"2022-09-30T13:34:57","date_gmt":"2022-09-30T13:34:57","guid":{"rendered":"https:\/\/exciting-knuth.178-32-140-152.plesk.page\/newsletter\/"},"modified":"2022-12-02T09:08:36","modified_gmt":"2022-12-02T09:08:36","slug":"newsletter","status":"publish","type":"page","link":"https:\/\/www.donbosco.press\/es\/newsletter\/","title":{"rendered":"Newsletter"},"content":{"rendered":"<div class=\"tnp tnp-subscription \">\n<form method=\"post\" action=\"https:\/\/www.donbosco.press\/wp-admin\/admin-ajax.php?action=tnp&amp;na=s\">\n<input type=\"hidden\" name=\"nlang\" value=\"es\">\n<div class=\"tnp-field tnp-field-firstname\"><label for=\"tnp-1\">Nombre<\/label>\n<input class=\"tnp-name\" type=\"text\" name=\"nn\" id=\"tnp-1\" value=\"\" placeholder=\"\" required><\/div>\n<div class=\"tnp-field tnp-field-email\"><label for=\"tnp-2\">Correo electr\u00f3nico<\/label>\n<input class=\"tnp-email\" type=\"email\" name=\"ne\" id=\"tnp-2\" value=\"\" placeholder=\"\" required><\/div>\n<div class=\"tnp-field tnp-field-profile\"><label for=\"tnp-3\">Idioma<\/label>\n<select class=\"tnp-profile tnp-profile-1\" id=\"tnp-profile_1\" name=\"np1\"><option>deutsche<\/option><option>english<\/option><option>espa\u00f1ol<\/option><option>fran\u00e7ais<\/option><option>italiano<\/option><option>polski<\/option><option>portugu\u00eas<\/option><\/select>\n<\/div>\n<div class=\"tnp-field tnp-field-profile\"><label for=\"tnp-4\">Pa\u00eds<\/label>\n<select class=\"tnp-profile tnp-profile-2\" id=\"tnp-profile_2\" name=\"np2\" required><option>Afganist\u00e1n<\/option><option>Albania<\/option><option>Alemania<\/option><option>Andorra<\/option><option>Angola<\/option><option>Anguilla<\/option><option>Ant\u00e1rtida<\/option><option>Antigua y Barbuda<\/option><option>Arabia Saudita<\/option><option>Argelia<\/option><option>Argentina<\/option><option>Armenia<\/option><option>Aruba<\/option><option>Australia<\/option><option>Austria<\/option><option>Azerbaiy\u00e1n<\/option><option>Bahamas<\/option><option>Banglad\u00e9s<\/option><option>Barbados<\/option><option>Bar\u00e9in<\/option><option>B\u00e9lgica<\/option><option>Belice<\/option><option>Ben\u00edn<\/option><option>Bermudas<\/option><option>Bielorrusia<\/option><option>Bolivia<\/option><option>Bonaire<\/option><option>Sint Eustatius y San Eustaquio<\/option><option>Bosnia y Herzegovina<\/option><option>Botsuana<\/option><option>Brasil<\/option><option>Brun\u00e9i<\/option><option>Bulgaria<\/option><option>Burkina Faso<\/option><option>Burundi<\/option><option>But\u00e1n<\/option><option>Cabo Verde<\/option><option>Camboya<\/option><option>Camer\u00fan<\/option><option>Canad\u00e1<\/option><option>Catar<\/option><option>Chad<\/option><option>Chile<\/option><option>Chipre<\/option><option>Ciudad del Vaticano<\/option><option>Colombia<\/option><option>Comoras<\/option><option>Corea del Norte<\/option><option>Corea del Sur<\/option><option>Costa de Marfil<\/option><option>Costa Rica<\/option><option>Croacia<\/option><option>Cuba<\/option><option>Curazao<\/option><option>Dinamarca<\/option><option>Dominica<\/option><option>Ecuador<\/option><option>Egipto<\/option><option>El Salvador<\/option><option>Emiratos \u00c1rabes Unidos<\/option><option>Eritrea<\/option><option>Eslovaquia<\/option><option>Eslovenia<\/option><option>Espa\u00f1a<\/option><option>Estados Unidos<\/option><option>Estonia<\/option><option>Etiop\u00eda<\/option><option>Filipinas<\/option><option>Finlandia<\/option><option>Fiyi<\/option><option>Francia<\/option><option>Gab\u00f3n<\/option><option>Gambia<\/option><option>Georgia<\/option><option>Ghana<\/option><option>Gibraltar<\/option><option>Granada<\/option><option>Grecia<\/option><option>Groenlandia<\/option><option>Guadalupe<\/option><option>Guam<\/option><option>Guatemala<\/option><option>Guayana Francesa<\/option><option>Guernsey<\/option><option>Guinea<\/option><option>Guinea Ecuatorial<\/option><option>Guinea-Bis\u00e1u<\/option><option>Guyana<\/option><option>Hait\u00ed<\/option><option>Honduras<\/option><option>Hongkong<\/option><option>Hungr\u00eda<\/option><option>India<\/option><option>Indonesia<\/option><option>Irak<\/option><option>Ir\u00e1n<\/option><option>Irlanda<\/option><option>Isla Bouvet<\/option><option>Isla de Man<\/option><option>Isla de Navidad<\/option><option>Isla de San Mart\u00edn<\/option><option>Isla Norfolk<\/option><option>Islandia<\/option><option>Islas Aland<\/option><option>Islas Caim\u00e1n<\/option><option>Islas Cocos<\/option><option>Islas Feroe<\/option><option>Islas Georgias del Sur y Sandwich del Sur<\/option><option>Islas Malvinas<\/option><option>Islas Marianas del Norte<\/option><option>Islas Marshall<\/option><option>Islas Pitcairn<\/option><option>Islas Salom\u00f3n<\/option><option>Islas Turcas y Caicos<\/option><option>Islas Ultramarinas Menores de los Estados Unidos<\/option><option>Islas V\u00edrgenes Brit\u00e1nicas<\/option><option>Islas V\u00edrgenes de los Estados Unidos<\/option><option>Israel<\/option><option>Italia<\/option><option>Jamaica<\/option><option>Jap\u00f3n<\/option><option>Jersey<\/option><option>Jordania<\/option><option>Kazajist\u00e1n<\/option><option>Kenia<\/option><option>Kirguist\u00e1n<\/option><option>Kiribati<\/option><option>Kuwait<\/option><option>Laos<\/option><option>Lesoto<\/option><option>Letonia<\/option><option>L\u00edbano<\/option><option>Liberia<\/option><option>Libia<\/option><option>Liechtenstein<\/option><option>Lituania<\/option><option>Luxemburgo<\/option><option>Macao<\/option><option>Macedonia del Norte<\/option><option>Madagascar<\/option><option>Malasia<\/option><option>Malaui<\/option><option>Maldivas<\/option><option>Mal\u00ed<\/option><option>Malta<\/option><option>Marruecos<\/option><option>Martinica<\/option><option>Mauricio<\/option><option>Mauritania<\/option><option>Mayotte<\/option><option>M\u00e9xico<\/option><option>Micronesia<\/option><option>Moldavia<\/option><option>M\u00f3naco<\/option><option>Mongolia<\/option><option>Montenegro<\/option><option>Montserrat<\/option><option>Mozambique<\/option><option>Myanmar<\/option><option>Namibia<\/option><option>Nauru<\/option><option>Nepal<\/option><option>Nicaragua<\/option><option>N\u00edger<\/option><option>Nigeria<\/option><option>Niue<\/option><option>Noruega<\/option><option>Nueva Caledonia<\/option><option>Nueva Zelanda<\/option><option>Om\u00e1n<\/option><option>Pa\u00edses Bajos<\/option><option>Pakist\u00e1n<\/option><option>Palaos<\/option><option>Palestina<\/option><option>Panama<\/option><option>Pap\u00faa Nueva Guinea<\/option><option>Paraguay<\/option><option>Per\u00fa<\/option><option>Polinesia Francesa<\/option><option>Polonia<\/option><option>Portugal<\/option><option>Puerto Rico<\/option><option>Reino Unido<\/option><option>Rep\u00fablica Centroafricana<\/option><option>Rep\u00fablica Checa<\/option><option>Rep\u00fablica de China (Taiwan)<\/option><option>Rep\u00fablica del Congo<\/option><option>Rep\u00fablica Democr\u00e1tica del Congo<\/option><option>Rep\u00fablica Dominicana<\/option><option>Rep\u00fablica Popular China<\/option><option>Reuni\u00f3n<\/option><option>Ruanda<\/option><option>Rumania<\/option><option>Rusia<\/option><option>Sahara Occidental<\/option><option>Samoa<\/option><option>Samoa Americana<\/option><option>San Bartolom\u00e9<\/option><option>San Crist\u00f3bal y Nieves<\/option><option>San Marino<\/option><option>San Mart\u00edn<\/option><option>San Pedro y Miquel\u00f3n<\/option><option>San Vicente y las Granadinas<\/option><option>Santa Elena<\/option><option>Ascensi\u00f3n y Trist\u00e1n de Acu\u00f1a<\/option><option>Santa Luc\u00eda<\/option><option>Santo Tom\u00e9 y Pr\u00edncipe<\/option><option>Senegal<\/option><option>Serbia<\/option><option>Seychelles<\/option><option>Sierra Leona<\/option><option>Singapur<\/option><option>Siria<\/option><option>Somalia<\/option><option>Sri Lanka<\/option><option>Suazilandia<\/option><option>Sud\u00e1frica<\/option><option>Sud\u00e1n<\/option><option>Sud\u00e1n del Sur<\/option><option>Suecia<\/option><option>Suiza<\/option><option>Surinam<\/option><option>Svalbard y Jan Mayen<\/option><option>Tailandia<\/option><option>Tanzania<\/option><option>Tayikist\u00e1n<\/option><option>Territorio Brit\u00e1nico del Oc\u00e9ano \u00cdndico<\/option><option>Territorio de las Islas Heard y McDonald<\/option><option>Tierras Australes y Ant\u00e1rticas Francesas<\/option><option>Timor Oriental<\/option><option>Togo<\/option><option>Tokelau<\/option><option>Tonga<\/option><option>Trinidad y Tobago<\/option><option>T\u00fanez<\/option><option>Turkmenist\u00e1n<\/option><option>Turqu\u00eda<\/option><option>Tuvalu<\/option><option>Ucrania<\/option><option>Uganda<\/option><option>Uruguay<\/option><option>Uzbekist\u00e1n<\/option><option>Vanuatu<\/option><option>Venezuela<\/option><option>Vietnam<\/option><option>Wallis y Futuna<\/option><option>Yemen<\/option><option>Yibuti<\/option><option>Zambia<\/option><option>Zimbabue<\/option><\/select>\n<\/div>\n<div class=\"tnp-field tnp-privacy-field\"><label><input type=\"checkbox\" name=\"ny\" required class=\"tnp-privacy\"> <a target=\"_blank\" href=\"https:\/\/www.donbosco.press\/es\/privacy-policy-ue\/\">Al proceder, usted acepta la pol\u00edtica de privacidad<\/a><\/label><\/div><div class=\"tnp-field tnp-field-button\" style=\"text-align: left\"><input class=\"tnp-submit\" type=\"submit\" value=\"Inscr\u00edbete\" style=\"\">\n<\/div>\n<\/form>\n<\/div>\n\n","protected":false},"excerpt":{"rendered":"","protected":false},"author":1,"featured_media":0,"parent":0,"menu_order":0,"comment_status":"closed","ping_status":"closed","template":"","meta":{"iawp_total_views":108,"footnotes":""},"class_list":["post-6508","page","type-page","status-publish","hentry"],"_links":{"self":[{"href":"https:\/\/www.donbosco.press\/es\/wp-json\/wp\/v2\/pages\/6508","targetHints":{"allow":["GET"]}}],"collection":[{"href":"https:\/\/www.donbosco.press\/es\/wp-json\/wp\/v2\/pages"}],"about":[{"href":"https:\/\/www.donbosco.press\/es\/wp-json\/wp\/v2\/types\/page"}],"author":[{"embeddable":true,"href":"https:\/\/www.donbosco.press\/es\/wp-json\/wp\/v2\/users\/1"}],"replies":[{"embeddable":true,"href":"https:\/\/www.donbosco.press\/es\/wp-json\/wp\/v2\/comments?post=6508"}],"version-history":[{"count":0,"href":"https:\/\/www.donbosco.press\/es\/wp-json\/wp\/v2\/pages\/6508\/revisions"}],"wp:attachment":[{"href":"https:\/\/www.donbosco.press\/es\/wp-json\/wp\/v2\/media?parent=6508"}],"curies":[{"name":"wp","href":"https:\/\/api.w.org\/{rel}","templated":true}]}}