{"id":52435,"date":"2026-03-30T07:27:15","date_gmt":"2026-03-30T07:27:15","guid":{"rendered":"https:\/\/www.donbosco.press\/?page_id=52435"},"modified":"2026-03-30T07:27:43","modified_gmt":"2026-03-30T07:27:43","slug":"examen-de-conciencia-sobre-las-pequenas-virtudes-de-la-vida-cristiana","status":"publish","type":"page","link":"https:\/\/www.donbosco.press\/es\/examen-de-conciencia-sobre-las-pequenas-virtudes-de-la-vida-cristiana\/","title":{"rendered":"Examen de conciencia sobre las peque\u00f1as virtudes de la vida cristiana"},"content":{"rendered":"<p>&nbsp;<\/p>\n<p><strong>1. Caridad concreta y amabilidad<br \/>\n<\/strong>&#8211; \u00bfTrato a todos con respeto y delicadeza, incluso a quien me resulta antip\u00e1tico o me molesta?<br \/>\n&#8211; \u00bfMe doy cuenta cuando alguien necesita ayuda o ser escuchado?<br \/>\n&#8211; \u00bfNo me encierro en mi mundo ignorando a los dem\u00e1s?<\/p>\n<p><strong>2. Perd\u00f3n y benevolencia<br \/>\n<\/strong>&#8211; \u00bfPerdono las peque\u00f1as ofensas que recibo?<br \/>\n&#8211; \u00bfNo guardo peque\u00f1os rencores o pienso mal de los dem\u00e1s sin motivo?<br \/>\n&#8211; \u00bfIntento comprender a los dem\u00e1s antes de juzgarlos?<br \/>\n&#8211; \u00bfS\u00e9 distinguir entre la persona y su error?<br \/>\n&#8211; \u00bfS\u00e9 ser tolerante (la tolerancia no equivale a justificar o aceptar el mal)?<\/p>\n<p><strong>3. Mansedumbre y dominio de s\u00ed mismo<br \/>\n<\/strong>&#8211; \u00bfConsigo controlar mi car\u00e1cter en los momentos dif\u00edciles?<br \/>\n&#8211; \u00bfS\u00e9 soportar las peque\u00f1as molestias sin irritarme o responder de forma brusca?<br \/>\n&#8211; \u00bfNo me dejo dominar por el humor del momento?<br \/>\n&#8211; \u00bfNo es acaso cierto que mi estado de \u00e1nimo depende m\u00e1s de m\u00ed que de las circunstancias?<\/p>\n<p><strong>4. Humildad y verdad sobre uno mismo<br \/>\n<\/strong>&#8211; \u00bfS\u00e9 reconocer mis l\u00edmites y aceptar las correcciones?<br \/>\n&#8211; \u00bfNo me tomo demasiado en serio y s\u00e9 re\u00edrme de m\u00ed mismo?<br \/>\n&#8211; \u00bfNo me comparo continuamente con los dem\u00e1s intentando parecer mejor?<\/p>\n<p><strong>5. Sinceridad y lealtad<br \/>\n<\/strong>&#8211; \u00bfSoy honesto y leal conmigo mismo y con los dem\u00e1s?<br \/>\n&#8211; \u00bfMantengo mi palabra y evito mentiras y exageraciones?<br \/>\n&#8211; \u00bfNo me justifico para cubrir mis errores?<\/p>\n<p><strong>6. Uso de la palabra<br \/>\n<\/strong>&#8211; \u00bfHablo con respeto, evitando palabras duras, iron\u00edas malintencionadas y cotilleos?<br \/>\n&#8211; \u00bfNo soy ofensivo o irreflexivo al hablar?<br \/>\n&#8211; \u00bfS\u00e9 callar cuando es mejor?<br \/>\n&#8211; \u00bfMis palabras construyen o hieren?<\/p>\n<p><strong>7. Fidelidad en los peque\u00f1os deberes<br \/>\n<\/strong>&#8211; \u00bfOrganizo bien mi d\u00eda?<br \/>\n&#8211; \u00bfLlevo a cabo lo que tengo que hacer sin posponerlo o hacer las cosas con superficialidad?<br \/>\n&#8211; \u00bfSoy puntual en las citas, en el trabajo, en la oraci\u00f3n?<br \/>\n&#8211; \u00bfNo malgasto el tiempo en cosas in\u00fatiles?<\/p>\n<p><strong>8. Esp\u00edritu de servicio y responsabilidad<br \/>\n<\/strong>&#8211; \u00bfMe muestro disponible para ayudar en casa, en la familia y en el trabajo?<br \/>\n&#8211; \u00bfCumplo con mi deber incluso cuando cuesta esfuerzo, sin hacer siempre lo m\u00ednimo indispensable?<br \/>\n&#8211; \u00bfNo evito las responsabilidades pensando solo en lo que me gusta?<\/p>\n<p><strong>9. Sobriedad y sencillez<br \/>\n<\/strong>&#8211; \u00bfVivo con sencillez y medida, evitando el derroche?<br \/>\n&#8211; \u00bfS\u00e9 contentarme o busco siempre tener m\u00e1s?<br \/>\n&#8211; \u00bfNo me dejo dominar por las comodidades?<\/p>\n<p><strong>10. Gratitud y alegr\u00eda<br \/>\n<\/strong>&#8211; \u00bfSoy agradecido con Dios, con mi familia y con quienes me han ayudado?<br \/>\n&#8211; \u00bfReconozco el bien que recibo? \u00bfS\u00e9 dar las gracias?<br \/>\n&#8211; \u00bfNo doy todo por sentado?<br \/>\n&#8211; \u00bfNo veo solo lo que me falta?<br \/>\n&#8211; \u00bfNo me quejo continuamente?<\/p>\n<p><strong>11. Custodia del coraz\u00f3n y de los pensamientos<br \/>\n<\/strong>&#8211; \u00bfIntento tener buenos pensamientos hacia los dem\u00e1s, sin sospechas ni juicios precipitados?<br \/>\n&#8211; \u00bfNo cultivo dentro de m\u00ed amargura, desconfianza o negatividad in\u00fatil?<\/p>\n<p><strong>12. Presencia de Dios en las peque\u00f1as cosas<br \/>\n<\/strong>&#8211; \u00bfMe acuerdo de Dios durante el d\u00eda y le ofrezco incluso las acciones m\u00e1s sencillas?<br \/>\n&#8211; \u00bfIntento hacerlo todo con amor, creyendo que las peque\u00f1as cosas bien hechas para Dios tienen valor?<br \/>\n&#8211; \u00bfNo vivo como si Dios estuviera lejos de mi vida cotidiana?<\/p>\n","protected":false},"excerpt":{"rendered":"<p>&nbsp; 1. Caridad concreta y amabilidad &#8211; \u00bfTrato a todos con respeto y delicadeza, incluso&#8230;<\/p>\n","protected":false},"author":1,"featured_media":52428,"parent":0,"menu_order":0,"comment_status":"closed","ping_status":"closed","template":"","meta":{"iawp_total_views":10,"footnotes":""},"class_list":["post-52435","page","type-page","status-publish","has-post-thumbnail","hentry"],"_links":{"self":[{"href":"https:\/\/www.donbosco.press\/es\/wp-json\/wp\/v2\/pages\/52435","targetHints":{"allow":["GET"]}}],"collection":[{"href":"https:\/\/www.donbosco.press\/es\/wp-json\/wp\/v2\/pages"}],"about":[{"href":"https:\/\/www.donbosco.press\/es\/wp-json\/wp\/v2\/types\/page"}],"author":[{"embeddable":true,"href":"https:\/\/www.donbosco.press\/es\/wp-json\/wp\/v2\/users\/1"}],"replies":[{"embeddable":true,"href":"https:\/\/www.donbosco.press\/es\/wp-json\/wp\/v2\/comments?post=52435"}],"version-history":[{"count":2,"href":"https:\/\/www.donbosco.press\/es\/wp-json\/wp\/v2\/pages\/52435\/revisions"}],"predecessor-version":[{"id":52441,"href":"https:\/\/www.donbosco.press\/es\/wp-json\/wp\/v2\/pages\/52435\/revisions\/52441"}],"wp:featuredmedia":[{"embeddable":true,"href":"https:\/\/www.donbosco.press\/es\/wp-json\/wp\/v2\/media\/52428"}],"wp:attachment":[{"href":"https:\/\/www.donbosco.press\/es\/wp-json\/wp\/v2\/media?parent=52435"}],"curies":[{"name":"wp","href":"https:\/\/api.w.org\/{rel}","templated":true}]}}