{"id":52409,"date":"2026-03-30T07:38:59","date_gmt":"2026-03-30T07:38:59","guid":{"rendered":"https:\/\/www.donbosco.press\/?page_id=52409"},"modified":"2026-03-30T07:39:28","modified_gmt":"2026-03-30T07:39:28","slug":"examen-de-conciencia-sobre-las-disposiciones-para-los-ejercicios-espirituales","status":"publish","type":"page","link":"https:\/\/www.donbosco.press\/es\/examen-de-conciencia-sobre-las-disposiciones-para-los-ejercicios-espirituales\/","title":{"rendered":"Examen de conciencia sobre las disposiciones para los ejercicios espirituales"},"content":{"rendered":"<p><strong>\u00a0<\/strong><\/p>\n<p><strong>1. Prop\u00f3sito de los ejercicios y verdadera conversi\u00f3n<br \/>\n<\/strong>&#8211; \u00bfQuiero de verdad reformar mi vida o solo busco una bonita experiencia sin cambiar?<br \/>\n&#8211; \u00bfEstoy dispuesto a dejar el pecado y a aceptar lo que Dios me pide?<br \/>\n&#8211; \u00bfNo me resisto interiormente a la conversi\u00f3n?<br \/>\n&#8211; \u00bfEntro en los ejercicios con el deseo de conversi\u00f3n o he venido a descansar?<\/p>\n<p><strong>2. Recta intenci\u00f3n y b\u00fasqueda de la verdad<br \/>\n<\/strong>&#8211; \u00bfHago los ejercicios por Dios o por otros motivos: costumbre, deber, emociones?<br \/>\n&#8211; \u00bfBusco de verdad entender qu\u00e9 debo cambiar de ahora en adelante?<br \/>\n&#8211; \u00bfBusco mis errores y las virtudes que debo practicar?<\/p>\n<p><strong>3. Atenci\u00f3n y reflexi\u00f3n en las meditaciones<br \/>\n<\/strong>&#8211; \u00bfEscucho las meditaciones con inter\u00e9s?<br \/>\n&#8211; \u00bfIntento entender lo que se me dice?<br \/>\n&#8211; \u00bfNo me distraigo o escucho sin ganas?<br \/>\n&#8211; Despu\u00e9s de la meditaci\u00f3n, \u00bfreflexiono sobre lo que he escuchado y saco conclusiones pr\u00e1cticas para mi vida?<br \/>\n&#8211; \u00bfNo paso de una meditaci\u00f3n a otra sin detenerme en lo que me ha llamado la atenci\u00f3n?<\/p>\n<p><strong>4. Decisiones y prop\u00f3sitos concretos<br \/>\n<\/strong>&#8211; \u00bfMis prop\u00f3sitos son concretos y pr\u00e1cticos, no vagos o gen\u00e9ricos?<br \/>\n&#8211; \u00bfLos escribo y los llevo a la oraci\u00f3n, sin posponerlos?<\/p>\n<p><strong>5. Fidelidad a los prop\u00f3sitos y revisi\u00f3n<br \/>\n<\/strong>&#8211; \u00bfRecuerdo los prop\u00f3sitos de los ejercicios pasados? \u00bfLos he puesto en pr\u00e1ctica?<br \/>\n&#8211; \u00bfNo caigo siempre en los mismos errores?<br \/>\n&#8211; \u00bfVeo progresos concretos en mi vida?<\/p>\n<p><strong>6. Direcci\u00f3n espiritual y sinceridad<br \/>\n<\/strong>&#8211; \u00bfPido consejo a quien me gu\u00eda espiritualmente, hablando con sinceridad?<br \/>\n&#8211; \u00bfNo evito el di\u00e1logo por orgullo o hago todo por mi cuenta sin gu\u00eda?<\/p>\n<p><strong>7. Generosidad y desprendimiento<br \/>\n<\/strong>&#8211; \u00bfSoy generoso en mis decisiones y me entrego de verdad a Dios, sin guardarme algo para m\u00ed?<br \/>\n&#8211; \u00bfDejo a un lado ocupaciones y distracciones in\u00fatiles para custodiar el tiempo dedicado a Dios?<br \/>\n&#8211; \u00bfNo busco distracciones?<\/p>\n<p><strong>8. Silencio, recogimiento y mortificaci\u00f3n de los sentidos<br \/>\n<\/strong>&#8211; \u00bfGuardo el silencio exterior e interior, evitando palabras in\u00fatiles y distracciones voluntarias?<br \/>\n&#8211; \u00bfCuido lo que miro y escucho, sin ceder a la curiosidad in\u00fatil?<br \/>\n&#8211; \u00bfNo molesto a los dem\u00e1s y respeto el recogimiento de quien quiere rezar?<\/p>\n<p><strong>9. Esp\u00edritu de oraci\u00f3n y perseverancia<br \/>\n<\/strong>&#8211; \u00bfRezo con empe\u00f1o y ofrezco peque\u00f1os sacrificios para vivir bien los ejercicios?<br \/>\n&#8211; \u00bfLlevo los ejercicios hasta el final, sin cansarme a mitad de camino o disminuir el empe\u00f1o con el paso de los d\u00edas?<\/p>\n<p><strong>10. Memoria y fidelidad despu\u00e9s de los ejercicios<br \/>\n<\/strong>&#8211; \u00bfSigo meditando las verdades que me han impactado y retomo mis apuntes y prop\u00f3sitos?<br \/>\n&#8211; \u00bfNo olvido enseguida lo que he recibido y no dejo que se apague el fuego encendido?<\/p>\n<p><strong>11. Vigilancia sobre la relajaci\u00f3n espiritual<br \/>\n<\/strong>&#8211; Cuando noto un baj\u00f3n espiritual, \u00bfbusco la causa e intento corregir lo que no va bien?<br \/>\n&#8211; \u00bfNo me dejo llevar por la tibieza ni pospongo el regreso a una vida m\u00e1s fervorosa?<\/p>\n","protected":false},"excerpt":{"rendered":"<p>\u00a0 1. Prop\u00f3sito de los ejercicios y verdadera conversi\u00f3n &#8211; \u00bfQuiero de verdad reformar mi&#8230;<\/p>\n","protected":false},"author":1,"featured_media":52401,"parent":0,"menu_order":0,"comment_status":"closed","ping_status":"closed","template":"","meta":{"iawp_total_views":1,"footnotes":""},"class_list":["post-52409","page","type-page","status-publish","has-post-thumbnail","hentry"],"_links":{"self":[{"href":"https:\/\/www.donbosco.press\/es\/wp-json\/wp\/v2\/pages\/52409","targetHints":{"allow":["GET"]}}],"collection":[{"href":"https:\/\/www.donbosco.press\/es\/wp-json\/wp\/v2\/pages"}],"about":[{"href":"https:\/\/www.donbosco.press\/es\/wp-json\/wp\/v2\/types\/page"}],"author":[{"embeddable":true,"href":"https:\/\/www.donbosco.press\/es\/wp-json\/wp\/v2\/users\/1"}],"replies":[{"embeddable":true,"href":"https:\/\/www.donbosco.press\/es\/wp-json\/wp\/v2\/comments?post=52409"}],"version-history":[{"count":2,"href":"https:\/\/www.donbosco.press\/es\/wp-json\/wp\/v2\/pages\/52409\/revisions"}],"predecessor-version":[{"id":52462,"href":"https:\/\/www.donbosco.press\/es\/wp-json\/wp\/v2\/pages\/52409\/revisions\/52462"}],"wp:featuredmedia":[{"embeddable":true,"href":"https:\/\/www.donbosco.press\/es\/wp-json\/wp\/v2\/media\/52401"}],"wp:attachment":[{"href":"https:\/\/www.donbosco.press\/es\/wp-json\/wp\/v2\/media?parent=52409"}],"curies":[{"name":"wp","href":"https:\/\/api.w.org\/{rel}","templated":true}]}}