{"id":52381,"date":"2026-03-30T07:51:21","date_gmt":"2026-03-30T07:51:21","guid":{"rendered":"https:\/\/www.donbosco.press\/?page_id=52381"},"modified":"2026-03-30T07:52:02","modified_gmt":"2026-03-30T07:52:02","slug":"examen-de-conciencia-sobre-la-preparacion-para-la-muerte","status":"publish","type":"page","link":"https:\/\/www.donbosco.press\/es\/examen-de-conciencia-sobre-la-preparacion-para-la-muerte\/","title":{"rendered":"Examen de conciencia sobre la preparaci\u00f3n para la muerte"},"content":{"rendered":"<p>&nbsp;<\/p>\n<p><strong>1. Estado de mi alma ante Dios<br \/>\n<\/strong>&#8211; \u00bfEstoy en gracia de Dios o vivo en pecado sin querer cambiar?<br \/>\n&#8211; \u00bfMe confieso con sinceridad y regularidad, sin posponer la conversi\u00f3n pensando que tengo tiempo?<br \/>\n&#8211; Si tuviera que morir esta noche, \u00bfestar\u00eda tranquilo? Si no lo estoy, \u00bfestoy decidido a eliminar la causa, cueste lo que cueste?<\/p>\n<p><strong>2. Fe en la vida eterna y en el juicio<br \/>\n<\/strong>&#8211; \u00bfCreo de verdad que tendr\u00e9 que rendir cuentas de toda mi vida?<br \/>\n&#8211; \u00bfCreo de verdad que el Para\u00edso y el Infierno son eternos?<br \/>\n&#8211; \u00bfNo vivo solo para esta vida, olvidando que todo pasar\u00e1?<br \/>\n&#8211; \u00bfNo descuido la preparaci\u00f3n para la vida eterna pensando solo en la presente?<\/p>\n<p><strong>3. Memoria de la muerte y vigilancia<br \/>\n<\/strong>&#8211; \u00bfPienso al menos de vez en cuando que tendr\u00e9 que morir?<br \/>\n&#8211; \u00bfRecuerdo la ense\u00f1anza: \u201c<em>Memento<\/em> <em>mori<\/em> &#8211; Acu\u00e9rdate de tus postrimer\u00edas\u201d?<br \/>\n&#8211; \u00bfAl menos una vez al mes reflexiono seriamente sobre la muerte? \u00bfMe cambia esta reflexi\u00f3n?<br \/>\n&#8211; \u00bfNo vivo como si la muerte estuviera lejana, olvidando que podr\u00eda morir incluso hoy?<\/p>\n<p><strong>4. Preparaci\u00f3n concreta y decisiones<br \/>\n<\/strong>&#8211; Si para acontecimientos importantes de la vida me preparo seriamente, \u00bfme doy cuenta de que la muerte es el acontecimiento m\u00e1s importante de mi vida para el cual debo prepararme con la m\u00e1xima diligencia?<br \/>\n&#8211; \u00bfMe preparo concretamente para el encuentro con Dios?<br \/>\n&#8211; \u00bfNo pospongo siempre las decisiones importantes dej\u00e1ndolo todo para \u00abma\u00f1ana\u00bb?<br \/>\n&#8211; \u00bfQu\u00e9 har\u00e9 hoy mismo para estar m\u00e1s preparado?<\/p>\n<p><strong>5. Lucha contra el pecado a la luz de la muerte<br \/>\n<\/strong>&#8211; En las tentaciones, \u00bfpienso que podr\u00eda morir justo despu\u00e9s? \u00bfMe ayuda este pensamiento a resistir al mal?<br \/>\n&#8211; \u00bfCombato seriamente mis pecados habituales?<br \/>\n&#8211; \u00bfNo me dejo llevar pensando que \u201cno es nada\u201d?<br \/>\n&#8211; \u00bfNo subestimo el peligro del pecado, sabiendo que quien muere en pecado mortal va para toda la eternidad al Infierno?<\/p>\n<p><strong>6. Desprendimiento del mundo y uso del tiempo<br \/>\n<\/strong>&#8211; \u00bfEl pensamiento de la muerte me ayuda a desprenderme de las vanidades y de lo que me aleja de Dios?<br \/>\n&#8211; \u00bfNo me he apegado demasiado al mundo?<br \/>\n&#8211; \u00bfNo vivo como si fuera a quedarme aqu\u00ed para siempre?<br \/>\n&#8211; \u00bfLa brevedad de la vida me impulsa a vivir bien cada d\u00eda?<br \/>\n&#8211; \u00bfUso bien el tiempo que Dios me da? \u00bfNo malgasto el tiempo en cosas in\u00fatiles?<br \/>\n&#8211; \u00bfIntento hacer el bien cada d\u00eda?<br \/>\n&#8211; \u00bfNo pospongo lo que es importante?<br \/>\n&#8211; \u00bfNo vivo sin un prop\u00f3sito eterno?<\/p>\n<p><strong>7. Relaciones, perd\u00f3n y caridad<br \/>\n<\/strong>&#8211; \u00bfEstoy en paz con todos, he perdonado a quien me ha hecho da\u00f1o y he pedido perd\u00f3n cuando era necesario?<br \/>\n&#8211; \u00bfNo pospongo la reconciliaci\u00f3n y no me arriesgo a presentarme ante Dios con el coraz\u00f3n cerrado?<br \/>\n&#8211; \u00bfHago el bien cuando puedo, sin posponer la caridad que puedo vivir hoy?<\/p>\n<p><strong>8. Relaci\u00f3n con Dios y esperanza<br \/>\n<\/strong>&#8211; \u00bfVivo en amistad con Dios, rezando cada d\u00eda y confi\u00e1ndome a \u00c9l?<br \/>\n&#8211; \u00bfNo me acuerdo de Dios solo en la necesidad o vivo lejos de \u00c9l?<br \/>\n&#8211; \u00bfTengo paz en el coraz\u00f3n al pensar en la muerte?<br \/>\n&#8211; \u00bfConf\u00edo en su misericordia y vivo con esperanza cristiana, sin desesperar de la salvaci\u00f3n?<\/p>\n<p><strong>9. Vigilancia continua y preparaci\u00f3n para la eternidad<br \/>\n<\/strong>&#8211; \u00bfVivo cada d\u00eda como preparaci\u00f3n para el encuentro con Dios, manteniendo mi alma preparada?<br \/>\n&#8211; \u00bfEstoy preparado para morir en cualquier momento? \u00bfMantengo mi alma preparada?<br \/>\n&#8211; \u00bfRecuerdo a Dios durante el d\u00eda o vivo como si Dios no existiera? \u00bfVivo vigilante?<br \/>\n&#8211; \u00bfNo me enga\u00f1o pensando que siempre tengo tiempo y no vivo distra\u00eddo y sin preparaci\u00f3n?<br \/>\n&#8211; \u00bfHe puesto en orden tambi\u00e9n las cosas pr\u00e1cticas, como el testamento?<\/p>\n","protected":false},"excerpt":{"rendered":"<p>&nbsp; 1. Estado de mi alma ante Dios &#8211; \u00bfEstoy en gracia de Dios o&#8230;<\/p>\n","protected":false},"author":1,"featured_media":52373,"parent":0,"menu_order":0,"comment_status":"closed","ping_status":"closed","template":"","meta":{"iawp_total_views":0,"footnotes":""},"class_list":["post-52381","page","type-page","status-publish","has-post-thumbnail","hentry"],"_links":{"self":[{"href":"https:\/\/www.donbosco.press\/es\/wp-json\/wp\/v2\/pages\/52381","targetHints":{"allow":["GET"]}}],"collection":[{"href":"https:\/\/www.donbosco.press\/es\/wp-json\/wp\/v2\/pages"}],"about":[{"href":"https:\/\/www.donbosco.press\/es\/wp-json\/wp\/v2\/types\/page"}],"author":[{"embeddable":true,"href":"https:\/\/www.donbosco.press\/es\/wp-json\/wp\/v2\/users\/1"}],"replies":[{"embeddable":true,"href":"https:\/\/www.donbosco.press\/es\/wp-json\/wp\/v2\/comments?post=52381"}],"version-history":[{"count":3,"href":"https:\/\/www.donbosco.press\/es\/wp-json\/wp\/v2\/pages\/52381\/revisions"}],"predecessor-version":[{"id":52389,"href":"https:\/\/www.donbosco.press\/es\/wp-json\/wp\/v2\/pages\/52381\/revisions\/52389"}],"wp:featuredmedia":[{"embeddable":true,"href":"https:\/\/www.donbosco.press\/es\/wp-json\/wp\/v2\/media\/52373"}],"wp:attachment":[{"href":"https:\/\/www.donbosco.press\/es\/wp-json\/wp\/v2\/media?parent=52381"}],"curies":[{"name":"wp","href":"https:\/\/api.w.org\/{rel}","templated":true}]}}