{"id":52356,"date":"2026-03-30T07:36:43","date_gmt":"2026-03-30T07:36:43","guid":{"rendered":"https:\/\/www.donbosco.press\/?page_id=52356"},"modified":"2026-03-30T07:37:21","modified_gmt":"2026-03-30T07:37:21","slug":"examen-de-conciencia-sobre-la-mortificacion-interior","status":"publish","type":"page","link":"https:\/\/www.donbosco.press\/es\/examen-de-conciencia-sobre-la-mortificacion-interior\/","title":{"rendered":"Examen de conciencia sobre la mortificaci\u00f3n interior"},"content":{"rendered":"<p><strong>\u00a0<\/strong><\/p>\n<p><strong>1. Apertura a la gracia y defensa del alma<br \/>\n<\/strong>&#8211; \u00bfAbro mi alma a la gracia de Dios buscando su encuentro en la oraci\u00f3n, en la lectura y en los sacramentos?<br \/>\n&#8211; \u00bfTengo cuidado de cerrar mi alma ante lo que me hace da\u00f1o espiritualmente?<br \/>\n&#8211; \u00bfNo me dejo atraer voluntariamente por im\u00e1genes, palabras o cosas que ensucian el coraz\u00f3n?<\/p>\n<p><strong>2. Docilidad a Dios y mortificaci\u00f3n de la voluntad<br \/>\n<\/strong>&#8211; \u00bfEscucho la voz de la conciencia y acepto lo que Dios permite en mi vida?<br \/>\n&#8211; \u00bfObedezco a quien me gu\u00eda y me corrige, o quiero siempre hacer las cosas a mi manera?<br \/>\n&#8211; \u00bfNo me obstino incluso cuando entiendo que estoy equivocado?<br \/>\n&#8211; \u00bfEn las decisiones busco la voluntad de Dios?<br \/>\n&#8211; \u00bfEstoy convencido de que sin mortificaci\u00f3n no puedo crecer en la fe?<\/p>\n<p><strong>3. Mortificaci\u00f3n de las pasiones<br \/>\n<\/strong>&#8211; \u00bfFreno las pasiones desordenadas \u2014ira, impulso, deseo\u2014 sin ceder inmediatamente a lo que me gusta pero no es justo?<br \/>\n&#8211; \u00bfCultivo en cambio pasiones buenas, como el amor a Dios y al pr\u00f3ximo?<br \/>\n<strong>4. Pureza y custodia del cuerpo<br \/>\n<\/strong>&#8211; \u00bfRespeto con pureza mi cuerpo y el cuerpo de los dem\u00e1s?<br \/>\n&#8211; \u00bfEvito las ocasiones de pecado y todo lo que hiere la castidad?<br \/>\n&#8211; \u00bfNo miro, escucho o busco cosas que ensucian el coraz\u00f3n?<br \/>\n&#8211; \u00bfEvito todas las ocasiones de pecado?<\/p>\n<p><strong>5. Mortificaci\u00f3n de la mente y del juicio<br \/>\n<\/strong>&#8211; \u00bfBusco la verdad o solo lo que me conviene?<br \/>\n&#8211; \u00bfNo construyo razonamientos para justificarme o juzgo sin conocer?<\/p>\n<p>&#8211; \u00bfNo me pierdo en curiosidades in\u00fatiles y cosas que no sirven?<br \/>\n&#8211; \u00bfEn las conversaciones y en el estudio busco lo que es necesario?<\/p>\n<p><strong>6. Mortificaci\u00f3n de la imaginaci\u00f3n y de la memoria<br \/>\n<\/strong>&#8211; \u00bfControlo la fantas\u00eda, evitando alimentar im\u00e1genes vanas o peligrosas?<br \/>\n&#8211; \u00bfNo vuelvo con la mente a recuerdos malos, rencores o situaciones que me hacen caer?<br \/>\n&#8211; \u00bfNutro mi mente con cosas buenas, dejando ir las malas?<br \/>\n&#8211; \u00bfMe dejo distraer continuamente?<\/p>\n<p><strong>7. Mortificaci\u00f3n de la obstinaci\u00f3n y del amor propio<br \/>\n<\/strong>&#8211; \u00bfReconozco cuando los dem\u00e1s tienen raz\u00f3n y s\u00e9 ceder en las cosas de poca importancia?<br \/>\n&#8211; \u00bfNo quiero tener siempre la \u00faltima palabra o aferrarme a mis ideas por orgullo?<\/p>\n<p><strong>8. Mortificaci\u00f3n en las decisiones y en las elecciones<br \/>\n<\/strong>&#8211; \u00bfEn mis decisiones busco de verdad el bien, sin dejarme guiar por las pasiones o por el miedo al juicio de los dem\u00e1s?<br \/>\n&#8211; \u00bfNo busco siempre el camino m\u00e1s f\u00e1cil o act\u00fao sin reflexionar?<\/p>\n<p><strong>9. Mortificaci\u00f3n en las peque\u00f1as cosas cotidianas<br \/>\n<\/strong>&#8211; \u00bfS\u00e9 decirme peque\u00f1os \u00abno\u00bb a m\u00ed mismo cada d\u00eda?<br \/>\n&#8211; \u00bfNo busco siempre la comodidad? \u00bfCedo a los caprichos y evito todo sacrificio?<\/p>\n<p><strong>10. Mortificaci\u00f3n de la curiosidad y de la superficialidad<br \/>\n<\/strong>&#8211; \u00bfControlo mi curiosidad? \u00bfBusco siempre novedades in\u00fatiles?<br \/>\n&#8211; \u00bfMe disperso en muchas cosas sin profundizar?<br \/>\n&#8211; \u00bfNo paso de un inter\u00e9s a otro sin constancia?<\/p>\n<p><strong>11. Presencia de Dios en la vida interior<br \/>\n<\/strong>&#8211; \u00bfInvito a Dios a mis pensamientos y le ofrezco mi interioridad?<br \/>\n&#8211; \u00bfNo vivo con la mente dispersa?<br \/>\n&#8211; \u00bfS\u00e9 que, para llegar a la santidad, debo adquirir el dominio interior?<\/p>\n","protected":false},"excerpt":{"rendered":"<p>\u00a0 1. Apertura a la gracia y defensa del alma &#8211; \u00bfAbro mi alma a&#8230;<\/p>\n","protected":false},"author":1,"featured_media":52349,"parent":0,"menu_order":0,"comment_status":"closed","ping_status":"closed","template":"","meta":{"iawp_total_views":1,"footnotes":""},"class_list":["post-52356","page","type-page","status-publish","has-post-thumbnail","hentry"],"_links":{"self":[{"href":"https:\/\/www.donbosco.press\/es\/wp-json\/wp\/v2\/pages\/52356","targetHints":{"allow":["GET"]}}],"collection":[{"href":"https:\/\/www.donbosco.press\/es\/wp-json\/wp\/v2\/pages"}],"about":[{"href":"https:\/\/www.donbosco.press\/es\/wp-json\/wp\/v2\/types\/page"}],"author":[{"embeddable":true,"href":"https:\/\/www.donbosco.press\/es\/wp-json\/wp\/v2\/users\/1"}],"replies":[{"embeddable":true,"href":"https:\/\/www.donbosco.press\/es\/wp-json\/wp\/v2\/comments?post=52356"}],"version-history":[{"count":2,"href":"https:\/\/www.donbosco.press\/es\/wp-json\/wp\/v2\/pages\/52356\/revisions"}],"predecessor-version":[{"id":52459,"href":"https:\/\/www.donbosco.press\/es\/wp-json\/wp\/v2\/pages\/52356\/revisions\/52459"}],"wp:featuredmedia":[{"embeddable":true,"href":"https:\/\/www.donbosco.press\/es\/wp-json\/wp\/v2\/media\/52349"}],"wp:attachment":[{"href":"https:\/\/www.donbosco.press\/es\/wp-json\/wp\/v2\/media?parent=52356"}],"curies":[{"name":"wp","href":"https:\/\/api.w.org\/{rel}","templated":true}]}}