{"id":52330,"date":"2026-03-30T07:47:01","date_gmt":"2026-03-30T07:47:01","guid":{"rendered":"https:\/\/www.donbosco.press\/?page_id=52330"},"modified":"2026-03-30T07:47:43","modified_gmt":"2026-03-30T07:47:43","slug":"examen-de-conciencia-sobre-la-conformidad-con-la-voluntad-de-dios","status":"publish","type":"page","link":"https:\/\/www.donbosco.press\/es\/examen-de-conciencia-sobre-la-conformidad-con-la-voluntad-de-dios\/","title":{"rendered":"Examen de conciencia sobre la conformidad con la voluntad de Dios"},"content":{"rendered":"<p>&nbsp;<\/p>\n<p><strong>1. Fe en Dios y en su amor<br \/>\n<\/strong>&#8211; \u00bfTengo fe en que Dios quiere siempre mi verdadero bien y que nada sucede sin su permiso?<br \/>\n&#8211; \u00bfNo dudo de su amor en los momentos dif\u00edciles, no me desanimo y no pienso que me ha abandonado?<\/p>\n<p><strong>2. Confianza y abandono<br \/>\n<\/strong>&#8211; \u00bfConf\u00edo de verdad mi vida a Dios, incluso cuando todo va mal?<br \/>\n&#8211; \u00bfNo intento controlarlo todo, no vivo en una ansiedad excesiva y no estoy demasiado apegado a mi seguridad (salud, futuro, bienes)?<\/p>\n<p><strong>3. Acogida y conformidad con la voluntad de Dios<br \/>\n<\/strong>&#8211; \u00bfAcepto lo que Dios permite \u2014enfermedades, pruebas, humillaciones, decepciones\u2014 sin rebelarme ni protestar?<br \/>\n&#8211; \u00bfQuiero de verdad lo que Dios quiere, del modo y en el tiempo en que \u00c9l act\u00faa, sin adaptar su voluntad a mis deseos?<br \/>\n&#8211; \u00bfDigo \u201cs\u00ed\u201d a Dios tambi\u00e9n en los momentos dif\u00edciles?<br \/>\n&#8211; \u00bfRechazo tomar la cruz cuando se presenta porque no la entiendo?<\/p>\n<p><strong>4. B\u00fasqueda de la voluntad de Dios<br \/>\n<\/strong>&#8211; \u00bfBusco en la oraci\u00f3n la voluntad de Dios antes de decidir? \u00bfIgnoro las se\u00f1ales y las inspiraciones que recibo?<br \/>\n&#8211; \u00bfNo vivo sin preguntarme qu\u00e9 quiere Dios para mi vida?<\/p>\n<p><strong>5. Obediencia y docilidad<br \/>\n<\/strong>&#8211; \u00bfObedezco los mandamientos, a la Iglesia y a quienes tienen autoridad sobre m\u00ed?<br \/>\n&#8211; \u00bfNo interpreto la fe a mi manera o rechazo la obediencia por orgullo?<\/p>\n<p><strong>6. Desprendimiento de uno mismo y de las cosas<br \/>\n<\/strong>&#8211; \u00bfPongo a Dios de verdad en primer lugar, sin hacer de la familia, del trabajo o de otra cosa mi \u00abprimer amor\u00bb?<br \/>\n&#8211; \u00bfS\u00e9 desprenderme de lo que me ata demasiado?<br \/>\n&#8211; \u00bfNo vivo demasiado centrado en m\u00ed mismo?<\/p>\n<p><strong>7. Pureza de intenci\u00f3n<br \/>\n<\/strong>&#8211; \u00bfHago las cosas por Dios o por m\u00ed mismo, buscando agradarle a \u00c9l m\u00e1s que a los hombres?<br \/>\n&#8211; \u00bfNo act\u00fao por orgullo, inter\u00e9s o b\u00fasqueda de aprobaci\u00f3n?<br \/>\n&#8211; \u00bfMe dejo guiar por el respeto humano?<\/p>\n<p><strong>8. Vida cotidiana y conformidad concreta<br \/>\n<\/strong>&#8211; \u00bfAcepto con paciencia las peque\u00f1as contrariedades cotidianas, sin quejarme ni buscar siempre el camino m\u00e1s f\u00e1cil?<br \/>\n&#8211; \u00bfNo ignoro la voluntad de Dios en las peque\u00f1as cosas de cada d\u00eda?<br \/>\n&#8211; \u00bfVivo con paciencia las situaciones dif\u00edciles?<\/p>\n<p><strong>9. Gratitud y paz interior<br \/>\n<\/strong>&#8211; \u00bfDoy gracias a Dios por todo lo que me da? \u00bfDoy todo por sentado?<br \/>\n&#8211; \u00bfReconozco las gracias recibidas en mi vida? \u00bfOlvido los beneficios recibidos?<br \/>\n&#8211; \u00bfS\u00e9 dar gracias tambi\u00e9n en las dificultades? \u00bfNo me quejo en lugar de agradecer?<br \/>\n&#8211; \u00bfVivo en la paz del coraz\u00f3n, sin agitarme in\u00fatilmente ni perder la serenidad por cosas peque\u00f1as?<br \/>\n&#8211; \u00bfMantengo la calma en las dificultades?<br \/>\n&#8211; \u00bfNo vivo inquieto e insatisfecho?<\/p>\n<p><strong>10. Amor a la voluntad de Dios<br \/>\n<\/strong>&#8211; \u00bfAmo la voluntad de Dios o la sufro solo por obligaci\u00f3n?<br \/>\n&#8211; \u00bfIntento unir mi voluntad a la suya, deseando de verdad lo que \u00c9l desea?<\/p>\n","protected":false},"excerpt":{"rendered":"<p>&nbsp; 1. Fe en Dios y en su amor &#8211; \u00bfTengo fe en que Dios&#8230;<\/p>\n","protected":false},"author":1,"featured_media":52322,"parent":0,"menu_order":0,"comment_status":"closed","ping_status":"closed","template":"","meta":{"iawp_total_views":1,"footnotes":""},"class_list":["post-52330","page","type-page","status-publish","has-post-thumbnail","hentry"],"_links":{"self":[{"href":"https:\/\/www.donbosco.press\/es\/wp-json\/wp\/v2\/pages\/52330","targetHints":{"allow":["GET"]}}],"collection":[{"href":"https:\/\/www.donbosco.press\/es\/wp-json\/wp\/v2\/pages"}],"about":[{"href":"https:\/\/www.donbosco.press\/es\/wp-json\/wp\/v2\/types\/page"}],"author":[{"embeddable":true,"href":"https:\/\/www.donbosco.press\/es\/wp-json\/wp\/v2\/users\/1"}],"replies":[{"embeddable":true,"href":"https:\/\/www.donbosco.press\/es\/wp-json\/wp\/v2\/comments?post=52330"}],"version-history":[{"count":2,"href":"https:\/\/www.donbosco.press\/es\/wp-json\/wp\/v2\/pages\/52330\/revisions"}],"predecessor-version":[{"id":52338,"href":"https:\/\/www.donbosco.press\/es\/wp-json\/wp\/v2\/pages\/52330\/revisions\/52338"}],"wp:featuredmedia":[{"embeddable":true,"href":"https:\/\/www.donbosco.press\/es\/wp-json\/wp\/v2\/media\/52322"}],"wp:attachment":[{"href":"https:\/\/www.donbosco.press\/es\/wp-json\/wp\/v2\/media?parent=52330"}],"curies":[{"name":"wp","href":"https:\/\/api.w.org\/{rel}","templated":true}]}}