{"id":52303,"date":"2026-03-30T07:32:43","date_gmt":"2026-03-30T07:32:43","guid":{"rendered":"https:\/\/www.donbosco.press\/?page_id=52303"},"modified":"2026-03-30T07:33:16","modified_gmt":"2026-03-30T07:33:16","slug":"examen-de-conciencia-sobre-los-medios-de-la-santidad","status":"publish","type":"page","link":"https:\/\/www.donbosco.press\/es\/examen-de-conciencia-sobre-los-medios-de-la-santidad\/","title":{"rendered":"Examen de conciencia sobre los medios de la santidad"},"content":{"rendered":"<p>&nbsp;<\/p>\n<p><strong>1. Fin de la vida y deseo de santidad<br \/>\n<\/strong>&#8211; \u00bfTengo de verdad como fin de mi vida llegar a ser santo (solo los santos entran en el Para\u00edso)?<br \/>\n&#8211; \u00bfMi vida demuestra que soy un disc\u00edpulo de Cristo?<br \/>\n&#8211; \u00bfTengo prioridades claras (Dios, familia, trabajo) y las vivo con fidelidad?<br \/>\n&#8211; \u00bfNo vivo de manera superficial, sin una direcci\u00f3n verdadera?<br \/>\n&#8211; \u00bfVivo pensando en la vida eterna?<br \/>\n&#8211; \u00bfInterpreto lo que hago a la luz de la eternidad?<\/p>\n<p><strong>2. Oraci\u00f3n y relaci\u00f3n con Dios<br \/>\n<\/strong>&#8211; \u00bfDedico cada d\u00eda tiempo a estar con Dios en la oraci\u00f3n?<br \/>\n&#8211; \u00bfRezo con el coraz\u00f3n, alabando, agradeciendo y pidiendo perd\u00f3n?<br \/>\n&#8211; \u00bfRezo solo para pedir o, peor a\u00fan, para exigir?<br \/>\n&#8211; \u00bfS\u00e9 guardar silencio ante Dios para escucharlo?<br \/>\n&#8211; \u00bfIntercedo por mi familia, por la Iglesia, por el mundo?<br \/>\n&#8211; \u00bfPido a Dios que me haga conocerme a m\u00ed mismo?<\/p>\n<p><strong>3. Confesi\u00f3n<br \/>\n<\/strong>&#8211; \u00bfMe confieso regularmente y con sinceridad y arrepentimiento?<br \/>\n&#8211; \u00bfMe preparo bien con el examen de conciencia?<br \/>\n&#8211; \u00bfTengo un confesor estable que me ayuda a crecer?<br \/>\n&#8211; \u00bfEvito las ocasiones de pecado (ambientes, h\u00e1bitos, compa\u00f1\u00edas)?<br \/>\n&#8211; \u00bfVeo cambios concretos en mi vida de una confesi\u00f3n a otra?<\/p>\n<p><strong>4. Eucarist\u00eda<br \/>\n<\/strong>&#8211; \u00bfParticipo en la Misa con fe y atenci\u00f3n?<br \/>\n&#8211; \u00bfMe preparo bien para la Comuni\u00f3n y doy gracias al Se\u00f1or despu\u00e9s de recibirlo?<br \/>\n&#8211; \u00bfNo recibo la Comuni\u00f3n de forma rutinaria, sin frutos en mi vida?<\/p>\n<p><strong>5. Palabra de Dios y formaci\u00f3n<br \/>\n<\/strong>&#8211; \u00bfLeo y medito la Palabra de Dios?<br \/>\n&#8211; \u00bfProfundizo mi fe con la Biblia, el Catecismo y buenas lecturas?<br \/>\n&#8211; \u00bfPongo en pr\u00e1ctica lo que escucho, o me quedo estancado sin crecer?<\/p>\n<p><strong>6. Lucha espiritual y conversi\u00f3n<br \/>\n<\/strong>&#8211; \u00bfCombato mis defectos con empe\u00f1o y trato de evitar el pecado y sus ocasiones?<br \/>\n&#8211; \u00bfMe levanto despu\u00e9s de las ca\u00eddas sin acostumbrarme al pecado?<br \/>\n&#8211; \u00bfNo pospongo la conversi\u00f3n?<br \/>\n&#8211; \u00bfNo me justifico en lugar de cambiar?<\/p>\n<p><strong>7. Cruz y sacrificio<br \/>\n<\/strong>&#8211; \u00bfAcepto las dificultades y los sufrimientos como parte de mi vida cristiana y tambi\u00e9n como ocasi\u00f3n de crecimiento?<br \/>\n&#8211; \u00bfUno mis fatigas a las de Cristo, ofreci\u00e9ndole los sufrimientos, las enfermedades, etc.?<br \/>\n&#8211; \u00bfNo rechazo la cruz buscando siempre el camino m\u00e1s f\u00e1cil?<br \/>\n&#8211; \u00bfPido a Dios la gracia de amar la cruz?<\/p>\n<p><strong>8. Relaciones vividas en Cristo<br \/>\n<\/strong>&#8211; \u00bfMis relaciones son sinceras, puras y respetuosas?<br \/>\n&#8211; \u00bfVivo mis relaciones a la luz del Se\u00f1or?<br \/>\n&#8211; \u00bfS\u00e9 perdonar cuando me ofenden y busco la reconciliaci\u00f3n con quien tengo asuntos pendientes?<br \/>\n&#8211; \u00bfEstoy disponible para servir a los dem\u00e1s por amor a Dios, no solo para sentirme bien?<\/p>\n<p><strong>9. Vida familiar y deberes del propio estado<br \/>\n<\/strong>&#8211; \u00bfContribuyo a crear en la familia un clima de amor y de fe?<br \/>\n&#8211; \u00bfCumplo mis deberes de padre, madre, hijo o consagrado con fidelidad?<br \/>\n&#8211; \u00bfTrabajo con honestidad y no descuido las responsabilidades cotidianas?<\/p>\n<p><strong>10. Apostolado y testimonio<br \/>\n<\/strong>&#8211; \u00bfLlevo a los dem\u00e1s al Se\u00f1or con mi vida y con mis palabras, cuando es oportuno?<br \/>\n&#8211; \u00bfNo oculto mi fe por miedo al juicio de los dem\u00e1s?<\/p>\n<p><strong>11. Caridad concreta y obras de misericordia<br \/>\n<\/strong>&#8211; \u00bfEstoy cerca de los pobres, los enfermos y los extranjeros, viendo en ellos a hermanos en Cristo?<br \/>\n&#8211; \u00bfS\u00e9 consolar, corregir con caridad y dar buen consejo?<br \/>\n&#8211; \u00bfNo me echo atr\u00e1s cuando hay que donar o participar en las obras de la Iglesia?<br \/>\n&#8211; \u00bfNo hago preferencias seg\u00fan el aspecto o la simpat\u00eda?<\/p>\n<p><strong>12. Uso del tiempo y presencia de Dios<br \/>\n<\/strong>&#8211; \u00bfUso bien el tiempo, dando espacio a las cosas importantes: oraci\u00f3n, familia, trabajo?<br \/>\n&#8211; \u00bfRecuerdo a Dios durante el d\u00eda y le ofrezco mis acciones, incluso las m\u00e1s peque\u00f1as?<br \/>\n&#8211; \u00bfNo separo la fe de la vida concreta, creyendo que la santidad pasa tambi\u00e9n por las peque\u00f1as cosas bien vividas?<br \/>\n&#8211; \u00bfIntento hacerlo todo por amor a Dios?<\/p>\n","protected":false},"excerpt":{"rendered":"<p>&nbsp; 1. Fin de la vida y deseo de santidad &#8211; \u00bfTengo de verdad como&#8230;<\/p>\n","protected":false},"author":1,"featured_media":52295,"parent":0,"menu_order":0,"comment_status":"closed","ping_status":"closed","template":"","meta":{"iawp_total_views":1,"footnotes":""},"class_list":["post-52303","page","type-page","status-publish","has-post-thumbnail","hentry"],"_links":{"self":[{"href":"https:\/\/www.donbosco.press\/es\/wp-json\/wp\/v2\/pages\/52303","targetHints":{"allow":["GET"]}}],"collection":[{"href":"https:\/\/www.donbosco.press\/es\/wp-json\/wp\/v2\/pages"}],"about":[{"href":"https:\/\/www.donbosco.press\/es\/wp-json\/wp\/v2\/types\/page"}],"author":[{"embeddable":true,"href":"https:\/\/www.donbosco.press\/es\/wp-json\/wp\/v2\/users\/1"}],"replies":[{"embeddable":true,"href":"https:\/\/www.donbosco.press\/es\/wp-json\/wp\/v2\/comments?post=52303"}],"version-history":[{"count":2,"href":"https:\/\/www.donbosco.press\/es\/wp-json\/wp\/v2\/pages\/52303\/revisions"}],"predecessor-version":[{"id":52309,"href":"https:\/\/www.donbosco.press\/es\/wp-json\/wp\/v2\/pages\/52303\/revisions\/52309"}],"wp:featuredmedia":[{"embeddable":true,"href":"https:\/\/www.donbosco.press\/es\/wp-json\/wp\/v2\/media\/52295"}],"wp:attachment":[{"href":"https:\/\/www.donbosco.press\/es\/wp-json\/wp\/v2\/media?parent=52303"}],"curies":[{"name":"wp","href":"https:\/\/api.w.org\/{rel}","templated":true}]}}