{"id":52276,"date":"2026-03-30T07:22:32","date_gmt":"2026-03-30T07:22:32","guid":{"rendered":"https:\/\/www.donbosco.press\/?page_id=52276"},"modified":"2026-03-30T07:23:31","modified_gmt":"2026-03-30T07:23:31","slug":"examen-de-conciencia-sobre-los-defectos-de-caracter","status":"publish","type":"page","link":"https:\/\/www.donbosco.press\/es\/examen-de-conciencia-sobre-los-defectos-de-caracter\/","title":{"rendered":"Examen de conciencia sobre los defectos de car\u00e1cter"},"content":{"rendered":"<p>&nbsp;<\/p>\n<p><strong>1. Odio, intolerancia y racismo<br \/>\n<\/strong>&#8211; \u00bfHe tratado a alguien como si valiera menos por ser de otra raza, cultura o religi\u00f3n?<br \/>\n&#8211; \u00bfSoy consciente de que nadie ha elegido el color de su piel o el pa\u00eds donde ha nacido?<br \/>\n&#8211; \u00bfHe rechazado o despreciado a alguien solo porque es diferente a m\u00ed?<br \/>\n&#8211; \u00bfMe cierro a quien no piensa como yo?<\/p>\n<p><strong>2. Ira, rencor y falta de perd\u00f3n<br \/>\n<\/strong>&#8211; \u00bfHe odiado o deseado el mal a alguien que me ha hecho da\u00f1o?<br \/>\n&#8211; \u00bfGuardo rencor desde hace mucho tiempo?<br \/>\n&#8211; \u00bfMe alegro interiormente cuando a alguien que me ha herido le va mal?<br \/>\n&#8211; \u00bfMe vengo con palabras, silencios o actitudes?<br \/>\n&#8211; \u00bfNo guardo resentimiento contra alguna persona, grupo, instituci\u00f3n o idea?<br \/>\n&#8211; \u00bfMe dejo llevar f\u00e1cilmente por la ira?<br \/>\n&#8211; \u00bfMe doy cuenta de que estoy obligado a perdonar, porque Dios me ha perdonado primero <em>(\u00absi no perdon\u00e1is a los dem\u00e1s, tampoco vuestro Padre perdonar\u00e1 vuestras culpas\u00bb, Mt 6,15)?<\/em><\/p>\n<p><strong>3. Orgullo y soberbia<br \/>\n<\/strong>&#8211; \u00bfQuiero tener siempre la raz\u00f3n y nunca admito que me he equivocado?<br \/>\n&#8211; \u00bfNo me siento superior a los dem\u00e1s?<br \/>\n&#8211; \u00bfHablo mal de los dem\u00e1s para menospreciarlos o destruirlos?<br \/>\n&#8211; \u00bfNo justifico mis errores con tal de no decir \u00abme he equivocado\u00bb?<br \/>\n&#8211; \u00bfNo intento aparentar ser mejor de lo que soy?<br \/>\n&#8211; Cuando me corrigen, \u00bfno me molesto o me siento herido?<\/p>\n<p><strong>4. Ego\u00edsmo y falta de caridad<br \/>\n<\/strong>&#8211; \u00bfPienso siempre y solo en mi inter\u00e9s, incluso a costa de los dem\u00e1s?<br \/>\n&#8211; \u00bfMe doy cuenta de las necesidades de quienes me rodean?<br \/>\n&#8211; \u00bfEcho la culpa a los dem\u00e1s de mis errores en lugar de asumir mis responsabilidades?<\/p>\n<p><strong>5. Envidia y maledicencia<br \/>\n<\/strong>&#8211; \u00bfSiento fastidio o celos cuando a los dem\u00e1s les va bien?<br \/>\n&#8211; \u00bfHablo mal de alguien o lo ridiculizo por envidia?<br \/>\n&#8211; \u00bfNo comparo continuamente mi vida con la de los dem\u00e1s?<br \/>\n&#8211; \u00bfMe doy cuenta de que la envidia es tambi\u00e9n un efecto de la falta de gratitud por lo que tengo?<br \/>\n&#8211; \u00bfNo hablo mal de los dem\u00e1s a sus espaldas?<br \/>\n&#8211; \u00bfNo exagero los defectos ajenos?<br \/>\n&#8211; \u00bfJuzgo sin conocer de verdad?<br \/>\n&#8211; \u00bfNo busco siempre el lado negativo de las personas?<br \/>\n&#8211; \u00bfUso las palabras para herir o desacreditar?<\/p>\n<p><strong>6. Hipocres\u00eda y doblez<br \/>\n<\/strong>&#8211; \u00bfMuestro una cara fuera y otra en casa?<br \/>\n&#8211; \u00bfLo que muestro a los dem\u00e1s corresponde realmente a lo que soy?<br \/>\n&#8211; \u00bfNo hago gestos buenos solo para aparentar, ocultando mis verdaderos defectos?<\/p>\n<p><strong>7. Autojustificaci\u00f3n y falta de sinceridad<br \/>\n<\/strong>&#8211; \u00bfMe justifico siempre en lugar de cambiar de verdad?<br \/>\n&#8211; \u00bfDigo \u00abma\u00f1ana cambio\u00bb, pero luego no hago nada?<br \/>\n&#8211; \u00bfLlego siempre a las conclusiones que m\u00e1s me convienen?<\/p>\n<p><strong>8. Impaciencia y susceptibilidad<br \/>\n<\/strong>&#8211; \u00bfMe irrito f\u00e1cilmente en las situaciones cotidianas?<br \/>\n&#8211; \u00bfMe ofendo con facilidad o pienso mal de los dem\u00e1s a la primera?<br \/>\n&#8211; \u00bfNo olvido mis propias faltas cuando juzgo las de los dem\u00e1s?<\/p>\n<p><strong>9. Ansiedad, miedo y falta de confianza en Dios<br \/>\n<\/strong>&#8211; \u00bfVivo a menudo con ansiedad y preocupaci\u00f3n sin confiarme a Dios?<br \/>\n&#8211; \u00bfNo tengo miedos exagerados por el futuro?<br \/>\n&#8211; Cuando estoy inquieto, \u00bfbusco a Dios o me encierro en m\u00ed mismo?<\/p>\n<p><strong>10. Queja y autocompasi\u00f3n<br \/>\n<\/strong>&#8211; \u00bfMe quejo continuamente y veo m\u00e1s lo que me falta que lo que tengo?<br \/>\n&#8211; \u00bfNo me siento a menudo v\u00edctima de las situaciones o estoy convencido de que nadie me quiere?<\/p>\n<p><strong>11. Apego a los bienes y pereza<br \/>\n<\/strong>&#8211; \u00bfEstoy demasiado apegado a las comodidades y vivo con poco esp\u00edritu de sacrificio?<br \/>\n&#8211; \u00bfDejo para despu\u00e9s lo que tengo que hacer y busco siempre el camino m\u00e1s f\u00e1cil?<br \/>\n&#8211; \u00bfEvito los compromisos que cuestan esfuerzo?<br \/>\n<strong>12. Descuido en la vida espiritual<br \/>\n<\/strong>&#8211; \u00bfDescuido la oraci\u00f3n y los sacramentos?<br \/>\n&#8211; \u00bfVivo la fe solo superficialmente, sin dejar que cambie de verdad mi car\u00e1cter?<br \/>\n&#8211; \u00bfMe acuerdo de Dios durante el d\u00eda?<br \/>\n&#8211; \u00bfCreo de verdad que incluso las cosas m\u00e1s peque\u00f1as hechas por amor a Dios tienen valor?<\/p>\n","protected":false},"excerpt":{"rendered":"<p>&nbsp; 1. Odio, intolerancia y racismo &#8211; \u00bfHe tratado a alguien como si valiera menos&#8230;<\/p>\n","protected":false},"author":1,"featured_media":52270,"parent":0,"menu_order":0,"comment_status":"closed","ping_status":"closed","template":"","meta":{"iawp_total_views":0,"footnotes":""},"class_list":["post-52276","page","type-page","status-publish","has-post-thumbnail","hentry"],"_links":{"self":[{"href":"https:\/\/www.donbosco.press\/es\/wp-json\/wp\/v2\/pages\/52276","targetHints":{"allow":["GET"]}}],"collection":[{"href":"https:\/\/www.donbosco.press\/es\/wp-json\/wp\/v2\/pages"}],"about":[{"href":"https:\/\/www.donbosco.press\/es\/wp-json\/wp\/v2\/types\/page"}],"author":[{"embeddable":true,"href":"https:\/\/www.donbosco.press\/es\/wp-json\/wp\/v2\/users\/1"}],"replies":[{"embeddable":true,"href":"https:\/\/www.donbosco.press\/es\/wp-json\/wp\/v2\/comments?post=52276"}],"version-history":[{"count":2,"href":"https:\/\/www.donbosco.press\/es\/wp-json\/wp\/v2\/pages\/52276\/revisions"}],"predecessor-version":[{"id":52285,"href":"https:\/\/www.donbosco.press\/es\/wp-json\/wp\/v2\/pages\/52276\/revisions\/52285"}],"wp:featuredmedia":[{"embeddable":true,"href":"https:\/\/www.donbosco.press\/es\/wp-json\/wp\/v2\/media\/52270"}],"wp:attachment":[{"href":"https:\/\/www.donbosco.press\/es\/wp-json\/wp\/v2\/media?parent=52276"}],"curies":[{"name":"wp","href":"https:\/\/api.w.org\/{rel}","templated":true}]}}