{"id":49999,"date":"2026-03-24T15:13:19","date_gmt":"2026-03-24T15:13:19","guid":{"rendered":"https:\/\/www.donbosco.press\/?page_id=49999"},"modified":"2026-04-09T20:04:54","modified_gmt":"2026-04-09T20:04:54","slug":"quieres-recibir-el-perdon-de-dios","status":"publish","type":"page","link":"https:\/\/www.donbosco.press\/es\/quieres-recibir-el-perdon-de-dios\/","title":{"rendered":"\u00bfQuieres recibir el perd\u00f3n de Dios?"},"content":{"rendered":"<p>&nbsp;<\/p>\n<p>Don Bosco tuvo siempre una grand\u00edsima estima por el sacramento del Perd\u00f3n. Incluso cuando estaba abrumado por numeros\u00edsimos compromisos, nunca renunciaba a estar disponible para ofrecer el perd\u00f3n de Dios a quien lo ped\u00eda. Por los testimonios de sus contempor\u00e1neos sabemos que pasaba de media dos o incluso tres horas al d\u00eda en el confesionario. La raz\u00f3n de este empe\u00f1o resid\u00eda en la profunda conciencia de los efectos realmente extraordinarios de este sacramento, que \u00e9l hab\u00eda constatado a trav\u00e9s de muchas experiencias personales y ajenas.<br \/>\nInsist\u00eda tanto en este sacramento que invitaba a los predicadores a que, si ten\u00edan que decir dos palabras en un serm\u00f3n, una fuera sobre la confesi\u00f3n.<\/p>\n<p>Esta p\u00e1gina est\u00e1 dedicada a quienes desean profundizar en este sacramento para una confesi\u00f3n o bien prepararse para una confesi\u00f3n general (es decir, la confesi\u00f3n de los pecados cometidos durante toda la vida, hasta donde se tenga memoria, aunque ya se hayan confesado anteriormente).<\/p>\n<p>Proponemos algunas explicaciones sobre el \u00abporqu\u00e9\u00bb del sacramento de la Confesi\u00f3n, sobre la conciencia, sobre las disposiciones necesarias y sobre su pr\u00e1ctica, adem\u00e1s de diversas modalidades de examen de conciencia.<br \/>\nEl examen de conciencia es un acto de reflexi\u00f3n sincera a la luz de Dios, mediante el cual el fiel repasa pensamientos, palabras, obras y omisiones a partir de la \u00faltima confesi\u00f3n, para reconocer los pecados cometidos y disponer el coraz\u00f3n al arrepentimiento y a la conversi\u00f3n. Se trata, en otras palabras, de aplicar el conocimiento universal del bien a una situaci\u00f3n real.<\/p>\n<p>Como ayuda para este ejercicio, la tradici\u00f3n cristiana ha elaborado diversas modalidades de examen de conciencia. Es posible realizarlo desde diferentes perspectivas, que proponemos a continuaci\u00f3n: lo que ayuda a una persona podr\u00eda no ser igual de \u00fatil para otra.<\/p>\n<p>Los esquemas propuestos son bastante amplios, porque intentan abarcar el mayor n\u00famero posible de pecados comunes. Por este motivo, y tambi\u00e9n porque los mismos pecados se consideran desde puntos de vista diferentes, no se aconseja leerlos todos de cara a una sola confesi\u00f3n.<\/p>\n<p>Puede ser \u00fatil, en cambio, para una confesi\u00f3n posterior, utilizar un examen diferente: esto puede ayudar a reconocer aspectos o h\u00e1bitos que no afloran inmediatamente a la conciencia.<\/p>\n<p>&nbsp;<\/p>\n<p><a name=\"incipit-es\"><\/a>A continuaci\u00f3n se indican los enlaces a los distintos recursos.<\/p>\n<p><a href=\"https:\/\/www.donbosco.press\/es\/quieres-recibir-el-perdon-de-dios\/\" target=\"_blank\" rel=\"noopener\">\u00bfQuieres recibir el perd\u00f3n de Dios?<\/a><br \/>\n<a href=\"https:\/\/www.donbosco.press\/es\/las-raices-del-mal-y-los-remedios-de-la-vida-cristiana\/\" target=\"_blank\" rel=\"noopener\">Las ra\u00edces del mal y los remedios de la vida cristiana<\/a><br \/>\n<a href=\"https:\/\/www.donbosco.press\/es\/disposiciones-para-una-buena-confesion\/\" target=\"_blank\" rel=\"noopener\">Disposiciones para una buena confesi\u00f3n<\/a><br \/>\n<a href=\"https:\/\/www.donbosco.press\/es\/examen-de-conciencia-segun-los-10-mandamientos\/\" target=\"_blank\" rel=\"noopener\">Examen de conciencia seg\u00fan los 10 mandamientos<\/a><br \/>\n<a href=\"https:\/\/www.donbosco.press\/es\/examen-de-conciencia-segun-los-siete-pecados-capitales\/\" target=\"_blank\" rel=\"noopener\">Examen de conciencia seg\u00fan los siete pecados capitales<\/a><br \/>\n<a href=\"https:\/\/www.donbosco.press\/es\/examen-de-conciencia-segun-las-virtudes-teologales-y-cardinales\/\" target=\"_blank\" rel=\"noopener\">Examen de conciencia seg\u00fan las virtudes teologales y cardinales<\/a><br \/>\n<a href=\"https:\/\/www.donbosco.press\/es\/examen-de-conciencia-segun-los-deberes-con-dios-con-el-projimo-y-conmigo-mismo\/\" target=\"_blank\" rel=\"noopener\">Examen de conciencia seg\u00fan los deberes con Dios, con el pr\u00f3jimo y conmigo mismo<\/a><br \/>\n<a href=\"https:\/\/www.donbosco.press\/es\/examen-de-conciencia-evangelico\/\" target=\"_blank\" rel=\"noopener\">Examen de conciencia evang\u00e9lico<\/a><\/p>\n<p><em>Ex\u00e1menes de conciencia por criterios de perfecci\u00f3n cristiana:<\/em><br \/>\n&#8211; <a href=\"https:\/\/www.donbosco.press\/es\/examen-de-conciencia-sobre-los-defectos-de-caracter\/\" target=\"_blank\" rel=\"noopener\">Examen de conciencia sobre los defectos de car\u00e1cter<\/a><br \/>\n&#8211; <a href=\"https:\/\/www.donbosco.press\/es\/examen-de-conciencia-sobre-las-pequenas-virtudes-de-la-vida-cristiana\/\" target=\"_blank\" rel=\"noopener\">Examen de conciencia sobre las peque\u00f1as virtudes de la vida cristiana<\/a><br \/>\n&#8211; <a href=\"https:\/\/www.donbosco.press\/es\/examen-de-conciencia-sobre-los-medios-de-la-santidad\/\" target=\"_blank\" rel=\"noopener\">Examen de conciencia sobre los medios de la santidad<\/a><br \/>\n&#8211; <a href=\"https:\/\/www.donbosco.press\/es\/examen-de-conciencia-sobre-la-mortificacion-interior\/\" target=\"_blank\" rel=\"noopener\">Examen de conciencia sobre la mortificaci\u00f3n interior<\/a><br \/>\n&#8211; <a href=\"https:\/\/www.donbosco.press\/es\/examen-de-conciencia-sobre-la-preparacion-para-la-muerte\/\" target=\"_blank\" rel=\"noopener\">Examen de conciencia sobre la preparaci\u00f3n para la muerte<\/a><br \/>\n&#8211; <a href=\"https:\/\/www.donbosco.press\/es\/examen-de-conciencia-sobre-la-conformidad-con-la-voluntad-de-dios\/\" target=\"_blank\" rel=\"noopener\">Examen de conciencia sobre la conformidad con la voluntad de Dios<\/a><br \/>\n&#8211; <a href=\"https:\/\/www.donbosco.press\/es\/examen-de-conciencia-sobre-las-disposiciones-para-los-ejercicios-espirituales\/\" target=\"_blank\" rel=\"noopener\">Examen de conciencia sobre las disposiciones para los ejercicios espirituales<\/a><\/p>\n","protected":false},"excerpt":{"rendered":"<p>&nbsp; Don Bosco tuvo siempre una grand\u00edsima estima por el sacramento del Perd\u00f3n. Incluso cuando&#8230;<\/p>\n","protected":false},"author":1,"featured_media":50016,"parent":0,"menu_order":0,"comment_status":"closed","ping_status":"closed","template":"","meta":{"iawp_total_views":26,"footnotes":""},"class_list":["post-49999","page","type-page","status-publish","has-post-thumbnail","hentry"],"_links":{"self":[{"href":"https:\/\/www.donbosco.press\/es\/wp-json\/wp\/v2\/pages\/49999","targetHints":{"allow":["GET"]}}],"collection":[{"href":"https:\/\/www.donbosco.press\/es\/wp-json\/wp\/v2\/pages"}],"about":[{"href":"https:\/\/www.donbosco.press\/es\/wp-json\/wp\/v2\/types\/page"}],"author":[{"embeddable":true,"href":"https:\/\/www.donbosco.press\/es\/wp-json\/wp\/v2\/users\/1"}],"replies":[{"embeddable":true,"href":"https:\/\/www.donbosco.press\/es\/wp-json\/wp\/v2\/comments?post=49999"}],"version-history":[{"count":5,"href":"https:\/\/www.donbosco.press\/es\/wp-json\/wp\/v2\/pages\/49999\/revisions"}],"predecessor-version":[{"id":52859,"href":"https:\/\/www.donbosco.press\/es\/wp-json\/wp\/v2\/pages\/49999\/revisions\/52859"}],"wp:featuredmedia":[{"embeddable":true,"href":"https:\/\/www.donbosco.press\/es\/wp-json\/wp\/v2\/media\/50016"}],"wp:attachment":[{"href":"https:\/\/www.donbosco.press\/es\/wp-json\/wp\/v2\/media?parent=49999"}],"curies":[{"name":"wp","href":"https:\/\/api.w.org\/{rel}","templated":true}]}}