{"id":4651,"date":"2022-10-10T19:23:11","date_gmt":"2022-10-10T19:23:11","guid":{"rendered":"https:\/\/exciting-knuth.178-32-140-152.plesk.page\/apoyanos\/"},"modified":"2026-03-26T09:04:12","modified_gmt":"2026-03-26T09:04:12","slug":"apoyanos","status":"publish","type":"page","link":"https:\/\/www.donbosco.press\/es\/apoyanos\/","title":{"rendered":"Ap\u00f3yanos"},"content":{"rendered":"\r\n<p><strong>Ay\u00fadanos a continuar la obra iniciada por Don Bosco.<\/strong><\/p>\r\n\r\n\r\n\r\n<div class=\"wp-block-media-text is-stacked-on-mobile is-vertically-aligned-center has-background\" style=\"background-color: #fbfbfb; grid-template-columns: 15% auto;\">\r\n<figure class=\"wp-block-media-text__media\"><img loading=\"lazy\" decoding=\"async\" width=\"256\" height=\"256\" class=\"wp-image-2608 size-full\" src=\"https:\/\/www.donbosco.press\/wp-content\/uploads\/2022\/10\/collabora_01-prega-g.png\" alt=\"\" srcset=\"https:\/\/www.donbosco.press\/wp-content\/uploads\/2022\/10\/collabora_01-prega-g.png 256w, https:\/\/www.donbosco.press\/wp-content\/uploads\/2022\/10\/collabora_01-prega-g-150x150.png 150w\" sizes=\"auto, (max-width: 256px) 100vw, 256px\" \/><\/figure>\r\n<div class=\"wp-block-media-text__content\">\r\n<div class=\"wp-block-group\" style=\"padding: 2em;\"><div class=\"wp-block-group__inner-container is-layout-flow wp-block-group-is-layout-flow\">\r\n<p style=\"font-size: 26px; line-height: 1.2;\"><strong>Reza<\/strong><\/p>\r\n\r\n\r\n\r\n<p style=\"font-size: 16px;\">En primer lugar, puedes colaborar con la oraci\u00f3n.<br \/>S\u00ed, con la oraci\u00f3n. Reza para que el Se\u00f1or infunda en los corazones la sensibilidad y la voluntad de ofrecer una sana educaci\u00f3n a los ni\u00f1os y a los j\u00f3venes. Son ellos el futuro de la humanidad.<\/p>\r\n<\/div><\/div>\r\n<\/div>\r\n<\/div>\r\n\r\n\r\n\r\n<div class=\"wp-block-media-text has-media-on-the-right is-stacked-on-mobile is-vertically-aligned-center has-background\" style=\"background-color: #f5f5f5; grid-template-columns: auto 15%;\">\r\n<div class=\"wp-block-media-text__content\">\r\n<div class=\"wp-block-group\" style=\"padding: 2em;\"><div class=\"wp-block-group__inner-container is-layout-flow wp-block-group-is-layout-flow\">\r\n<p style=\"font-size: 26px; line-height: 1.2;\"><strong><strong><em>Env\u00edanos material<\/em><\/strong><\/strong><\/p>\r\n\r\n\r\n\r\n<p style=\"font-size: 16px;\">Env\u00edanos material \u00fatil para nuestros fines (texto, im\u00e1genes, fotos, audios, v\u00eddeos) sin derechos de autor o con autorizaci\u00f3n expl\u00edcita y por escrito.<\/p>\r\n<\/div><\/div>\r\n\r\n\r\n\r\n<div class=\"wp-block-buttons is-layout-flex wp-block-buttons-is-layout-flex\">\r\n<div class=\"wp-block-button is-style-shadow\"><a class=\"wp-block-button__link wp-element-button\" href=\"mailto:bsol@sdb.org\">Env\u00ede un correo electr\u00f3nico:<\/a><\/div>\r\n<\/div>\r\n\r\n\r\n\r\n<p>&nbsp;<\/p>\r\n<\/div>\r\n<figure class=\"wp-block-media-text__media\"><img loading=\"lazy\" decoding=\"async\" width=\"256\" height=\"256\" class=\"wp-image-2652 size-full\" src=\"https:\/\/www.donbosco.press\/wp-content\/uploads\/2022\/10\/collabora_03-inviaci_del_materiale-g.png\" alt=\"\" srcset=\"https:\/\/www.donbosco.press\/wp-content\/uploads\/2022\/10\/collabora_03-inviaci_del_materiale-g.png 256w, https:\/\/www.donbosco.press\/wp-content\/uploads\/2022\/10\/collabora_03-inviaci_del_materiale-g-150x150.png 150w\" sizes=\"auto, (max-width: 256px) 100vw, 256px\" \/><\/figure>\r\n<\/div>\r\n\r\n\r\n\r\n<div class=\"wp-block-media-text is-stacked-on-mobile is-vertically-aligned-center has-background\" style=\"background-color: #fbfbfb; grid-template-columns: 15% auto;\">\r\n<figure class=\"wp-block-media-text__media\"><img loading=\"lazy\" decoding=\"async\" width=\"256\" height=\"256\" class=\"wp-image-2645 size-full\" src=\"https:\/\/www.donbosco.press\/wp-content\/uploads\/2022\/10\/collabora_02-facci_conoscere-g.png\" alt=\"\" srcset=\"https:\/\/www.donbosco.press\/wp-content\/uploads\/2022\/10\/collabora_02-facci_conoscere-g.png 256w, https:\/\/www.donbosco.press\/wp-content\/uploads\/2022\/10\/collabora_02-facci_conoscere-g-150x150.png 150w\" sizes=\"auto, (max-width: 256px) 100vw, 256px\" \/><\/figure>\r\n<div class=\"wp-block-media-text__content\">\r\n<div class=\"wp-block-group is-vertical is-layout-flex wp-container-core-group-is-layout-f60545a1 wp-block-group-is-layout-flex\" style=\"padding: 2em;\">\r\n<p style=\"font-size: 26px; line-height: 1.2;\"><strong><strong><em>Danos a conocer<\/em><\/strong><\/strong><\/p>\r\n\r\n\r\n\r\n<p>&nbsp;<\/p>\r\n\r\n\r\n\r\n<p style=\"font-size: 16px;\">Env\u00eda el enlace de nuestro Bolet\u00edn en l\u00ednea a un amigo:<a class=\"ek-link\" href=\"https:\/\/www.donbosco.press\/es\">https:\/\/www.donbosco.press\/es<\/a><\/p>\r\n\r\n\r\n\r\n<div class=\"wp-block-group\"><div class=\"wp-block-group__inner-container is-layout-flow wp-block-group-is-layout-flow\">\r\n<div class=\"wp-block-buttons is-vertical is-content-justification-space-between is-layout-flex wp-container-core-buttons-is-layout-2f00920f wp-block-buttons-is-layout-flex\">\u00a0<\/div>\r\n<\/div><\/div>\r\n<\/div>\r\n<\/div>\r\n<\/div>\r\n\r\n\r\n\r\n<div class=\"wp-block-media-text has-media-on-the-right is-stacked-on-mobile is-vertically-aligned-center has-background\" style=\"background-color: #f5f5f5; grid-template-columns: auto 15%;\">\r\n<div class=\"wp-block-media-text__content\">\r\n<div class=\"wp-block-group is-vertical is-layout-flex wp-container-core-group-is-layout-f60545a1 wp-block-group-is-layout-flex\" style=\"padding: 2em;\">\r\n<p style=\"font-size: 26px; line-height: 1.2;\"><strong><strong><strong>Ap\u00f3yenos con una donaci\u00f3n<\/strong><\/strong><\/strong><\/p>\r\n\r\n\r\n\r\n<p>Apoye las necesidades de las misiones salesianas sostenidas por el Rector Mayor o las necesidades del Bolet\u00edn Salesiano OnLine, indicando el motivo con estas mismas palabras: \u201cpara las misiones salesianas sostenidas por el Rector Mayor\u201d o \u201cpara el Bolet\u00edn Salesiano OnLine\u201d. Si no le interesan los recibos de deducciones o retenciones, vaya al primer punto; en caso contrario, al segundo.<br \/><br \/><strong>1. Para donaciones libres:<br \/><em>Direzione Generale Opere Don Bosco<\/em><\/strong><br \/>C\u00f3digo fiscal: 80017750581<br \/>Direcci\u00f3n: via Marsala 42, 00185 Roma, Italia<br \/>Correo digital certificado: ammdgdonbosco @ pec.it<br \/>Banca Popolare di Sondrio (Banco Popular de Sondrio)<br \/>IBAN: IT54O0569603202000004655X77<br \/>SWIFT \/ BIC: POSOIT22<br \/><br \/><strong>2. En orden a recoger los recibos en vista de los beneficios fiscales (exenciones \/ deducciones) sobre las donaciones:<br \/><em>Fondazione Don Bosco nel Mondo<\/em><\/strong><br \/>C\u00f3digo fiscal: 97210180580<br \/>Direcci\u00f3n: via Marsala 42, 00185 Roma, Italia<br \/>Correo digital certificado: ammfdbnm @ pec.it<br \/>En uno de los modos que prefiera:<\/p>\r\n\r\n\r\n\r\n<div class=\"wp-block-group\"><div class=\"wp-block-group__inner-container is-layout-flow wp-block-group-is-layout-flow\">\r\n<div class=\"wp-block-buttons is-layout-flex wp-block-buttons-is-layout-flex\">\r\n<div class=\"wp-block-button is-style-shadow\"><a class=\"wp-block-button__link wp-element-button\" href=\"https:\/\/www.donbosconelmondo.org\/apoyanos-es\/\" target=\"_blank\" rel=\"noreferrer noopener\">Haz una donaci\u00f3n&#8230;<\/a><\/div>\r\n<\/div>\r\n<\/div><\/div>\r\n<\/div>\r\n<\/div>\r\n<figure class=\"wp-block-media-text__media\"><img loading=\"lazy\" decoding=\"async\" width=\"256\" height=\"256\" class=\"wp-image-2617 size-full\" src=\"https:\/\/www.donbosco.press\/wp-content\/uploads\/2022\/10\/collabora_04-dona-g.png\" alt=\"\" srcset=\"https:\/\/www.donbosco.press\/wp-content\/uploads\/2022\/10\/collabora_04-dona-g.png 256w, https:\/\/www.donbosco.press\/wp-content\/uploads\/2022\/10\/collabora_04-dona-g-150x150.png 150w\" sizes=\"auto, (max-width: 256px) 100vw, 256px\" \/><\/figure>\r\n<\/div>\r\n\r\n\r\n\r\n<div class=\"wp-block-media-text is-stacked-on-mobile is-vertically-aligned-center has-background\" style=\"background-color: #fbfbfb; grid-template-columns: 15% auto;\">\r\n<figure class=\"wp-block-media-text__media\"><img loading=\"lazy\" decoding=\"async\" width=\"256\" height=\"256\" class=\"wp-image-2638 size-full\" src=\"https:\/\/www.donbosco.press\/wp-content\/uploads\/2022\/10\/collabora_06-lascia_una_eredita-v.png\" alt=\"\" srcset=\"https:\/\/www.donbosco.press\/wp-content\/uploads\/2022\/10\/collabora_06-lascia_una_eredita-v.png 256w, https:\/\/www.donbosco.press\/wp-content\/uploads\/2022\/10\/collabora_06-lascia_una_eredita-v-150x150.png 150w\" sizes=\"auto, (max-width: 256px) 100vw, 256px\" \/><\/figure>\r\n<div class=\"wp-block-media-text__content\">\r\n<div class=\"wp-block-group is-vertical is-layout-flex wp-container-core-group-is-layout-f60545a1 wp-block-group-is-layout-flex\" style=\"padding: 2em;\">\r\n<p style=\"font-size: 26px; line-height: 1.2;\"><strong><strong><strong><strong><em>Deja una herencia<\/em><\/strong><\/strong><\/strong><\/strong><\/p>\r\n\r\n\r\n\r\n<p>\u00bfQuieres dejar una se\u00f1al duradera de tu generosidad? Haz un legado a favor del Instituto Salesiano o n\u00f3mbralo heredero. Te proponemos algunas f\u00f3rmulas.<\/p>\r\n\r\n\r\n\r\n<p style=\"font-size: 16px;\"><em>Si se trata de un legado:<\/em><br \/>\u00ab\u2026 Dejo al Instituto Salesiano para las Misiones, con sede en Tur\u00edn, Via Maria Ausiliatrice 32, CF 00155220494, en concepto de legado, la suma de&#8230; euros o &#8230; valores o el edificio situado en &#8230; para los fines institucionales de la organizaci\u00f3n\u00bb.<\/p>\r\n\r\n\r\n\r\n<p><em>Si se trata de nombrarlo heredero:<\/em><br \/>\u00abAnulo todas mis disposiciones testamentarias anteriores. Nombro heredero universal al Instituto Salesiano para las Misiones, con sede en Tur\u00edn, Via Maria Ausiliatrice 32, CF 00155220494, dej\u00e1ndole todo lo que me pertenece, bajo cualquier concepto, para los fines institucionales de la organizaci\u00f3n\u00bb.<\/p>\r\n\r\n\r\n\r\n<p>(Lugar y fecha) (Firma completa y legible)<\/p>\r\n\r\n\r\n\r\n<p>NB. El testamento debe estar escrito \u00edntegramente de pu\u00f1o y letra del testador.<\/p>\r\n\r\n\r\n\r\n<p><em><strong>Istituto Salesiano per le Missioni (Instituto Salesiano de Misiones)<\/strong><\/em><br \/>Via Maria Ausiliatrice 32, 10152 Tur\u00edn, Italia<br \/>CF: 00155220494<br \/>Tel. <a href=\"tel:390115224248\">+39 011 5224248<\/a><br \/>Correo electr\u00f3nico: <a href=\"mailto:istitutomissioni@sdb.org\">istitutomissioni@sdb.org<\/a><\/p>\r\n\r\n\r\n\r\n<div class=\"wp-block-group\"><div class=\"wp-block-group__inner-container is-layout-flow wp-block-group-is-layout-flow\">\r\n<div class=\"wp-block-buttons is-layout-flex wp-block-buttons-is-layout-flex\">\u00a0<\/div>\r\n<\/div><\/div>\r\n<\/div>\r\n<\/div>\r\n<\/div>\r\n","protected":false},"excerpt":{"rendered":"<p>Ay\u00fadanos a continuar la obra iniciada por Don Bosco.<\/p>\n","protected":false},"author":1,"featured_media":0,"parent":0,"menu_order":0,"comment_status":"closed","ping_status":"closed","template":"","meta":{"iawp_total_views":38,"footnotes":""},"class_list":["post-4651","page","type-page","status-publish","hentry"],"_links":{"self":[{"href":"https:\/\/www.donbosco.press\/es\/wp-json\/wp\/v2\/pages\/4651","targetHints":{"allow":["GET"]}}],"collection":[{"href":"https:\/\/www.donbosco.press\/es\/wp-json\/wp\/v2\/pages"}],"about":[{"href":"https:\/\/www.donbosco.press\/es\/wp-json\/wp\/v2\/types\/page"}],"author":[{"embeddable":true,"href":"https:\/\/www.donbosco.press\/es\/wp-json\/wp\/v2\/users\/1"}],"replies":[{"embeddable":true,"href":"https:\/\/www.donbosco.press\/es\/wp-json\/wp\/v2\/comments?post=4651"}],"version-history":[{"count":3,"href":"https:\/\/www.donbosco.press\/es\/wp-json\/wp\/v2\/pages\/4651\/revisions"}],"predecessor-version":[{"id":52076,"href":"https:\/\/www.donbosco.press\/es\/wp-json\/wp\/v2\/pages\/4651\/revisions\/52076"}],"wp:attachment":[{"href":"https:\/\/www.donbosco.press\/es\/wp-json\/wp\/v2\/media?parent=4651"}],"curies":[{"name":"wp","href":"https:\/\/api.w.org\/{rel}","templated":true}]}}